{"id":2268,"date":"2017-01-25T23:33:10","date_gmt":"2017-01-26T04:33:10","guid":{"rendered":"http:\/\/www.kmcero.pe\/beta\/limamentor\/why-lima-mentor\/"},"modified":"2023-12-07T10:41:42","modified_gmt":"2023-12-07T15:41:42","slug":"warum-lima-mentor","status":"publish","type":"page","link":"https:\/\/site.limamentor.com\/de\/warum-lima-mentor\/","title":{"rendered":"Warum Lima Mentor?"},"content":{"rendered":"<div class=\"wpb-content-wrapper\"><p>[vc_row full_height=&#8221;yes&#8221; equal_height=&#8221;yes&#8221; content_placement=&#8221;middle&#8221;][vc_column width=&#8221;1\/2&#8243;][vc_custom_heading text=&#8221;Lima Mentor is Peru\u2019s foremost provider of tours specializing in the City of Lima \u2014 its sights, its history, its culture and its tastes. We have created unique tours enabling you, the visitor, to experience the best this thriving city. And if you do not see exactly what you want in our menu, we will be happy to customize the ideal tour for you and your party. We also design great itineraries throughout Peru and South America.&#8221; font_container=&#8221;tag:h3|text_align:left&#8221; use_theme_fonts=&#8221;yes&#8221;][vc_column_text]Our tour guides have been carefully chosen to ensure that <strong>your experience in Lima will be unique<\/strong>. Our Tour Directors are professionals who know our <strong>history, architecture, art, gastronomy, and literature<\/strong> and have a specific interest in our heritage in order to give the best experience in Lima, and will be assigned according to your interests and profile.[\/vc_column_text][\/vc_column][vc_column width=&#8221;1\/2&#8243;][vc_video link=&#8221;https:\/\/youtu.be\/Xdd08xslTSc&#8221; align=&#8221;center&#8221;][\/vc_column][\/vc_row][vc_row full_height=&#8221;yes&#8221; equal_height=&#8221;yes&#8221;][vc_column width=&#8221;1\/2&#8243;][vc_images_carousel images=&#8221;6105&#8243; img_size=&#8221;full&#8221; autoplay=&#8221;yes&#8221; hide_pagination_control=&#8221;yes&#8221; hide_prev_next_buttons=&#8221;yes&#8221; wrap=&#8221;yes&#8221;][\/vc_column][vc_column width=&#8221;1\/2&#8243;][vc_column_text]<\/p>\n<h3><\/h3>\n<ul style=\"list-style-type: circle;\">\n<li>We offer good value. Our costs have been carefully budgeted in order to offer <strong>a good product at a competitive price<\/strong> in the market.<\/li>\n<li>We are constantly working on <strong>improving our tours<\/strong>.<\/li>\n<li>We are constantly looking for <strong>new and alternate routes<\/strong>.<\/li>\n<li>If there is any inconvenience or misunderstanding whatsoever linked to our services, we will acknowledge the situation and rectify it accordingly.<\/li>\n<li>We have <strong>CLEAN ENVIRONMENT<\/strong> policies by (1) creating a shared city tours allowing one transportation for several parties, (2) recycling all the plastic bottles and (3) offering a big supplier of water in our vans so guests can take their sport bottles for refilling.<\/li>\n<li>We have <strong>over 20 years of experience in the travel industry<\/strong>, dealing with the most discerning clientele.<\/li>\n<\/ul>\n<p>[\/vc_column_text][\/vc_column][\/vc_row][vc_row css=&#8221;.vc_custom_1487870636204{margin-top: 30px !important;margin-bottom: 30px !important;}&#8221;][vc_column][vc_text_separator title=&#8221;Unser Team&#8221; el_class=&#8221;titulo&#8221;][vc_single_image image=&#8221;6090&#8243; img_size=&#8221;full&#8221; alignment=&#8221;center&#8221; style=&#8221;vc_box_outline&#8221;][\/vc_column][\/vc_row][vc_row css=&#8221;.vc_custom_1487870622199{margin-top: 30px !important;margin-bottom: 30px !important;}&#8221;][vc_column][vc_text_separator title=&#8221;Unsere Reiseleiter&#8221; el_class=&#8221;titulo&#8221;][vc_row_inner][vc_column_inner width=&#8221;1\/3&#8243;][\/vc_column_inner][vc_column_inner width=&#8221;1\/3&#8243;][vc_single_image image=&#8221;2610&#8243; img_size=&#8221;335&#215;335&#8243; alignment=&#8221;center&#8221; style=&#8221;vc_box_outline&#8221;][vc_custom_heading text=&#8221;Mariana&#8221; font_container=&#8221;tag:h2|text_align:center&#8221; use_theme_fonts=&#8221;yes&#8221;][vc_column_text]Ich bin Mariana, eine Lime\u00f1a Frau mazamorrera( so nennen wie zu die Lime\u00f1os, dass die traditionellen Nachspeisen lieben). Arbeite als Reiseleiterin seit 5 Jahre, Zeit w\u00e4hrend habe ich in den 3 Geographischen Regionen aus mein Land gearbeitet und wo habe ich Erfahrung , wichtige Kenntnis erworben und ganz gute Freunde kennengelernt. Als Reiseleiterin mag ich \u00fcber meine Kulturen und Geschichte erz\u00e4hlen, und geniesse sehr die Sage und die Traditionen meines Landes zu die Touristen erkl\u00e4ren. Ich glaube dass habe ich diese Gewohnheit angenommen seit meine Kindheit, wenn erinnert ich war eine Tradition bei meiner Familie, zusammen treffen um Geschichte zu erz\u00e4hlen und h\u00f6ren. Auch wohnen in Lima hat viel beigetragen, weil hier kann man ein bisschen aus alle die St\u00e4dte aus Peru finden. F\u00fcr euch, die planieren nach Peru und Lateinamerika herkommen, ich kann sage dass ihr hier bezaubern werdet und viele positive Energie bekommen werdet.[\/vc_column_text][\/vc_column_inner][vc_column_inner width=&#8221;1\/3&#8243;][\/vc_column_inner][\/vc_row_inner][\/vc_column][\/vc_row]<\/p>\n<\/div>","protected":false},"excerpt":{"rendered":"<p>[vc_row full_height=&#8221;yes&#8221; equal_height=&#8221;yes&#8221; content_placement=&#8221;middle&#8221;][vc_column width=&#8221;1\/2&#8243;][vc_custom_heading text=&#8221;Lima Mentor is Peru\u2019s foremost provider of tours specializing in the City of Lima \u2014 its sights, its history, its culture and its tastes. We have created unique tours enabling you, the visitor, to experience the best this thriving city. And if you do not see exactly what you want<\/p>\n<div class=\"padding-top text-center\"><a href=\"https:\/\/site.limamentor.com\/de\/warum-lima-mentor\/\" class=\"atbtn atbtn--medium atbtn--rounded atbtn--transparent\">Read more<i class=\"atbtn__icon atbtn__icon--right fa fa-long-arrow-right\"><\/i><\/a><\/div>\n","protected":false},"author":9,"featured_media":0,"parent":0,"menu_order":0,"comment_status":"closed","ping_status":"closed","template":"","meta":{"footnotes":""},"class_list":["post-2268","page","type-page","status-publish","hentry"],"_links":{"self":[{"href":"https:\/\/site.limamentor.com\/de\/wp-json\/wp\/v2\/pages\/2268","targetHints":{"allow":["GET"]}}],"collection":[{"href":"https:\/\/site.limamentor.com\/de\/wp-json\/wp\/v2\/pages"}],"about":[{"href":"https:\/\/site.limamentor.com\/de\/wp-json\/wp\/v2\/types\/page"}],"author":[{"embeddable":true,"href":"https:\/\/site.limamentor.com\/de\/wp-json\/wp\/v2\/users\/9"}],"replies":[{"embeddable":true,"href":"https:\/\/site.limamentor.com\/de\/wp-json\/wp\/v2\/comments?post=2268"}],"version-history":[{"count":4,"href":"https:\/\/site.limamentor.com\/de\/wp-json\/wp\/v2\/pages\/2268\/revisions"}],"predecessor-version":[{"id":6117,"href":"https:\/\/site.limamentor.com\/de\/wp-json\/wp\/v2\/pages\/2268\/revisions\/6117"}],"wp:attachment":[{"href":"https:\/\/site.limamentor.com\/de\/wp-json\/wp\/v2\/media?parent=2268"}],"curies":[{"name":"wp","href":"https:\/\/api.w.org\/{rel}","templated":true}]}}