{"id":2724,"date":"2017-03-11T15:13:44","date_gmt":"2017-03-11T20:13:44","guid":{"rendered":"https:\/\/www.limamentor.com\/custom-made-tours\/"},"modified":"2017-03-11T15:24:38","modified_gmt":"2017-03-11T20:24:38","slug":"custom-made-tours","status":"publish","type":"page","link":"https:\/\/site.limamentor.com\/de\/custom-made-tours\/","title":{"rendered":"Custom Made Tours"},"content":{"rendered":"<div class=\"wpb-content-wrapper\"><p>[vc_row][vc_column][vc_custom_heading text=&#8221;Alle Touren k\u00f6nnen auf Ihrem Wunsch gebaut werden. Wir k\u00f6nnen ein Programm nach Ihrer Ortswahl und verf\u00fcgbarer Ihrer Zeit entwerfen. Wir k\u00f6nnen mit beliebigen Touren unserer Website kombinieren, Details einstellen, Orte ausschlie\u00dfen oder addieren, um mit der Personalisierung Ihrer &quot;Tour&quot; zu beenden.&#8221; font_container=&#8221;tag:h3|text_align:justify&#8221; use_theme_fonts=&#8221;yes&#8221;][\/vc_column][\/vc_row][vc_row][vc_column width=&#8221;1\/2&#8243;][vc_column_text]<\/p>\n<h3>Tours in Lima<\/h3>\n<ul>\n<li>Wir haben ma\u00dfgeschneiderte Touren f\u00fcr Familien (Autositz f\u00fcr Babys und Spiele und Erkundungsaktivit\u00e4ten f\u00fcr \u00e4ltere Kinder).<\/li>\n<li>Bildungsreisen (mit einigen Herausforderungen).<\/li>\n<li>Touren mit chinesischsprachigen Reiseleitern (oder andere Sprache als Russisch usw).<\/li>\n<li>Firmenreise beginnend am Nachmittag oder Abend (touren f\u00fcr Gro\u00dfe Gruppen oder nur einen Fahrer zur Verf\u00fcgung).<\/li>\n<li>Touren beginnend und endend auf dem Flughafen.<\/li>\n<li>Touren mit spezialisierten Reiseleitern wie Anthropologen, Architekten, Soziologen, Arch\u00e4ologen, usw.<\/li>\n<li>Touren f\u00fcr Vogelbeobachter.<\/li>\n<li>Touren f\u00fcr Fotografen<\/li>\n<\/ul>\n<p>[\/vc_column_text][\/vc_column][vc_column width=&#8221;1\/2&#8243;][vc_single_image image=&#8221;2688&#8243; img_size=&#8221;large&#8221; css_animation=&#8221;fadeIn&#8221;][\/vc_column][\/vc_row][vc_row][vc_column][vc_empty_space][\/vc_column][\/vc_row][vc_row][vc_column width=&#8221;1\/2&#8243; css=&#8221;.vc_custom_1489258245868{margin: 15px !important;}&#8221;][vc_single_image image=&#8221;2683&#8243; img_size=&#8221;large&#8221; alignment=&#8221;right&#8221; css_animation=&#8221;fadeIn&#8221;][\/vc_column][vc_column width=&#8221;1\/2&#8243;][vc_column_text]<\/p>\n<h3>Einige nicht auf unserer Reisewahl organisierte Touren:<\/h3>\n<ul>\n<li>Besuch des Presbitero Maestro Friedhofs.<\/li>\n<li>Radfahren auf H\u00fcgel und T\u00e4ler der K\u00fcste.<\/li>\n<li>Paragliding \u00fcber der Costa Verde.<\/li>\n<li>Fahrradtouren rund die Stadt.<\/li>\n<li>Kajak im Pazifischen Ozean.<\/li>\n<li>Delphine am Pucusana Strand beobachten.<\/li>\n<li>Besuch von Kunstgalerien.<\/li>\n<li>Um im Gespr\u00e4ch eine ganzheitlichen Ansatz zu engagieren.<\/li>\n<li>Empfehlung eines Theaterst\u00fccks oder ein Musicals.<\/li>\n<li>Transfers zum Flughafen oder auch zu Ihrem Hotel und zur\u00fcck.<\/li>\n<\/ul>\n<p>[\/vc_column_text][\/vc_column][\/vc_row][vc_row][vc_column][vc_empty_space][\/vc_column][\/vc_row]<\/p>\n<\/div>","protected":false},"excerpt":{"rendered":"<p>[vc_row][vc_column][vc_custom_heading text=&#8221;Alle Touren k\u00f6nnen auf Ihrem Wunsch gebaut werden. Wir k\u00f6nnen ein Programm nach Ihrer Ortswahl und verf\u00fcgbarer Ihrer Zeit entwerfen. Wir k\u00f6nnen mit beliebigen Touren unserer Website kombinieren, Details einstellen, Orte ausschlie\u00dfen oder addieren, um mit der Personalisierung Ihrer &quot;Tour&quot; zu beenden.&#8221; font_container=&#8221;tag:h3|text_align:justify&#8221; use_theme_fonts=&#8221;yes&#8221;][\/vc_column][\/vc_row][vc_row][vc_column width=&#8221;1\/2&#8243;][vc_column_text] Tours in Lima Wir haben ma\u00dfgeschneiderte Touren f\u00fcr Familien<\/p>\n<div class=\"padding-top text-center\"><a href=\"https:\/\/site.limamentor.com\/de\/custom-made-tours\/\" class=\"atbtn atbtn--medium atbtn--rounded atbtn--transparent\">Read more<i class=\"atbtn__icon atbtn__icon--right fa fa-long-arrow-right\"><\/i><\/a><\/div>\n","protected":false},"author":9,"featured_media":0,"parent":0,"menu_order":0,"comment_status":"closed","ping_status":"closed","template":"","meta":{"footnotes":""},"class_list":["post-2724","page","type-page","status-publish","hentry"],"_links":{"self":[{"href":"https:\/\/site.limamentor.com\/de\/wp-json\/wp\/v2\/pages\/2724","targetHints":{"allow":["GET"]}}],"collection":[{"href":"https:\/\/site.limamentor.com\/de\/wp-json\/wp\/v2\/pages"}],"about":[{"href":"https:\/\/site.limamentor.com\/de\/wp-json\/wp\/v2\/types\/page"}],"author":[{"embeddable":true,"href":"https:\/\/site.limamentor.com\/de\/wp-json\/wp\/v2\/users\/9"}],"replies":[{"embeddable":true,"href":"https:\/\/site.limamentor.com\/de\/wp-json\/wp\/v2\/comments?post=2724"}],"version-history":[{"count":0,"href":"https:\/\/site.limamentor.com\/de\/wp-json\/wp\/v2\/pages\/2724\/revisions"}],"wp:attachment":[{"href":"https:\/\/site.limamentor.com\/de\/wp-json\/wp\/v2\/media?parent=2724"}],"curies":[{"name":"wp","href":"https:\/\/api.w.org\/{rel}","templated":true}]}}