{"id":2417,"date":"2017-02-22T21:28:45","date_gmt":"2017-02-22T21:28:45","guid":{"rendered":"http:\/\/www.kmcero.pe\/beta\/limamentor\/product\/market-hands-on-cooking-program\/"},"modified":"2018-08-28T11:25:21","modified_gmt":"2018-08-28T16:25:21","slug":"markt-und-kochkurs","status":"publish","type":"product","link":"https:\/\/site.limamentor.com\/de\/touren\/markt-und-kochkurs\/","title":{"rendered":"Markt und Kochkurs"},"content":{"rendered":"<ul>\n<li>Als kulinarische Hauptstadt S\u00fcdamerikas hat Lima sehr viel zu bieten. Lassen Sie sich von uns in ein Abenteuer verschiedenster Gen\u00fcsse entf\u00fchren, probieren Sie peruanische Speisen, welche aus lokalen Produkten zubereitet werden.<\/li>\n<li>Wir beginnen unseren Ausflug in die peruanische K\u00fcche mit dem Besuch eines lokalen Marktes. Dabei wird uns der Koch eines bekannten, typischen Restaurants in die Welt des \u201eceviche\u201c einf\u00fchren.<\/li>\n<li>Wir erlernen, wie dieses rohe Fischgericht, aber auch andere Gerichte aus Meeresfr\u00fcchten, zubereitet werden. Testen Sie den traditionellen \u201episco sour\u201c, eine aus Kartoffelp\u00fcree hergestellte \u201ecausa\u201c sowie den peruanischen Thunfisch und\/oder Krebs. Der \u201elomo saltado\u201c, ein Gericht aus Rindfleisch, Zwiebeln und Tomaten geh\u00f6ren ebenso wie eine \u201echicha morada\u201c oder \u201eInka Kola\u201c mit zu den Spezialit\u00e4ten, die Sie heute nicht vers\u00e4uen d\u00fcrfen.<\/li>\n<\/ul>\n<p>&nbsp;<\/p>\n<table class=\"table table-bordered tours-tabs__table\" style=\"height: 233px;\" width=\"862\">\n<tbody>\n<tr>\n<td><strong>DAUER<\/strong><\/td>\n<td>4 Stunden<\/td>\n<\/tr>\n<tr>\n<td><strong>INKLUSIVE<\/strong><\/td>\n<td>\n<table class=\"table table-bordered\" style=\"height: 62px;\" width=\"300\">\n<tbody>\n<tr>\n<td><i class=\"fa fa-check icon-tick icon-tick--on\"><\/i>Reiseleiter<\/td>\n<td><i class=\"fa fa-check icon-tick icon-tick--on\"><\/i>Transport im Kleinbus<\/td>\n<\/tr>\n<tr>\n<td><i class=\"fa fa-check icon-tick icon-tick--on\"><\/i>Wasser<\/td>\n<td><i class=\"fa fa-check icon-tick icon-tick--on\"><\/i>Kochkurs<\/td>\n<\/tr>\n<tr>\n<td><i class=\"fa fa-check icon-tick icon-tick--on\"><\/i>Meeresfr\u00fcchte-Mittagessen<\/td>\n<td><\/td>\n<\/tr>\n<\/tbody>\n<\/table>\n<\/td>\n<\/tr>\n<\/tbody>\n<\/table>\n<p>&nbsp;<\/p>\n<p>Preis pro Person: US$150 bei 2 Teilnehmer.<\/p>\n<p>Bei Feiertagen: (1 Januar; Gr\u00fcndonnerstag; Karfreitag; 1 Mai; 28 und 29 Juli 24, 25 und 31 Dezember) kostet 50% zus\u00e4tzlich.<\/p>\n<p><em><strong>Wir k\u00f6nnen diese Tour <a href=\"https:\/\/www.limamentor.com\/de\/custom-made-tours\/\">Ihren W\u00fcnschen entsprechend <\/a>ma\u00dfscheniedern und den Preis abh\u00e4ngig der Teilnehmerzahl anpassen<\/strong><\/em><\/p>\n","protected":false},"excerpt":{"rendered":"<p>Zuerst besuchen wir einen lokalen Markt, um die in unserer K\u00fcche meistbenutzten peruanischen Produkten zu kennen. Dann treffen wir einen K\u00fcchenchef, der uns lehren wird, wie man die wichtigsten peruanischen Gerichte zubereitet.<\/p>\n","protected":false},"featured_media":2053,"comment_status":"closed","ping_status":"closed","template":"","meta":[],"product_brand":[],"product_cat":[83],"product_tag":[],"class_list":{"0":"post-2417","1":"product","2":"type-product","3":"status-publish","4":"has-post-thumbnail","6":"product_cat-culinary-workshops-de","7":"tour_category-private-tours-2","9":"first","10":"instock","11":"virtual","12":"purchasable","13":"product-type-tour"},"_links":{"self":[{"href":"https:\/\/site.limamentor.com\/de\/wp-json\/wp\/v2\/product\/2417","targetHints":{"allow":["GET"]}}],"collection":[{"href":"https:\/\/site.limamentor.com\/de\/wp-json\/wp\/v2\/product"}],"about":[{"href":"https:\/\/site.limamentor.com\/de\/wp-json\/wp\/v2\/types\/product"}],"replies":[{"embeddable":true,"href":"https:\/\/site.limamentor.com\/de\/wp-json\/wp\/v2\/comments?post=2417"}],"wp:featuredmedia":[{"embeddable":true,"href":"https:\/\/site.limamentor.com\/de\/wp-json\/wp\/v2\/media\/2053"}],"wp:attachment":[{"href":"https:\/\/site.limamentor.com\/de\/wp-json\/wp\/v2\/media?parent=2417"}],"wp:term":[{"taxonomy":"product_brand","embeddable":true,"href":"https:\/\/site.limamentor.com\/de\/wp-json\/wp\/v2\/product_brand?post=2417"},{"taxonomy":"product_cat","embeddable":true,"href":"https:\/\/site.limamentor.com\/de\/wp-json\/wp\/v2\/product_cat?post=2417"},{"taxonomy":"product_tag","embeddable":true,"href":"https:\/\/site.limamentor.com\/de\/wp-json\/wp\/v2\/product_tag?post=2417"}],"curies":[{"name":"wp","href":"https:\/\/api.w.org\/{rel}","templated":true}]}}