{"id":2419,"date":"2017-02-19T17:07:38","date_gmt":"2017-02-22T17:07:38","guid":{"rendered":"http:\/\/www.kmcero.pe\/beta\/limamentor\/product\/pisco-the-pride-of-peru\/"},"modified":"2017-03-17T11:07:41","modified_gmt":"2017-03-17T16:07:41","slug":"pisco-peruanische-stolz","status":"publish","type":"product","link":"https:\/\/site.limamentor.com\/de\/touren\/pisco-peruanische-stolz\/","title":{"rendered":"Pisco, Peruanische Stolz"},"content":{"rendered":"<ul>\n<li>Ihr Fachreiseleiter trifft Sie auf dem Weg nach Pueblo Libre. Diese Nachbarschaft aufrechterhalt h\u00e4user und Haciendas aus den fr\u00fchen republikanischen Zeiten. H\u00e4user und Haciendas aus den fr\u00fchen republikanischen Zeiten.<\/li>\n<li>Besuch eine renommierte Bar Spezialisiert auf pisco. Erfahren Sie mehr \u00fcber Pisco, gewonnen aus der Destillation von feinen Trauben. Lernen Sie die Zubereitung von ber\u00fchmten Pisco Sour und Chilcano mit verschiedenen mazerierten Geschmacksrichtungen.<\/li>\n<\/ul>\n<p>&nbsp;<\/p>\n<table class=\"table table-bordered tours-tabs__table\" style=\"height: 233px;\" width=\"862\">\n<tbody>\n<tr>\n<td><strong>DAUER<\/strong><\/td>\n<td>2 1\/2 Stunden<\/td>\n<\/tr>\n<tr>\n<td><strong>INKLUSIVE<\/strong><\/td>\n<td>\n<table class=\"table table-bordered\" style=\"height: 62px;\" width=\"300\">\n<tbody>\n<tr>\n<td><i class=\"fa fa-check icon-tick icon-tick--on\"><\/i>Reiseleiter<\/td>\n<td><i class=\"fa fa-check icon-tick icon-tick--on\"><\/i>Transport im Kleinbus<\/td>\n<\/tr>\n<tr>\n<td><i class=\"fa fa-check icon-tick icon-tick--on\"><\/i>Wasser<\/td>\n<td><i class=\"fa fa-check icon-tick icon-tick--on\"><\/i>Pisco sour, chilcanos &amp;\u00a0snacks<\/td>\n<\/tr>\n<\/tbody>\n<\/table>\n<\/td>\n<\/tr>\n<\/tbody>\n<\/table>\n<p>&nbsp;<\/p>\n<p>Preis: Preis pro Person, US$95 bei 2 Teilnehmer.<\/p>\n<p>Bei Feiertagen: (1 Januar; Gr\u00fcndonnerstag; Karfreitag; 1 Mai; 28 und 29 Juli 24, 25 und 31 Dezember) kostet 50% zus\u00e4tzlich.<\/p>\n<p><em><strong>Wir k\u00f6nnen diese Tour <a href=\"https:\/\/www.limamentor.com\/de\/custom-made-tours\/\">Ihren W\u00fcnschen entsprechend <\/a>ma\u00dfscheniedern und den Preis abh\u00e4ngig der Teilnehmerzahl anpassen<\/strong><\/em><\/p>\n","protected":false},"excerpt":{"rendered":"<p>Erfahren Sie mehr \u00fcber Pisco, welcher aus der Destillation von feinen Trauben gewonnen wird. Erfahren Sie, wie man den ber\u00fchmten Pisco Sour Cocktail und Chilcano zubereiten kann.<\/p>\n","protected":false},"featured_media":2008,"comment_status":"closed","ping_status":"closed","template":"","meta":[],"product_brand":[],"product_cat":[83],"product_tag":[],"class_list":{"0":"post-2419","1":"product","2":"type-product","3":"status-publish","4":"has-post-thumbnail","6":"product_cat-culinary-workshops-de","7":"tour_category-private-tours-2","9":"first","10":"instock","11":"virtual","12":"purchasable","13":"product-type-tour"},"_links":{"self":[{"href":"https:\/\/site.limamentor.com\/de\/wp-json\/wp\/v2\/product\/2419","targetHints":{"allow":["GET"]}}],"collection":[{"href":"https:\/\/site.limamentor.com\/de\/wp-json\/wp\/v2\/product"}],"about":[{"href":"https:\/\/site.limamentor.com\/de\/wp-json\/wp\/v2\/types\/product"}],"replies":[{"embeddable":true,"href":"https:\/\/site.limamentor.com\/de\/wp-json\/wp\/v2\/comments?post=2419"}],"wp:featuredmedia":[{"embeddable":true,"href":"https:\/\/site.limamentor.com\/de\/wp-json\/wp\/v2\/media\/2008"}],"wp:attachment":[{"href":"https:\/\/site.limamentor.com\/de\/wp-json\/wp\/v2\/media?parent=2419"}],"wp:term":[{"taxonomy":"product_brand","embeddable":true,"href":"https:\/\/site.limamentor.com\/de\/wp-json\/wp\/v2\/product_brand?post=2419"},{"taxonomy":"product_cat","embeddable":true,"href":"https:\/\/site.limamentor.com\/de\/wp-json\/wp\/v2\/product_cat?post=2419"},{"taxonomy":"product_tag","embeddable":true,"href":"https:\/\/site.limamentor.com\/de\/wp-json\/wp\/v2\/product_tag?post=2419"}],"curies":[{"name":"wp","href":"https:\/\/api.w.org\/{rel}","templated":true}]}}