{"id":2477,"date":"2017-02-28T18:10:00","date_gmt":"2017-02-15T18:10:00","guid":{"rendered":"http:\/\/www.kmcero.pe\/beta\/limamentor\/product\/nature-archaeology-in-the-moche-route\/"},"modified":"2017-03-20T10:49:27","modified_gmt":"2017-03-20T15:49:27","slug":"natur-archaeologie-route-moche-kultur","status":"publish","type":"product","link":"https:\/\/site.limamentor.com\/de\/touren\/natur-archaeologie-route-moche-kultur\/","title":{"rendered":"Natur und Arch\u00e4ologie auf der Route der Moche Kultur"},"content":{"rendered":"<p>Nordperu hat vieles zu bieten: tolle Str\u00e4nde, arch\u00e4ologische St\u00e4tten, Geschichte, Naturschutzgebiete und eine k\u00f6stliche K\u00fcche. Lernen Sie mehr \u00fcber die Moche Kultur, welche \u00fcber Jahrzehnte im Norden des Landes herrschte.<\/p>\n<p>Sie starten mit dem Besuch von El Brujo (die Grabst\u00e4tte der Frau von Cao), Chan Chan (der gr\u00f6\u00dfte aus Lehm erbaute pr\u00e4hispanische Tempel und UNESCO Weltkulturerbe), dem Sonnen- und Mondtempel (f\u00fcr Zeremoniezwecke erbaute Tempel), und das Museum Royal Tombs von Sipan in Chiclayo, welches einen fantatischen \u00dcberblick \u00fcber die Moche Kultur gibt und eine der besten Ausstellungsr\u00e4ume der Welt beherbergt.<\/p>\n<p>Besuchen Sie auch Pomac, ein Naturheiligtum, mit seinem Tockenwald und dem \u00e4ltesten Johannisbeerbaum-Wald weltweit.<\/p>\n<p>Die Nacht verbringen Sie in einer \u00d6kolodge, welche auch ein Brillenb\u00e4r-Rettungszentrum unterst\u00fctzt. Auch haben Sie hier ideale M\u00f6glichkeiten zur Vogelboachtung.<\/p>\n<p>Zuletzt besuchen Sie die Stadt Trujillo, den Strand von Huanchaco, welcher ein warmes Jahresklima aufweist und wo die Moche die Tradition des \u201eCaballitas de Totora\u201c aus\u00fcbten. Dabei handelt es sich um Schilfrohrboote, deren Tradition noch bis heute gepflegt wird.<\/p>\n<p>Probieren Sie hier das geschmackvolle Cevichegericht aus rohem Fischfleisch, Zwiebeln und Limettensaft.<\/p>\n<p><em><strong>Wir k\u00f6nnen diese Tour <a href=\"https:\/\/www.limamentor.com\/de\/custom-made-tours\/\">Ihren W\u00fcnschen entsprechend <\/a>ma\u00dfscheniedern und den Preis abh\u00e4ngig der Teilnehmerzahl anpassen<\/strong><\/em><\/p>\n","protected":false},"excerpt":{"rendered":"<p>Nordperu hat vieles zu bieten: tolle Str\u00e4nde, arch\u00e4ologische St\u00e4tten, Geschichte, Naturschutzgebiete und eine k\u00f6stliche K\u00fcche.<\/p>\n","protected":false},"featured_media":2474,"comment_status":"closed","ping_status":"closed","template":"","meta":[],"product_brand":[],"product_cat":[100],"product_tag":[],"class_list":{"0":"post-2477","1":"product","2":"type-product","3":"status-publish","4":"has-post-thumbnail","6":"product_cat-peru-sudamerica-de","7":"tour_category-peru-suedamerika","9":"first","10":"outofstock","11":"shipping-taxable","12":"product-type-tour"},"_links":{"self":[{"href":"https:\/\/site.limamentor.com\/de\/wp-json\/wp\/v2\/product\/2477","targetHints":{"allow":["GET"]}}],"collection":[{"href":"https:\/\/site.limamentor.com\/de\/wp-json\/wp\/v2\/product"}],"about":[{"href":"https:\/\/site.limamentor.com\/de\/wp-json\/wp\/v2\/types\/product"}],"replies":[{"embeddable":true,"href":"https:\/\/site.limamentor.com\/de\/wp-json\/wp\/v2\/comments?post=2477"}],"wp:featuredmedia":[{"embeddable":true,"href":"https:\/\/site.limamentor.com\/de\/wp-json\/wp\/v2\/media\/2474"}],"wp:attachment":[{"href":"https:\/\/site.limamentor.com\/de\/wp-json\/wp\/v2\/media?parent=2477"}],"wp:term":[{"taxonomy":"product_brand","embeddable":true,"href":"https:\/\/site.limamentor.com\/de\/wp-json\/wp\/v2\/product_brand?post=2477"},{"taxonomy":"product_cat","embeddable":true,"href":"https:\/\/site.limamentor.com\/de\/wp-json\/wp\/v2\/product_cat?post=2477"},{"taxonomy":"product_tag","embeddable":true,"href":"https:\/\/site.limamentor.com\/de\/wp-json\/wp\/v2\/product_tag?post=2477"}],"curies":[{"name":"wp","href":"https:\/\/api.w.org\/{rel}","templated":true}]}}