{"id":2507,"date":"2017-02-25T18:58:56","date_gmt":"2017-02-25T18:58:56","guid":{"rendered":"http:\/\/www.kmcero.pe\/beta\/limamentor\/product\/machu-picchu-cusco-communities\/"},"modified":"2023-11-07T10:50:39","modified_gmt":"2023-11-07T15:50:39","slug":"machu-picchu-cusco","status":"publish","type":"product","link":"https:\/\/site.limamentor.com\/de\/touren\/machu-picchu-cusco\/","title":{"rendered":"Machu Picchu und Cusco"},"content":{"rendered":"<p>Besuchen Sie mit uns eines der sieben Weltwunder, n\u00e4mlich die aus dem 15. Jahrhundert stammende Inkast\u00e4tte, welche inmitten einer Gebirgskette liegt. Machu Picchu wird als mystischer Ort, der lebenswichtige Energie verstr\u00f6mt, bezeichnet.<\/p>\n<p>Begeben Sie sich mit Ihrem lokalen Reiseleiter auf die Spuren dieser St\u00e4tte und h\u00f6ren Sie gespannt seinen Legenden und Erz\u00e4hlungen zu. Unseren Lima Mentor Reiseleiter haben wir sorgf\u00e4ltig f\u00fcr Ihre Anspr\u00fcche ausgew\u00e4hlt. Besuchen Sie versteckte Andend\u00f6rfer, die noch bis heute ihre Traditionen pflegen, seien Sie zu Gast bei Einheimischen und verbringen Sie Zeit mit ihnen.<\/p>\n<p>Au\u00dferdem bringen wir Sie in andere kleine D\u00f6rfer nahe Cuscos, wobei Sie weitere Information \u00fcber das Inkareich erhalten. Die Stadt Cusco sowie seine Kirchen, Museen, pr\u00e4inka Ruinen, Kunstgallerien, Restaurants, Kunsthanderm\u00e4rkte und vieles mehr stehen mit auf dem Programm.<\/p>\n<p>&nbsp;<\/p>\n<p>Prices:<\/p>\n<ul>\n<li>US$1064 per person in 3-star hotels (Sauce Hostal\/El Mapi Hotel\/Casa Boutique San Blas), based in a party of 4 and double accommodation.<\/li>\n<li>US$1391 per person in 3-star hotels (Sauce Hostal\/El Mapi Hotel\/Casa Boutique San Blas), based in a party of 2 and double accommodation.<\/li>\n<li>US$1194 per person in 4-star hotels (Sonesta Yucay\/Machu Picchu Pueblo Hotel\/Novotel Cusco), based in a party of 4 and double accommodation.<\/li>\n<li>US$1521 per person in 4-star hotels (Sonesta Yucay\/Machu Picchu Pueblo Hotel\/Novotel Cusco), based in a party of 2 and double accommodation.<\/li>\n<li>US$1844 per person in 5-star hotels (Casa Andina Private Collection Urubamba\/Machu Picchu Pueblo Hotel\/Monasterio del Cusco-Orient Express), based in a party of 4 and double accommodation.<\/li>\n<li>US$2329 per person in 5-star hotels (Casa Andina Private Collection Urubamba\/Machu Picchu Pueblo Hotel\/Monasterio del Cusco-Orient Express), based in a party of 2 and double accommodation.<\/li>\n<\/ul>\n<p><em><strong>Wir k\u00f6nnen diese Tour <a href=\"https:\/\/www.limamentor.com\/de\/custom-made-tours\/\">Ihren W\u00fcnschen entsprechend <\/a>ma\u00dfscheniedern und den Preis abh\u00e4ngig der Teilnehmerzahl anpassen<\/strong><\/em><\/p>\n","protected":false},"excerpt":{"rendered":"<p>Besuchen Sie mit uns eines der sieben Weltwunder, n\u00e4mlich die aus dem 15. Jahrhundert stammende Inkast\u00e4tte, welche inmitten einer Gebirgskette liegt. Machu Picchu wird als mystischer Ort, der lebenswichtige Energie verstr\u00f6mt, bezeichnet.<\/p>\n","protected":false},"featured_media":2487,"comment_status":"closed","ping_status":"closed","template":"","meta":[],"product_brand":[],"product_cat":[100],"product_tag":[],"class_list":{"0":"post-2507","1":"product","2":"type-product","3":"status-publish","4":"has-post-thumbnail","6":"product_cat-peru-sudamerica-de","7":"tour_category-peru-suedamerika","9":"first","10":"instock","11":"shipping-taxable","12":"product-type-tour"},"_links":{"self":[{"href":"https:\/\/site.limamentor.com\/de\/wp-json\/wp\/v2\/product\/2507","targetHints":{"allow":["GET"]}}],"collection":[{"href":"https:\/\/site.limamentor.com\/de\/wp-json\/wp\/v2\/product"}],"about":[{"href":"https:\/\/site.limamentor.com\/de\/wp-json\/wp\/v2\/types\/product"}],"replies":[{"embeddable":true,"href":"https:\/\/site.limamentor.com\/de\/wp-json\/wp\/v2\/comments?post=2507"}],"wp:featuredmedia":[{"embeddable":true,"href":"https:\/\/site.limamentor.com\/de\/wp-json\/wp\/v2\/media\/2487"}],"wp:attachment":[{"href":"https:\/\/site.limamentor.com\/de\/wp-json\/wp\/v2\/media?parent=2507"}],"wp:term":[{"taxonomy":"product_brand","embeddable":true,"href":"https:\/\/site.limamentor.com\/de\/wp-json\/wp\/v2\/product_brand?post=2507"},{"taxonomy":"product_cat","embeddable":true,"href":"https:\/\/site.limamentor.com\/de\/wp-json\/wp\/v2\/product_cat?post=2507"},{"taxonomy":"product_tag","embeddable":true,"href":"https:\/\/site.limamentor.com\/de\/wp-json\/wp\/v2\/product_tag?post=2507"}],"curies":[{"name":"wp","href":"https:\/\/api.w.org\/{rel}","templated":true}]}}