{"id":2522,"date":"2017-02-26T18:26:36","date_gmt":"2017-02-26T18:26:36","guid":{"rendered":"http:\/\/www.kmcero.pe\/beta\/limamentor\/product\/scenery-adventure-andes\/"},"modified":"2017-03-18T12:31:51","modified_gmt":"2017-03-18T17:31:51","slug":"unvergessliche-landschaften-und-abenteuer-in-den-anden","status":"publish","type":"product","link":"https:\/\/site.limamentor.com\/de\/touren\/unvergessliche-landschaften-und-abenteuer-in-den-anden\/","title":{"rendered":"Unvergessliche Landschaften und Abenteuer in den Anden"},"content":{"rendered":"<p>An Spa\u00df wird es Ihnen bei Ihrem Aufenthalt in den Anden nicht fehlen. Beim Besuch von Arequipa, auch als die wei\u00dfe Stadt bekannt, probieren Sie die \u00f6rtliche K\u00fcche und erfahren mehr \u00fcber deren religi\u00f6se Vergangenheit und reiche Architektur. Auch steht das Colca Tal, welches als tiefste Schlucht bekannt ist (dies ist fraglich) auf Ihrem Reiseprogramm.<\/p>\n<p>Ohne Zweifel fasziniert das Tal mit seinen verschiedenen Farben und den in Kolonialzeiten gegr\u00fcndetetn D\u00f6rfern. Wir empfehlen Ihnen heute folgende Aktivit\u00e4ten: Ausreiten, Wandern, Stickereien, Fahrradfahren, uvm. Die anschlie\u00dfende Fahrt nach Puno, die am Titkaka See gelegene Stadt, bringt Sie durch spektakul\u00e4re Landschaften. Der Titikaka See ist der weltweit h\u00f6chste befahrbare See. Hier werden Sie mehrer Inseln besuchen.<\/p>\n<p>Auf dem R\u00fcckweg nach Cusco machen Sie Halt an verschiedenen arch\u00e4ologischen St\u00e4tten und wichtigen D\u00f6rfern. Genie\u00dfen Sie w\u00e4hrend einer Radtour beeindruckende T\u00e4ler, entdecken Sie Andend\u00f6rfer und die Inkastadt Machu Picchu, eines der 7 Weltwunder.<\/p>\n<p><em><strong>Wir k\u00f6nnen diese Tour <a href=\"https:\/\/www.limamentor.com\/de\/custom-made-tours\/\">Ihren W\u00fcnschen entsprechend <\/a>ma\u00dfscheniedern und den Preis abh\u00e4ngig der Teilnehmerzahl anpassen<\/strong><\/em><\/p>\n","protected":false},"excerpt":{"rendered":"<p>An Spa\u00df wird es Ihnen bei Ihrem Aufenthalt in den Anden nicht fehlen. Beim Besuch von Arequipa, auch als die wei\u00dfe Stadt bekannt, probieren Sie die \u00f6rtliche K\u00fcche und erfahren mehr \u00fcber deren religi\u00f6se Vergangenheit und reiche Architektur.<\/p>\n","protected":false},"featured_media":2514,"comment_status":"closed","ping_status":"closed","template":"","meta":[],"product_brand":[],"product_cat":[100],"product_tag":[],"class_list":{"0":"post-2522","1":"product","2":"type-product","3":"status-publish","4":"has-post-thumbnail","6":"product_cat-peru-sudamerica-de","7":"tour_category-peru-suedamerika","9":"first","10":"instock","11":"shipping-taxable","12":"product-type-tour"},"_links":{"self":[{"href":"https:\/\/site.limamentor.com\/de\/wp-json\/wp\/v2\/product\/2522","targetHints":{"allow":["GET"]}}],"collection":[{"href":"https:\/\/site.limamentor.com\/de\/wp-json\/wp\/v2\/product"}],"about":[{"href":"https:\/\/site.limamentor.com\/de\/wp-json\/wp\/v2\/types\/product"}],"replies":[{"embeddable":true,"href":"https:\/\/site.limamentor.com\/de\/wp-json\/wp\/v2\/comments?post=2522"}],"wp:featuredmedia":[{"embeddable":true,"href":"https:\/\/site.limamentor.com\/de\/wp-json\/wp\/v2\/media\/2514"}],"wp:attachment":[{"href":"https:\/\/site.limamentor.com\/de\/wp-json\/wp\/v2\/media?parent=2522"}],"wp:term":[{"taxonomy":"product_brand","embeddable":true,"href":"https:\/\/site.limamentor.com\/de\/wp-json\/wp\/v2\/product_brand?post=2522"},{"taxonomy":"product_cat","embeddable":true,"href":"https:\/\/site.limamentor.com\/de\/wp-json\/wp\/v2\/product_cat?post=2522"},{"taxonomy":"product_tag","embeddable":true,"href":"https:\/\/site.limamentor.com\/de\/wp-json\/wp\/v2\/product_tag?post=2522"}],"curies":[{"name":"wp","href":"https:\/\/api.w.org\/{rel}","templated":true}]}}