{"id":2559,"date":"2017-02-27T18:20:36","date_gmt":"2017-02-27T18:20:36","guid":{"rendered":"http:\/\/www.kmcero.pe\/beta\/limamentor\/product\/exploring-peruvian-rainforest\/"},"modified":"2023-11-07T10:50:34","modified_gmt":"2023-11-07T15:50:34","slug":"entdecken-sie-den-peruanischen-regenwald","status":"publish","type":"product","link":"https:\/\/site.limamentor.com\/de\/touren\/entdecken-sie-den-peruanischen-regenwald\/","title":{"rendered":"Entdecken Sie den peruanischen Regenwald"},"content":{"rendered":"<p>M\u00f6chten Sie einen tieferen Einblick in das Leben im Regenwald erfahren? Dies k\u00f6nnen Sie w\u00e4hrend eines 5-t\u00e4gigen Aufenthaltes im tiefen Amazonas abseits jeglicher Zivilisation.<\/p>\n<p>Sie fliegen nach Puerto Maldonado. Bei Ankunft werden Sie zur Bootsablegestelle gebracht und nach 3 Stunden Bootsfahrt erreichen Sie Ihre Urwaldlodge.<\/p>\n<p>Am folgenden Tag geht es per Boot zur n\u00e4chsten Lodge, welche im Herzen des Naturreservates Tambopata liegt. Sie besuchen die gr\u00f6\u00dfte Salzleke der Aras, bestaunen die Flora, V\u00f6gel und Affen, unternehmen Nachtspazierg\u00e4nge auf der Suche nach Kaimane oder nehmen an anderen Aktivit\u00e4ten teil.<\/p>\n<p><em><strong>Wir k\u00f6nnen diese Tour <a href=\"https:\/\/www.limamentor.com\/de\/custom-made-tours\/\">Ihren W\u00fcnschen entsprechend <\/a>ma\u00dfscheniedern und den Preis abh\u00e4ngig der Teilnehmerzahl anpassen.<\/strong><\/em><\/p>\n","protected":false},"excerpt":{"rendered":"<p>M\u00f6chten Sie einen tieferen Einblick in das Leben im Regenwald erfahren? Dies k\u00f6nnen Sie w\u00e4hrend eines 5-t\u00e4gigen Aufenthaltes im tiefen Amazonas abseits jeglicher Zivilisation.<\/p>\n","protected":false},"featured_media":2556,"comment_status":"closed","ping_status":"closed","template":"","meta":[],"product_brand":[],"product_cat":[100],"product_tag":[],"class_list":{"0":"post-2559","1":"product","2":"type-product","3":"status-publish","4":"has-post-thumbnail","6":"product_cat-peru-sudamerica-de","7":"tour_category-peru-suedamerika","9":"first","10":"instock","11":"shipping-taxable","12":"product-type-tour"},"_links":{"self":[{"href":"https:\/\/site.limamentor.com\/de\/wp-json\/wp\/v2\/product\/2559","targetHints":{"allow":["GET"]}}],"collection":[{"href":"https:\/\/site.limamentor.com\/de\/wp-json\/wp\/v2\/product"}],"about":[{"href":"https:\/\/site.limamentor.com\/de\/wp-json\/wp\/v2\/types\/product"}],"replies":[{"embeddable":true,"href":"https:\/\/site.limamentor.com\/de\/wp-json\/wp\/v2\/comments?post=2559"}],"wp:featuredmedia":[{"embeddable":true,"href":"https:\/\/site.limamentor.com\/de\/wp-json\/wp\/v2\/media\/2556"}],"wp:attachment":[{"href":"https:\/\/site.limamentor.com\/de\/wp-json\/wp\/v2\/media?parent=2559"}],"wp:term":[{"taxonomy":"product_brand","embeddable":true,"href":"https:\/\/site.limamentor.com\/de\/wp-json\/wp\/v2\/product_brand?post=2559"},{"taxonomy":"product_cat","embeddable":true,"href":"https:\/\/site.limamentor.com\/de\/wp-json\/wp\/v2\/product_cat?post=2559"},{"taxonomy":"product_tag","embeddable":true,"href":"https:\/\/site.limamentor.com\/de\/wp-json\/wp\/v2\/product_tag?post=2559"}],"curies":[{"name":"wp","href":"https:\/\/api.w.org\/{rel}","templated":true}]}}