{"id":4383,"date":"2017-02-04T08:50:29","date_gmt":"2017-02-04T13:50:29","guid":{"rendered":"https:\/\/www.limamentor.com\/tours\/cocina-peruana-vista-al-mar\/"},"modified":"2022-11-25T11:28:06","modified_gmt":"2022-11-25T16:28:06","slug":"cocina-peruana-vista-al-mar","status":"publish","type":"product","link":"https:\/\/site.limamentor.com\/de\/touren\/cocina-peruana-vista-al-mar\/","title":{"rendered":"Cocina Peruana con vista al mar"},"content":{"rendered":"<p><i><span lang=\"ES-MX\">Un medio d\u00eda para disfrutar y aprender de la gastronom\u00eda peruana.\u00a0 Visitar\u00e1n el mercado local con su gu\u00eda para degustar y explorar los productos end\u00e9micos que usamos.\u00a0\u00a0 Luego se enrumba hacia un local frente al mar donde se visitar\u00e1 un experto chef con quien har\u00e1n algunos potajes peruanos.<\/span><\/i><\/p>\n<ul>\n<li>Visita al mercado local market donde con su gu\u00eda explorar\u00e1n las frutas end\u00e9micas y especies que usamos en la cocina.<\/li>\n<li>Visita a un chef experimentado con quien preparar\u00e1n causa, un potaje hecho a base de papa amarilla.<\/li>\n<li>Prepare ceviche y pisco sour por su cuenta Nuestro chef les puede ayudar.<\/li>\n<li>Disfrute de las vistas del oc\u00e9ano pac\u00edfico desde Chorrillos, el \u00faltimo distrito en la bah\u00eda de la ciudad de Lima.<\/li>\n<\/ul>\n<p>&nbsp;<\/p>\n<h3>m\u00e1ximo 10 participantes<\/h3>\n<table class=\"table table-bordered tours-tabs__table\" style=\"height: 233px;\" width=\"862\">\n<tbody>\n<tr>\n<td><strong>SALIDA\/REGRESO<\/strong><\/td>\n<td>Tour comienza y termina en Miraflores o San Isidro.<\/td>\n<\/tr>\n<tr>\n<td><strong>DURACI\u00d3N<\/strong><\/td>\n<td>10 am &#8211; 2 pm Todos los d\u00edas.<\/td>\n<\/tr>\n<tr>\n<td><strong>INCLUYE<\/strong><\/td>\n<td>\n<table class=\"table table-bordered\" style=\"height: 62px;\" width=\"300\">\n<tbody>\n<tr>\n<td><i class=\"fa fa-check icon-tick icon-tick--on\"><\/i>Guia<\/td>\n<td><i class=\"fa fa-check icon-tick icon-tick--on\"><\/i>Transporte*<\/td>\n<\/tr>\n<tr>\n<td><i class=\"fa fa-check icon-tick icon-tick--on\"><\/i>Experto Chef<\/td>\n<td><i class=\"fa fa-check icon-tick icon-tick--on\"><\/i> Compras en el mercado, causa, ceviche y pisco sour.<\/td>\n<\/tr>\n<\/tbody>\n<\/table>\n<\/td>\n<\/tr>\n<\/tbody>\n<\/table>\n<p>&nbsp;<\/p>\n<p>* Precio por persona, visita compartida, m\u00e1ximo 6 participantes: US$85<\/p>\n<p style=\"font-weight: 400;\">* Precio por persona, visita compartida, m\u00e1ximo 6 participantes: US$85<\/p>\n<p style=\"font-weight: 400;\">* Tour compartido en espa\u00f1ol o ingl\u00e9s m\u00e1ximo 10 participantes<\/p>\n<p style=\"font-weight: 400;\">* Transporte depende del # de participantes.<\/p>\n<p style=\"font-weight: 400;\">* Enero 1, Jueves y Viernes Santo, Mayo 1, Julio 28, Julio 29, Diciembre 24, 25 y 31 no hay salidas.<\/p>\n<p style=\"font-weight: 400;\">* Este tour lo podemos hacer a medida y modificar el precio dependiendo del n\u00famero de participantes<\/p>\n","protected":false},"excerpt":{"rendered":"<p>Un medio d\u00eda para disfrutar y aprender de la gastronom\u00eda peruana. Visitar\u00e1n el mercado local con su gu\u00eda para degustar y explorar los productos end\u00e9micos que usamos. Luego se enrumba hacia un local frente al mar donde se visitar\u00e1 un experto chef con quien har\u00e1n algunos potajes peruanos.<\/p>\n","protected":false},"featured_media":4337,"comment_status":"closed","ping_status":"closed","template":"","meta":[],"product_brand":[],"product_cat":[87],"product_tag":[],"class_list":{"0":"post-4383","1":"product","2":"type-product","3":"status-publish","4":"has-post-thumbnail","6":"product_cat-private-tours-de","7":"tour_category-confirmed-tours-2","9":"first","10":"instock","11":"virtual","12":"purchasable","13":"product-type-tour"},"_links":{"self":[{"href":"https:\/\/site.limamentor.com\/de\/wp-json\/wp\/v2\/product\/4383","targetHints":{"allow":["GET"]}}],"collection":[{"href":"https:\/\/site.limamentor.com\/de\/wp-json\/wp\/v2\/product"}],"about":[{"href":"https:\/\/site.limamentor.com\/de\/wp-json\/wp\/v2\/types\/product"}],"replies":[{"embeddable":true,"href":"https:\/\/site.limamentor.com\/de\/wp-json\/wp\/v2\/comments?post=4383"}],"wp:featuredmedia":[{"embeddable":true,"href":"https:\/\/site.limamentor.com\/de\/wp-json\/wp\/v2\/media\/4337"}],"wp:attachment":[{"href":"https:\/\/site.limamentor.com\/de\/wp-json\/wp\/v2\/media?parent=4383"}],"wp:term":[{"taxonomy":"product_brand","embeddable":true,"href":"https:\/\/site.limamentor.com\/de\/wp-json\/wp\/v2\/product_brand?post=4383"},{"taxonomy":"product_cat","embeddable":true,"href":"https:\/\/site.limamentor.com\/de\/wp-json\/wp\/v2\/product_cat?post=4383"},{"taxonomy":"product_tag","embeddable":true,"href":"https:\/\/site.limamentor.com\/de\/wp-json\/wp\/v2\/product_tag?post=4383"}],"curies":[{"name":"wp","href":"https:\/\/api.w.org\/{rel}","templated":true}]}}