{"id":5676,"date":"2017-01-01T10:00:27","date_gmt":"2017-01-01T15:00:27","guid":{"rendered":"https:\/\/www.limamentor.com\/product\/the-lima-mentor-tour\/"},"modified":"2023-10-24T10:26:28","modified_gmt":"2023-10-24T15:26:28","slug":"the-lima-mentor-tour","status":"publish","type":"product","link":"https:\/\/site.limamentor.com\/de\/touren\/the-lima-mentor-tour\/","title":{"rendered":"The Lima Mentor Tour"},"content":{"rendered":"<ul>\n<li>Besuchen Sie die Huaca Pucllana: ein zeremonielles Zentrum (200-700 v.C.), das im Herzen vom modernen Miraflores liegt.<\/li>\n<li>Besuchen Sie das historische Zentrum Limas, das von der UNESCO anerkannt wurde. Wandern Sie die HauptstraBen entlang, um seine Architektur und Denkmaler zu besichtigen.<\/li>\n<li>Aliaga Haus, ein faszinierendes Herrenhaus aus der Kolonialzeit, welches seit dem Vizek\u00f3nigreich und noch bis heute von derselben Familie bewohnt ist.<\/li>\n<li>Mittagessen in einem der besten Lokalitaten f\u00fcr Ceviche, das peruanische Nationalgericht, welches auch das Essen der K\u00fcste reprasentiert. Weitere Optionen f\u00fcr kreolische K\u00fcche und Meeresfr\u00fcchte.<\/li>\n<\/ul>\n<p>&#8220;Nachmittags bietet Lima Mentor folgende 2 Optionen an. Es kann zwischen den folgenden gewahlt werden:<\/p>\n<ul>\n<li><strong>Artistic Mood<\/strong>:\n<ul>\n<li>Besuch von Barranco, dem bohemischen Stadtviertel Limas.<\/li>\n<li>Spaziergang durch diesen reizvollen Stadtteil in Strandnahe mit farbenfrohen Gebauden und seinem Charm als K\u00fcnstlerviertel&#8221;<\/li>\n<li>Besuch des Museums Pedro de Osma, welches f\u00fcr seine einzigartige Sammlung vizek\u00f3niglicher Kunstgegenstanden bekannt ist; Besuch des MATE (The Mario Testino Association), in welchem der peruanische Promi-Fotograf Mario Testino ausstellt.<\/li>\n<\/ul>\n<\/li>\n<li><strong>Historical Mood<\/strong>:\n<ul>\n<li>Besuch des Larco Museums, welches die edelste Gold- und Silbersammlung Altperus sowie die ber\u00fchmte archaologische Erotiksammlung beherbergt. Dieses pr\u00edvate Museum liegt im Stadtteil Pueblo Libre, in welchem die groBen Befreier S\u00fcdamerikas lebten.<\/li>\n<\/ul>\n<\/li>\n<\/ul>\n<p>&nbsp;<\/p>\n<table class=\"table table-bordered tours-tabs__table\" style=\"height: 233px;\" width=\"862\">\n<tbody>\n<tr style=\"height: 48px;\">\n<td style=\"height: 48px;\"><strong>ABTEILUNG \/ R\u00dcCKGABE<\/strong><\/td>\n<td style=\"height: 48px;\">Die Tour beginnt und endet in lhrem Hotel (Mir aflores, San Isidro oder Barranco)<\/td>\n<\/tr>\n<tr style=\"height: 48px;\">\n<td style=\"height: 48px;\"><strong>DAUER<\/strong><\/td>\n<td style=\"height: 48px;\">Die Tour dauert 9 Std. und fahrt taglich ab. Huaca Pucllana schlieBt dienstags. Musuem in Pueblo Libre, Mate und Pedro de Osma schlieBen montags.<\/td>\n<\/tr>\n<tr style=\"height: 160px;\">\n<td style=\"height: 160px;\"><strong>INKLUSIVE<br \/>\n<\/strong><\/td>\n<td style=\"height: 160px;\">\n<table class=\"table table-bordered\" style=\"height: 62px;\" width=\"300\">\n<tbody>\n<tr>\n<td><i class=\"fa fa-check icon-tick icon-tick--on\"><\/i>Reiseleiter<\/td>\n<td><i class=\"fa fa-check icon-tick icon-tick--on\"><\/i>Transport im Kleinbus<\/td>\n<\/tr>\n<tr>\n<td><i class=\"fa fa-check icon-tick icon-tick--on\"><\/i>Wasser<\/td>\n<td><i class=\"fa fa-check icon-tick icon-tick--on\"><\/i>Eintrittskarte<\/td>\n<\/tr>\n<\/tbody>\n<\/table>\n<table class=\"table table-bordered\" style=\"height: 62px;\" width=\"300\">\n<tbody>\n<tr>\n<td><i class=\"fa fa-check icon-tick icon-tick--on\"><\/i>Mittagessen &amp; Getrank<\/td>\n<td><\/td>\n<\/tr>\n<tr>\n<td><\/td>\n<td><\/td>\n<\/tr>\n<\/tbody>\n<\/table>\n<\/td>\n<\/tr>\n<\/tbody>\n<\/table>\n<p>&nbsp;<\/p>\n<p>Preis Pro Person US$190 bei 2 Teilnehmer; US$160 bei 4 Teilnehmer; US$140 bei 6 Teilnehmer. Zusatzliche Zahlung f\u00fcr Poli ist m\u00f3glich, je nachdem der tag.<\/p>\n<p>Bei Feiertagen: (1 Januar; Gr\u00fcndonnerstag; Karfreitag; 1 Mai; 28 und 29 Juli 24, 25 und 31 Dezember) kostet 50% zusatzlich<\/p>\n<p><strong>Wir k\u00f3nnen diese Tour <a href=\"https:\/\/www.limamentor.com\/de\/custom-made-tours\/\">Jhren W\u00fcnschen entsprechend<\/a> maBscheniedern und den Preis abhangig der Teilnehmerzahl anpassen <\/strong><\/p>\n\n<div class=\"wpcf7 no-js\" id=\"wpcf7-f162-o1\" lang=\"en-US\" dir=\"ltr\" data-wpcf7-id=\"162\">\n<div class=\"screen-reader-response\"><p role=\"status\" aria-live=\"polite\" aria-atomic=\"true\"><\/p> <ul><\/ul><\/div>\n<form action=\"\/de\/wp-json\/wp\/v2\/product\/5676#wpcf7-f162-o1\" method=\"post\" class=\"wpcf7-form init\" aria-label=\"Contact form\" novalidate=\"novalidate\" data-status=\"init\">\n<fieldset class=\"hidden-fields-container\"><input type=\"hidden\" name=\"_wpcf7\" value=\"162\" \/><input type=\"hidden\" name=\"_wpcf7_version\" value=\"6.1.5\" \/><input type=\"hidden\" name=\"_wpcf7_locale\" value=\"en_US\" \/><input type=\"hidden\" name=\"_wpcf7_unit_tag\" value=\"wpcf7-f162-o1\" \/><input type=\"hidden\" name=\"_wpcf7_container_post\" value=\"0\" \/><input type=\"hidden\" name=\"_wpcf7_posted_data_hash\" value=\"\" \/><input type=\"hidden\" name=\"_wpcf7_recaptcha_response\" value=\"\" \/>\n<\/fieldset>\n<div class=\"form-contact\">\n\t<div class=\"form-contact__fields-short\">\n\t\t<div class=\"form-contact__item-short\">\n\t\t\t<p><span class=\"wpcf7-form-control-wrap\" data-name=\"text-277\"><input size=\"40\" maxlength=\"400\" class=\"wpcf7-form-control wpcf7-text wpcf7-validates-as-required\" aria-required=\"true\" aria-invalid=\"false\" placeholder=\"Your name\" value=\"\" type=\"text\" name=\"text-277\" \/><\/span>\n\t\t\t<\/p>\n\t\t<\/div>\n\t\t<div class=\"form-contact__item-short\">\n\t\t\t<p><span class=\"wpcf7-form-control-wrap\" data-name=\"email-563\"><input size=\"40\" maxlength=\"400\" class=\"wpcf7-form-control wpcf7-email wpcf7-validates-as-required wpcf7-text wpcf7-validates-as-email\" aria-required=\"true\" aria-invalid=\"false\" placeholder=\"Email\" value=\"\" type=\"email\" name=\"email-563\" \/><\/span>\n\t\t\t<\/p>\n\t\t<\/div>\n\t<\/div>\n\t<div class=\"form-contact__fields-short\">\n\t\t<p><span class=\"wpcf7-form-control-wrap\" data-name=\"text-278\"><input size=\"40\" maxlength=\"400\" class=\"wpcf7-form-control wpcf7-text wpcf7-validates-as-required\" aria-required=\"true\" aria-invalid=\"false\" placeholder=\"Subject\" value=\"\" type=\"text\" name=\"text-278\" \/><\/span>\n\t\t<\/p>\n\t<\/div>\n\t<p><span class=\"wpcf7-form-control-wrap\" data-name=\"textarea-287\"><textarea cols=\"0\" rows=\"0\" maxlength=\"2000\" class=\"wpcf7-form-control wpcf7-textarea\" aria-invalid=\"false\" placeholder=\"Message\" name=\"textarea-287\"><\/textarea><\/span><br \/>\n<button type=\"submit\" class=\"button button--style1 button--with-icon\"><i class=\"fa fa-paper-plane\"><\/i>Send<\/button>\n\t<\/p>\n<\/div><div class=\"wpcf7-response-output\" aria-hidden=\"true\"><\/div>\n<\/form>\n<\/div>\n\n","protected":false},"excerpt":{"rendered":"<p>Auf dieser Tour teilen wir den Geschmack von Lima, indem wir das Erbe vor der Ankunft der Spanier und die Eleganz der spanischen Periode am Morgen zeigen. Das Mittagessen ist offen, aber wir empfehlen eine der besten &#8220;Cevicherias&#8221;, um frischen Fisch aus dem Fang des Tages zu probieren. Der Nachmittag steht Ihnen je nach Lust und Laune zur freien Verf\u00fcgung.<\/p>\n","protected":false},"featured_media":2028,"comment_status":"closed","ping_status":"closed","template":"","meta":[],"product_brand":[],"product_cat":[90,87],"product_tag":[],"class_list":{"0":"post-5676","1":"product","2":"type-product","3":"status-publish","4":"has-post-thumbnail","6":"product_cat-lima-is-more-de","7":"product_cat-private-tours-de","8":"tour_category-city-tours-de","9":"tour_category-private-tours-2","11":"first","12":"instock","13":"shipping-taxable","14":"purchasable","15":"product-type-tour"},"_links":{"self":[{"href":"https:\/\/site.limamentor.com\/de\/wp-json\/wp\/v2\/product\/5676","targetHints":{"allow":["GET"]}}],"collection":[{"href":"https:\/\/site.limamentor.com\/de\/wp-json\/wp\/v2\/product"}],"about":[{"href":"https:\/\/site.limamentor.com\/de\/wp-json\/wp\/v2\/types\/product"}],"replies":[{"embeddable":true,"href":"https:\/\/site.limamentor.com\/de\/wp-json\/wp\/v2\/comments?post=5676"}],"wp:featuredmedia":[{"embeddable":true,"href":"https:\/\/site.limamentor.com\/de\/wp-json\/wp\/v2\/media\/2028"}],"wp:attachment":[{"href":"https:\/\/site.limamentor.com\/de\/wp-json\/wp\/v2\/media?parent=5676"}],"wp:term":[{"taxonomy":"product_brand","embeddable":true,"href":"https:\/\/site.limamentor.com\/de\/wp-json\/wp\/v2\/product_brand?post=5676"},{"taxonomy":"product_cat","embeddable":true,"href":"https:\/\/site.limamentor.com\/de\/wp-json\/wp\/v2\/product_cat?post=5676"},{"taxonomy":"product_tag","embeddable":true,"href":"https:\/\/site.limamentor.com\/de\/wp-json\/wp\/v2\/product_tag?post=5676"}],"curies":[{"name":"wp","href":"https:\/\/api.w.org\/{rel}","templated":true}]}}