{"id":5689,"date":"2017-02-08T21:53:39","date_gmt":"2017-02-09T02:53:39","guid":{"rendered":"https:\/\/www.limamentor.com\/product\/huacas-larco-museum-by-night-with-dinner\/"},"modified":"2023-10-25T13:17:51","modified_gmt":"2023-10-25T18:17:51","slug":"huacas-larco-museum-by-night-with-dinner","status":"publish","type":"product","link":"https:\/\/site.limamentor.com\/de\/touren\/huacas-larco-museum-by-night-with-dinner\/","title":{"rendered":"Tempel &#038; Larco Museum am Abend mit Abendessen"},"content":{"rendered":"<ul>\n<li>Observe Huaca Pucllana, a Pre-Colombian archaeological site in the middle of Miraflores.<\/li>\n<li>Observe Huaca Huallamarca, a Pre-Colombian archaeological site in the middle of San Isidro.<\/li>\n<li>Observe Huaca Mateo Salado, a Pre-Colombian archaeological site in the middle of Pueblo Libre.<\/li>\n<li>Visit the Larco Museum, the best Precolombian art pr\u00edvate collection in Peru.<\/li>\n<li>Dinner of Peruvian Food at the Cafe del Museo.<\/li>\n<\/ul>\n<h3>maximum 6\u00a0participants<\/h3>\n<table class=\"table table-bordered tours-tabs__table\" style=\"height: 233px;\" width=\"862\">\n<tbody>\n<tr>\n<td><strong>DEPARTURE\/RETURN LOCATION<\/strong><\/td>\n<td>Tour starts and ends in any hotel located in Miraflores or San Isidro.<\/td>\n<\/tr>\n<tr>\n<td><strong>DURATION<\/strong><\/td>\n<td>5:30pm \u2013 9.30pm from Mondays to Saturdays.<\/td>\n<\/tr>\n<tr>\n<td><strong>INCLUDED<\/strong><\/td>\n<td>\n<table class=\"table table-bordered\" style=\"height: 62px;\" width=\"300\">\n<tbody>\n<tr>\n<td><i class=\"fa fa-check icon-tick icon-tick--on\"><\/i>Local guide at the Museum<\/td>\n<td><i class=\"fa fa-check icon-tick icon-tick--on\"><\/i>Transportation in minivan<\/td>\n<\/tr>\n<tr>\n<td><i class=\"fa fa-check icon-tick icon-tick--on\"><\/i>Bottled water<\/td>\n<td><i class=\"fa fa-check icon-tick icon-tick--on\"><\/i>Entrance fees<\/td>\n<\/tr>\n<tr>\n<td><i class=\"fa fa-check icon-tick icon-tick--on\"><\/i>3-course dinner<\/td>\n<td><\/td>\n<\/tr>\n<\/tbody>\n<\/table>\n<\/td>\n<\/tr>\n<\/tbody>\n<\/table>\n<p>&nbsp;<\/p>\n<p>Price: Price per person, shared visit, maximum 6 participants: US$90 Visit in English or Spanish (only one language).<\/p>\n<p>On Main Holidays: January 1st, Oecember 24, 25th and 31st no departures are available.<\/p>\n<p><em><strong>We can <a href=\"https:\/\/www.limamentor.com\/de\/custom-made-tours\/\">tailor made<\/a> this tour and adjust the price depending on the number of participants<\/strong><\/em><\/p>\n<ul>\n<li style=\"list-style-type: none;\"><strong>*You can cancel the tour up to 12 hours before without cancellation fees.<br \/>\n*Children under 12 have 50% discount<br \/>\n*On Main HoLidays: January 1st, Holy Thursday, Holy Friday, May 1st, July 28, July 29, Oecember 24, Oecember 25, Oecember 31 have an additional cost of 50%.<br \/>\n<\/strong><\/li>\n<\/ul>\n<p><span style=\"font-size: 14pt;\"><strong>Quote your tour now! Just send us a message, we will contact you as soon as possible.<\/strong><\/span><\/p>\n\n<div class=\"wpcf7 no-js\" id=\"wpcf7-f162-o1\" lang=\"en-US\" dir=\"ltr\" data-wpcf7-id=\"162\">\n<div class=\"screen-reader-response\"><p role=\"status\" aria-live=\"polite\" aria-atomic=\"true\"><\/p> <ul><\/ul><\/div>\n<form action=\"\/de\/wp-json\/wp\/v2\/product\/5689#wpcf7-f162-o1\" method=\"post\" class=\"wpcf7-form init\" aria-label=\"Contact form\" novalidate=\"novalidate\" data-status=\"init\">\n<fieldset class=\"hidden-fields-container\"><input type=\"hidden\" name=\"_wpcf7\" value=\"162\" \/><input type=\"hidden\" name=\"_wpcf7_version\" value=\"6.1.5\" \/><input type=\"hidden\" name=\"_wpcf7_locale\" value=\"en_US\" \/><input type=\"hidden\" name=\"_wpcf7_unit_tag\" value=\"wpcf7-f162-o1\" \/><input type=\"hidden\" name=\"_wpcf7_container_post\" value=\"0\" \/><input type=\"hidden\" name=\"_wpcf7_posted_data_hash\" value=\"\" \/><input type=\"hidden\" name=\"_wpcf7_recaptcha_response\" value=\"\" \/>\n<\/fieldset>\n<div class=\"form-contact\">\n\t<div class=\"form-contact__fields-short\">\n\t\t<div class=\"form-contact__item-short\">\n\t\t\t<p><span class=\"wpcf7-form-control-wrap\" data-name=\"text-277\"><input size=\"40\" maxlength=\"400\" class=\"wpcf7-form-control wpcf7-text wpcf7-validates-as-required\" aria-required=\"true\" aria-invalid=\"false\" placeholder=\"Your name\" value=\"\" type=\"text\" name=\"text-277\" \/><\/span>\n\t\t\t<\/p>\n\t\t<\/div>\n\t\t<div class=\"form-contact__item-short\">\n\t\t\t<p><span class=\"wpcf7-form-control-wrap\" data-name=\"email-563\"><input size=\"40\" maxlength=\"400\" class=\"wpcf7-form-control wpcf7-email wpcf7-validates-as-required wpcf7-text wpcf7-validates-as-email\" aria-required=\"true\" aria-invalid=\"false\" placeholder=\"Email\" value=\"\" type=\"email\" name=\"email-563\" \/><\/span>\n\t\t\t<\/p>\n\t\t<\/div>\n\t<\/div>\n\t<div class=\"form-contact__fields-short\">\n\t\t<p><span class=\"wpcf7-form-control-wrap\" data-name=\"text-278\"><input size=\"40\" maxlength=\"400\" class=\"wpcf7-form-control wpcf7-text wpcf7-validates-as-required\" aria-required=\"true\" aria-invalid=\"false\" placeholder=\"Subject\" value=\"\" type=\"text\" name=\"text-278\" \/><\/span>\n\t\t<\/p>\n\t<\/div>\n\t<p><span class=\"wpcf7-form-control-wrap\" data-name=\"textarea-287\"><textarea cols=\"0\" rows=\"0\" maxlength=\"2000\" class=\"wpcf7-form-control wpcf7-textarea\" aria-invalid=\"false\" placeholder=\"Message\" name=\"textarea-287\"><\/textarea><\/span><br \/>\n<button type=\"submit\" class=\"button button--style1 button--with-icon\"><i class=\"fa fa-paper-plane\"><\/i>Send<\/button>\n\t<\/p>\n<\/div><div class=\"wpcf7-response-output\" aria-hidden=\"true\"><\/div>\n<\/form>\n<\/div>\n\n","protected":false},"excerpt":{"rendered":"<p>Nutzen Sie die Zeit am Abend und besichtigen Sie die beiden wichtigsten Pr\u00e4-Inka-St\u00e4tten, die nachts beleuchtet sind, besuchen Sie das Larco-Museum und genie\u00dfen Sie ein gem\u00fctliches Abendessen in einem entspannenden Garten in Ihrer N\u00e4he.<\/p>\n","protected":false},"featured_media":1900,"comment_status":"closed","ping_status":"closed","template":"","meta":[],"product_brand":[],"product_cat":[215,87],"product_tag":[],"class_list":{"0":"post-5689","1":"product","2":"type-product","3":"status-publish","4":"has-post-thumbnail","6":"product_cat-confirmed-tours-de","7":"product_cat-private-tours-de","8":"tour_category-confirmed-tours-2","10":"first","11":"instock","12":"purchasable","13":"product-type-tour"},"_links":{"self":[{"href":"https:\/\/site.limamentor.com\/de\/wp-json\/wp\/v2\/product\/5689","targetHints":{"allow":["GET"]}}],"collection":[{"href":"https:\/\/site.limamentor.com\/de\/wp-json\/wp\/v2\/product"}],"about":[{"href":"https:\/\/site.limamentor.com\/de\/wp-json\/wp\/v2\/types\/product"}],"replies":[{"embeddable":true,"href":"https:\/\/site.limamentor.com\/de\/wp-json\/wp\/v2\/comments?post=5689"}],"wp:featuredmedia":[{"embeddable":true,"href":"https:\/\/site.limamentor.com\/de\/wp-json\/wp\/v2\/media\/1900"}],"wp:attachment":[{"href":"https:\/\/site.limamentor.com\/de\/wp-json\/wp\/v2\/media?parent=5689"}],"wp:term":[{"taxonomy":"product_brand","embeddable":true,"href":"https:\/\/site.limamentor.com\/de\/wp-json\/wp\/v2\/product_brand?post=5689"},{"taxonomy":"product_cat","embeddable":true,"href":"https:\/\/site.limamentor.com\/de\/wp-json\/wp\/v2\/product_cat?post=5689"},{"taxonomy":"product_tag","embeddable":true,"href":"https:\/\/site.limamentor.com\/de\/wp-json\/wp\/v2\/product_tag?post=5689"}],"curies":[{"name":"wp","href":"https:\/\/api.w.org\/{rel}","templated":true}]}}