{"id":5712,"date":"2017-01-31T20:05:17","date_gmt":"2017-02-01T01:05:17","guid":{"rendered":"https:\/\/www.limamentor.com\/product\/cultural-city-tour-lima\/"},"modified":"2023-10-03T15:13:44","modified_gmt":"2023-10-03T20:13:44","slug":"cultural-city-tour-lima","status":"publish","type":"product","link":"https:\/\/site.limamentor.com\/de\/touren\/cultural-city-tour-lima\/","title":{"rendered":"Kulturelle Tour in Lima"},"content":{"rendered":"<ul>\n<li>Auf dem Weg in das historische Zentrum Limas kommen wir an der Huaca Pucllana, einer prakolumbienischen Statte, vorbei (wir besuchen diese nicht.<\/li>\n<li>Besuch des Quadra Museums und des dazugehorenden Weingutes: Dieses Gebaude beherbergt Reste der sch\u00fctzenden Stadtmauer und wurde im 17. Jahrundert erbaut. Das Museum zeigt ausserdem Objekte der Gesselschaft und Entwicklung des Vizek\u00e9inigreichs Peru.<\/li>\n<li>Besuch des Klosers und der Kirche Santo Domingo : Das Kloster veranschaulicht die Bedeutung des Katholizismus wahrend des Vizek\u00e9inigreiches. Es besteht die M\u00e9iglichkeit, den Turm zu besteigen.<\/li>\n<li>Beobachtung des Wachwechsels beim Palast im Zentrum von Lima (abhangig vom Programm der Regierung).<\/li>\n<\/ul>\n<p>&nbsp;<\/p>\n<h3>maximal 10 Teilnehmer<\/h3>\n<table class=\"table table-bordered tours-tabs__table\" style=\"height: 233px;\" width=\"862\">\n<tbody>\n<tr>\n<td><strong>DEPARTURE\/RETURN LOCATION<\/strong><\/td>\n<td>Jedes hotel in Miraflores oder San Isidro.<\/td>\n<\/tr>\n<tr>\n<td><strong>DAUER<\/strong><\/td>\n<td>9.00 -13.00 Uhr von Montag bis Sonntag.\n<p>14.00 -18.00 Uhr von Montag bis Sonntag .<\/p><\/td>\n<\/tr>\n<tr>\n<td><strong>BEINHALTET<\/strong><\/td>\n<td>\n<table class=\"table table-bordered\" style=\"height: 62px;\" width=\"300\">\n<tbody>\n<tr>\n<td><i class=\"fa fa-check icon-tick icon-tick--on\"><\/i>Reiseleiter<\/td>\n<td><i class=\"fa fa-check icon-tick icon-tick--on\"><\/i>Transportation in Minivan oder Sprinter *<\/td>\n<\/tr>\n<tr>\n<td><i class=\"fa fa-check icon-tick icon-tick--on\"><\/i>Wasser<\/td>\n<td><i class=\"fa fa-check icon-tick icon-tick--on\"><\/i>Eintritte<\/td>\n<\/tr>\n<\/tbody>\n<\/table>\n<\/td>\n<\/tr>\n<\/tbody>\n<\/table>\n<p>&nbsp;<\/p>\n<p>Preis: Preis pro Person, gemeinsamer Besuch, maximal 10 Teilnehmer: 38 US-Oollar<\/p>\n<p>*Oer Transport hangt von der Anzahl der Teilnehmer ab<\/p>\n<p>**Tour auf Englisch oder Spanisch<\/p>\n<p>***Montags ist das Bodega &amp; Quadra Museum geschlossen, stattdessen besuchen wir den Parque de la Muralla.<\/p>\n<p>****An den wichtigsten Feiertagen: 1 Januar, 1 Mai, 28, 28 Juli, 24, 25, und 31 Dezember, sind keine Abfahrten moglich.<\/p>\n<p><em><strong>Wir k\u00f3nnen diese Tour <a href=\"https:\/\/www.limamentor.com\/de\/custom-made-tours\/\">thren W\u00fcnschen entsprechend<\/a> maBscheniedern und den Preis abhangig der Teilnehmerzahl anpassen<\/strong><\/em><\/p>\n<ul>\n<li style=\"list-style-type: none;\"><strong>*Sie ktinnen die Tour bis zu 12 Stunden vorher ohne Stornogeb\u00fchren stornieren.<br \/>\n*Kinder unter 12 Jahren erhalten 50% ErmaBigung.\n<p><\/p><\/strong>Fragen Sie nach unseren Preisen fur privat gefuhrte Touren und individuell ausgearbeitete Routen: info@limamentor.com<strong><br \/>\n<\/strong><\/li>\n<\/ul>\n<p><span style=\"font-size: 14pt;\"><strong>Schick uns eine Nachricht!<\/strong><\/span><\/p>\n\n<div class=\"wpcf7 no-js\" id=\"wpcf7-f162-o1\" lang=\"en-US\" dir=\"ltr\" data-wpcf7-id=\"162\">\n<div class=\"screen-reader-response\"><p role=\"status\" aria-live=\"polite\" aria-atomic=\"true\"><\/p> <ul><\/ul><\/div>\n<form action=\"\/de\/wp-json\/wp\/v2\/product\/5712#wpcf7-f162-o1\" method=\"post\" class=\"wpcf7-form init\" aria-label=\"Contact form\" novalidate=\"novalidate\" data-status=\"init\">\n<fieldset class=\"hidden-fields-container\"><input type=\"hidden\" name=\"_wpcf7\" value=\"162\" \/><input type=\"hidden\" name=\"_wpcf7_version\" value=\"6.1.5\" \/><input type=\"hidden\" name=\"_wpcf7_locale\" value=\"en_US\" \/><input type=\"hidden\" name=\"_wpcf7_unit_tag\" value=\"wpcf7-f162-o1\" \/><input type=\"hidden\" name=\"_wpcf7_container_post\" value=\"0\" \/><input type=\"hidden\" name=\"_wpcf7_posted_data_hash\" value=\"\" \/><input type=\"hidden\" name=\"_wpcf7_recaptcha_response\" value=\"\" \/>\n<\/fieldset>\n<div class=\"form-contact\">\n\t<div class=\"form-contact__fields-short\">\n\t\t<div class=\"form-contact__item-short\">\n\t\t\t<p><span class=\"wpcf7-form-control-wrap\" data-name=\"text-277\"><input size=\"40\" maxlength=\"400\" class=\"wpcf7-form-control wpcf7-text wpcf7-validates-as-required\" aria-required=\"true\" aria-invalid=\"false\" placeholder=\"Your name\" value=\"\" type=\"text\" name=\"text-277\" \/><\/span>\n\t\t\t<\/p>\n\t\t<\/div>\n\t\t<div class=\"form-contact__item-short\">\n\t\t\t<p><span class=\"wpcf7-form-control-wrap\" data-name=\"email-563\"><input size=\"40\" maxlength=\"400\" class=\"wpcf7-form-control wpcf7-email wpcf7-validates-as-required wpcf7-text wpcf7-validates-as-email\" aria-required=\"true\" aria-invalid=\"false\" placeholder=\"Email\" value=\"\" type=\"email\" name=\"email-563\" \/><\/span>\n\t\t\t<\/p>\n\t\t<\/div>\n\t<\/div>\n\t<div class=\"form-contact__fields-short\">\n\t\t<p><span class=\"wpcf7-form-control-wrap\" data-name=\"text-278\"><input size=\"40\" maxlength=\"400\" class=\"wpcf7-form-control wpcf7-text wpcf7-validates-as-required\" aria-required=\"true\" aria-invalid=\"false\" placeholder=\"Subject\" value=\"\" type=\"text\" name=\"text-278\" \/><\/span>\n\t\t<\/p>\n\t<\/div>\n\t<p><span class=\"wpcf7-form-control-wrap\" data-name=\"textarea-287\"><textarea cols=\"0\" rows=\"0\" maxlength=\"2000\" class=\"wpcf7-form-control wpcf7-textarea\" aria-invalid=\"false\" placeholder=\"Message\" name=\"textarea-287\"><\/textarea><\/span><br \/>\n<button type=\"submit\" class=\"button button--style1 button--with-icon\"><i class=\"fa fa-paper-plane\"><\/i>Send<\/button>\n\t<\/p>\n<\/div><div class=\"wpcf7-response-output\" aria-hidden=\"true\"><\/div>\n<\/form>\n<\/div>\n\n","protected":false},"excerpt":{"rendered":"<p>Die wichtigsten Attraktionen der Stadt Lima in einer 4-st\u00fcndigen Tour: eine pr\u00e4inkaische St\u00e4tte, der moderne Bereich und der historische Bereich, der den Besuch eines Klosters beinhaltet, das w\u00e4hrend der Kolonialzeit sehr wichtig war. Wir beenden die Tour in Ihrem Hotel oder in einem Restaurant, das wir Ihnen zum Mittagessen (bei der Vormittagstour) oder zum Abendessen (bei der Nachmittagstour) empfehlen k\u00f6nnen.<\/p>\n","protected":false},"featured_media":1288,"comment_status":"closed","ping_status":"closed","template":"","meta":[],"product_brand":[],"product_cat":[215],"product_tag":[],"class_list":{"0":"post-5712","1":"product","2":"type-product","3":"status-publish","4":"has-post-thumbnail","6":"product_cat-confirmed-tours-de","7":"tour_category-confirmed-tours-2","9":"first","10":"instock","11":"virtual","12":"purchasable","13":"product-type-tour"},"_links":{"self":[{"href":"https:\/\/site.limamentor.com\/de\/wp-json\/wp\/v2\/product\/5712","targetHints":{"allow":["GET"]}}],"collection":[{"href":"https:\/\/site.limamentor.com\/de\/wp-json\/wp\/v2\/product"}],"about":[{"href":"https:\/\/site.limamentor.com\/de\/wp-json\/wp\/v2\/types\/product"}],"replies":[{"embeddable":true,"href":"https:\/\/site.limamentor.com\/de\/wp-json\/wp\/v2\/comments?post=5712"}],"wp:featuredmedia":[{"embeddable":true,"href":"https:\/\/site.limamentor.com\/de\/wp-json\/wp\/v2\/media\/1288"}],"wp:attachment":[{"href":"https:\/\/site.limamentor.com\/de\/wp-json\/wp\/v2\/media?parent=5712"}],"wp:term":[{"taxonomy":"product_brand","embeddable":true,"href":"https:\/\/site.limamentor.com\/de\/wp-json\/wp\/v2\/product_brand?post=5712"},{"taxonomy":"product_cat","embeddable":true,"href":"https:\/\/site.limamentor.com\/de\/wp-json\/wp\/v2\/product_cat?post=5712"},{"taxonomy":"product_tag","embeddable":true,"href":"https:\/\/site.limamentor.com\/de\/wp-json\/wp\/v2\/product_tag?post=5712"}],"curies":[{"name":"wp","href":"https:\/\/api.w.org\/{rel}","templated":true}]}}