{"id":5716,"date":"2017-02-02T21:53:39","date_gmt":"2017-02-02T21:53:39","guid":{"rendered":"https:\/\/www.limamentor.com\/product\/half-day-must-sees-in-lima\/"},"modified":"2023-10-25T13:04:15","modified_gmt":"2023-10-25T18:04:15","slug":"half-day-must-sees-in-lima","status":"publish","type":"product","link":"https:\/\/site.limamentor.com\/de\/touren\/half-day-must-sees-in-lima\/","title":{"rendered":"Am Mittag: Zwangspunkte Limas"},"content":{"rendered":"<ul>\n<li>Besuch der Huaca Huallamarca, ein archaologischer Komplex im Herzen San Isidro.<\/li>\n<li>Besuch des Larco Museum, das die beste Sammlung prakolumbianischen Kunst in Peru besitzt.<\/li>\n<li>In Museumscafe kosten wir eine Lucuma Mousse, ein Obst der Region.<\/li>\n<li>Rundgang in die Altstadt (UNESCO Weltkulturerbe), um die wichtigsten Monumente und die Architektur der Stadt zu beobachten.<\/li>\n<li>Siehe den Wachterwechsel im Palast.<\/li>\n<li>Besuchen das Santo Domingo Kloster (aus dem 16 Jh.), eine der am besten erhaltenen Kloster Limas, wo Sie den Turm besteigen und von einem sehr guten Aussichtspunkt Lima besichtigen konnen.<\/li>\n<\/ul>\n<p>&nbsp;<\/p>\n<h3>maximal 6 Teilnehmer<\/h3>\n<table class=\"table table-bordered tours-tabs__table\" style=\"height: 233px;\" width=\"862\">\n<tbody>\n<tr>\n<td><strong>ABTEILUNG \/ RUCKGABE<br \/>\n<\/strong><\/td>\n<td>Der Ausflug beginnt und endet im Hotel in Miraflores oder San Isidro.<\/td>\n<\/tr>\n<tr>\n<td><strong>DAUER<\/strong><\/td>\n<td>8:30hrs &#8211; 13:00hrs taglich<\/td>\n<\/tr>\n<tr>\n<td><strong>INKLUSIVE<\/strong><\/td>\n<td>\n<table class=\"table table-bordered\" style=\"height: 62px;\" width=\"300\">\n<tbody>\n<tr>\n<td><i class=\"fa fa-check icon-tick icon-tick--on\"><\/i>Reiseleiter<\/td>\n<td><i class=\"fa fa-check icon-tick icon-tick--on\"><\/i>Transport im Kleinbus<\/td>\n<\/tr>\n<tr>\n<td><i class=\"fa fa-check icon-tick icon-tick--on\"><\/i>Wasser<\/td>\n<td><i class=\"fa fa-check icon-tick icon-tick--on\"><\/i>Eintritte<\/td>\n<\/tr>\n<\/tbody>\n<\/table>\n<\/td>\n<\/tr>\n<\/tbody>\n<\/table>\n<p>Preis: Preis pro Person, Gruppenservice, maximum 6 Teilnehmer: US$70<br \/>\nFragen Sie nach unseren Preisen f\u00fcr privat gef\u00fchrte Touren und individuell ausgearbeitete Routen:<br \/>\ninfo@limamentor.com<\/p>\n<p>Bei Feiertagen: (1 Januar; Gr\u00fcndonnerstag; Karfreitag; 1 Mai; 28 und 29 Juli 24, 25 und 31 Dezember) kostet 50% zusatzlich<\/p>\n<p><em><strong>Wir k\u00f3nnen diese Tour <a href=\"https:\/\/www.limamentor.com\/de\/custom-made-tours\/\">lhren W\u00fcnschen entsprechend<\/a> maBscheniedern und den Preis abhangig der Teilnehmerzahl anpassen <\/strong><\/em><\/p>\n\n<div class=\"wpcf7 no-js\" id=\"wpcf7-f162-o1\" lang=\"en-US\" dir=\"ltr\" data-wpcf7-id=\"162\">\n<div class=\"screen-reader-response\"><p role=\"status\" aria-live=\"polite\" aria-atomic=\"true\"><\/p> <ul><\/ul><\/div>\n<form action=\"\/de\/wp-json\/wp\/v2\/product\/5716#wpcf7-f162-o1\" method=\"post\" class=\"wpcf7-form init\" aria-label=\"Contact form\" novalidate=\"novalidate\" data-status=\"init\">\n<fieldset class=\"hidden-fields-container\"><input type=\"hidden\" name=\"_wpcf7\" value=\"162\" \/><input type=\"hidden\" name=\"_wpcf7_version\" value=\"6.1.5\" \/><input type=\"hidden\" name=\"_wpcf7_locale\" value=\"en_US\" \/><input type=\"hidden\" name=\"_wpcf7_unit_tag\" value=\"wpcf7-f162-o1\" \/><input type=\"hidden\" name=\"_wpcf7_container_post\" value=\"0\" \/><input type=\"hidden\" name=\"_wpcf7_posted_data_hash\" value=\"\" \/><input type=\"hidden\" name=\"_wpcf7_recaptcha_response\" value=\"\" \/>\n<\/fieldset>\n<div class=\"form-contact\">\n\t<div class=\"form-contact__fields-short\">\n\t\t<div class=\"form-contact__item-short\">\n\t\t\t<p><span class=\"wpcf7-form-control-wrap\" data-name=\"text-277\"><input size=\"40\" maxlength=\"400\" class=\"wpcf7-form-control wpcf7-text wpcf7-validates-as-required\" aria-required=\"true\" aria-invalid=\"false\" placeholder=\"Your name\" value=\"\" type=\"text\" name=\"text-277\" \/><\/span>\n\t\t\t<\/p>\n\t\t<\/div>\n\t\t<div class=\"form-contact__item-short\">\n\t\t\t<p><span class=\"wpcf7-form-control-wrap\" data-name=\"email-563\"><input size=\"40\" maxlength=\"400\" class=\"wpcf7-form-control wpcf7-email wpcf7-validates-as-required wpcf7-text wpcf7-validates-as-email\" aria-required=\"true\" aria-invalid=\"false\" placeholder=\"Email\" value=\"\" type=\"email\" name=\"email-563\" \/><\/span>\n\t\t\t<\/p>\n\t\t<\/div>\n\t<\/div>\n\t<div class=\"form-contact__fields-short\">\n\t\t<p><span class=\"wpcf7-form-control-wrap\" data-name=\"text-278\"><input size=\"40\" maxlength=\"400\" class=\"wpcf7-form-control wpcf7-text wpcf7-validates-as-required\" aria-required=\"true\" aria-invalid=\"false\" placeholder=\"Subject\" value=\"\" type=\"text\" name=\"text-278\" \/><\/span>\n\t\t<\/p>\n\t<\/div>\n\t<p><span class=\"wpcf7-form-control-wrap\" data-name=\"textarea-287\"><textarea cols=\"0\" rows=\"0\" maxlength=\"2000\" class=\"wpcf7-form-control wpcf7-textarea\" aria-invalid=\"false\" placeholder=\"Message\" name=\"textarea-287\"><\/textarea><\/span><br \/>\n<button type=\"submit\" class=\"button button--style1 button--with-icon\"><i class=\"fa fa-paper-plane\"><\/i>Send<\/button>\n\t<\/p>\n<\/div><div class=\"wpcf7-response-output\" aria-hidden=\"true\"><\/div>\n<\/form>\n<\/div>\n\n","protected":false},"excerpt":{"rendered":"<p>Besuchen Sie die wichtigsten Sehensw\u00fcrdigkeiten der Stadt Lima, darunter eine pr\u00e4inkaische St\u00e4tte, eine Privatsammlung pr\u00e4kolumbianischer Kunst, das historische Stadtzentrum von Lima und die Wachabl\u00f6sung.<\/p>\n","protected":false},"featured_media":3052,"comment_status":"closed","ping_status":"closed","template":"","meta":[],"product_brand":[],"product_cat":[87],"product_tag":[],"class_list":{"0":"post-5716","1":"product","2":"type-product","3":"status-publish","4":"has-post-thumbnail","6":"product_cat-private-tours-de","7":"tour_category-confirmed-tours-2","9":"first","10":"instock","11":"purchasable","12":"product-type-tour"},"_links":{"self":[{"href":"https:\/\/site.limamentor.com\/de\/wp-json\/wp\/v2\/product\/5716","targetHints":{"allow":["GET"]}}],"collection":[{"href":"https:\/\/site.limamentor.com\/de\/wp-json\/wp\/v2\/product"}],"about":[{"href":"https:\/\/site.limamentor.com\/de\/wp-json\/wp\/v2\/types\/product"}],"replies":[{"embeddable":true,"href":"https:\/\/site.limamentor.com\/de\/wp-json\/wp\/v2\/comments?post=5716"}],"wp:featuredmedia":[{"embeddable":true,"href":"https:\/\/site.limamentor.com\/de\/wp-json\/wp\/v2\/media\/3052"}],"wp:attachment":[{"href":"https:\/\/site.limamentor.com\/de\/wp-json\/wp\/v2\/media?parent=5716"}],"wp:term":[{"taxonomy":"product_brand","embeddable":true,"href":"https:\/\/site.limamentor.com\/de\/wp-json\/wp\/v2\/product_brand?post=5716"},{"taxonomy":"product_cat","embeddable":true,"href":"https:\/\/site.limamentor.com\/de\/wp-json\/wp\/v2\/product_cat?post=5716"},{"taxonomy":"product_tag","embeddable":true,"href":"https:\/\/site.limamentor.com\/de\/wp-json\/wp\/v2\/product_tag?post=5716"}],"curies":[{"name":"wp","href":"https:\/\/api.w.org\/{rel}","templated":true}]}}