{"id":5721,"date":"2017-02-03T21:53:39","date_gmt":"2017-02-03T21:53:39","guid":{"rendered":"https:\/\/www.limamentor.com\/product\/historical-homes-in-lima\/"},"modified":"2023-10-25T13:07:40","modified_gmt":"2023-10-25T18:07:40","slug":"historical-homes-in-lima","status":"publish","type":"product","link":"https:\/\/site.limamentor.com\/de\/touren\/historical-homes-in-lima\/","title":{"rendered":"Halbtages-Ausfluge: Historische Gebaude Limas"},"content":{"rendered":"<ul>\n<li>Besuch des Historischen Zentrums von Lima (UNESCO Weltkulturerbe)<\/li>\n<li>Aliaga Haus, ein faszinierendes Herrenhaus aus der Kolonialzeit, welches seit dem Vizek\u00f3nigreich und noch bis heute von derselben Familie bewohnt ist.<\/li>\n<li>Fernand ini Haus.<\/li>\n<li>Bar Cordano.<\/li>\n<\/ul>\n<p>&nbsp;<\/p>\n<h3>maximal 6 Teilnehmer<\/h3>\n<table class=\"table table-bordered tours-tabs__table\" style=\"height: 233px;\" width=\"862\">\n<tbody>\n<tr>\n<td><strong>ABTEILUNG \/ RUCKGABE<\/strong><\/td>\n<td>Der Ausflug beginnt und endet im Hotel in Miraflores oder San Isidro.<\/td>\n<\/tr>\n<tr>\n<td><strong>DAUER<\/strong><\/td>\n<td>14hrs &#8211; 17hrs30 von Montag bis Sonntag<\/td>\n<\/tr>\n<tr>\n<td><strong>INKLUSIVE<\/strong><\/td>\n<td>\n<table class=\"table table-bordered\" style=\"height: 62px;\" width=\"300\">\n<tbody>\n<tr>\n<td><i class=\"fa fa-check icon-tick icon-tick--on\"><\/i>Reiseleiter<\/td>\n<td><i class=\"fa fa-check icon-tick icon-tick--on\"><\/i>Transport<\/td>\n<\/tr>\n<tr>\n<td><i class=\"fa fa-check icon-tick icon-tick--on\"><\/i>Kaffe<\/td>\n<td><i class=\"fa fa-check icon-tick icon-tick--on\"><\/i>Eintritte<\/td>\n<\/tr>\n<tr>\n<td><\/td>\n<td><\/td>\n<\/tr>\n<\/tbody>\n<\/table>\n<\/td>\n<\/tr>\n<\/tbody>\n<\/table>\n<p>&nbsp;<\/p>\n<p>Preis: Preis pro Person, Gruppenservice In englisch oder spanisch, maximum 6 Teilnehmer: U5$60<\/p>\n<p>ei Feiertagen: (1 Januar; Gr\u00fcndonnerstag; Karfreitag; 1 Mai; 28 und 29 Juli 24, 25 und 31 Dezember) kostet 50% zusatzlich.<\/p>\n<p>Wir k\u00f3nnen diese Tour <a href=\"https:\/\/www.limamentor.com\/de\/custom-made-tours\/\">lhren W\u00fcnschen entsprechend<\/a> maBscheniedern und den Preis abhangig der Teilnehmerzahl anpassen<\/p>\n\n<div class=\"wpcf7 no-js\" id=\"wpcf7-f162-o1\" lang=\"en-US\" dir=\"ltr\" data-wpcf7-id=\"162\">\n<div class=\"screen-reader-response\"><p role=\"status\" aria-live=\"polite\" aria-atomic=\"true\"><\/p> <ul><\/ul><\/div>\n<form action=\"\/de\/wp-json\/wp\/v2\/product\/5721#wpcf7-f162-o1\" method=\"post\" class=\"wpcf7-form init\" aria-label=\"Contact form\" novalidate=\"novalidate\" data-status=\"init\">\n<fieldset class=\"hidden-fields-container\"><input type=\"hidden\" name=\"_wpcf7\" value=\"162\" \/><input type=\"hidden\" name=\"_wpcf7_version\" value=\"6.1.5\" \/><input type=\"hidden\" name=\"_wpcf7_locale\" value=\"en_US\" \/><input type=\"hidden\" name=\"_wpcf7_unit_tag\" value=\"wpcf7-f162-o1\" \/><input type=\"hidden\" name=\"_wpcf7_container_post\" value=\"0\" \/><input type=\"hidden\" name=\"_wpcf7_posted_data_hash\" value=\"\" \/><input type=\"hidden\" name=\"_wpcf7_recaptcha_response\" value=\"\" \/>\n<\/fieldset>\n<div class=\"form-contact\">\n\t<div class=\"form-contact__fields-short\">\n\t\t<div class=\"form-contact__item-short\">\n\t\t\t<p><span class=\"wpcf7-form-control-wrap\" data-name=\"text-277\"><input size=\"40\" maxlength=\"400\" class=\"wpcf7-form-control wpcf7-text wpcf7-validates-as-required\" aria-required=\"true\" aria-invalid=\"false\" placeholder=\"Your name\" value=\"\" type=\"text\" name=\"text-277\" \/><\/span>\n\t\t\t<\/p>\n\t\t<\/div>\n\t\t<div class=\"form-contact__item-short\">\n\t\t\t<p><span class=\"wpcf7-form-control-wrap\" data-name=\"email-563\"><input size=\"40\" maxlength=\"400\" class=\"wpcf7-form-control wpcf7-email wpcf7-validates-as-required wpcf7-text wpcf7-validates-as-email\" aria-required=\"true\" aria-invalid=\"false\" placeholder=\"Email\" value=\"\" type=\"email\" name=\"email-563\" \/><\/span>\n\t\t\t<\/p>\n\t\t<\/div>\n\t<\/div>\n\t<div class=\"form-contact__fields-short\">\n\t\t<p><span class=\"wpcf7-form-control-wrap\" data-name=\"text-278\"><input size=\"40\" maxlength=\"400\" class=\"wpcf7-form-control wpcf7-text wpcf7-validates-as-required\" aria-required=\"true\" aria-invalid=\"false\" placeholder=\"Subject\" value=\"\" type=\"text\" name=\"text-278\" \/><\/span>\n\t\t<\/p>\n\t<\/div>\n\t<p><span class=\"wpcf7-form-control-wrap\" data-name=\"textarea-287\"><textarea cols=\"0\" rows=\"0\" maxlength=\"2000\" class=\"wpcf7-form-control wpcf7-textarea\" aria-invalid=\"false\" placeholder=\"Message\" name=\"textarea-287\"><\/textarea><\/span><br \/>\n<button type=\"submit\" class=\"button button--style1 button--with-icon\"><i class=\"fa fa-paper-plane\"><\/i>Send<\/button>\n\t<\/p>\n<\/div><div class=\"wpcf7-response-output\" aria-hidden=\"true\"><\/div>\n<\/form>\n<\/div>\n\n","protected":false},"excerpt":{"rendered":"<p>Besichtigen Sie exklusive Privath\u00e4user im historischen Zentrum, darunter eines aus den fr\u00fchen 1900er Jahren, das haupts\u00e4chlich f\u00fcr Filmaufnahmen und VIP-Veranstaltungen genutzt wird, sowie zwei Geb\u00e4ude aus der Kolonialzeit, die einst im Besitz der spanischen Adelsfamilien waren.<\/p>\n","protected":false},"featured_media":2961,"comment_status":"closed","ping_status":"closed","template":"","meta":[],"product_brand":[],"product_cat":[87],"product_tag":[],"class_list":{"0":"post-5721","1":"product","2":"type-product","3":"status-publish","4":"has-post-thumbnail","6":"product_cat-private-tours-de","7":"tour_category-confirmed-tours-2","9":"first","10":"instock","11":"purchasable","12":"product-type-tour"},"_links":{"self":[{"href":"https:\/\/site.limamentor.com\/de\/wp-json\/wp\/v2\/product\/5721","targetHints":{"allow":["GET"]}}],"collection":[{"href":"https:\/\/site.limamentor.com\/de\/wp-json\/wp\/v2\/product"}],"about":[{"href":"https:\/\/site.limamentor.com\/de\/wp-json\/wp\/v2\/types\/product"}],"replies":[{"embeddable":true,"href":"https:\/\/site.limamentor.com\/de\/wp-json\/wp\/v2\/comments?post=5721"}],"wp:featuredmedia":[{"embeddable":true,"href":"https:\/\/site.limamentor.com\/de\/wp-json\/wp\/v2\/media\/2961"}],"wp:attachment":[{"href":"https:\/\/site.limamentor.com\/de\/wp-json\/wp\/v2\/media?parent=5721"}],"wp:term":[{"taxonomy":"product_brand","embeddable":true,"href":"https:\/\/site.limamentor.com\/de\/wp-json\/wp\/v2\/product_brand?post=5721"},{"taxonomy":"product_cat","embeddable":true,"href":"https:\/\/site.limamentor.com\/de\/wp-json\/wp\/v2\/product_cat?post=5721"},{"taxonomy":"product_tag","embeddable":true,"href":"https:\/\/site.limamentor.com\/de\/wp-json\/wp\/v2\/product_tag?post=5721"}],"curies":[{"name":"wp","href":"https:\/\/api.w.org\/{rel}","templated":true}]}}