{"id":5734,"date":"2017-02-11T10:27:04","date_gmt":"2017-02-11T15:27:04","guid":{"rendered":"https:\/\/www.limamentor.com\/product\/full-day-walking-in-the-historic-center-of-lima\/"},"modified":"2023-10-24T11:06:06","modified_gmt":"2023-10-24T16:06:06","slug":"full-day-walking-in-the-historic-center-of-lima","status":"publish","type":"product","link":"https:\/\/site.limamentor.com\/de\/touren\/full-day-walking-in-the-historic-center-of-lima\/","title":{"rendered":"Ganztatige Wanderung im historischen Zentrum Limas"},"content":{"rendered":"<ul>\n<li>GenieBen Sie einen ganzen Tag in unserer Stadt. Am Morgen holen wir Sie ven lhrem Hotel ab, um ins historische Zentrum zu fahren.<\/li>\n<li>Wir starten in einer der ersten Gebaude der ersten Universitat in Amerika, dann zum San Mart\u00edn Platz und zu FuB die la UnionstraBe entlang, eine FuBgangerstraBe, wo wir als Nationalerbe erklarte Hauser sehen kiinnen.<\/li>\n<li>Ebenso in unserer Tour werden wir das ,,Stadttheater&#8221; und das ,,Segura-Theater&#8221; besuchen, zwei der bedeutendsten und wichtigsten traditionellen Theater limas.<\/li>\n<li>Dann erreichen wir den ,,Plaza Mayor&#8221;. Dann besuchen wir das ,,Osambela Haus&#8221;, ein aus dem XVIII Jahrhundert Herrenhaus mit feiner Architektur .<\/li>\n<li>Das ,,Santo Domingo Kloster&#8221;, wo Sie den Turm besteigen kiinnen und so genieBen Sie einen spektakularen Blick ven lima.<\/li>\n<li>das Aliaga Haus&#8221; ein zu der gleichen Familie seit der Vizekiin igreich Zeit geh\u00f3rendes Haus. *Beim Mittagessen gehen wir in ein lokales Restaurant und machen wir eine kurze Pause.<\/li>\n<li>San Francisco Kloster&#8221; und den ,,Stadtmauerpark&#8221; mit Blick auf den Rimac Fluss und auf den ,,San Cristobal H\u00fcgel&#8221;.<\/li>\n<li>Wir besuchen auch die Kirche San Pedro wo wir kiinnen die ber\u00fchmt Altare im Goldblatt finden. *Wir gehen durch den Balkonen des &#8220;Torre Tagle Palace&#8221;.<\/li>\n<li>Danach besuchen wir das chinesische Viertel, wo chinesische Einwanderer sich in der Mitte der 1800er niederlieBen.<\/li>\n<li>SchlieBlich bringen wir Sie zum Hotel in unserem komfortablen Van zur\u00fcck.<\/li>\n<\/ul>\n<p>&nbsp;<\/p>\n<table class=\"table table-bordered tours-tabs__table\" style=\"height: 233px;\" width=\"862\">\n<tbody>\n<tr>\n<td><strong>ABTEILUNG \/ R\u00dcCKGABE<\/strong><\/td>\n<td>Any hotel located in Miraflores, San Isidro or Barranco.<\/td>\n<\/tr>\n<tr>\n<td><strong>DAUER<\/strong><\/td>\n<td>8\u00a0hours<\/td>\n<\/tr>\n<tr>\n<td><strong>INKLUSIVE <\/strong><\/td>\n<td>\n<table class=\"table table-bordered\" style=\"height: 62px;\" width=\"300\">\n<tbody>\n<tr>\n<td><i class=\"fa fa-check icon-tick icon-tick--on\"><\/i>Reiseleiter<\/td>\n<td><i class=\"fa fa-check icon-tick icon-tick--on\"><\/i>Transport im Kleinbus<\/td>\n<\/tr>\n<tr>\n<td><i class=\"fa fa-check icon-tick icon-tick--on\"><\/i>Wasser<\/td>\n<td><i class=\"fa fa-check icon-tick icon-tick--on\"><\/i>Eintrittskarte<\/td>\n<\/tr>\n<tr>\n<td><i class=\"fa fa-check icon-tick icon-tick--on\"><\/i>Mittagessen<\/td>\n<td><\/td>\n<\/tr>\n<\/tbody>\n<\/table>\n<\/td>\n<\/tr>\n<\/tbody>\n<\/table>\n<p>&nbsp;<\/p>\n<p>Preis Pro Person US$165 bei 2 Teilnehmer; US$140 bei 4 Teilnehmer; US$120 bei 6 Teilnehmer<br \/>\nBei Feiertagen: 1 Januar; Gr\u00fcndonnerstag; Karfreitag; 1 Mai; 28 und 29 Juli 24, 25 und 31 Dezember kostet 50% zusatzlich.<\/p>\n<p><strong>Wir konnen diese Tour <a href=\"https:\/\/www.limamentor.com\/de\/custom-made-tours\/\">lhren Wunschen entsprechend<\/a> mabscheniedern und den Preis abhangig der Teilnehmerzahl anpassen <\/strong><\/p>\n\n<div class=\"wpcf7 no-js\" id=\"wpcf7-f162-o1\" lang=\"en-US\" dir=\"ltr\" data-wpcf7-id=\"162\">\n<div class=\"screen-reader-response\"><p role=\"status\" aria-live=\"polite\" aria-atomic=\"true\"><\/p> <ul><\/ul><\/div>\n<form action=\"\/de\/wp-json\/wp\/v2\/product\/5734#wpcf7-f162-o1\" method=\"post\" class=\"wpcf7-form init\" aria-label=\"Contact form\" novalidate=\"novalidate\" data-status=\"init\">\n<fieldset class=\"hidden-fields-container\"><input type=\"hidden\" name=\"_wpcf7\" value=\"162\" \/><input type=\"hidden\" name=\"_wpcf7_version\" value=\"6.1.5\" \/><input type=\"hidden\" name=\"_wpcf7_locale\" value=\"en_US\" \/><input type=\"hidden\" name=\"_wpcf7_unit_tag\" value=\"wpcf7-f162-o1\" \/><input type=\"hidden\" name=\"_wpcf7_container_post\" value=\"0\" \/><input type=\"hidden\" name=\"_wpcf7_posted_data_hash\" value=\"\" \/><input type=\"hidden\" name=\"_wpcf7_recaptcha_response\" value=\"\" \/>\n<\/fieldset>\n<div class=\"form-contact\">\n\t<div class=\"form-contact__fields-short\">\n\t\t<div class=\"form-contact__item-short\">\n\t\t\t<p><span class=\"wpcf7-form-control-wrap\" data-name=\"text-277\"><input size=\"40\" maxlength=\"400\" class=\"wpcf7-form-control wpcf7-text wpcf7-validates-as-required\" aria-required=\"true\" aria-invalid=\"false\" placeholder=\"Your name\" value=\"\" type=\"text\" name=\"text-277\" \/><\/span>\n\t\t\t<\/p>\n\t\t<\/div>\n\t\t<div class=\"form-contact__item-short\">\n\t\t\t<p><span class=\"wpcf7-form-control-wrap\" data-name=\"email-563\"><input size=\"40\" maxlength=\"400\" class=\"wpcf7-form-control wpcf7-email wpcf7-validates-as-required wpcf7-text wpcf7-validates-as-email\" aria-required=\"true\" aria-invalid=\"false\" placeholder=\"Email\" value=\"\" type=\"email\" name=\"email-563\" \/><\/span>\n\t\t\t<\/p>\n\t\t<\/div>\n\t<\/div>\n\t<div class=\"form-contact__fields-short\">\n\t\t<p><span class=\"wpcf7-form-control-wrap\" data-name=\"text-278\"><input size=\"40\" maxlength=\"400\" class=\"wpcf7-form-control wpcf7-text wpcf7-validates-as-required\" aria-required=\"true\" aria-invalid=\"false\" placeholder=\"Subject\" value=\"\" type=\"text\" name=\"text-278\" \/><\/span>\n\t\t<\/p>\n\t<\/div>\n\t<p><span class=\"wpcf7-form-control-wrap\" data-name=\"textarea-287\"><textarea cols=\"0\" rows=\"0\" maxlength=\"2000\" class=\"wpcf7-form-control wpcf7-textarea\" aria-invalid=\"false\" placeholder=\"Message\" name=\"textarea-287\"><\/textarea><\/span><br \/>\n<button type=\"submit\" class=\"button button--style1 button--with-icon\"><i class=\"fa fa-paper-plane\"><\/i>Send<\/button>\n\t<\/p>\n<\/div><div class=\"wpcf7-response-output\" aria-hidden=\"true\"><\/div>\n<\/form>\n<\/div>\n\n","protected":false},"excerpt":{"rendered":"<p>Genie\u00dfen Sie einen ganzen Tag, an dem Sie jeden Winkel des historischen Zentrums von Lima erkunden, das von der UNESCO zum Weltkulturerbe erkl\u00e4rt wurde. Betreten Sie historische H\u00e4user, besuchen Sie koloniale Kl\u00f6ster, besuchen Sie M\u00e4rkte, Parks und Museen.<\/p>\n","protected":false},"featured_media":1972,"comment_status":"closed","ping_status":"closed","template":"","meta":[],"product_brand":[],"product_cat":[90],"product_tag":[],"class_list":{"0":"post-5734","1":"product","2":"type-product","3":"status-publish","4":"has-post-thumbnail","6":"product_cat-lima-is-more-de","7":"tour_category-private-tours-2","9":"first","10":"instock","11":"shipping-taxable","12":"purchasable","13":"product-type-tour"},"_links":{"self":[{"href":"https:\/\/site.limamentor.com\/de\/wp-json\/wp\/v2\/product\/5734","targetHints":{"allow":["GET"]}}],"collection":[{"href":"https:\/\/site.limamentor.com\/de\/wp-json\/wp\/v2\/product"}],"about":[{"href":"https:\/\/site.limamentor.com\/de\/wp-json\/wp\/v2\/types\/product"}],"replies":[{"embeddable":true,"href":"https:\/\/site.limamentor.com\/de\/wp-json\/wp\/v2\/comments?post=5734"}],"wp:featuredmedia":[{"embeddable":true,"href":"https:\/\/site.limamentor.com\/de\/wp-json\/wp\/v2\/media\/1972"}],"wp:attachment":[{"href":"https:\/\/site.limamentor.com\/de\/wp-json\/wp\/v2\/media?parent=5734"}],"wp:term":[{"taxonomy":"product_brand","embeddable":true,"href":"https:\/\/site.limamentor.com\/de\/wp-json\/wp\/v2\/product_brand?post=5734"},{"taxonomy":"product_cat","embeddable":true,"href":"https:\/\/site.limamentor.com\/de\/wp-json\/wp\/v2\/product_cat?post=5734"},{"taxonomy":"product_tag","embeddable":true,"href":"https:\/\/site.limamentor.com\/de\/wp-json\/wp\/v2\/product_tag?post=5734"}],"curies":[{"name":"wp","href":"https:\/\/api.w.org\/{rel}","templated":true}]}}