{"id":5786,"date":"2017-02-12T11:50:46","date_gmt":"2017-02-12T16:50:46","guid":{"rendered":"https:\/\/www.limamentor.com\/product\/sea-lions-peruvian-paso-horse-riding\/"},"modified":"2023-10-24T12:13:22","modified_gmt":"2023-10-24T17:13:22","slug":"sea-lions-peruvian-paso-horse-riding","status":"publish","type":"product","link":"https:\/\/site.limamentor.com\/de\/touren\/sea-lions-peruvian-paso-horse-riding\/","title":{"rendered":"Pferd-Reinigen in Pachacamac"},"content":{"rendered":"<div class=\"wpb-content-wrapper\"><p>[vc_row][vc_column][vc_column_text]<\/p>\n<ul>\n<li>Ein Spaziergang durch das Tal vom Lurin Fluss am Rande Limas, wo Sie die M\u00f3glichkeit haben, das ber\u00fchmte peruanische Paso-Pferd zu reiten, eine weltweitbekannte Rasse zum Reiten, da seine weiche und elegante Weise zu einem erholsamen Erlebnis macht.<\/li>\n<li>Diese Tour f\u00fchrt Sie durch die Landschaft des Tales, entlang des Strandes.<\/li>\n<li>Besuche die archaologischen Komplex von Pachacamac, eine alte gebaute Kultstatte mit Blick auf das Meer, bevor die lnkas Peru regierten. Wahrend der Tour im lnneren des Tempels besuchen Sie die wichtigsten Teile des Komplexes und des Museums.<\/li>\n<li>SchlieBlich gehen wir in den Landgasthof ,,Gloria del Campo&#8221;, wo seine Lehmfen die leckersten Br\u00f3tchen backen und wo es ein Obst- und Gem\u00fcseland gibt, das Gem\u00fcse und Obst verwendet werden, um die Gerichte zu bereiten, wahrend die V\u00f3gel im Hintergrund singen.<\/li>\n<\/ul>\n<p>&nbsp;<\/p>\n<table class=\"table table-bordered tours-tabs__table\" style=\"height: 233px; width: 854px;\" width=\"862\">\n<tbody>\n<tr>\n<td style=\"width: 293px;\"><strong>DABTEILUNG \/ R\u00dcCKGABE<\/strong><\/td>\n<td style=\"width: 561px;\">Die Tour beginnt und endet in lhrem Hotel (Miraflores bzw. San Isidro)<\/td>\n<\/tr>\n<tr>\n<td style=\"width: 293px;\"><strong>DAUER<\/strong><\/td>\n<td style=\"width: 561px;\">6 hours<\/td>\n<\/tr>\n<tr>\n<td style=\"width: 293px;\"><strong>INKLUSIVE <\/strong><\/td>\n<td style=\"width: 561px;\">\n<table class=\"table table-bordered\" style=\"height: 62px;\" width=\"300\">\n<tbody>\n<tr>\n<td><i class=\"fa fa-check icon-tick icon-tick--on\"><\/i>Reiseleiter<\/td>\n<td><i class=\"fa fa-check icon-tick icon-tick--on\"><\/i>Transport im Kleinbus<\/td>\n<\/tr>\n<tr>\n<td><i class=\"fa fa-check icon-tick icon-tick--on\"><\/i>Wasser<\/td>\n<td><i class=\"fa fa-check icon-tick icon-tick--on\"><\/i>Eintrittskarte<\/td>\n<\/tr>\n<tr>\n<td><i class=\"fa fa-check icon-tick icon-tick--on\"><\/i>Mittagessen<\/td>\n<td><i class=\"fa fa-check icon-tick icon-tick--on\"><\/i>2 Stunden Reiten<\/td>\n<\/tr>\n<\/tbody>\n<\/table>\n<\/td>\n<\/tr>\n<\/tbody>\n<\/table>\n<p>&nbsp;<\/p>\n<p>Preis Pro Person US$235 bei 2 Teilnehmer; US$185 bei 4 Teilnehmer; US$165 bei 6 Teilnehmer<br \/>\nBei Feiertagen: 1 Januar; Gr\u00fcndonnerstag; Karfreitag; 1 Mai; 28 und 29 Juli 24, 25 und 31 Dezember kostet 50% zusatzlich<\/p>\n<p><strong>Wir konnen diese Tour <a href=\"https:\/\/www.limamentor.com\/de\/custom-made-tours\/\">lhren Wunschen entsprechend<\/a> mabscheniedern und den Preis abhangig der Teilnehmerzahl anpassen <\/strong><\/p>\n<p>&nbsp;<\/p>\n<p>[\/vc_column_text][\/vc_column][\/vc_row]\n<div class=\"wpcf7 no-js\" id=\"wpcf7-f162-o1\" lang=\"en-US\" dir=\"ltr\" data-wpcf7-id=\"162\">\n<div class=\"screen-reader-response\"><p role=\"status\" aria-live=\"polite\" aria-atomic=\"true\"><\/p> <ul><\/ul><\/div>\n<form action=\"\/de\/wp-json\/wp\/v2\/product\/5786#wpcf7-f162-o1\" method=\"post\" class=\"wpcf7-form init\" aria-label=\"Contact form\" novalidate=\"novalidate\" data-status=\"init\">\n<fieldset class=\"hidden-fields-container\"><input type=\"hidden\" name=\"_wpcf7\" value=\"162\" \/><input type=\"hidden\" name=\"_wpcf7_version\" value=\"6.1.5\" \/><input type=\"hidden\" name=\"_wpcf7_locale\" value=\"en_US\" \/><input type=\"hidden\" name=\"_wpcf7_unit_tag\" value=\"wpcf7-f162-o1\" \/><input type=\"hidden\" name=\"_wpcf7_container_post\" value=\"0\" \/><input type=\"hidden\" name=\"_wpcf7_posted_data_hash\" value=\"\" \/><input type=\"hidden\" name=\"_wpcf7_recaptcha_response\" value=\"\" \/>\n<\/fieldset>\n<div class=\"form-contact\">\n\t<div class=\"form-contact__fields-short\">\n\t\t<div class=\"form-contact__item-short\">\n\t\t\t<p><span class=\"wpcf7-form-control-wrap\" data-name=\"text-277\"><input size=\"40\" maxlength=\"400\" class=\"wpcf7-form-control wpcf7-text wpcf7-validates-as-required\" aria-required=\"true\" aria-invalid=\"false\" placeholder=\"Your name\" value=\"\" type=\"text\" name=\"text-277\" \/><\/span>\n\t\t\t<\/p>\n\t\t<\/div>\n\t\t<div class=\"form-contact__item-short\">\n\t\t\t<p><span class=\"wpcf7-form-control-wrap\" data-name=\"email-563\"><input size=\"40\" maxlength=\"400\" class=\"wpcf7-form-control wpcf7-email wpcf7-validates-as-required wpcf7-text wpcf7-validates-as-email\" aria-required=\"true\" aria-invalid=\"false\" placeholder=\"Email\" value=\"\" type=\"email\" name=\"email-563\" \/><\/span>\n\t\t\t<\/p>\n\t\t<\/div>\n\t<\/div>\n\t<div class=\"form-contact__fields-short\">\n\t\t<p><span class=\"wpcf7-form-control-wrap\" data-name=\"text-278\"><input size=\"40\" maxlength=\"400\" class=\"wpcf7-form-control wpcf7-text wpcf7-validates-as-required\" aria-required=\"true\" aria-invalid=\"false\" placeholder=\"Subject\" value=\"\" type=\"text\" name=\"text-278\" \/><\/span>\n\t\t<\/p>\n\t<\/div>\n\t<p><span class=\"wpcf7-form-control-wrap\" data-name=\"textarea-287\"><textarea cols=\"0\" rows=\"0\" maxlength=\"2000\" class=\"wpcf7-form-control wpcf7-textarea\" aria-invalid=\"false\" placeholder=\"Message\" name=\"textarea-287\"><\/textarea><\/span><br \/>\n<button type=\"submit\" class=\"button button--style1 button--with-icon\"><i class=\"fa fa-paper-plane\"><\/i>Send<\/button>\n\t<\/p>\n<\/div><div class=\"wpcf7-response-output\" aria-hidden=\"true\"><\/div>\n<\/form>\n<\/div><p>&nbsp;<\/p>\n<\/div>","protected":false},"excerpt":{"rendered":"<p>Genie\u00dfen Sie die Erkundung der Natur mit einer Bootsfahrt an einer K\u00fcste mit viel Meeresleben, wo Sie Seel\u00f6wen, Seev\u00f6gel und handwerkliche Fischerei beobachten k\u00f6nnen. Sie werden auch die Gelegenheit haben, auf einem peruanischen Paso-Pferd zu reiten, einer Rasse, die wegen ihres geschmeidigen Ritts und ihres eleganten Tempos auf dem Meer und im nahe gelegenen Tal als das beste Reitpferd bekannt ist. Das Mittagessen wird in einem Restaurant auf dem Lande eingenommen. R\u00fcckfahrt nach Lima.<\/p>\n","protected":false},"featured_media":1602,"comment_status":"closed","ping_status":"closed","template":"","meta":[],"product_brand":[],"product_cat":[90],"product_tag":[],"class_list":{"0":"post-5786","1":"product","2":"type-product","3":"status-publish","4":"has-post-thumbnail","6":"product_cat-lima-is-more-de","7":"tour_category-private-tours-2","9":"first","10":"instock","11":"shipping-taxable","12":"purchasable","13":"product-type-tour"},"_links":{"self":[{"href":"https:\/\/site.limamentor.com\/de\/wp-json\/wp\/v2\/product\/5786","targetHints":{"allow":["GET"]}}],"collection":[{"href":"https:\/\/site.limamentor.com\/de\/wp-json\/wp\/v2\/product"}],"about":[{"href":"https:\/\/site.limamentor.com\/de\/wp-json\/wp\/v2\/types\/product"}],"replies":[{"embeddable":true,"href":"https:\/\/site.limamentor.com\/de\/wp-json\/wp\/v2\/comments?post=5786"}],"wp:featuredmedia":[{"embeddable":true,"href":"https:\/\/site.limamentor.com\/de\/wp-json\/wp\/v2\/media\/1602"}],"wp:attachment":[{"href":"https:\/\/site.limamentor.com\/de\/wp-json\/wp\/v2\/media?parent=5786"}],"wp:term":[{"taxonomy":"product_brand","embeddable":true,"href":"https:\/\/site.limamentor.com\/de\/wp-json\/wp\/v2\/product_brand?post=5786"},{"taxonomy":"product_cat","embeddable":true,"href":"https:\/\/site.limamentor.com\/de\/wp-json\/wp\/v2\/product_cat?post=5786"},{"taxonomy":"product_tag","embeddable":true,"href":"https:\/\/site.limamentor.com\/de\/wp-json\/wp\/v2\/product_tag?post=5786"}],"curies":[{"name":"wp","href":"https:\/\/api.w.org\/{rel}","templated":true}]}}