{"id":5858,"date":"2017-02-17T19:44:32","date_gmt":"2017-02-18T00:44:32","guid":{"rendered":"https:\/\/www.limamentor.com\/product\/full-day-nazca-lines-huacachina-vineyards\/"},"modified":"2023-11-06T17:52:01","modified_gmt":"2023-11-06T22:52:01","slug":"full-day-nazca-lines-huacachina-vineyards","status":"publish","type":"product","link":"https:\/\/site.limamentor.com\/de\/touren\/full-day-nazca-lines-huacachina-vineyards\/","title":{"rendered":"Ganzer Tag: Ica, Huacachina und Vineyards"},"content":{"rendered":"<ul>\n<li>Wir verlassen Lima in Richtung lea, welches wir nach einer 4-st\u00fcndigen Fahrt erreichen.<\/li>\n<li>GenieBen Sie hier den Blick auf die Huacachina Oase mit ihrer Lagune.<\/li>\n<li>Gelegenheit zum Sandboarden und Reiten die Buggys auf dem Sand.<\/li>\n<li>GenieBen Sie die traditionelle Gastronomie der Stadt, indem Sie ein lokales Restaurant besuchen. In der Nahe, werden Sie auch in der Lage sein, \u00fcber die Weinberge und Produktion von Wein und Pisco in der Umgebung zu lernen.<\/li>\n<li>R\u00fcckkehr nach Lima. Es besteht die M\u00f6glichkeit, fr\u00fcher abzureisen, um Zeit f\u00fcr einen Besuch der Ballestas-Inseln zu haben.<\/li>\n<\/ul>\n<p>&nbsp;<\/p>\n<table class=\"table table-bordered tours-tabs__table\" style=\"height: 233px;\" width=\"862\">\n<tbody>\n<tr>\n<td><strong>ABTEILUNG \/ R\u00dcCKGABE<\/strong><\/td>\n<td>Der Ausflug beginnt und endet im Hotel in Miraflores oder San Isidro.<\/td>\n<\/tr>\n<tr>\n<td><strong>DAUER<\/strong><\/td>\n<td>12 Stunden<\/td>\n<\/tr>\n<tr>\n<td><strong>INKLUSIVE <\/strong><\/td>\n<td>\n<table class=\"table table-bordered\" style=\"height: 62px;\" width=\"300\">\n<tbody>\n<tr>\n<td><i class=\"fa fa-check icon-tick icon-tick--on\"><\/i>Erfahrener Fahrer der die Gegend kennt.<\/td>\n<td><i class=\"fa fa-check icon-tick icon-tick--on\"><\/i>Transport im Auto oder Mini Van<\/td>\n<\/tr>\n<tr>\n<td><i class=\"fa fa-check icon-tick icon-tick--on\"><\/i>Wasser<\/td>\n<td><\/td>\n<\/tr>\n<\/tbody>\n<\/table>\n<\/td>\n<\/tr>\n<\/tbody>\n<\/table>\n<p>&nbsp;<\/p>\n<p>&nbsp;<\/p>\n<p>Preis Pro Person US$190 bei 2 Teilnehmer; US$111 bei 4 Teilnehmer; US$90 bei 6 Teilnehmer<\/p>\n<p>Bei Feiertagen: (1 Januar; Gr\u00fcndonnerstag; Karfreitag; 1 Mai; 28 und 29 Juli 24, 25 und 31 Dezember) kostet 50% zusatzlich.<\/p>\n<p>Wir k\u00f3nnen diese Tour <a href=\"https:\/\/www.limamentor.com\/de\/custom-made-tours\/\">lhren W\u00fcnschen entsprechend<\/a> mabscheniedern und den Preis abhangig der Teilnehmerzahl anpassen<\/p>\n\n<div class=\"wpcf7 no-js\" id=\"wpcf7-f162-o1\" lang=\"en-US\" dir=\"ltr\" data-wpcf7-id=\"162\">\n<div class=\"screen-reader-response\"><p role=\"status\" aria-live=\"polite\" aria-atomic=\"true\"><\/p> <ul><\/ul><\/div>\n<form action=\"\/de\/wp-json\/wp\/v2\/product\/5858#wpcf7-f162-o1\" method=\"post\" class=\"wpcf7-form init\" aria-label=\"Contact form\" novalidate=\"novalidate\" data-status=\"init\">\n<fieldset class=\"hidden-fields-container\"><input type=\"hidden\" name=\"_wpcf7\" value=\"162\" \/><input type=\"hidden\" name=\"_wpcf7_version\" value=\"6.1.5\" \/><input type=\"hidden\" name=\"_wpcf7_locale\" value=\"en_US\" \/><input type=\"hidden\" name=\"_wpcf7_unit_tag\" value=\"wpcf7-f162-o1\" \/><input type=\"hidden\" name=\"_wpcf7_container_post\" value=\"0\" \/><input type=\"hidden\" name=\"_wpcf7_posted_data_hash\" value=\"\" \/><input type=\"hidden\" name=\"_wpcf7_recaptcha_response\" value=\"\" \/>\n<\/fieldset>\n<div class=\"form-contact\">\n\t<div class=\"form-contact__fields-short\">\n\t\t<div class=\"form-contact__item-short\">\n\t\t\t<p><span class=\"wpcf7-form-control-wrap\" data-name=\"text-277\"><input size=\"40\" maxlength=\"400\" class=\"wpcf7-form-control wpcf7-text wpcf7-validates-as-required\" aria-required=\"true\" aria-invalid=\"false\" placeholder=\"Your name\" value=\"\" type=\"text\" name=\"text-277\" \/><\/span>\n\t\t\t<\/p>\n\t\t<\/div>\n\t\t<div class=\"form-contact__item-short\">\n\t\t\t<p><span class=\"wpcf7-form-control-wrap\" data-name=\"email-563\"><input size=\"40\" maxlength=\"400\" class=\"wpcf7-form-control wpcf7-email wpcf7-validates-as-required wpcf7-text wpcf7-validates-as-email\" aria-required=\"true\" aria-invalid=\"false\" placeholder=\"Email\" value=\"\" type=\"email\" name=\"email-563\" \/><\/span>\n\t\t\t<\/p>\n\t\t<\/div>\n\t<\/div>\n\t<div class=\"form-contact__fields-short\">\n\t\t<p><span class=\"wpcf7-form-control-wrap\" data-name=\"text-278\"><input size=\"40\" maxlength=\"400\" class=\"wpcf7-form-control wpcf7-text wpcf7-validates-as-required\" aria-required=\"true\" aria-invalid=\"false\" placeholder=\"Subject\" value=\"\" type=\"text\" name=\"text-278\" \/><\/span>\n\t\t<\/p>\n\t<\/div>\n\t<p><span class=\"wpcf7-form-control-wrap\" data-name=\"textarea-287\"><textarea cols=\"0\" rows=\"0\" maxlength=\"2000\" class=\"wpcf7-form-control wpcf7-textarea\" aria-invalid=\"false\" placeholder=\"Message\" name=\"textarea-287\"><\/textarea><\/span><br \/>\n<button type=\"submit\" class=\"button button--style1 button--with-icon\"><i class=\"fa fa-paper-plane\"><\/i>Send<\/button>\n\t<\/p>\n<\/div><div class=\"wpcf7-response-output\" aria-hidden=\"true\"><\/div>\n<\/form>\n<\/div>\n\n","protected":false},"excerpt":{"rendered":"<p>Ein 12-st\u00fcndiges Programm mit \u00dcberflug der r\u00e4tselhaften Nazca-Linien, Besuch der Oase Huacachina, Besichtigung der Weinberge und des Regionalmuseums von Ica.<\/p>\n","protected":false},"featured_media":6069,"comment_status":"closed","ping_status":"closed","template":"","meta":[],"product_brand":[],"product_cat":[92],"product_tag":[],"class_list":{"0":"post-5858","1":"product","2":"type-product","3":"status-publish","4":"has-post-thumbnail","6":"product_cat-around-lima-de","7":"tour_category-private-tours-2","9":"first","10":"instock","11":"shipping-taxable","12":"purchasable","13":"product-type-tour"},"_links":{"self":[{"href":"https:\/\/site.limamentor.com\/de\/wp-json\/wp\/v2\/product\/5858","targetHints":{"allow":["GET"]}}],"collection":[{"href":"https:\/\/site.limamentor.com\/de\/wp-json\/wp\/v2\/product"}],"about":[{"href":"https:\/\/site.limamentor.com\/de\/wp-json\/wp\/v2\/types\/product"}],"replies":[{"embeddable":true,"href":"https:\/\/site.limamentor.com\/de\/wp-json\/wp\/v2\/comments?post=5858"}],"wp:featuredmedia":[{"embeddable":true,"href":"https:\/\/site.limamentor.com\/de\/wp-json\/wp\/v2\/media\/6069"}],"wp:attachment":[{"href":"https:\/\/site.limamentor.com\/de\/wp-json\/wp\/v2\/media?parent=5858"}],"wp:term":[{"taxonomy":"product_brand","embeddable":true,"href":"https:\/\/site.limamentor.com\/de\/wp-json\/wp\/v2\/product_brand?post=5858"},{"taxonomy":"product_cat","embeddable":true,"href":"https:\/\/site.limamentor.com\/de\/wp-json\/wp\/v2\/product_cat?post=5858"},{"taxonomy":"product_tag","embeddable":true,"href":"https:\/\/site.limamentor.com\/de\/wp-json\/wp\/v2\/product_tag?post=5858"}],"curies":[{"name":"wp","href":"https:\/\/api.w.org\/{rel}","templated":true}]}}