{"id":2174,"date":"2017-02-28T05:10:40","date_gmt":"2017-02-28T05:10:40","guid":{"rendered":"http:\/\/www.kmcero.pe\/beta\/limamentor\/?page_id=2174\/"},"modified":"2023-12-07T10:40:05","modified_gmt":"2023-12-07T15:40:05","slug":"por-que-lima-mentor","status":"publish","type":"page","link":"https:\/\/site.limamentor.com\/es\/por-que-lima-mentor\/","title":{"rendered":"Por qu\u00e9 Lima Mentor"},"content":{"rendered":"<div class=\"wpb-content-wrapper\"><p>[vc_row full_height=\u00bbyes\u00bb equal_height=\u00bbyes\u00bb content_placement=\u00bbmiddle\u00bb][vc_column width=\u00bb1\/2&#8243;][vc_custom_heading text=\u00bbLima Mentor es el pionero en especializarse en ofrecer tours especializ\u00e1ndose en la ciudad de Lima, sus atracciones, su historia, su cultura y sabores. Hemos creado tours \u00fanicos que permiten al visitante experimentar lo mejor de esta fascinante ciudad. Y si no encuentras lo que exactamente estabas buscando en el menu, estaremos encantados de dise\u00f1ar un tour ideal para ustedes. Tambi\u00e9n organizamos viajes en Per\u00fa y Sudam\u00e9rica.\u00bb font_container=\u00bbtag:h3|text_align:left\u00bb use_theme_fonts=\u00bbyes\u00bb][vc_column_text]Nuestros gu\u00edas han sido cuidadosamente seleccionados para <strong>hacer \u00fanica su experiencia en Lima<\/strong>. Son profesionales que conocen nuestra <strong>historia<\/strong>, <strong>arquitectura<\/strong>, <strong>arte<\/strong>, <strong>gastronom\u00eda<\/strong>, <strong>literatura<\/strong> y que tienen alg\u00fan inter\u00e9s espec\u00edfico en nuestro patrimonio, por lo que agregan valor a la visita. Adem\u00e1s de ser asignados de acuerdo al perfil de cada viajero.[\/vc_column_text][\/vc_column][vc_column width=\u00bb1\/2&#8243;][vc_video link=\u00bbhttps:\/\/youtu.be\/Xdd08xslTSc\u00bb align=\u00bbcenter\u00bb][\/vc_column][\/vc_row][vc_row full_height=\u00bbyes\u00bb equal_height=\u00bbyes\u00bb][vc_column width=\u00bb1\/2&#8243;][vc_images_carousel images=\u00bb6107&#8243; img_size=\u00bbfull\u00bb autoplay=\u00bbyes\u00bb hide_pagination_control=\u00bbyes\u00bb hide_prev_next_buttons=\u00bbyes\u00bb wrap=\u00bbyes\u00bb][\/vc_column][vc_column width=\u00bb1\/2&#8243;][vc_column_text]<\/p>\n<h3><\/h3>\n<ul style=\"list-style-type: circle;\">\n<li>Damos valor a su pago. Todos los costos est\u00e1n cuidadosamente presupuestados considerando siempre ofrecer un buen producto a un <strong>buen precio competente en el mercado<\/strong>.<\/li>\n<li>Estamos en constante <strong>renovaci\u00f3n para mejorar<\/strong> nuestros tours.<\/li>\n<li>Estamos en constante renovaci\u00f3n, por lo que siempre estaremos ofreciendo <strong>nuevas rutas y alternativas<\/strong>.<\/li>\n<li>De existir alg\u00fan inconveniente o error de parte de Lima Mentor, aceptamos el fallo y rectificamos adecuadamente.<\/li>\n<li>Somos conscientes del tema clim\u00e1tico y del aporte que puede hacer el turismo al crecimiento sostenible, por ello tenemos pol\u00edticas concretas al respeto: (1) creando tours compartidos utilizando un solo transporte para diferentes viajeros del mundo; (2) reciclando todas las botellas de pl\u00e1stico que usamos en nuestros tours y ofreciendo un bid\u00f3n de agua en caso usen su propia cantimplora de agua (3) nuestro tour sostenible utiliza el pago para la ayuda a la comunidad de Villa El Salvador.<\/li>\n<li>M\u00e1s de <strong>20 a\u00f1os de experiencia en la industria del turismo<\/strong>, tratando con la clientela m\u00e1s exigente.<\/li>\n<\/ul>\n<p>[\/vc_column_text][\/vc_column][\/vc_row][vc_row css=\u00bb.vc_custom_1487870636204{margin-top: 30px !important;margin-bottom: 30px !important;}\u00bb][vc_column][vc_text_separator title=\u00bbNuestro Equipo\u00bb el_class=\u00bbtitulo\u00bb][vc_single_image image=\u00bb6092&#8243; img_size=\u00bbfull\u00bb alignment=\u00bbcenter\u00bb style=\u00bbvc_box_outline\u00bb][\/vc_column][\/vc_row][vc_row css=\u00bb.vc_custom_1487870622199{margin-top: 30px !important;margin-bottom: 30px !important;}\u00bb][vc_column][vc_text_separator title=\u00bbNuestros Gu\u00edas en Espa\u00f1ol\u00bb el_class=\u00bbtitulo\u00bb][vc_row_inner][vc_column_inner width=\u00bb1\/3&#8243;][vc_single_image image=\u00bb5216&#8243; img_size=\u00bb335&#215;335&#8243; alignment=\u00bbcenter\u00bb style=\u00bbvc_box_outline\u00bb][vc_custom_heading text=\u00bbAndrea\u00bb font_container=\u00bbtag:h2|text_align:center\u00bb use_theme_fonts=\u00bbyes\u00bb][vc_column_text]Soy Andrea, gu\u00eda oficial de turismo reconocida por el Ministerio de Comercio exterior y Turismo del Per\u00fa estudie en CEVATUR- PER\u00da esta carrera maravillosa que me ha permitido conocer a gente incre\u00edble que ama la cultura y respeta cada lugar nuevo de este mundo. Comparto mis conocimientos y a la vez escucho las experiencias de los viajeros que visitan la ciudad de Lima, lugar donde nac\u00ed, crec\u00ed y ahora es mi lugar de trabajo habitual.<\/p>\n<p>Mi sue\u00f1o es conocer las maravillas del mundo, por el momento he visitado el enigm\u00e1tico Machu Picchu, despu\u00e9s me aventur\u00e9 por conocer lo avanzado del primer mundo y fui a la Torre Eiffel, y mi \u00faltimo viaje fue a Chichen Itz\u00e1.<\/p>\n<p>Son 7 a\u00f1os de experiencia en turismo y lo que m\u00e1s me gusta es dar a conocer el lugar donde nac\u00ed y crec\u00ed: Lima.[\/vc_column_text][\/vc_column_inner][vc_column_inner width=\u00bb1\/3&#8243;][vc_single_image image=\u00bb2604&#8243; img_size=\u00bb335&#215;335&#8243; alignment=\u00bbcenter\u00bb style=\u00bbvc_box_outline\u00bb][vc_custom_heading text=\u00bbFernando\u00bb font_container=\u00bbtag:h2|text_align:center\u00bb use_theme_fonts=\u00bbyes\u00bb][vc_column_text]Soy un entusiasta y muy flexible Gu\u00eda Oficial de Turismo y Tour L\u00edder con 16 a\u00f1os de experiencia organizando, dirigiendo, acompa\u00f1ando y guiando diversos grupos de visitantes por todo el Per\u00fa. Naci y resido en Lima. He cursado estudios en el Centro de Formaci\u00f3n en Turismo (CENFOTUR). Entre otras formaciones me he especializado en arqueolog\u00eda, antropolog\u00eda e historia y me considero un apasionado de la gastronom\u00eda peruana por lo que desarrollo tambi\u00e9n circuitos de turismo gastron\u00f3mico y culinario. Tengo adem\u00e1s una gran disposici\u00f3n para trabajar con grupos de ni\u00f1os y adolescentes con los que puedo interactuar por mi formaci\u00f3n como clown. Considero que los turistas son personas llenas de una gran sensibilidad humana, que viajan con el fin de satisfacer sus sue\u00f1os que los lleva a conocer, experimentar, encontrar y disfrutar de una experiencia \u00fanica.[\/vc_column_text][\/vc_column_inner][vc_column_inner width=\u00bb1\/3&#8243;][\/vc_column_inner][\/vc_row_inner][\/vc_column][\/vc_row]<\/p>\n<\/div>","protected":false},"excerpt":{"rendered":"<p>[vc_row full_height=\u00bbyes\u00bb equal_height=\u00bbyes\u00bb content_placement=\u00bbmiddle\u00bb][vc_column width=\u00bb1\/2&#8243;][vc_custom_heading text=\u00bbLima Mentor es el pionero en especializarse en ofrecer tours especializ\u00e1ndose en la ciudad de Lima, sus atracciones, su historia, su cultura y sabores. Hemos creado tours \u00fanicos que permiten al visitante experimentar lo mejor de esta fascinante ciudad. Y si no encuentras lo que exactamente estabas buscando en el<\/p>\n<div class=\"padding-top text-center\"><a href=\"https:\/\/site.limamentor.com\/es\/por-que-lima-mentor\/\" class=\"atbtn atbtn--medium atbtn--rounded atbtn--transparent\">Read more<i class=\"atbtn__icon atbtn__icon--right fa fa-long-arrow-right\"><\/i><\/a><\/div>\n","protected":false},"author":9,"featured_media":0,"parent":0,"menu_order":0,"comment_status":"closed","ping_status":"closed","template":"","meta":{"footnotes":""},"class_list":["post-2174","page","type-page","status-publish","hentry"],"_links":{"self":[{"href":"https:\/\/site.limamentor.com\/es\/wp-json\/wp\/v2\/pages\/2174","targetHints":{"allow":["GET"]}}],"collection":[{"href":"https:\/\/site.limamentor.com\/es\/wp-json\/wp\/v2\/pages"}],"about":[{"href":"https:\/\/site.limamentor.com\/es\/wp-json\/wp\/v2\/types\/page"}],"author":[{"embeddable":true,"href":"https:\/\/site.limamentor.com\/es\/wp-json\/wp\/v2\/users\/9"}],"replies":[{"embeddable":true,"href":"https:\/\/site.limamentor.com\/es\/wp-json\/wp\/v2\/comments?post=2174"}],"version-history":[{"count":4,"href":"https:\/\/site.limamentor.com\/es\/wp-json\/wp\/v2\/pages\/2174\/revisions"}],"predecessor-version":[{"id":6115,"href":"https:\/\/site.limamentor.com\/es\/wp-json\/wp\/v2\/pages\/2174\/revisions\/6115"}],"wp:attachment":[{"href":"https:\/\/site.limamentor.com\/es\/wp-json\/wp\/v2\/media?parent=2174"}],"curies":[{"name":"wp","href":"https:\/\/api.w.org\/{rel}","templated":true}]}}