{"id":2248,"date":"2015-07-16T16:00:39","date_gmt":"2015-07-16T16:00:39","guid":{"rendered":"http:\/\/www.kmcero.pe\/beta\/limamentor\/contact-us\/"},"modified":"2022-04-28T16:53:18","modified_gmt":"2022-04-28T21:53:18","slug":"contact-us","status":"publish","type":"page","link":"https:\/\/site.limamentor.com\/es\/contact-us\/","title":{"rendered":"Contacto"},"content":{"rendered":"<div class=\"wpb-content-wrapper\"><p>[vc_row el_class=\u00bbmargin-bottom\u00bb][vc_column offset=\u00bbvc_col-md-6&#8243;]<div class=\"title\">\n\t\t\t<div class=\"title__subtitle\">\u00bfEn qu\u00e9 podemos ayudarte?<\/div>\n\t\t<h3 class=\"title__primary\">Detalles de Contacto<\/h3>\n<\/div>\n[vc_column_text]Si tienes algo para compartir o una pregunta que no ha sido contestada en nuestra web, por favor, cont\u00e1ctanos a trav\u00e9s de este formulario o a trav\u00e9s de los contactos aqu\u00ed abajo[\/vc_column_text]<div class=\"contact-info\">\n\t\n\t\n\t<div class=\"contact-info__item\"><a href=\"tel:+51947741676\"><span class=\"contact-info__item__icon\"><i class=\"fa fa-mobile contact-info__item__icon__mobile\"><\/i><\/span><span class=\"contact-info__item__text\">+ 51 947741676<\/span><\/a><\/div>\n\t<div class=\"contact-info__item\"><a href=\"mailto:info@limamentor.com\"><span class=\"contact-info__item__icon\"><i class=\"fa fa-envelope contact-info__item__icon__email\"><\/i><\/span><span class=\"contact-info__item__text\">info@limamentor.com<\/span><\/a><\/div>\n\t<\/div>\n[vc_empty_space height=\u00bb20px\u00bb]<div class=\"social-icons social-icons--square\">\n\t<div class=\"social-icons__icons\">\n\t<a href=\"https:\/\/www.facebook.com\/limamentor\" class=\"social-icons__icon social-icons__icon--facebook\"><i class=\"fa fa-facebook\"><\/i><\/a><a href=\"https:\/\/www.youtube.com\/user\/LimaMentor\" class=\"social-icons__icon social-icons__icon--youtube\"><i class=\"fa fa-youtube\"><\/i><\/a><a href=\"https:\/\/www.instagram.com\/limamentor\/\" class=\"social-icons__icon social-icons__icon--instagram\"><i class=\"fa fa-instagram\"><\/i><\/a><a href=\"https:\/\/www.tripadvisor.com.pe\/Attraction_Review-g294316-d1887740-Reviews-Lima_Mentor-Lima_Lima_Region.html\" class=\"social-icons__icon social-icons__icon--tripadvisor\"><i class=\"fa fa-tripadvisor\"><\/i><\/a>\t<\/div>\n<\/div>\n[\/vc_column][vc_column offset=\u00bbvc_col-md-6&#8243;][vc_empty_space height=\u00bb40px\u00bb el_class=\u00bbvisible-sm visible-xs\u00bb]<div class=\"title\">\n\t\t\t<div class=\"title__subtitle\">\u00bfTienes alguna pregunta?<\/div>\n\t\t<h3 class=\"title__primary\">Nos gustar\u00eda escuchar de ti<\/h3>\n<\/div>\n\n<div class=\"wpcf7 no-js\" id=\"wpcf7-f2246-o1\" lang=\"en-US\" dir=\"ltr\" data-wpcf7-id=\"2246\">\n<div class=\"screen-reader-response\"><p role=\"status\" aria-live=\"polite\" aria-atomic=\"true\"><\/p> <ul><\/ul><\/div>\n<form action=\"\/es\/wp-json\/wp\/v2\/pages\/2248#wpcf7-f2246-o1\" method=\"post\" class=\"wpcf7-form init\" aria-label=\"Contact form\" novalidate=\"novalidate\" data-status=\"init\">\n<fieldset class=\"hidden-fields-container\"><input type=\"hidden\" name=\"_wpcf7\" value=\"2246\" \/><input type=\"hidden\" name=\"_wpcf7_version\" value=\"6.1.5\" \/><input type=\"hidden\" name=\"_wpcf7_locale\" value=\"en_US\" \/><input type=\"hidden\" name=\"_wpcf7_unit_tag\" value=\"wpcf7-f2246-o1\" \/><input type=\"hidden\" name=\"_wpcf7_container_post\" value=\"0\" \/><input type=\"hidden\" name=\"_wpcf7_posted_data_hash\" value=\"\" \/><input type=\"hidden\" name=\"_wpcf7_recaptcha_response\" value=\"\" \/>\n<\/fieldset>\n<div class=\"form-contact\">\n\t<div class=\"form-contact__fields-short\">\n\t\t<div class=\"form-contact__item-short\">\n\t\t\t<p><span class=\"wpcf7-form-control-wrap\" data-name=\"text-177\"><input size=\"40\" maxlength=\"400\" class=\"wpcf7-form-control wpcf7-text wpcf7-validates-as-required\" aria-required=\"true\" aria-invalid=\"false\" placeholder=\"Tu Nombre\" value=\"\" type=\"text\" name=\"text-177\" \/><\/span>\n\t\t\t<\/p>\n\t\t<\/div>\n\t\t<div class=\"form-contact__item-short\">\n\t\t\t<p><span class=\"wpcf7-form-control-wrap\" data-name=\"email-986\"><input size=\"40\" maxlength=\"400\" class=\"wpcf7-form-control wpcf7-email wpcf7-validates-as-required wpcf7-text wpcf7-validates-as-email\" aria-required=\"true\" aria-invalid=\"false\" placeholder=\"Email\" value=\"\" type=\"email\" name=\"email-986\" \/><\/span>\n\t\t\t<\/p>\n\t\t<\/div>\n\t<\/div>\n\t<div class=\"form-contact__fields-short\">\n\t\t<p><span class=\"wpcf7-form-control-wrap\" data-name=\"text-178\"><input size=\"40\" maxlength=\"400\" class=\"wpcf7-form-control wpcf7-text wpcf7-validates-as-required\" aria-required=\"true\" aria-invalid=\"false\" placeholder=\"Asunto\" value=\"\" type=\"text\" name=\"text-178\" \/><\/span>\n\t\t<\/p>\n\t<\/div>\n\t<p><span class=\"wpcf7-form-control-wrap\" data-name=\"textarea-330\"><textarea cols=\"0\" rows=\"0\" maxlength=\"2000\" class=\"wpcf7-form-control wpcf7-textarea\" aria-invalid=\"false\" placeholder=\"Mensaje\" name=\"textarea-330\"><\/textarea><\/span><br \/>\n<button type=\"submit\" class=\"button button--style1 button--with-icon\"><i class=\"fa fa-paper-plane\"><\/i>Enviar<\/button>\n\t<\/p>\n<\/div><div class=\"wpcf7-response-output\" aria-hidden=\"true\"><\/div>\n<\/form>\n<\/div>\n[\/vc_column][\/vc_row]<\/p>\n<\/div>","protected":false},"excerpt":{"rendered":"<p>[vc_row el_class=\u00bbmargin-bottom\u00bb][vc_column offset=\u00bbvc_col-md-6&#8243;][vc_column_text]Si tienes algo para compartir o una pregunta que no ha sido contestada en nuestra web, por favor, cont\u00e1ctanos a trav\u00e9s de este formulario o a trav\u00e9s de los contactos aqu\u00ed abajo[\/vc_column_text][vc_empty_space height=\u00bb20px\u00bb][\/vc_column][vc_column offset=\u00bbvc_col-md-6&#8243;][vc_empty_space height=\u00bb40px\u00bb el_class=\u00bbvisible-sm visible-xs\u00bb][\/vc_column][\/vc_row]<\/p>\n","protected":false},"author":9,"featured_media":0,"parent":0,"menu_order":0,"comment_status":"closed","ping_status":"closed","template":"","meta":{"footnotes":""},"class_list":["post-2248","page","type-page","status-publish","hentry"],"_links":{"self":[{"href":"https:\/\/site.limamentor.com\/es\/wp-json\/wp\/v2\/pages\/2248","targetHints":{"allow":["GET"]}}],"collection":[{"href":"https:\/\/site.limamentor.com\/es\/wp-json\/wp\/v2\/pages"}],"about":[{"href":"https:\/\/site.limamentor.com\/es\/wp-json\/wp\/v2\/types\/page"}],"author":[{"embeddable":true,"href":"https:\/\/site.limamentor.com\/es\/wp-json\/wp\/v2\/users\/9"}],"replies":[{"embeddable":true,"href":"https:\/\/site.limamentor.com\/es\/wp-json\/wp\/v2\/comments?post=2248"}],"version-history":[{"count":2,"href":"https:\/\/site.limamentor.com\/es\/wp-json\/wp\/v2\/pages\/2248\/revisions"}],"predecessor-version":[{"id":4967,"href":"https:\/\/site.limamentor.com\/es\/wp-json\/wp\/v2\/pages\/2248\/revisions\/4967"}],"wp:attachment":[{"href":"https:\/\/site.limamentor.com\/es\/wp-json\/wp\/v2\/media?parent=2248"}],"curies":[{"name":"wp","href":"https:\/\/api.w.org\/{rel}","templated":true}]}}