{"id":2703,"date":"2017-03-11T14:40:10","date_gmt":"2017-03-11T19:40:10","guid":{"rendered":"https:\/\/www.limamentor.com\/tours-hechos-a-medida\/"},"modified":"2017-03-11T15:23:15","modified_gmt":"2017-03-11T20:23:15","slug":"tours-hechos-a-medida","status":"publish","type":"page","link":"https:\/\/site.limamentor.com\/es\/tours-hechos-a-medida\/","title":{"rendered":"Tours hechos a medida"},"content":{"rendered":"<div class=\"wpb-content-wrapper\"><p>[vc_row][vc_column][vc_custom_heading text=\u00bbTodos los tours pueden ser armados a medida de sus preferencias. Podemos trabajar un programa de acuerdo a lo que ustedes quieran incluir y tambi\u00e9n de acuerdo a sus tiempos. Podemos combinar cualquier de los tours en nuestra p\u00e1gina web, ajustar detalles, eliminar sitios, agregar otros lugares para finalmente terminar con \u201csu tour\u201d.\u00bb font_container=\u00bbtag:h3|text_align:justify\u00bb use_theme_fonts=\u00bbyes\u00bb][\/vc_column][\/vc_row][vc_row][vc_column width=\u00bb1\/2&#8243;][vc_column_text]<\/p>\n<h3>Tours en Lima<\/h3>\n<ul>\n<li>\u00a0Tours a medida para familias (con silla de auto para bebe, actividades divertidas y exploradoras).<\/li>\n<li>Tours educacionales (con algunos retos).<\/li>\n<li>Tours con gu\u00edas en idioma requerido: Chino, Ruso, etc.<\/li>\n<li>Viajes Corporativos (tours solo por la tarde\/noche, transporte a disposicion, buses grandes).<\/li>\n<li>Tours comenzando y terminando en Aeropuerto de Lima.<\/li>\n<li>Programas con especialistas como antrop\u00f3logos, arquitectos, soci\u00f3logos, arque\u00f3logos, etc.<\/li>\n<li>Programas para observadores de aves.<\/li>\n<li>Tours de fotograf\u00eda liderado por fot\u00f3grafos profesionales<\/li>\n<\/ul>\n<p>[\/vc_column_text][\/vc_column][vc_column width=\u00bb1\/2&#8243;][vc_single_image image=\u00bb2688&#8243; img_size=\u00bblarge\u00bb css_animation=\u00bbfadeIn\u00bb][\/vc_column][\/vc_row][vc_row][vc_column][vc_empty_space][\/vc_column][\/vc_row][vc_row][vc_column width=\u00bb1\/2&#8243; css=\u00bb.vc_custom_1489258245868{margin: 15px !important;}\u00bb][vc_single_image image=\u00bb2683&#8243; img_size=\u00bblarge\u00bb alignment=\u00bbright\u00bb css_animation=\u00bbfadeIn\u00bb][\/vc_column][vc_column width=\u00bb1\/2&#8243;][vc_column_text]<\/p>\n<h3>Tours que no est\u00e1n en nuestro menu como:<\/h3>\n<ul>\n<li>Visita al Cementerio Presb\u00edtero Maestro.<\/li>\n<li>Montar bicicleta en lomas y valles.<\/li>\n<li>Hacer parapente en la Costa Verde.<\/li>\n<li>Tours en bicicleta por la ciudad.<\/li>\n<li>Hacer kayak en Oc\u00e9ano Pac\u00edfico.<\/li>\n<li>Avistamiento de delfines en la playa de Pucusana.<\/li>\n<li>Visitas de galer\u00edas de arte.<\/li>\n<li>Visita a un experto en el tema hol\u00edstico.<\/li>\n<li>Sugerencias y compras para obras de teatro, u \u00f3pera o musicales.<\/li>\n<li>Traslados de y hacia el aeropuerto.<\/li>\n<\/ul>\n<p>[\/vc_column_text][\/vc_column][\/vc_row][vc_row][vc_column][vc_empty_space][\/vc_column][\/vc_row]<\/p>\n<\/div>","protected":false},"excerpt":{"rendered":"<p>[vc_row][vc_column][vc_custom_heading text=\u00bbTodos los tours pueden ser armados a medida de sus preferencias. Podemos trabajar un programa de acuerdo a lo que ustedes quieran incluir y tambi\u00e9n de acuerdo a sus tiempos. Podemos combinar cualquier de los tours en nuestra p\u00e1gina web, ajustar detalles, eliminar sitios, agregar otros lugares para finalmente terminar con \u201csu tour\u201d.\u00bb font_container=\u00bbtag:h3|text_align:justify\u00bb<\/p>\n<div class=\"padding-top text-center\"><a href=\"https:\/\/site.limamentor.com\/es\/tours-hechos-a-medida\/\" class=\"atbtn atbtn--medium atbtn--rounded atbtn--transparent\">Read more<i class=\"atbtn__icon atbtn__icon--right fa fa-long-arrow-right\"><\/i><\/a><\/div>\n","protected":false},"author":9,"featured_media":0,"parent":0,"menu_order":0,"comment_status":"closed","ping_status":"closed","template":"","meta":{"footnotes":""},"class_list":["post-2703","page","type-page","status-publish","hentry"],"_links":{"self":[{"href":"https:\/\/site.limamentor.com\/es\/wp-json\/wp\/v2\/pages\/2703","targetHints":{"allow":["GET"]}}],"collection":[{"href":"https:\/\/site.limamentor.com\/es\/wp-json\/wp\/v2\/pages"}],"about":[{"href":"https:\/\/site.limamentor.com\/es\/wp-json\/wp\/v2\/types\/page"}],"author":[{"embeddable":true,"href":"https:\/\/site.limamentor.com\/es\/wp-json\/wp\/v2\/users\/9"}],"replies":[{"embeddable":true,"href":"https:\/\/site.limamentor.com\/es\/wp-json\/wp\/v2\/comments?post=2703"}],"version-history":[{"count":0,"href":"https:\/\/site.limamentor.com\/es\/wp-json\/wp\/v2\/pages\/2703\/revisions"}],"wp:attachment":[{"href":"https:\/\/site.limamentor.com\/es\/wp-json\/wp\/v2\/media?parent=2703"}],"curies":[{"name":"wp","href":"https:\/\/api.w.org\/{rel}","templated":true}]}}