{"id":2418,"date":"2017-02-22T21:28:45","date_gmt":"2017-02-22T21:28:45","guid":{"rendered":"http:\/\/www.kmcero.pe\/beta\/limamentor\/product\/market-hands-on-cooking-program\/"},"modified":"2018-08-28T11:18:22","modified_gmt":"2018-08-28T16:18:22","slug":"mercado-clase-practica-cocina","status":"publish","type":"product","link":"https:\/\/site.limamentor.com\/es\/tours\/mercado-clase-practica-cocina\/","title":{"rendered":"Mercado &#038; Clase Pr\u00e1ctica de Cocina"},"content":{"rendered":"<ul>\n<li>Considerada como la Capital Gastron\u00f3mica de Am\u00e9rica del Sur, Lima tiene mucho que ofrecer cuando se trata de comida. Proponemos un tour que te permitir\u00e1 disfrutar, preparar y probar deliciosos platos peruanos hechos con productos locales.<\/li>\n<li>El tour empieza por la visita de un mercado local antes de ir a un reconocido restaurante donde el chef te ense\u00f1ar\u00e1 a preparar el Ceviche y otros platos a base de productos del mar.<\/li>\n<li>Probar\u00e1s el c\u00f3ctel peruano emblem\u00e1tico Pisco Sour, una causa hecha con pur\u00e9 de papas y at\u00fan peruano y\/o con cangrejo. Tambi\u00e9n probar\u00e1s el Lomo Saltado, plato t\u00edpico preparado con carne de res, cebolla y tomates saltados.<\/li>\n<li>Para beber nuestra t\u00edpica Chicha Morada y la soda Inka Kola.<\/li>\n<\/ul>\n<table class=\"table table-bordered tours-tabs__table\" style=\"height: 233px;\" width=\"862\">\n<tbody>\n<tr>\n<td><strong>DURACI\u00d3N<\/strong><\/td>\n<td>4 horas<\/td>\n<\/tr>\n<tr>\n<td><strong>INCLUYE<\/strong><\/td>\n<td>\n<table class=\"table table-bordered\" style=\"height: 62px;\" width=\"300\">\n<tbody>\n<tr>\n<td><i class=\"fa fa-check icon-tick icon-tick--on\"><\/i>Gu\u00eda especializado<\/td>\n<td><i class=\"fa fa-check icon-tick icon-tick--on\"><\/i>Transporte en minivan<\/td>\n<\/tr>\n<tr>\n<td><i class=\"fa fa-check icon-tick icon-tick--on\"><\/i>Agua embotellada<\/td>\n<td><i class=\"fa fa-check icon-tick icon-tick--on\"><\/i>Clases de cocina<\/td>\n<\/tr>\n<tr>\n<td><i class=\"fa fa-check icon-tick icon-tick--on\"><\/i>Almuerzo marino<\/td>\n<td><\/td>\n<\/tr>\n<\/tbody>\n<\/table>\n<\/td>\n<\/tr>\n<\/tbody>\n<\/table>\n<p>&nbsp;<\/p>\n<p>Precio por persona: US$150 basado en 2 participantes.<\/p>\n<p>En Feriados: Enero 1, Jueves Santo, Viernes Santo, Mayo 1, Julio 28, Julio 29, Diciembre 24, Diciembre 25 y Diciembre 31 hay un cargo del 50%.<\/p>\n<p><em><strong>Este tour lo podemos <a href=\"https:\/\/www.limamentor.com\/es\/tours-hechos-a-medida\/\">hacer a medida<\/a> y modificar el precio dependiendo del n\u00famero de participantes<\/strong><\/em><\/p>\n","protected":false},"excerpt":{"rendered":"<p>Visitaremos primero el mercado para conocer los productos nativos peruanos m\u00e1s usados en nuestra gastronom\u00eda. Luego conoceremos a nuestro chef que nos ense\u00f1ar\u00e1 a preparar los platos m\u00e1s importantes de la dieta peruana.<\/p>\n","protected":false},"featured_media":2055,"comment_status":"closed","ping_status":"closed","template":"","meta":[],"product_brand":[],"product_cat":[85],"product_tag":[],"class_list":{"0":"post-2418","1":"product","2":"type-product","3":"status-publish","4":"has-post-thumbnail","6":"product_cat-culinary-workshops-es","7":"tour_category-private-tours","9":"first","10":"instock","11":"virtual","12":"purchasable","13":"product-type-tour"},"_links":{"self":[{"href":"https:\/\/site.limamentor.com\/es\/wp-json\/wp\/v2\/product\/2418","targetHints":{"allow":["GET"]}}],"collection":[{"href":"https:\/\/site.limamentor.com\/es\/wp-json\/wp\/v2\/product"}],"about":[{"href":"https:\/\/site.limamentor.com\/es\/wp-json\/wp\/v2\/types\/product"}],"replies":[{"embeddable":true,"href":"https:\/\/site.limamentor.com\/es\/wp-json\/wp\/v2\/comments?post=2418"}],"wp:featuredmedia":[{"embeddable":true,"href":"https:\/\/site.limamentor.com\/es\/wp-json\/wp\/v2\/media\/2055"}],"wp:attachment":[{"href":"https:\/\/site.limamentor.com\/es\/wp-json\/wp\/v2\/media?parent=2418"}],"wp:term":[{"taxonomy":"product_brand","embeddable":true,"href":"https:\/\/site.limamentor.com\/es\/wp-json\/wp\/v2\/product_brand?post=2418"},{"taxonomy":"product_cat","embeddable":true,"href":"https:\/\/site.limamentor.com\/es\/wp-json\/wp\/v2\/product_cat?post=2418"},{"taxonomy":"product_tag","embeddable":true,"href":"https:\/\/site.limamentor.com\/es\/wp-json\/wp\/v2\/product_tag?post=2418"}],"curies":[{"name":"wp","href":"https:\/\/api.w.org\/{rel}","templated":true}]}}