{"id":2478,"date":"2017-02-28T18:10:00","date_gmt":"2017-02-15T18:10:00","guid":{"rendered":"http:\/\/www.kmcero.pe\/beta\/limamentor\/product\/nature-archaeology-in-the-moche-route\/"},"modified":"2017-03-20T10:50:03","modified_gmt":"2017-03-20T15:50:03","slug":"naturaleza-arqueologia-ruta-moche","status":"publish","type":"product","link":"https:\/\/site.limamentor.com\/es\/tours\/naturaleza-arqueologia-ruta-moche\/","title":{"rendered":"Naturaleza &#038; Arqueolog\u00eda en La Ruta Moche"},"content":{"rendered":"<p>Visita el norte del Per\u00fa donde encontrar\u00e1 playas, complejos arqueol\u00f3gicos, historia, \u00e1reas naturales protegidas y una exquisita comida.<\/p>\n<p>La cultura Moche domino casi todo el norte del Per\u00fa a lo largo de varios siglos, y hasta hoy descubrimientos impresionantes nos sorprenden haciendo noticias en nuestros d\u00edas. Este viaje incluye un viaje a El Brujo (lugar de reposo de la Se\u00f1ora de Cao quien vivi\u00f3 por los 450a.C.), Chan Chan (la ciudadela de adobe m\u00e1s grande de la era prehisp\u00e1nica y adem\u00e1s, es un patrimonio mundial protegido por la UNESCO) y la Huaca del Sol y la Luna (impresionantes pir\u00e1mides construidas para prop\u00f3sitos ceremoniales).<\/p>\n<p>Visita el Museo Tumbas Reales de Sip\u00e1n, que da una imagen fascinante de la historia de la cultura Moche, estando entre las mejores salas de exposici\u00f3n en el mundo.<\/p>\n<p>Luego visitar\u00e1 el santuario hist\u00f3rico bosque de P\u00f3mac, un bosque seco ecuatorial que tiene los algarrobos m\u00e1s antiguos del mundo. Se quedar\u00e1 en un albergue ecol\u00f3gico donde podr\u00e1 visitar el Centro de Rescate del Oso Andino (o tambi\u00e9n llamado Oso de Anteojos) y el herpetario y podr\u00e1 caminar en un sistema de trochas teniendo as\u00ed excelentes oportunidades para observar aves.<\/p>\n<p>Visita a la ciudad de Trujillo, la playa de Huanchaco, que ofrece un clima c\u00e1lido todo el a\u00f1o, aqu\u00ed encontramos los \u201cCaballitos de Totora\u201d, embarcaciones hechas de hoja de totora (ca\u00f1a) que los Moche utilizaron para pescar y hoy tambi\u00e9n usadas para surfear las olas. Podr\u00e1 disfrutar de un rico y sabroso \u201cCeviche\u201d que combina pescado fresco, cebolla, jugo de lim\u00f3n y un toque de aj\u00ed, ofreciendo as\u00ed, el perfecto sabor del Per\u00fa en esta ruta Moche.<\/p>\n<p><em><strong>Este tour lo podemos <a href=\"https:\/\/www.limamentor.com\/es\/tours-hechos-a-medida\/\">hacer a medida<\/a> y modificar el precio dependiendo del n\u00famero de participantes<\/strong><\/em><\/p>\n","protected":false},"excerpt":{"rendered":"<p>Visita el norte del Per\u00fa donde encontrar\u00e1 playas, complejos arqueol\u00f3gicos, historia, \u00e1reas naturales protegidas y una exquisita comida.<\/p>\n","protected":false},"featured_media":2476,"comment_status":"closed","ping_status":"closed","template":"","meta":[],"product_brand":[],"product_cat":[81],"product_tag":[],"class_list":{"0":"post-2478","1":"product","2":"type-product","3":"status-publish","4":"has-post-thumbnail","6":"product_cat-peru-sudamerica-es","7":"tour_category-peru-southamerica-es","9":"first","10":"outofstock","11":"shipping-taxable","12":"product-type-tour"},"_links":{"self":[{"href":"https:\/\/site.limamentor.com\/es\/wp-json\/wp\/v2\/product\/2478","targetHints":{"allow":["GET"]}}],"collection":[{"href":"https:\/\/site.limamentor.com\/es\/wp-json\/wp\/v2\/product"}],"about":[{"href":"https:\/\/site.limamentor.com\/es\/wp-json\/wp\/v2\/types\/product"}],"replies":[{"embeddable":true,"href":"https:\/\/site.limamentor.com\/es\/wp-json\/wp\/v2\/comments?post=2478"}],"wp:featuredmedia":[{"embeddable":true,"href":"https:\/\/site.limamentor.com\/es\/wp-json\/wp\/v2\/media\/2476"}],"wp:attachment":[{"href":"https:\/\/site.limamentor.com\/es\/wp-json\/wp\/v2\/media?parent=2478"}],"wp:term":[{"taxonomy":"product_brand","embeddable":true,"href":"https:\/\/site.limamentor.com\/es\/wp-json\/wp\/v2\/product_brand?post=2478"},{"taxonomy":"product_cat","embeddable":true,"href":"https:\/\/site.limamentor.com\/es\/wp-json\/wp\/v2\/product_cat?post=2478"},{"taxonomy":"product_tag","embeddable":true,"href":"https:\/\/site.limamentor.com\/es\/wp-json\/wp\/v2\/product_tag?post=2478"}],"curies":[{"name":"wp","href":"https:\/\/api.w.org\/{rel}","templated":true}]}}