{"id":2508,"date":"2017-02-25T18:58:56","date_gmt":"2017-02-25T18:58:56","guid":{"rendered":"http:\/\/www.kmcero.pe\/beta\/limamentor\/product\/machu-picchu-cusco-communities\/"},"modified":"2023-11-07T10:55:56","modified_gmt":"2023-11-07T15:55:56","slug":"machu-picchu-comunidades-cusco","status":"publish","type":"product","link":"https:\/\/site.limamentor.com\/es\/tours\/machu-picchu-comunidades-cusco\/","title":{"rendered":"Machu Picchu &#038; Comunidades de Cusco"},"content":{"rendered":"<p>Visita una de las siete maravillas del mundo, una ciudadela Inca del siglo XV ubicada sobre una cadena de monta\u00f1as, Machu Picchu es considerado como un lugar m\u00edstico y sagrado que irradia energ\u00eda. Conozca m\u00e1s de este enigm\u00e1tico lugar y de sus leyendas e historias a trav\u00e9s de un gu\u00eda local que ha sido cuidadosamente elegido por Lima Mentor para que disfrute al m\u00e1ximo de este lugar conociendo entre otros detalles la entrada principal del camino inca y m\u00e1s de su flora y fauna. Viaje por escondidos pueblos Andinos que aun mantienen antiguas costumbres y comparta un momento con los lugare\u00f1os.<\/p>\n<p>Visite otros peque\u00f1os pueblos alrededor de Cusco y conozca m\u00e1s del arte logrado por los Incas. Tambi\u00e9n podr\u00e1n visitar la impresionante ciudad hist\u00f3rica de Cusco, llena de lugares que no puede perder como iglesias, museos, lugares arqueol\u00f3gicos, talleres de artesan\u00eda, restaurantes, tiendas de artesan\u00edas y mucho m\u00e1s!<\/p>\n<p>Precio:<\/p>\n<ul>\n<li>US$1064 por persona en hoteles 3 estrellas (Sauce Hostal\/El Mapi Hotel\/Casa Boutique San Blas), basado en un grupo de 4 personas y en habitaci\u00f3n de doble ocupaci\u00f3n.<\/li>\n<li>US$1391 por persona en hoteles 3 estrellas (Sauce Hostal\/El Mapi Hotel\/Casa Boutique San Blas), basado en un grupo de 2 personas y en habitaci\u00f3n de doble ocupaci\u00f3n.<\/li>\n<li>US$1194 por persona en hoteles 4 estrellas (Sonesta Yucay\/Machu Picchu Pueblo Hotel\/Novotel Cusco), basado en un grupo de 4 personas y en habitaci\u00f3n de doble ocupaci\u00f3n.<\/li>\n<li>US$1521 por persona en hoteles 4 estrellas (Sonesta Yucay\/Machu Picchu Pueblo Hotel\/Novotel Cusco), basado en un grupo de 2 personas y en habitaci\u00f3n de doble ocupaci\u00f3n.<\/li>\n<li>US$1844 por persona en hoteles 5 estrellas (Casa Andina Private Collection Urubamba\/Machu Picchu Pueblo Hotel\/Monasterio del Cusco-Orient Express), basado en un grupo de 4 personas y en habitaci\u00f3n de doble ocupaci\u00f3n.<\/li>\n<li>US$2329 por persona en hoteles 5 estrellas (Casa Andina Private Collection Urubamba\/Machu Picchu Pueblo Hotel\/Monasterio del Cusco-Orient Express), basado en un grupo de 2 personas y en habitaci\u00f3n de doble ocupaci\u00f3n.<\/li>\n<\/ul>\n<p><em><strong>Este tour lo podemos <a href=\"https:\/\/www.limamentor.com\/es\/tours-hechos-a-medida\/\">hacer a medida<\/a> y modificar el precio dependiendo del n\u00famero de participantes<\/strong><\/em><\/p>\n","protected":false},"excerpt":{"rendered":"<p>Visita una de las siete maravillas del mundo, una ciudadela Inca del siglo XV ubicada sobre una cadena de monta\u00f1as, Machu Picchu es considerado como un lugar m\u00edstico y sagrado que irradia energ\u00eda.<\/p>\n","protected":false},"featured_media":2489,"comment_status":"closed","ping_status":"closed","template":"","meta":[],"product_brand":[],"product_cat":[81],"product_tag":[],"class_list":{"0":"post-2508","1":"product","2":"type-product","3":"status-publish","4":"has-post-thumbnail","6":"product_cat-peru-sudamerica-es","7":"tour_category-peru-southamerica-es","9":"first","10":"instock","11":"shipping-taxable","12":"product-type-tour"},"_links":{"self":[{"href":"https:\/\/site.limamentor.com\/es\/wp-json\/wp\/v2\/product\/2508","targetHints":{"allow":["GET"]}}],"collection":[{"href":"https:\/\/site.limamentor.com\/es\/wp-json\/wp\/v2\/product"}],"about":[{"href":"https:\/\/site.limamentor.com\/es\/wp-json\/wp\/v2\/types\/product"}],"replies":[{"embeddable":true,"href":"https:\/\/site.limamentor.com\/es\/wp-json\/wp\/v2\/comments?post=2508"}],"wp:featuredmedia":[{"embeddable":true,"href":"https:\/\/site.limamentor.com\/es\/wp-json\/wp\/v2\/media\/2489"}],"wp:attachment":[{"href":"https:\/\/site.limamentor.com\/es\/wp-json\/wp\/v2\/media?parent=2508"}],"wp:term":[{"taxonomy":"product_brand","embeddable":true,"href":"https:\/\/site.limamentor.com\/es\/wp-json\/wp\/v2\/product_brand?post=2508"},{"taxonomy":"product_cat","embeddable":true,"href":"https:\/\/site.limamentor.com\/es\/wp-json\/wp\/v2\/product_cat?post=2508"},{"taxonomy":"product_tag","embeddable":true,"href":"https:\/\/site.limamentor.com\/es\/wp-json\/wp\/v2\/product_tag?post=2508"}],"curies":[{"name":"wp","href":"https:\/\/api.w.org\/{rel}","templated":true}]}}