{"id":2560,"date":"2017-02-27T18:20:36","date_gmt":"2017-02-27T18:20:36","guid":{"rendered":"http:\/\/www.kmcero.pe\/beta\/limamentor\/product\/exploring-peruvian-rainforest\/"},"modified":"2023-11-07T10:55:58","modified_gmt":"2023-11-07T15:55:58","slug":"explorando-la-selva-peruana","status":"publish","type":"product","link":"https:\/\/site.limamentor.com\/es\/tours\/explorando-la-selva-peruana\/","title":{"rendered":"Explorando la Selva Peruana"},"content":{"rendered":"<p>\u00bfQuiere conocer como es la vida en la selva? Viva una experiencia intensa al viajar y vivir 5 d\u00edas en lo m\u00e1s virgen de la selva peruana, lejos de la civilizaci\u00f3n.<\/p>\n<p>Primero se hace un viaje en avi\u00f3n a Puerto Maldonado y desde ah\u00ed ser\u00e1n trasladados al puerto para embarcar el bote que los llevara al primer albergue que se encuentra a 3 horas de la ciudad. Al siguiente d\u00eda, embarcara nuevamente en bote para continuar al siguiente albergue, ubicado en el coraz\u00f3n de la Reserva Nacional de Tambopata. Visitar\u00e1 la collpa de guacamayos m\u00e1s conocida que existe, caminar por trochas en busca de flora, aves, monos, caimanes y har\u00e1n otras actividades para llevarse el sentir de la selva.<\/p>\n<p><em><strong>Este tour lo podemos <a href=\"https:\/\/www.limamentor.com\/es\/tours-hechos-a-medida\/\">hacer a medida<\/a> y modificar el precio dependiendo del n\u00famero de participantes<\/strong><\/em><\/p>\n","protected":false},"excerpt":{"rendered":"<p>Quiere conocer como es la vida en la selva? Viva una experiencia intensa al vivir 5 d\u00edas en lo m\u00e1s virgen de la selva, lejos de la civilizaci\u00f3n. Primero volaran a Puerto Maldonado y desde ah\u00ed ser\u00e1n trasladados al puerto para embarcar el bote que los llevara al primer albergue que se encuentra a 3 horas de la ciudad.<\/p>\n","protected":false},"featured_media":2558,"comment_status":"closed","ping_status":"closed","template":"","meta":[],"product_brand":[],"product_cat":[81],"product_tag":[],"class_list":{"0":"post-2560","1":"product","2":"type-product","3":"status-publish","4":"has-post-thumbnail","6":"product_cat-peru-sudamerica-es","7":"tour_category-peru-southamerica-es","9":"first","10":"instock","11":"shipping-taxable","12":"product-type-tour"},"_links":{"self":[{"href":"https:\/\/site.limamentor.com\/es\/wp-json\/wp\/v2\/product\/2560","targetHints":{"allow":["GET"]}}],"collection":[{"href":"https:\/\/site.limamentor.com\/es\/wp-json\/wp\/v2\/product"}],"about":[{"href":"https:\/\/site.limamentor.com\/es\/wp-json\/wp\/v2\/types\/product"}],"replies":[{"embeddable":true,"href":"https:\/\/site.limamentor.com\/es\/wp-json\/wp\/v2\/comments?post=2560"}],"wp:featuredmedia":[{"embeddable":true,"href":"https:\/\/site.limamentor.com\/es\/wp-json\/wp\/v2\/media\/2558"}],"wp:attachment":[{"href":"https:\/\/site.limamentor.com\/es\/wp-json\/wp\/v2\/media?parent=2560"}],"wp:term":[{"taxonomy":"product_brand","embeddable":true,"href":"https:\/\/site.limamentor.com\/es\/wp-json\/wp\/v2\/product_brand?post=2560"},{"taxonomy":"product_cat","embeddable":true,"href":"https:\/\/site.limamentor.com\/es\/wp-json\/wp\/v2\/product_cat?post=2560"},{"taxonomy":"product_tag","embeddable":true,"href":"https:\/\/site.limamentor.com\/es\/wp-json\/wp\/v2\/product_tag?post=2560"}],"curies":[{"name":"wp","href":"https:\/\/api.w.org\/{rel}","templated":true}]}}