{"id":5684,"date":"2017-01-01T10:00:27","date_gmt":"2017-01-01T15:00:27","guid":{"rendered":"https:\/\/www.limamentor.com\/product\/the-lima-mentor-tour\/"},"modified":"2023-09-22T14:18:30","modified_gmt":"2023-09-22T19:18:30","slug":"the-lima-mentor-tour","status":"publish","type":"product","link":"https:\/\/site.limamentor.com\/es\/tours\/the-lima-mentor-tour\/","title":{"rendered":"El Tour Lima Mentor"},"content":{"rendered":"<ul>\n<li>Visita la Huaca Pucllana: un centro ceremonial usada entre 200 &#8211; 700 a.c. y ubicado en el coraz\u00f3n del distrito moderno de Miraflores.<\/li>\n<li>Visita el Centro Hist\u00f3rico de lima, ciudad reconocida por la UNESCO. Camina por sus calles principales para observar su arquitectura y sus monumentos.<\/li>\n<li>Casa de Aliaga, impresionante casona perteneciente a la misma familia desde el virreinato.<\/li>\n<li>Almuerzo ya sea en una de las mejores cevicher\u00edas con lo mejor de la comida marina o en el distrito del Rimac para lo mejor de la comida criolla peruana, en una casona hist\u00f3rica que perteneci\u00f3 al Virrey Amat y Juniet.<\/li>\n<\/ul>\n<p>Para la tarde lima Mentor ofrece 3 opciones a escoger:<\/p>\n<ul>\n<li><strong>\u00c1nimo Art\u00edstico:<\/strong>\n<ul>\n<li>Visita de Barranco, el distrito bohemio de la ciudad. Camina sus encantadoras y coloridas calles admirando su estilo arquitect\u00f3nico y la quietud de un barrio art\u00edstico.<\/li>\n<li>Visita el Museo Pedro de Osma reconocido por su elegante colecci\u00f3n de arte virreinal en exhibici\u00f3n dentro de una mansion hist\u00f3rica.<\/li>\n<li>Adem\u00e1s visita a la Asociaci\u00f3n Mario Testino (MATE) donde se exhibe el trabajo y fotograf\u00eda del famoso artista peruano.<\/li>\n<\/ul>\n<\/li>\n<li><strong>\u00c1nimo Hist\u00f3rico:<\/strong>\n<ul>\n<li>Visita al Museo Larco, presentando una fina colecci\u00f3n de oro y plata del antiguo Per\u00fa y su famosa sala erotica. Finalmente, visita al tranquilo distrito de Pueblo libre donde se ubicaron los grandes liberadores de Sudam\u00e9rica y se puede recorrer la casa que sirvi\u00f3 de base para las acciones de independencia.<\/li>\n<\/ul>\n<\/li>\n<li><strong>\u00c1nimo Cultural:<\/strong>\n<ul>\n<li>Visita al distrito del Rimac, recientemente nombrado ciudad patrimonio del mundo, caminando por el Jr. Trujillo para observar la iglesia m\u00e1s peque\u00f1a del mundo y visitar el Convento de los Descalzos, de estilo barroco, visitando sus claustros, cocina, enfermer\u00eda y observando sus pinturas de las escuelas de lima, Quito y Cusco.<\/li>\n<\/ul>\n<\/li>\n<\/ul>\n<p>&nbsp;<\/p>\n<table class=\"table table-bordered tours-tabs__table\" style=\"height: 233px;\" width=\"862\">\n<tbody>\n<tr style=\"height: 48px;\">\n<td style=\"height: 48px;\"><strong>SALIDA \/ LLEGADA<\/strong><\/td>\n<td style=\"height: 48px;\">Comienzo y fin en hotel de Mir aflores, San Isidro o Barranco.<\/td>\n<\/tr>\n<tr style=\"height: 48px;\">\n<td style=\"height: 48px;\"><strong>DURACI\u00d3N<\/strong><\/td>\n<td style=\"height: 48px;\">9 horas. Huaca Pucllana cierra los martes. Museo de Pueblo Libre, Pedro de Osma y Mate cierra los lunes.<\/td>\n<\/tr>\n<tr style=\"height: 160px;\">\n<td style=\"height: 160px;\"><strong>INCLUYE<\/strong><\/td>\n<td style=\"height: 160px;\">\n<table class=\"table table-bordered\" style=\"height: 62px;\" width=\"300\">\n<tbody>\n<tr>\n<td><i class=\"fa fa-check icon-tick icon-tick--on\"><\/i>Gu\u00edas<\/td>\n<td><i class=\"fa fa-check icon-tick icon-tick--on\"><\/i>Transporte en minivan<\/td>\n<\/tr>\n<tr>\n<td><i class=\"fa fa-check icon-tick icon-tick--on\"><\/i>Agua embotellada<\/td>\n<td><i class=\"fa fa-check icon-tick icon-tick--on\"><\/i>Entradas<\/td>\n<\/tr>\n<\/tbody>\n<\/table>\n<\/td>\n<\/tr>\n<\/tbody>\n<\/table>\n<p>&nbsp;<\/p>\n<p>Precio:<br \/>\nPor persona: US$190 si 2 participantes; US$160 si 4 participantes; US$140 si 6 participantes. Poli posiblemente requiera un pago extra dependiendo del d\u00eda.<\/p>\n<p>En Feriados: Enero 1, Jueves Santo, Viernes Santo, Mayo 1, Julio 28, Julio 29, Diciembre 24, Diciembre 25 y Diciembre 31 hay un cargo del 50%.<\/p>\n<p><em><strong>Este tour lo podemos <a href=\"https:\/\/www.limamentor.com\/es\/tours-hechos-a-medida\/\">hacer a medida<\/a> y modificar el precio dependiendo del n\u00famero de participantes<\/strong><\/em><\/p>\n\n<div class=\"wpcf7 no-js\" id=\"wpcf7-f162-o1\" lang=\"en-US\" dir=\"ltr\" data-wpcf7-id=\"162\">\n<div class=\"screen-reader-response\"><p role=\"status\" aria-live=\"polite\" aria-atomic=\"true\"><\/p> <ul><\/ul><\/div>\n<form action=\"\/es\/wp-json\/wp\/v2\/product\/5684#wpcf7-f162-o1\" method=\"post\" class=\"wpcf7-form init\" aria-label=\"Contact form\" novalidate=\"novalidate\" data-status=\"init\">\n<fieldset class=\"hidden-fields-container\"><input type=\"hidden\" name=\"_wpcf7\" value=\"162\" \/><input type=\"hidden\" name=\"_wpcf7_version\" value=\"6.1.5\" \/><input type=\"hidden\" name=\"_wpcf7_locale\" value=\"en_US\" \/><input type=\"hidden\" name=\"_wpcf7_unit_tag\" value=\"wpcf7-f162-o1\" \/><input type=\"hidden\" name=\"_wpcf7_container_post\" value=\"0\" \/><input type=\"hidden\" name=\"_wpcf7_posted_data_hash\" value=\"\" \/><input type=\"hidden\" name=\"_wpcf7_recaptcha_response\" value=\"\" \/>\n<\/fieldset>\n<div class=\"form-contact\">\n\t<div class=\"form-contact__fields-short\">\n\t\t<div class=\"form-contact__item-short\">\n\t\t\t<p><span class=\"wpcf7-form-control-wrap\" data-name=\"text-277\"><input size=\"40\" maxlength=\"400\" class=\"wpcf7-form-control wpcf7-text wpcf7-validates-as-required\" aria-required=\"true\" aria-invalid=\"false\" placeholder=\"Your name\" value=\"\" type=\"text\" name=\"text-277\" \/><\/span>\n\t\t\t<\/p>\n\t\t<\/div>\n\t\t<div class=\"form-contact__item-short\">\n\t\t\t<p><span class=\"wpcf7-form-control-wrap\" data-name=\"email-563\"><input size=\"40\" maxlength=\"400\" class=\"wpcf7-form-control wpcf7-email wpcf7-validates-as-required wpcf7-text wpcf7-validates-as-email\" aria-required=\"true\" aria-invalid=\"false\" placeholder=\"Email\" value=\"\" type=\"email\" name=\"email-563\" \/><\/span>\n\t\t\t<\/p>\n\t\t<\/div>\n\t<\/div>\n\t<div class=\"form-contact__fields-short\">\n\t\t<p><span class=\"wpcf7-form-control-wrap\" data-name=\"text-278\"><input size=\"40\" maxlength=\"400\" class=\"wpcf7-form-control wpcf7-text wpcf7-validates-as-required\" aria-required=\"true\" aria-invalid=\"false\" placeholder=\"Subject\" value=\"\" type=\"text\" name=\"text-278\" \/><\/span>\n\t\t<\/p>\n\t<\/div>\n\t<p><span class=\"wpcf7-form-control-wrap\" data-name=\"textarea-287\"><textarea cols=\"0\" rows=\"0\" maxlength=\"2000\" class=\"wpcf7-form-control wpcf7-textarea\" aria-invalid=\"false\" placeholder=\"Message\" name=\"textarea-287\"><\/textarea><\/span><br \/>\n<button type=\"submit\" class=\"button button--style1 button--with-icon\"><i class=\"fa fa-paper-plane\"><\/i>Send<\/button>\n\t<\/p>\n<\/div><div class=\"wpcf7-response-output\" aria-hidden=\"true\"><\/div>\n<\/form>\n<\/div>\n\n","protected":false},"excerpt":{"rendered":"<p>En este tour compartimos el sabor de Lima mostrando la herencia anterior a la llegada de los espa\u00f1oles y la elegancia de la \u00e9poca espa\u00f1ola por la ma\u00f1ana. El almuerzo es libre, pero le sugerimos una de las mejores \u00abcevicher\u00edas\u00bb para degustar el pescado fresco de la pesca del d\u00eda. La tarde queda a su elecci\u00f3n en funci\u00f3n de su estado de \u00e1nimo.<\/p>\n","protected":false},"featured_media":2030,"comment_status":"closed","ping_status":"closed","template":"","meta":[],"product_brand":[],"product_cat":[79,89],"product_tag":[],"class_list":{"0":"post-5684","1":"product","2":"type-product","3":"status-publish","4":"has-post-thumbnail","6":"product_cat-lima-is-more-es","7":"product_cat-private-tours-es","8":"tour_category-city-tours-es","9":"tour_category-private-tours","11":"first","12":"instock","13":"shipping-taxable","14":"purchasable","15":"product-type-tour"},"_links":{"self":[{"href":"https:\/\/site.limamentor.com\/es\/wp-json\/wp\/v2\/product\/5684","targetHints":{"allow":["GET"]}}],"collection":[{"href":"https:\/\/site.limamentor.com\/es\/wp-json\/wp\/v2\/product"}],"about":[{"href":"https:\/\/site.limamentor.com\/es\/wp-json\/wp\/v2\/types\/product"}],"replies":[{"embeddable":true,"href":"https:\/\/site.limamentor.com\/es\/wp-json\/wp\/v2\/comments?post=5684"}],"wp:featuredmedia":[{"embeddable":true,"href":"https:\/\/site.limamentor.com\/es\/wp-json\/wp\/v2\/media\/2030"}],"wp:attachment":[{"href":"https:\/\/site.limamentor.com\/es\/wp-json\/wp\/v2\/media?parent=5684"}],"wp:term":[{"taxonomy":"product_brand","embeddable":true,"href":"https:\/\/site.limamentor.com\/es\/wp-json\/wp\/v2\/product_brand?post=5684"},{"taxonomy":"product_cat","embeddable":true,"href":"https:\/\/site.limamentor.com\/es\/wp-json\/wp\/v2\/product_cat?post=5684"},{"taxonomy":"product_tag","embeddable":true,"href":"https:\/\/site.limamentor.com\/es\/wp-json\/wp\/v2\/product_tag?post=5684"}],"curies":[{"name":"wp","href":"https:\/\/api.w.org\/{rel}","templated":true}]}}