{"id":5714,"date":"2017-01-31T20:05:17","date_gmt":"2017-02-01T01:05:17","guid":{"rendered":"https:\/\/www.limamentor.com\/product\/cultural-city-tour-lima\/"},"modified":"2023-09-20T16:41:02","modified_gmt":"2023-09-20T21:41:02","slug":"cultural-city-tour-lima","status":"publish","type":"product","link":"https:\/\/site.limamentor.com\/es\/tours\/cultural-city-tour-lima\/","title":{"rendered":"Tour Cultural Ciudad de Lima"},"content":{"rendered":"<ul>\n<li>Camino al Centro Hist\u00f3rico, se observar\u00e1 el Complejo Arqueol\u00f3gico Huaca Pucllana (no se ingresa).<\/li>\n<li>Visita al Museo Bodega &amp; Quadra, donde se observa el Muro de Lima construido en el siglo XVII y con una exhibici\u00f3n de objetos mostrando la sociedad y desarrollo durante el virreinato.<\/li>\n<li>Visita del Convento de Santo Domingo, prueba de la importancia del Catolicismo durante el virreinato. Posibilidad de subir a la torre para observaci\u00f3n.<\/li>\n<li>Observaci\u00f3n del Cambio de Guardia (sujeto a la programaci\u00f3n del Palacio de Gobierno).<\/li>\n<\/ul>\n<p>&nbsp;<\/p>\n<h3>maximo 10 participantes<\/h3>\n<table class=\"table table-bordered tours-tabs__table\" style=\"height: 233px;\" width=\"862\">\n<tbody>\n<tr>\n<td><strong>SALIDA Y REGRESO<\/strong><\/td>\n<td>Cualquier hotel ubicado en Miraflores o San Isidro.<\/td>\n<\/tr>\n<tr>\n<td><strong>DURACI\u00d3N<\/strong><\/td>\n<td>9 am &#8211; 1 pm de lunes a domingo.\n<p>2 pm &#8211; 6 pm de lunes a domingo.<\/p><\/td>\n<\/tr>\n<tr>\n<td><strong>INCLUYE<\/strong><\/td>\n<td>\n<table class=\"table table-bordered\" style=\"height: 62px;\" width=\"300\">\n<tbody>\n<tr>\n<td><i class=\"fa fa-check icon-tick icon-tick--on\"><\/i>Gu\u00eda<\/td>\n<td><i class=\"fa fa-check icon-tick icon-tick--on\"><\/i>Transporte en minivan o Sprinter *<\/td>\n<\/tr>\n<tr>\n<td><i class=\"fa fa-check icon-tick icon-tick--on\"><\/i>Agua embotellada<\/td>\n<td><i class=\"fa fa-check icon-tick icon-tick--on\"><\/i>Entradas<\/td>\n<\/tr>\n<\/tbody>\n<\/table>\n<\/td>\n<\/tr>\n<\/tbody>\n<\/table>\n<p>&nbsp;<\/p>\n<p>Precio por persona: US$38<\/p>\n<p>Tour compartido en espa\u00f1ol o ingl\u00e9s, m\u00e1ximo 10 participantes.<\/p>\n<p>*transporte depende del# de participantes<\/p>\n<p>Los lunes el Museo Bodega &amp; Quadra cierra, en su reemplazo, se visita el parque de la Muralla.<\/p>\n<p>En Feriados: Enero 1, Mayo 1, Julio 28, 29, Diciembre 24 y 31 no hay salidas, o bajo consulta.<br \/>\n<em><strong><br \/>\nEste tour lo podemos hacer a medida y modificar el precio dependiendo del n\u00famero de participantes<\/strong><\/em><\/p>\n\n<div class=\"wpcf7 no-js\" id=\"wpcf7-f162-o1\" lang=\"en-US\" dir=\"ltr\" data-wpcf7-id=\"162\">\n<div class=\"screen-reader-response\"><p role=\"status\" aria-live=\"polite\" aria-atomic=\"true\"><\/p> <ul><\/ul><\/div>\n<form action=\"\/es\/wp-json\/wp\/v2\/product\/5714#wpcf7-f162-o1\" method=\"post\" class=\"wpcf7-form init\" aria-label=\"Contact form\" novalidate=\"novalidate\" data-status=\"init\">\n<fieldset class=\"hidden-fields-container\"><input type=\"hidden\" name=\"_wpcf7\" value=\"162\" \/><input type=\"hidden\" name=\"_wpcf7_version\" value=\"6.1.5\" \/><input type=\"hidden\" name=\"_wpcf7_locale\" value=\"en_US\" \/><input type=\"hidden\" name=\"_wpcf7_unit_tag\" value=\"wpcf7-f162-o1\" \/><input type=\"hidden\" name=\"_wpcf7_container_post\" value=\"0\" \/><input type=\"hidden\" name=\"_wpcf7_posted_data_hash\" value=\"\" \/><input type=\"hidden\" name=\"_wpcf7_recaptcha_response\" value=\"\" \/>\n<\/fieldset>\n<div class=\"form-contact\">\n\t<div class=\"form-contact__fields-short\">\n\t\t<div class=\"form-contact__item-short\">\n\t\t\t<p><span class=\"wpcf7-form-control-wrap\" data-name=\"text-277\"><input size=\"40\" maxlength=\"400\" class=\"wpcf7-form-control wpcf7-text wpcf7-validates-as-required\" aria-required=\"true\" aria-invalid=\"false\" placeholder=\"Your name\" value=\"\" type=\"text\" name=\"text-277\" \/><\/span>\n\t\t\t<\/p>\n\t\t<\/div>\n\t\t<div class=\"form-contact__item-short\">\n\t\t\t<p><span class=\"wpcf7-form-control-wrap\" data-name=\"email-563\"><input size=\"40\" maxlength=\"400\" class=\"wpcf7-form-control wpcf7-email wpcf7-validates-as-required wpcf7-text wpcf7-validates-as-email\" aria-required=\"true\" aria-invalid=\"false\" placeholder=\"Email\" value=\"\" type=\"email\" name=\"email-563\" \/><\/span>\n\t\t\t<\/p>\n\t\t<\/div>\n\t<\/div>\n\t<div class=\"form-contact__fields-short\">\n\t\t<p><span class=\"wpcf7-form-control-wrap\" data-name=\"text-278\"><input size=\"40\" maxlength=\"400\" class=\"wpcf7-form-control wpcf7-text wpcf7-validates-as-required\" aria-required=\"true\" aria-invalid=\"false\" placeholder=\"Subject\" value=\"\" type=\"text\" name=\"text-278\" \/><\/span>\n\t\t<\/p>\n\t<\/div>\n\t<p><span class=\"wpcf7-form-control-wrap\" data-name=\"textarea-287\"><textarea cols=\"0\" rows=\"0\" maxlength=\"2000\" class=\"wpcf7-form-control wpcf7-textarea\" aria-invalid=\"false\" placeholder=\"Message\" name=\"textarea-287\"><\/textarea><\/span><br \/>\n<button type=\"submit\" class=\"button button--style1 button--with-icon\"><i class=\"fa fa-paper-plane\"><\/i>Send<\/button>\n\t<\/p>\n<\/div><div class=\"wpcf7-response-output\" aria-hidden=\"true\"><\/div>\n<\/form>\n<\/div>\n\n","protected":false},"excerpt":{"rendered":"<p>Las atracciones m\u00e1s importantes de la ciudad de Lima en un tour de 4 horas: un sitio pre-inca, la zona moderna, y la zona hist\u00f3rica que incluye una visita a un Convento que fue muy imponente durante la \u00e9poca colonial. Terminamos el tour en su hotel o en un restaurante que podemos sugerirle para almorzar (si toma el tour de la ma\u00f1ana) o para cenar (si toma el tour de la tarde).<\/p>\n","protected":false},"featured_media":1278,"comment_status":"closed","ping_status":"closed","template":"","meta":[],"product_brand":[],"product_cat":[217],"product_tag":[],"class_list":{"0":"post-5714","1":"product","2":"type-product","3":"status-publish","4":"has-post-thumbnail","6":"product_cat-confirmed-tours-es","7":"tour_category-confirmed-tours","9":"first","10":"instock","11":"virtual","12":"purchasable","13":"product-type-tour"},"_links":{"self":[{"href":"https:\/\/site.limamentor.com\/es\/wp-json\/wp\/v2\/product\/5714","targetHints":{"allow":["GET"]}}],"collection":[{"href":"https:\/\/site.limamentor.com\/es\/wp-json\/wp\/v2\/product"}],"about":[{"href":"https:\/\/site.limamentor.com\/es\/wp-json\/wp\/v2\/types\/product"}],"replies":[{"embeddable":true,"href":"https:\/\/site.limamentor.com\/es\/wp-json\/wp\/v2\/comments?post=5714"}],"wp:featuredmedia":[{"embeddable":true,"href":"https:\/\/site.limamentor.com\/es\/wp-json\/wp\/v2\/media\/1278"}],"wp:attachment":[{"href":"https:\/\/site.limamentor.com\/es\/wp-json\/wp\/v2\/media?parent=5714"}],"wp:term":[{"taxonomy":"product_brand","embeddable":true,"href":"https:\/\/site.limamentor.com\/es\/wp-json\/wp\/v2\/product_brand?post=5714"},{"taxonomy":"product_cat","embeddable":true,"href":"https:\/\/site.limamentor.com\/es\/wp-json\/wp\/v2\/product_cat?post=5714"},{"taxonomy":"product_tag","embeddable":true,"href":"https:\/\/site.limamentor.com\/es\/wp-json\/wp\/v2\/product_tag?post=5714"}],"curies":[{"name":"wp","href":"https:\/\/api.w.org\/{rel}","templated":true}]}}