{"id":5736,"date":"2017-02-11T10:27:04","date_gmt":"2017-02-11T15:27:04","guid":{"rendered":"https:\/\/www.limamentor.com\/product\/full-day-walking-in-the-historic-center-of-lima\/"},"modified":"2023-10-25T12:33:08","modified_gmt":"2023-10-25T17:33:08","slug":"full-day-walking-in-the-historic-center-of-lima","status":"publish","type":"product","link":"https:\/\/site.limamentor.com\/es\/tours\/full-day-walking-in-the-historic-center-of-lima\/","title":{"rendered":"D\u00eda Entero Caminando en el Centro Hist\u00f3rico de Lima"},"content":{"rendered":"<ul>\n<li>Disfrutaremos de un d\u00eda entero dedicado a nuestra ciudad UNESCO. Por la ma\u00f1ana los recogeremos de su hotel para trasladarnos al \u00e1rea hist\u00f3rica.<\/li>\n<li>Comenzaremos en una de las primeras instalaciones de la primera universidad de Am\u00e9rica, continuaremos hacia la Plaza San Mart\u00edn y caminaremos por elJr. De la Uni\u00f3n, una calle peatonal donde observaremos casas que han sido declaradas patrimonio de la naci\u00f3n. As\u00ed tambi\u00e9n en nuestro recorrido conoceremos el \u00abTeatro Municipal\u00bb y el \u00abTeatro Segura\u00bb, dos de los m\u00e1s emblem\u00e1ticos y tradicionales teatros en la ciudad importantes en la ciudad y continuaremos el camino hasta llegar a la \u00abPlaza Mayor\u00bb.<\/li>\n<li>Luego visitaremos la \u00abCasa Osambela\u00bb, una casona que data del siglo XVIII de muy fina arquitectura.<\/li>\n<li>\u00abConvento de Santo Domingo\u00bb, donde podremos subir a la torre y disfrutar de una espectacular vista de Lima.<\/li>\n<li>\u00abCasa de Aliaga\u00bb, una casona perteneciente a la misma familia desde la \u00e9poca del virreinato.<\/li>\n<li>Almorzaremos en un restaurante local y tomaremos un breve descanso.<\/li>\n<li>Por la tarde visitaremos el \u00abConvento de San Francisco\u00b7 y el \u00abParque de la Muralla\u00bb con una vista al r\u00edo R\u00edmac y el cerro \u00abSan Crist\u00f3bal\u00bb.<\/li>\n<li>Luego conoceremos la \u00abLa Iglesia de San Pedro\u00bb, impresionante por todos sus altares en pan de oro y caminaremos por los famosos balcones del Palacio Torre Tagle.<\/li>\n<li>Finalmente caminaremos por el barrio Chino, donde se instalaron los inmigrantes chinos a mediados de los 1800.<\/li>\n<li>Despu\u00e9s nos trasladaremos al hotel en nuestra confortable van.<\/li>\n<\/ul>\n<p>&nbsp;<\/p>\n<table class=\"table table-bordered tours-tabs__table\" style=\"height: 233px;\" width=\"862\">\n<tbody>\n<tr>\n<td><strong>SALIDA \/ LLEGADA<br \/>\n<\/strong><\/td>\n<td>Any hotel located in Miraflores, San Isidro or Barranco.<\/td>\n<\/tr>\n<tr>\n<td><strong>DURACI\u00d3N<\/strong><\/td>\n<td>8 horas<\/td>\n<\/tr>\n<tr>\n<td><strong>INCLUYE<\/strong><\/td>\n<td>\n<table class=\"table table-bordered\" style=\"height: 62px;\" width=\"300\">\n<tbody>\n<tr>\n<td><i class=\"fa fa-check icon-tick icon-tick--on\"><\/i>Gu\u00edas<\/td>\n<td><i class=\"fa fa-check icon-tick icon-tick--on\"><\/i>Transporte en minivan<\/td>\n<\/tr>\n<tr>\n<td><i class=\"fa fa-check icon-tick icon-tick--on\"><\/i>Agua embotellada<\/td>\n<td><i class=\"fa fa-check icon-tick icon-tick--on\"><\/i>Almuerzo<\/td>\n<\/tr>\n<tr>\n<td><i class=\"fa fa-check icon-tick icon-tick--on\"><\/i>Entradas<\/td>\n<td><\/td>\n<\/tr>\n<\/tbody>\n<\/table>\n<\/td>\n<\/tr>\n<\/tbody>\n<\/table>\n<p>&nbsp;<\/p>\n<p>Precio:<br \/>\nPor persona: US$165 si son 2 participantes; US$140 si son 4; US$120 si son 6<\/p>\n<p>En Feriados:<br \/>\nEnero 1, Jueves Santo, Viernes Santo, Mayo 1, Julio 28, Julio 29, Diciembre 24, Diciembre 25 y Diciembre 31 hay un cargo del 50%.<\/p>\n<p><em><strong>Este tour lo podemos <a href=\"https:\/\/www.limamentor.com\/es\/tours-hechos-a-medida\/\">hacer a medida<\/a> y modificar el precio dependiendo del n\u00famero de participantes<\/strong><\/em><\/p>\n\n<div class=\"wpcf7 no-js\" id=\"wpcf7-f162-o1\" lang=\"en-US\" dir=\"ltr\" data-wpcf7-id=\"162\">\n<div class=\"screen-reader-response\"><p role=\"status\" aria-live=\"polite\" aria-atomic=\"true\"><\/p> <ul><\/ul><\/div>\n<form action=\"\/es\/wp-json\/wp\/v2\/product\/5736#wpcf7-f162-o1\" method=\"post\" class=\"wpcf7-form init\" aria-label=\"Contact form\" novalidate=\"novalidate\" data-status=\"init\">\n<fieldset class=\"hidden-fields-container\"><input type=\"hidden\" name=\"_wpcf7\" value=\"162\" \/><input type=\"hidden\" name=\"_wpcf7_version\" value=\"6.1.5\" \/><input type=\"hidden\" name=\"_wpcf7_locale\" value=\"en_US\" \/><input type=\"hidden\" name=\"_wpcf7_unit_tag\" value=\"wpcf7-f162-o1\" \/><input type=\"hidden\" name=\"_wpcf7_container_post\" value=\"0\" \/><input type=\"hidden\" name=\"_wpcf7_posted_data_hash\" value=\"\" \/><input type=\"hidden\" name=\"_wpcf7_recaptcha_response\" value=\"\" \/>\n<\/fieldset>\n<div class=\"form-contact\">\n\t<div class=\"form-contact__fields-short\">\n\t\t<div class=\"form-contact__item-short\">\n\t\t\t<p><span class=\"wpcf7-form-control-wrap\" data-name=\"text-277\"><input size=\"40\" maxlength=\"400\" class=\"wpcf7-form-control wpcf7-text wpcf7-validates-as-required\" aria-required=\"true\" aria-invalid=\"false\" placeholder=\"Your name\" value=\"\" type=\"text\" name=\"text-277\" \/><\/span>\n\t\t\t<\/p>\n\t\t<\/div>\n\t\t<div class=\"form-contact__item-short\">\n\t\t\t<p><span class=\"wpcf7-form-control-wrap\" data-name=\"email-563\"><input size=\"40\" maxlength=\"400\" class=\"wpcf7-form-control wpcf7-email wpcf7-validates-as-required wpcf7-text wpcf7-validates-as-email\" aria-required=\"true\" aria-invalid=\"false\" placeholder=\"Email\" value=\"\" type=\"email\" name=\"email-563\" \/><\/span>\n\t\t\t<\/p>\n\t\t<\/div>\n\t<\/div>\n\t<div class=\"form-contact__fields-short\">\n\t\t<p><span class=\"wpcf7-form-control-wrap\" data-name=\"text-278\"><input size=\"40\" maxlength=\"400\" class=\"wpcf7-form-control wpcf7-text wpcf7-validates-as-required\" aria-required=\"true\" aria-invalid=\"false\" placeholder=\"Subject\" value=\"\" type=\"text\" name=\"text-278\" \/><\/span>\n\t\t<\/p>\n\t<\/div>\n\t<p><span class=\"wpcf7-form-control-wrap\" data-name=\"textarea-287\"><textarea cols=\"0\" rows=\"0\" maxlength=\"2000\" class=\"wpcf7-form-control wpcf7-textarea\" aria-invalid=\"false\" placeholder=\"Message\" name=\"textarea-287\"><\/textarea><\/span><br \/>\n<button type=\"submit\" class=\"button button--style1 button--with-icon\"><i class=\"fa fa-paper-plane\"><\/i>Send<\/button>\n\t<\/p>\n<\/div><div class=\"wpcf7-response-output\" aria-hidden=\"true\"><\/div>\n<\/form>\n<\/div>\n\n","protected":false},"excerpt":{"rendered":"<p>Disfrute de un d\u00eda completo explorando cada rinc\u00f3n del Centro Hist\u00f3rico de Lima, Patrimonio de la Humanidad por la UNESCO. Entre en casas hist\u00f3ricas, visite conventos coloniales, visite mercados, parques y museos.<\/p>\n","protected":false},"featured_media":1974,"comment_status":"closed","ping_status":"closed","template":"","meta":[],"product_brand":[],"product_cat":[79],"product_tag":[],"class_list":{"0":"post-5736","1":"product","2":"type-product","3":"status-publish","4":"has-post-thumbnail","6":"product_cat-lima-is-more-es","7":"tour_category-private-tours","9":"first","10":"instock","11":"shipping-taxable","12":"purchasable","13":"product-type-tour"},"_links":{"self":[{"href":"https:\/\/site.limamentor.com\/es\/wp-json\/wp\/v2\/product\/5736","targetHints":{"allow":["GET"]}}],"collection":[{"href":"https:\/\/site.limamentor.com\/es\/wp-json\/wp\/v2\/product"}],"about":[{"href":"https:\/\/site.limamentor.com\/es\/wp-json\/wp\/v2\/types\/product"}],"replies":[{"embeddable":true,"href":"https:\/\/site.limamentor.com\/es\/wp-json\/wp\/v2\/comments?post=5736"}],"wp:featuredmedia":[{"embeddable":true,"href":"https:\/\/site.limamentor.com\/es\/wp-json\/wp\/v2\/media\/1974"}],"wp:attachment":[{"href":"https:\/\/site.limamentor.com\/es\/wp-json\/wp\/v2\/media?parent=5736"}],"wp:term":[{"taxonomy":"product_brand","embeddable":true,"href":"https:\/\/site.limamentor.com\/es\/wp-json\/wp\/v2\/product_brand?post=5736"},{"taxonomy":"product_cat","embeddable":true,"href":"https:\/\/site.limamentor.com\/es\/wp-json\/wp\/v2\/product_cat?post=5736"},{"taxonomy":"product_tag","embeddable":true,"href":"https:\/\/site.limamentor.com\/es\/wp-json\/wp\/v2\/product_tag?post=5736"}],"curies":[{"name":"wp","href":"https:\/\/api.w.org\/{rel}","templated":true}]}}