{"id":5788,"date":"2017-02-12T11:50:46","date_gmt":"2017-02-12T16:50:46","guid":{"rendered":"https:\/\/www.limamentor.com\/product\/sea-lions-peruvian-paso-horse-riding\/"},"modified":"2023-10-25T12:48:13","modified_gmt":"2023-10-25T17:48:13","slug":"sea-lions-peruvian-paso-horse-riding","status":"publish","type":"product","link":"https:\/\/site.limamentor.com\/es\/tours\/sea-lions-peruvian-paso-horse-riding\/","title":{"rendered":"Cabalgata &#038; Pachacamac"},"content":{"rendered":"<div class=\"wpb-content-wrapper\"><p>[vc_row][vc_column][vc_column_text]<\/p>\n<ul>\n<li>Un recorrido por el valle del r\u00edo Lur\u00edn en las afueras de la ajetreada Lima Metropolitana, donde tendr\u00e1 la oportunidad de cabalgar el caballo de paso peruano, una raza conocida en el mundo como una de las mejores para hacer cabalgata, ya que su suave andar y elegante paso hacen de \u00e9sta una experiencia relajante.<\/li>\n<li>Este recorrido lo llevar\u00e1 a trav\u00e9s de la campi\u00f1a del valle y pasando por las arenas de la costa a la orilla del mar.<\/li>\n<li>Visita al complejo arqueol\u00f3gico de Pachacamac, un antiguo centro ceremonial que mira al mar, construido antes que los Incas gobernaran Per\u00fa; durante el recorrido dentro del templo, visitar\u00e1 las partes m\u00e1s importantes del recinto y el museo de sitio.<\/li>\n<li>Finalmente, iremos al restaurante campestre \u00abGloria del Campo\u00b7, donde sus hornos de barro cocinan los m\u00e1s deliciosos panes y donde hay una huerta de vegetales y frutas los cuales son utilizados para preparar los platos, mientras las aves cantan en el trasfondo.<\/li>\n<\/ul>\n<p>&nbsp;<\/p>\n<table class=\"table table-bordered tours-tabs__table\" style=\"height: 233px; width: 854px;\" width=\"862\">\n<tbody>\n<tr>\n<td style=\"width: 293px;\"><strong>SALIDA \/ RETORNO<\/strong><\/td>\n<td style=\"width: 561px;\">Comienzo y fin en hotel de Mir aflores, San Isidro o Barranco.<\/td>\n<\/tr>\n<tr>\n<td style=\"width: 293px;\"><strong>DURACI\u00d3N<\/strong><\/td>\n<td style=\"width: 561px;\">8 horas<\/td>\n<\/tr>\n<tr>\n<td style=\"width: 293px;\"><strong>INCLUYE<\/strong><\/td>\n<td style=\"width: 561px;\">\n<table class=\"table table-bordered\" style=\"height: 62px;\" width=\"300\">\n<tbody>\n<tr>\n<td><i class=\"fa fa-check icon-tick icon-tick--on\"><\/i>Gu\u00eda<\/td>\n<td><i class=\"fa fa-check icon-tick icon-tick--on\"><\/i>Transporte en minivan o Sprinter *<\/td>\n<\/tr>\n<tr>\n<td><i class=\"fa fa-check icon-tick icon-tick--on\"><\/i>Agua embotellada<\/td>\n<td><i class=\"fa fa-check icon-tick icon-tick--on\"><\/i>Entradas<\/td>\n<\/tr>\n<tr>\n<td><i class=\"fa fa-check icon-tick icon-tick--on\"><\/i> 2 horas a caballo<\/td>\n<td><i class=\"fa fa-check icon-tick icon-tick--on\"><\/i>Almuerzo<\/td>\n<\/tr>\n<\/tbody>\n<\/table>\n<\/td>\n<\/tr>\n<\/tbody>\n<\/table>\n<p>&nbsp;<\/p>\n<p><span style=\"font-size: 14pt;\">Precio Por persona: US$235 si son 2 participantes; US$185 si son 4; US$165 si son 6<br \/>\n<\/span><\/p>\n<p><span style=\"font-size: 14pt;\">En Feriados: Enero 1, Jueves Santo, Viernes Santo, Mayo 1, Julio 28, Julio 29, Diciembre 24, Diciembre 25 y Diciembre 31 hay un cargo del 50%.<strong><br \/>\n<\/strong><\/span><\/p>\n<p><span style=\"font-size: 14pt;\"><strong><em>Este tour lo podemos <a href=\"https:\/\/www.limamentor.com\/es\/tours-hechos-a-medida\/\">hacer a medida<\/a> y modificar el precio dependiendo del n\u00famero de participantes<\/em><br \/>\n<\/strong><\/span>[\/vc_column_text][\/vc_column][\/vc_row]\n<div class=\"wpcf7 no-js\" id=\"wpcf7-f162-o1\" lang=\"en-US\" dir=\"ltr\" data-wpcf7-id=\"162\">\n<div class=\"screen-reader-response\"><p role=\"status\" aria-live=\"polite\" aria-atomic=\"true\"><\/p> <ul><\/ul><\/div>\n<form action=\"\/es\/wp-json\/wp\/v2\/product\/5788#wpcf7-f162-o1\" method=\"post\" class=\"wpcf7-form init\" aria-label=\"Contact form\" novalidate=\"novalidate\" data-status=\"init\">\n<fieldset class=\"hidden-fields-container\"><input type=\"hidden\" name=\"_wpcf7\" value=\"162\" \/><input type=\"hidden\" name=\"_wpcf7_version\" value=\"6.1.5\" \/><input type=\"hidden\" name=\"_wpcf7_locale\" value=\"en_US\" \/><input type=\"hidden\" name=\"_wpcf7_unit_tag\" value=\"wpcf7-f162-o1\" \/><input type=\"hidden\" name=\"_wpcf7_container_post\" value=\"0\" \/><input type=\"hidden\" name=\"_wpcf7_posted_data_hash\" value=\"\" \/><input type=\"hidden\" name=\"_wpcf7_recaptcha_response\" value=\"\" \/>\n<\/fieldset>\n<div class=\"form-contact\">\n\t<div class=\"form-contact__fields-short\">\n\t\t<div class=\"form-contact__item-short\">\n\t\t\t<p><span class=\"wpcf7-form-control-wrap\" data-name=\"text-277\"><input size=\"40\" maxlength=\"400\" class=\"wpcf7-form-control wpcf7-text wpcf7-validates-as-required\" aria-required=\"true\" aria-invalid=\"false\" placeholder=\"Your name\" value=\"\" type=\"text\" name=\"text-277\" \/><\/span>\n\t\t\t<\/p>\n\t\t<\/div>\n\t\t<div class=\"form-contact__item-short\">\n\t\t\t<p><span class=\"wpcf7-form-control-wrap\" data-name=\"email-563\"><input size=\"40\" maxlength=\"400\" class=\"wpcf7-form-control wpcf7-email wpcf7-validates-as-required wpcf7-text wpcf7-validates-as-email\" aria-required=\"true\" aria-invalid=\"false\" placeholder=\"Email\" value=\"\" type=\"email\" name=\"email-563\" \/><\/span>\n\t\t\t<\/p>\n\t\t<\/div>\n\t<\/div>\n\t<div class=\"form-contact__fields-short\">\n\t\t<p><span class=\"wpcf7-form-control-wrap\" data-name=\"text-278\"><input size=\"40\" maxlength=\"400\" class=\"wpcf7-form-control wpcf7-text wpcf7-validates-as-required\" aria-required=\"true\" aria-invalid=\"false\" placeholder=\"Subject\" value=\"\" type=\"text\" name=\"text-278\" \/><\/span>\n\t\t<\/p>\n\t<\/div>\n\t<p><span class=\"wpcf7-form-control-wrap\" data-name=\"textarea-287\"><textarea cols=\"0\" rows=\"0\" maxlength=\"2000\" class=\"wpcf7-form-control wpcf7-textarea\" aria-invalid=\"false\" placeholder=\"Message\" name=\"textarea-287\"><\/textarea><\/span><br \/>\n<button type=\"submit\" class=\"button button--style1 button--with-icon\"><i class=\"fa fa-paper-plane\"><\/i>Send<\/button>\n\t<\/p>\n<\/div><div class=\"wpcf7-response-output\" aria-hidden=\"true\"><\/div>\n<\/form>\n<\/div><p>&nbsp;<\/p>\n<\/div>","protected":false},"excerpt":{"rendered":"<p>Disfrute explorando la naturaleza con un paseo en barco por una costa con abundante vida marina donde observar\u00e1 leones marinos, aves marinas y pesca artesanal. Tambi\u00e9n tendr\u00e1 la oportunidad de montar un Caballo Peruano de Paso, raza ampliamente conocida como el mejor caballo de silla, por su suave andar y elegante paso sobre el mar y el valle cercano. El almuerzo se tomar\u00e1 en un restaurante campestre. Retorno a Lima.<\/p>\n","protected":false},"featured_media":1604,"comment_status":"closed","ping_status":"closed","template":"","meta":[],"product_brand":[],"product_cat":[79],"product_tag":[],"class_list":{"0":"post-5788","1":"product","2":"type-product","3":"status-publish","4":"has-post-thumbnail","6":"product_cat-lima-is-more-es","7":"tour_category-private-tours","9":"first","10":"instock","11":"shipping-taxable","12":"purchasable","13":"product-type-tour"},"_links":{"self":[{"href":"https:\/\/site.limamentor.com\/es\/wp-json\/wp\/v2\/product\/5788","targetHints":{"allow":["GET"]}}],"collection":[{"href":"https:\/\/site.limamentor.com\/es\/wp-json\/wp\/v2\/product"}],"about":[{"href":"https:\/\/site.limamentor.com\/es\/wp-json\/wp\/v2\/types\/product"}],"replies":[{"embeddable":true,"href":"https:\/\/site.limamentor.com\/es\/wp-json\/wp\/v2\/comments?post=5788"}],"wp:featuredmedia":[{"embeddable":true,"href":"https:\/\/site.limamentor.com\/es\/wp-json\/wp\/v2\/media\/1604"}],"wp:attachment":[{"href":"https:\/\/site.limamentor.com\/es\/wp-json\/wp\/v2\/media?parent=5788"}],"wp:term":[{"taxonomy":"product_brand","embeddable":true,"href":"https:\/\/site.limamentor.com\/es\/wp-json\/wp\/v2\/product_brand?post=5788"},{"taxonomy":"product_cat","embeddable":true,"href":"https:\/\/site.limamentor.com\/es\/wp-json\/wp\/v2\/product_cat?post=5788"},{"taxonomy":"product_tag","embeddable":true,"href":"https:\/\/site.limamentor.com\/es\/wp-json\/wp\/v2\/product_tag?post=5788"}],"curies":[{"name":"wp","href":"https:\/\/api.w.org\/{rel}","templated":true}]}}