{"id":5860,"date":"2017-02-17T19:44:32","date_gmt":"2017-02-18T00:44:32","guid":{"rendered":"https:\/\/www.limamentor.com\/product\/full-day-nazca-lines-huacachina-vineyards\/"},"modified":"2023-11-06T17:36:01","modified_gmt":"2023-11-06T22:36:01","slug":"full-day-nazca-lines-huacachina-vineyards","status":"publish","type":"product","link":"https:\/\/site.limamentor.com\/es\/tours\/full-day-nazca-lines-huacachina-vineyards\/","title":{"rendered":"D\u00eda Completo Ica, Huacachina &#038; Vi\u00f1edos"},"content":{"rendered":"<ul>\n<li>Salida desde Lima a lea en un recorrido por carretera durante 4 horas.<\/li>\n<li>Visita a la Laguna Huacachina, un oasis en el desierto.<\/li>\n<li>Posibilidad de hacer sandboarding y dar un paseo en los areneros o tubulares.<\/li>\n<li>Disfrute de la gastronom\u00eda tradicional visitando un restaurante local. Tambi\u00e9n podr\u00e1n aprender de la producci\u00f3n vin\u00edcola y de pisco en la regi\u00f3n.<\/li>\n<li>Regreso a Lima, despu\u00e9s de un d\u00eda completo. Posibilidad de partir m\u00e1s temprano para tener tiempo y visitar Islas Ballestas.<\/li>\n<\/ul>\n<p>&nbsp;<\/p>\n<table class=\"table table-bordered tours-tabs__table\" style=\"height: 233px;\" width=\"862\">\n<tbody>\n<tr>\n<td><strong>SALIDA Y REGRESO<\/strong><\/td>\n<td>Comienzo y fin en hotel de Mir aflores o San Isidro.<\/td>\n<\/tr>\n<tr>\n<td><strong>DURACI\u00d3N<\/strong><\/td>\n<td>12 horas<\/td>\n<\/tr>\n<tr>\n<td><strong>INCLUYE<\/strong><\/td>\n<td>\n<table class=\"table table-bordered\" style=\"height: 62px;\" width=\"300\">\n<tbody>\n<tr>\n<td><i class=\"fa fa-check icon-tick icon-tick--on\"><\/i>Conductor experto en los atractivos del \u00e1rea.<\/td>\n<td><i class=\"fa fa-check icon-tick icon-tick--on\"><\/i>Transporte en auto sedan o minivan<\/td>\n<\/tr>\n<tr>\n<td><i class=\"fa fa-check icon-tick icon-tick--on\"><\/i>Agua embotellada<\/td>\n<td><\/td>\n<\/tr>\n<\/tbody>\n<\/table>\n<\/td>\n<\/tr>\n<\/tbody>\n<\/table>\n<p>&nbsp;<\/p>\n<p>&nbsp;<\/p>\n<p><strong>No incluye_gu\u00eda ni almuerzo<\/strong><\/p>\n<p>Precio Por persona: US$190 si son 2 participantes; US$111 si son 4; US$90 si son 6<\/p>\n<p>En Feriados: Enero 1, Jueves Santo, Viernes Santo, Mayo 1, Julio 28, Julio 29, Diciembre 24, Diciembre 25 y Diciembre 31 hay un cargo del 50%.<\/p>\n<p><em><strong>Este tour lo podemos <a href=\"https:\/\/www.limamentor.com\/es\/tours-hechos-a-medida\/\">hacer a medida<\/a> y modificar el precio dependiendo del n\u00famero de participantes<\/strong><\/em><\/p>\n\n<div class=\"wpcf7 no-js\" id=\"wpcf7-f162-o1\" lang=\"en-US\" dir=\"ltr\" data-wpcf7-id=\"162\">\n<div class=\"screen-reader-response\"><p role=\"status\" aria-live=\"polite\" aria-atomic=\"true\"><\/p> <ul><\/ul><\/div>\n<form action=\"\/es\/wp-json\/wp\/v2\/product\/5860#wpcf7-f162-o1\" method=\"post\" class=\"wpcf7-form init\" aria-label=\"Contact form\" novalidate=\"novalidate\" data-status=\"init\">\n<fieldset class=\"hidden-fields-container\"><input type=\"hidden\" name=\"_wpcf7\" value=\"162\" \/><input type=\"hidden\" name=\"_wpcf7_version\" value=\"6.1.5\" \/><input type=\"hidden\" name=\"_wpcf7_locale\" value=\"en_US\" \/><input type=\"hidden\" name=\"_wpcf7_unit_tag\" value=\"wpcf7-f162-o1\" \/><input type=\"hidden\" name=\"_wpcf7_container_post\" value=\"0\" \/><input type=\"hidden\" name=\"_wpcf7_posted_data_hash\" value=\"\" \/><input type=\"hidden\" name=\"_wpcf7_recaptcha_response\" value=\"\" \/>\n<\/fieldset>\n<div class=\"form-contact\">\n\t<div class=\"form-contact__fields-short\">\n\t\t<div class=\"form-contact__item-short\">\n\t\t\t<p><span class=\"wpcf7-form-control-wrap\" data-name=\"text-277\"><input size=\"40\" maxlength=\"400\" class=\"wpcf7-form-control wpcf7-text wpcf7-validates-as-required\" aria-required=\"true\" aria-invalid=\"false\" placeholder=\"Your name\" value=\"\" type=\"text\" name=\"text-277\" \/><\/span>\n\t\t\t<\/p>\n\t\t<\/div>\n\t\t<div class=\"form-contact__item-short\">\n\t\t\t<p><span class=\"wpcf7-form-control-wrap\" data-name=\"email-563\"><input size=\"40\" maxlength=\"400\" class=\"wpcf7-form-control wpcf7-email wpcf7-validates-as-required wpcf7-text wpcf7-validates-as-email\" aria-required=\"true\" aria-invalid=\"false\" placeholder=\"Email\" value=\"\" type=\"email\" name=\"email-563\" \/><\/span>\n\t\t\t<\/p>\n\t\t<\/div>\n\t<\/div>\n\t<div class=\"form-contact__fields-short\">\n\t\t<p><span class=\"wpcf7-form-control-wrap\" data-name=\"text-278\"><input size=\"40\" maxlength=\"400\" class=\"wpcf7-form-control wpcf7-text wpcf7-validates-as-required\" aria-required=\"true\" aria-invalid=\"false\" placeholder=\"Subject\" value=\"\" type=\"text\" name=\"text-278\" \/><\/span>\n\t\t<\/p>\n\t<\/div>\n\t<p><span class=\"wpcf7-form-control-wrap\" data-name=\"textarea-287\"><textarea cols=\"0\" rows=\"0\" maxlength=\"2000\" class=\"wpcf7-form-control wpcf7-textarea\" aria-invalid=\"false\" placeholder=\"Message\" name=\"textarea-287\"><\/textarea><\/span><br \/>\n<button type=\"submit\" class=\"button button--style1 button--with-icon\"><i class=\"fa fa-paper-plane\"><\/i>Send<\/button>\n\t<\/p>\n<\/div><div class=\"wpcf7-response-output\" aria-hidden=\"true\"><\/div>\n<\/form>\n<\/div>\n\n","protected":false},"excerpt":{"rendered":"<p>Un programa de 12 horas para sobrevolar las enigm\u00e1ticas L\u00edneas de Nazca, visitar el Oasis de la Huacachina, conocer los vi\u00f1edos y el Museo Regional de Ica.<\/p>\n","protected":false},"featured_media":6065,"comment_status":"closed","ping_status":"closed","template":"","meta":[],"product_brand":[],"product_cat":[94],"product_tag":[],"class_list":{"0":"post-5860","1":"product","2":"type-product","3":"status-publish","4":"has-post-thumbnail","6":"product_cat-around-lima-es","7":"tour_category-private-tours","9":"first","10":"instock","11":"shipping-taxable","12":"purchasable","13":"product-type-tour"},"_links":{"self":[{"href":"https:\/\/site.limamentor.com\/es\/wp-json\/wp\/v2\/product\/5860","targetHints":{"allow":["GET"]}}],"collection":[{"href":"https:\/\/site.limamentor.com\/es\/wp-json\/wp\/v2\/product"}],"about":[{"href":"https:\/\/site.limamentor.com\/es\/wp-json\/wp\/v2\/types\/product"}],"replies":[{"embeddable":true,"href":"https:\/\/site.limamentor.com\/es\/wp-json\/wp\/v2\/comments?post=5860"}],"wp:featuredmedia":[{"embeddable":true,"href":"https:\/\/site.limamentor.com\/es\/wp-json\/wp\/v2\/media\/6065"}],"wp:attachment":[{"href":"https:\/\/site.limamentor.com\/es\/wp-json\/wp\/v2\/media?parent=5860"}],"wp:term":[{"taxonomy":"product_brand","embeddable":true,"href":"https:\/\/site.limamentor.com\/es\/wp-json\/wp\/v2\/product_brand?post=5860"},{"taxonomy":"product_cat","embeddable":true,"href":"https:\/\/site.limamentor.com\/es\/wp-json\/wp\/v2\/product_cat?post=5860"},{"taxonomy":"product_tag","embeddable":true,"href":"https:\/\/site.limamentor.com\/es\/wp-json\/wp\/v2\/product_tag?post=5860"}],"curies":[{"name":"wp","href":"https:\/\/api.w.org\/{rel}","templated":true}]}}