{"id":2720,"date":"2017-03-11T15:06:50","date_gmt":"2017-03-11T20:06:50","guid":{"rendered":"https:\/\/www.limamentor.com\/tours-fait-sur-mesure\/"},"modified":"2017-03-11T15:26:31","modified_gmt":"2017-03-11T20:26:31","slug":"tours-fait-sur-mesure","status":"publish","type":"page","link":"https:\/\/site.limamentor.com\/fr\/tours-fait-sur-mesure\/","title":{"rendered":"Tours fait sur mesure"},"content":{"rendered":"<div class=\"wpb-content-wrapper\"><p>[vc_row][vc_column][vc_custom_heading text=&#8221;Tous les circuits peuvent \u00eatre mis en place selon vos pr\u00e9f\u00e9rences. Nous pouvons \u00e9laborer un programme en accord avec ce que vous d\u00e9sirez et le temps dont vous disposez. Nous pouvons combiner certains circuits qui apparaissent sur notre site internet, modifier certains d\u00e9tails, supprimer des lieux et en rajouter d\u2019autres afin d\u2019obtenir \u00ab votre circuit \u00bb.&#8221; font_container=&#8221;tag:h3|text_align:justify&#8221; use_theme_fonts=&#8221;yes&#8221;][\/vc_column][\/vc_row][vc_row][vc_column width=&#8221;1\/2&#8243;][vc_column_text]<\/p>\n<h3>Tours \u00e0 Lima<\/h3>\n<ul>\n<li>Des circuits sur mesure familiaux (avec si\u00e8ge-auto pour b\u00e9b\u00e9 et activit\u00e9s amusantes de d\u00e9couvertes).<\/li>\n<li>Des circuits \u00e9ducatifs (avec quelques d\u00e9fis).<\/li>\n<li>Des circuits guid\u00e9s en chinois (ou autres langues \u00e9trang\u00e8res, como russe, etc).<\/li>\n<li>Des voyages corporatifs en commen\u00e7ant l\u2019apr\u00e8s-midi\/le soir, des circuits pour de grands groups.<\/li>\n<li>Des circuits qui d\u00e9butent et se terminent \u00e0 l\u2019a\u00e9roport.<\/li>\n<li>Des circuits avec des guides sp\u00e9cialis\u00e9s tels que des anthropologues, des architectes, des sociologues, des arch\u00e9ologues, etc.<\/li>\n<li>Des circuits avec des sp\u00e9cialistes en ornithology.<\/li>\n<li>Des circuits avec des photographes, etc.<\/li>\n<\/ul>\n<p>[\/vc_column_text][\/vc_column][vc_column width=&#8221;1\/2&#8243;][vc_single_image image=&#8221;2688&#8243; img_size=&#8221;large&#8221; css_animation=&#8221;fadeIn&#8221;][\/vc_column][\/vc_row][vc_row][vc_column][vc_empty_space][\/vc_column][\/vc_row][vc_row][vc_column width=&#8221;1\/2&#8243; css=&#8221;.vc_custom_1489258245868{margin: 15px !important;}&#8221;][vc_single_image image=&#8221;2683&#8243; img_size=&#8221;large&#8221; alignment=&#8221;right&#8221; css_animation=&#8221;fadeIn&#8221;][\/vc_column][vc_column width=&#8221;1\/2&#8243;][vc_column_text]<\/p>\n<h3>Quelques circuits que nous pouvons organiser et qui n\u2019apparaissent pas dans notre programme:<\/h3>\n<ul>\n<li>Visite du Cementerio Presb\u00edtero Maestro (cimeti\u00e8re).<\/li>\n<li>Faire du v\u00e9lo dans les collines et les vall\u00e9es.<\/li>\n<li>Faire du parapente sur la Costa Verde.<\/li>\n<li>Des circuits \u00e0 v\u00e9lo dans la ville.<\/li>\n<li>Faire du kayak dans l\u2019Oc\u00e9an Pacifique.<\/li>\n<li>Observation de dauphins sur la plage de Pucusana.<\/li>\n<li>Visites de galeries d\u2019art.<\/li>\n<li>Un dialogue et d\u2019avoir une approche holistique.<\/li>\n<li>R\u00e9server et sugg\u00e9rer certaines pi\u00e8ces de th\u00e9\u00e2tre ou certains spectacles musicaux.<\/li>\n<li>Des transferts aller-retour de l\u2019a\u00e9roport \u00e0 votre h\u00f4tel..<\/li>\n<\/ul>\n<p>[\/vc_column_text][\/vc_column][\/vc_row][vc_row][vc_column][vc_empty_space][\/vc_column][\/vc_row]<\/p>\n<\/div>","protected":false},"excerpt":{"rendered":"<p>[vc_row][vc_column][vc_custom_heading text=&#8221;Tous les circuits peuvent \u00eatre mis en place selon vos pr\u00e9f\u00e9rences. Nous pouvons \u00e9laborer un programme en accord avec ce que vous d\u00e9sirez et le temps dont vous disposez. Nous pouvons combiner certains circuits qui apparaissent sur notre site internet, modifier certains d\u00e9tails, supprimer des lieux et en rajouter d\u2019autres afin d\u2019obtenir \u00ab votre<\/p>\n<div class=\"padding-top text-center\"><a href=\"https:\/\/site.limamentor.com\/fr\/tours-fait-sur-mesure\/\" class=\"atbtn atbtn--medium atbtn--rounded atbtn--transparent\">Read more<i class=\"atbtn__icon atbtn__icon--right fa fa-long-arrow-right\"><\/i><\/a><\/div>\n","protected":false},"author":9,"featured_media":0,"parent":0,"menu_order":0,"comment_status":"closed","ping_status":"closed","template":"","meta":{"footnotes":""},"class_list":["post-2720","page","type-page","status-publish","hentry"],"_links":{"self":[{"href":"https:\/\/site.limamentor.com\/fr\/wp-json\/wp\/v2\/pages\/2720","targetHints":{"allow":["GET"]}}],"collection":[{"href":"https:\/\/site.limamentor.com\/fr\/wp-json\/wp\/v2\/pages"}],"about":[{"href":"https:\/\/site.limamentor.com\/fr\/wp-json\/wp\/v2\/types\/page"}],"author":[{"embeddable":true,"href":"https:\/\/site.limamentor.com\/fr\/wp-json\/wp\/v2\/users\/9"}],"replies":[{"embeddable":true,"href":"https:\/\/site.limamentor.com\/fr\/wp-json\/wp\/v2\/comments?post=2720"}],"version-history":[{"count":0,"href":"https:\/\/site.limamentor.com\/fr\/wp-json\/wp\/v2\/pages\/2720\/revisions"}],"wp:attachment":[{"href":"https:\/\/site.limamentor.com\/fr\/wp-json\/wp\/v2\/media?parent=2720"}],"curies":[{"name":"wp","href":"https:\/\/api.w.org\/{rel}","templated":true}]}}