{"id":5109,"date":"2017-01-25T23:33:10","date_gmt":"2017-01-25T23:33:10","guid":{"rendered":"https:\/\/www.limamentor.com\/why-lima-mentor\/"},"modified":"2023-12-07T10:40:37","modified_gmt":"2023-12-07T15:40:37","slug":"why-lima-mentor","status":"publish","type":"page","link":"https:\/\/site.limamentor.com\/fr\/why-lima-mentor\/","title":{"rendered":"POURQUOI LIMA MENTOR"},"content":{"rendered":"<div class=\"wpb-content-wrapper\"><p>[vc_row full_height=&#8221;yes&#8221; equal_height=&#8221;yes&#8221; content_placement=&#8221;middle&#8221;][vc_column width=&#8221;1\/2&#8243;][vc_custom_heading text=&#8221;Lima Mentor est le principal fournisseur p\u00e9ruvien de circuits sp\u00e9cialis\u00e9s dans la ville de Lima &#8211; ses sites touristiques, son histoire, sa culture et ses saveurs. Nous avons cr\u00e9\u00e9 des circuits uniques vous permettant, en tant que visiteur, de d\u00e9couvrir le meilleur de cette ville florissante. Et si vous ne voyez pas exactement ce que vous voulez dans notre menu, nous serons heureux de personnaliser la visite id\u00e9ale pour vous et votre groupe. Nous concevons \u00e9galement de superbes itin\u00e9raires \u00e0 travers le P\u00e9rou et l&#8217;Am\u00e9rique du Sud.&#8221; font_container=&#8221;tag:h3|text_align:left&#8221; use_theme_fonts=&#8221;yes&#8221;][vc_column_text]Nos guides touristiques ont \u00e9t\u00e9 soigneusement choisis pour garantir q<strong>ue votre exp\u00e9rience \u00e0 Lima sera unique.<\/strong> Nos directeurs de tourn\u00e9e sont des professionnels qui connaissent <strong>notre histoire, notre architecture, notre art, notre gastronomie et notre litt\u00e9rature et qui ont un int\u00e9r\u00eat particulier<\/strong> pour notre patrimoine afin de vous offrir la meilleure exp\u00e9rience \u00e0 Lima. Ils seront affect\u00e9s en fonction de vos int\u00e9r\u00eats et de votre profil.[\/vc_column_text][\/vc_column][vc_column width=&#8221;1\/2&#8243;][vc_video link=&#8221;https:\/\/youtu.be\/Xdd08xslTSc&#8221; align=&#8221;center&#8221;][\/vc_column][\/vc_row][vc_row full_height=&#8221;yes&#8221; equal_height=&#8221;yes&#8221;][vc_column width=&#8221;1\/2&#8243;][vc_images_carousel images=&#8221;6104&#8243; img_size=&#8221;full&#8221; autoplay=&#8221;yes&#8221; hide_pagination_control=&#8221;yes&#8221; hide_prev_next_buttons=&#8221;yes&#8221; wrap=&#8221;yes&#8221;][\/vc_column][vc_column width=&#8221;1\/2&#8243;][vc_row_inner css=&#8221;.vc_custom_1491325862292{margin-top: 0px !important;margin-right: 0px !important;margin-bottom: 0px !important;margin-left: 0px !important;padding-top: 0px !important;padding-right: 0px !important;padding-bottom: 0px !important;padding-left: 0px !important;}&#8221;][vc_column_inner width=&#8221;1\/12&#8243; css=&#8221;.vc_custom_1491264034340{margin-top: 0px !important;margin-right: 0px !important;margin-bottom: 0px !important;margin-left: 0px !important;padding-top: 0px !important;padding-right: 0px !important;padding-bottom: 0px !important;padding-left: 0px !important;}&#8221;][vc_icon type=&#8221;material&#8221; icon_material=&#8221;vc-material vc-material-adjust&#8221; color=&#8221;custom&#8221; custom_color=&#8221;#34afe3&#8243; css=&#8221;.vc_custom_1491262361307{margin: 0px !important;padding: 0px !important;}&#8221;][\/vc_column_inner][vc_column_inner width=&#8221;11\/12&#8243; css=&#8221;.vc_custom_1491263741005{margin-top: 5px !important;margin-right: 0px !important;margin-bottom: 0px !important;margin-left: 0px !important;padding-top: 0px !important;padding-right: 0px !important;padding-bottom: 0px !important;padding-left: 0px !important;}&#8221;][vc_column_text el_class=&#8221;quitarBorde&#8221; css=&#8221;.vc_custom_1655409213950{margin-top: 10px !important;}&#8221;]Nous offrons une bonne valeur. Nos prix ont \u00e9t\u00e9 soigneusement optimiser afin d&#8217;offrir <strong>un bon produit \u00e0 un prix comp\u00e9titif<\/strong> sur le march\u00e9.[\/vc_column_text][\/vc_column_inner][\/vc_row_inner][vc_row_inner css=&#8221;.vc_custom_1491261405823{margin: 0px !important;padding: 0px !important;}&#8221;][vc_column_inner width=&#8221;1\/12&#8243; css=&#8221;.vc_custom_1491264379192{margin-top: 0px !important;margin-right: 0px !important;margin-bottom: 0px !important;margin-left: 0px !important;padding-top: 0px !important;padding-right: 0px !important;padding-bottom: 0px !important;padding-left: 0px !important;}&#8221;][vc_icon type=&#8221;material&#8221; icon_material=&#8221;vc-material vc-material-adjust&#8221; color=&#8221;custom&#8221; custom_color=&#8221;#34afe3&#8243; css=&#8221;.vc_custom_1491264402112{margin-top: 0px !important;margin-right: 0px !important;margin-bottom: 0px !important;margin-left: 0px !important;padding-top: 0px !important;padding-right: 0px !important;padding-bottom: 0px !important;padding-left: 0px !important;}&#8221;][\/vc_column_inner][vc_column_inner width=&#8221;11\/12&#8243; css=&#8221;.vc_custom_1491264986169{margin: 0px !important;padding: 0px !important;}&#8221;][vc_column_text el_class=&#8221;quitarBorde&#8221; css=&#8221;.vc_custom_1655409250133{margin-top: 15px !important;margin-right: 0px !important;margin-bottom: 0px !important;margin-left: 0px !important;padding-top: 0px !important;padding-right: 0px !important;padding-bottom: 0px !important;padding-left: 0px !important;}&#8221;]Nous travaillons constamment<strong> \u00e0 l&#8217;am\u00e9lioration de nos circuits.<\/strong>[\/vc_column_text][\/vc_column_inner][\/vc_row_inner][vc_row_inner css=&#8221;.vc_custom_1491325900384{margin-top: 0px !important;margin-right: 0px !important;margin-bottom: 0px !important;margin-left: 0px !important;padding-top: 0px !important;padding-right: 0px !important;padding-bottom: 0px !important;padding-left: 0px !important;}&#8221;][vc_column_inner width=&#8221;1\/12&#8243; css=&#8221;.vc_custom_1491325768968{margin-top: 0px !important;margin-right: 0px !important;margin-bottom: 0px !important;margin-left: 0px !important;padding-top: 0px !important;padding-right: 0px !important;padding-bottom: 0px !important;padding-left: 0px !important;}&#8221;][vc_icon type=&#8221;material&#8221; icon_material=&#8221;vc-material vc-material-adjust&#8221; color=&#8221;custom&#8221; custom_color=&#8221;#34afe3&#8243; css=&#8221;.vc_custom_1491262657627{margin: 0px !important;padding: 0px !important;}&#8221;][\/vc_column_inner][vc_column_inner width=&#8221;11\/12&#8243; css=&#8221;.vc_custom_1491276259919{margin: 0px !important;padding: 0px !important;}&#8221;][vc_column_text el_class=&#8221;quitarBorde&#8221; css=&#8221;.vc_custom_1655409278748{margin-top: 10px !important;margin-right: 0px !important;margin-bottom: 0px !important;margin-left: 0px !important;padding-top: 0px !important;padding-right: 0px !important;padding-bottom: 0px !important;padding-left: 0px !important;}&#8221;]Nous aimons travailler sur <strong>des itin\u00e9raires nouveaux et alternatifs.<\/strong>[\/vc_column_text][\/vc_column_inner][\/vc_row_inner][vc_row_inner css=&#8221;.vc_custom_1491261506289{margin: 0px !important;padding: 0px !important;}&#8221;][vc_column_inner width=&#8221;1\/12&#8243; css=&#8221;.vc_custom_1491259595091{margin-top: 0px !important;margin-right: 0px !important;margin-bottom: 0px !important;margin-left: 0px !important;}&#8221;][vc_icon type=&#8221;material&#8221; icon_material=&#8221;vc-material vc-material-adjust&#8221; color=&#8221;custom&#8221; custom_color=&#8221;#34afe3&#8243; css=&#8221;.vc_custom_1491262627054{margin: 0px !important;padding: 0px !important;}&#8221;][\/vc_column_inner][vc_column_inner width=&#8221;11\/12&#8243;][vc_column_text el_class=&#8221;quitarBorde&#8221; css=&#8221;.vc_custom_1655409306935{margin-top: 10px !important;margin-right: 0px !important;margin-bottom: 0px !important;margin-left: 0px !important;padding-top: 0px !important;padding-right: 0px !important;padding-bottom: 0px !important;padding-left: 0px !important;}&#8221;]S&#8217;il y a un quelconque inconv\u00e9nient ou malentendu li\u00e9 \u00e0 nos services, <strong>nous reconna\u00eetrons la situation et y rem\u00e9dierons<\/strong> en cons\u00e9quence.[\/vc_column_text][\/vc_column_inner][\/vc_row_inner][vc_row_inner css=&#8221;.vc_custom_1491325917626{margin-top: 0px !important;margin-right: 0px !important;margin-bottom: 0px !important;margin-left: 0px !important;padding-top: 0px !important;padding-right: 0px !important;padding-bottom: 0px !important;padding-left: 0px !important;}&#8221;][vc_column_inner width=&#8221;1\/12&#8243; css=&#8221;.vc_custom_1491328007811{margin-top: 0px !important;margin-right: 0px !important;margin-bottom: 0px !important;margin-left: 0px !important;padding-top: 0px !important;padding-right: 0px !important;padding-bottom: 0px !important;padding-left: 0px !important;}&#8221;][vc_icon type=&#8221;material&#8221; icon_material=&#8221;vc-material vc-material-adjust&#8221; color=&#8221;custom&#8221; custom_color=&#8221;#34afe3&#8243; css=&#8221;.vc_custom_1491328048484{margin: 0px !important;padding: 0px !important;}&#8221;][\/vc_column_inner][vc_column_inner width=&#8221;11\/12&#8243;][vc_column_text el_class=&#8221;quitarBorde&#8221; css=&#8221;.vc_custom_1655409359372{margin-top: 10px !important;margin-right: 0px !important;margin-bottom: 0px !important;margin-left: 0px !important;padding-top: 0px !important;padding-right: 0px !important;padding-bottom: 0px !important;padding-left: 0px !important;}&#8221;]Nous avons des politiques <strong>d&#8217;ENVIRONNEMENT PROPRE<\/strong> en<\/p>\n<p>(1) cr\u00e9er des visites partag\u00e9es permettant un transport pour plusieurs groupes, et (2) recyclant toutes les bouteilles en plastique.[\/vc_column_text][\/vc_column_inner][\/vc_row_inner][vc_row_inner css=&#8221;.vc_custom_1491261203609{margin: 0px !important;}&#8221;][vc_column_inner width=&#8221;1\/12&#8243; css=&#8221;.vc_custom_1491327960016{margin-top: 0px !important;margin-right: 0px !important;margin-bottom: 0px !important;margin-left: 0px !important;padding-top: 0px !important;padding-right: 0px !important;padding-bottom: 0px !important;padding-left: 0px !important;}&#8221;][vc_icon type=&#8221;material&#8221; icon_material=&#8221;vc-material vc-material-adjust&#8221; color=&#8221;custom&#8221; custom_color=&#8221;#34afe3&#8243; css=&#8221;.vc_custom_1491262599891{margin: 0px !important;padding: 0px !important;}&#8221;][\/vc_column_inner][vc_column_inner width=&#8221;11\/12&#8243;][vc_column_text el_class=&#8221;quitarBorde&#8221; css=&#8221;.vc_custom_1655409386606{margin-top: 10px !important;margin-right: 0px !important;margin-bottom: 0px !important;margin-left: 0px !important;padding-top: 0px !important;padding-right: 0px !important;padding-bottom: 0px !important;padding-left: 0px !important;}&#8221;]Nous avons <strong>plus de 20 ans d&#8217;exp\u00e9rience dans l&#8217;industrie du voyage<\/strong>, traitant avec la client\u00e8le la plus exigeante.[\/vc_column_text][\/vc_column_inner][\/vc_row_inner][\/vc_column][\/vc_row][vc_row css=&#8221;.vc_custom_1487870636204{margin-top: 30px !important;margin-bottom: 30px !important;}&#8221;][vc_column][vc_text_separator title=&#8221;Notre \u00c9quipe&#8221; el_class=&#8221;titulo&#8221;][vc_single_image image=&#8221;6089&#8243; img_size=&#8221;full&#8221; alignment=&#8221;center&#8221; style=&#8221;vc_box_outline&#8221;][\/vc_column][\/vc_row][vc_row css=&#8221;.vc_custom_1487870622199{margin-top: 30px !important;margin-bottom: 30px !important;}&#8221;][vc_column][vc_text_separator title=&#8221;Notre Guide en Fran\u00e7ais&#8221; el_class=&#8221;titulo&#8221;][vc_row_inner][vc_column_inner width=&#8221;1\/3&#8243;][\/vc_column_inner][vc_column_inner width=&#8221;1\/3&#8243;][vc_single_image image=&#8221;5203&#8243; img_size=&#8221;335&#215;335&#8243; alignment=&#8221;center&#8221; style=&#8221;vc_box_shadow_border&#8221;][vc_custom_heading text=&#8221;Gino&#8221; font_container=&#8221;tag:h2|text_align:center&#8221; use_theme_fonts=&#8221;yes&#8221;][vc_column_text]Je m&#8217;appelle Gino, guide officiel du P\u00e9rou et je travaille dans le secteur du tourisme depuis 2013. Pour l&#8217;instant, j&#8217;effectue des visites de Lima. Sinon, avant la pand\u00e9mie, j&#8217;accompagnais des groupes dans leur circuits dans le pays, notamment au sud. Je suis passionn\u00e9 par ce que je fais c&#8217;est la raison pour laquelle j&#8217;ai toujours donn\u00e9 le meilleur de moi-m\u00eame dans mes services guid\u00e9s. Je connais aussi bien Lima comme je connais le reste du P\u00e9rou. Le fait de travailler 9 ans dans le tourisme m&#8217;a apport\u00e9 beaucoup d&#8217;exp\u00e9rience dans l&#8217;accompagnement, mais aussi pour guider et surtout g\u00e9rer des groupes sans soucis. Comme guide touristique je suis ponctuel, responsable, passionn\u00e9 et \u00e0 l&#8217;\u00e9coute des passagers.[\/vc_column_text][\/vc_column_inner][vc_column_inner width=&#8221;1\/3&#8243;][\/vc_column_inner][\/vc_row_inner][\/vc_column][\/vc_row]<\/p>\n<\/div>","protected":false},"excerpt":{"rendered":"<p>[vc_row full_height=&#8221;yes&#8221; equal_height=&#8221;yes&#8221; content_placement=&#8221;middle&#8221;][vc_column width=&#8221;1\/2&#8243;][vc_custom_heading text=&#8221;Lima Mentor est le principal fournisseur p\u00e9ruvien de circuits sp\u00e9cialis\u00e9s dans la ville de Lima &#8211; ses sites touristiques, son histoire, sa culture et ses saveurs. Nous avons cr\u00e9\u00e9 des circuits uniques vous permettant, en tant que visiteur, de d\u00e9couvrir le meilleur de cette ville florissante. Et si vous ne<\/p>\n<div class=\"padding-top text-center\"><a href=\"https:\/\/site.limamentor.com\/fr\/why-lima-mentor\/\" class=\"atbtn atbtn--medium atbtn--rounded atbtn--transparent\">Read more<i class=\"atbtn__icon atbtn__icon--right fa fa-long-arrow-right\"><\/i><\/a><\/div>\n","protected":false},"author":9,"featured_media":0,"parent":0,"menu_order":0,"comment_status":"closed","ping_status":"closed","template":"","meta":{"footnotes":""},"class_list":["post-5109","page","type-page","status-publish","hentry"],"_links":{"self":[{"href":"https:\/\/site.limamentor.com\/fr\/wp-json\/wp\/v2\/pages\/5109","targetHints":{"allow":["GET"]}}],"collection":[{"href":"https:\/\/site.limamentor.com\/fr\/wp-json\/wp\/v2\/pages"}],"about":[{"href":"https:\/\/site.limamentor.com\/fr\/wp-json\/wp\/v2\/types\/page"}],"author":[{"embeddable":true,"href":"https:\/\/site.limamentor.com\/fr\/wp-json\/wp\/v2\/users\/9"}],"replies":[{"embeddable":true,"href":"https:\/\/site.limamentor.com\/fr\/wp-json\/wp\/v2\/comments?post=5109"}],"version-history":[{"count":5,"href":"https:\/\/site.limamentor.com\/fr\/wp-json\/wp\/v2\/pages\/5109\/revisions"}],"predecessor-version":[{"id":6116,"href":"https:\/\/site.limamentor.com\/fr\/wp-json\/wp\/v2\/pages\/5109\/revisions\/6116"}],"wp:attachment":[{"href":"https:\/\/site.limamentor.com\/fr\/wp-json\/wp\/v2\/media?parent=5109"}],"curies":[{"name":"wp","href":"https:\/\/api.w.org\/{rel}","templated":true}]}}