{"id":5478,"date":"2023-05-09T13:14:15","date_gmt":"2023-05-09T18:14:15","guid":{"rendered":"https:\/\/www.limamentor.com\/amazon-retreat\/"},"modified":"2023-05-09T13:14:15","modified_gmt":"2023-05-09T18:14:15","slug":"amazon-retreat","status":"publish","type":"page","link":"https:\/\/site.limamentor.com\/fr\/amazon-retreat\/","title":{"rendered":"Amazon Retreat"},"content":{"rendered":"<div class=\"wpb-content-wrapper\"><p>[vc_row][vc_column][vc_custom_heading text=&#8221;Tous les circuits peuvent \u00eatre mis en place selon vos pr\u00e9f\u00e9rences. Nous pouvons \u00e9laborer un programme en accord avec ce que vous d\u00e9sirez et le temps dont vous disposez. Nous pouvons combiner certains circuits qui apparaissent sur notre site internet, modifier certains d\u00e9tails, supprimer des lieux et en rajouter d\u2019autres afin d\u2019obtenir \u00ab votre circuit \u00bb.&#8221; font_container=&#8221;tag:h3|text_align:justify&#8221; use_theme_fonts=&#8221;yes&#8221;][\/vc_column][\/vc_row][vc_row][vc_column width=&#8221;1\/2&#8243;][vc_column_text]<\/p>\n<h3>Tours in Lima<\/h3>\n<ul>\n<li>Family Tours (with baby car seats and\/or fun activities, exploring activities)<\/li>\n<li>Educational Tours (with challenges)<\/li>\n<li>Programs in an specific language: Chinese speaking guide, Russian speaking guide, etc.<\/li>\n<li>Corporate Tours (only tours in the late afternoon, transportation available, large buses)<\/li>\n<li>Tours starting and ending at Lima airport.<\/li>\n<li>Programs with specialists like anthropologists, architects, sociologists, archaeologist<\/li>\n<li>Birdwatching Tours<\/li>\n<li>Photography tours leaded by professional photographers<\/li>\n<\/ul>\n<p>[\/vc_column_text][\/vc_column][vc_column width=&#8221;1\/2&#8243;][vc_single_image image=&#8221;2689&#8243; img_size=&#8221;large&#8221; css_animation=&#8221;fadeIn&#8221;][\/vc_column][\/vc_row][vc_row][vc_column][vc_empty_space][\/vc_column][\/vc_row][vc_row][vc_column width=&#8221;1\/2&#8243; css=&#8221;.vc_custom_1489258245868{margin: 15px !important;}&#8221;][vc_single_image image=&#8221;2684&#8243; img_size=&#8221;large&#8221; alignment=&#8221;right&#8221; css_animation=&#8221;fadeIn&#8221;][\/vc_column][vc_column width=&#8221;1\/2&#8243;][vc_column_text]<\/p>\n<h3>Tours not listed in our website, like:<\/h3>\n<ul>\n<li>Visiting the Presbitero Maestro Public Cemetery<\/li>\n<li>Mountain Biking in Lima<\/li>\n<li>Paragliding in Lima<\/li>\n<li>Biking Tours in the city<\/li>\n<li>Kayaking in the Pacific Ocean<\/li>\n<li>Dolphin observations in Pucucsana Beach<\/li>\n<li>Visit of Art Galleries<\/li>\n<li>Have an Holistic Approach with a local expertise<\/li>\n<li>Art encounter<\/li>\n<li>Personal Shopper<\/li>\n<li>Suggestions for Theater tickets, play or musical<\/li>\n<li>Transfers to and from LIM airport.<\/li>\n<\/ul>\n<p>[\/vc_column_text][\/vc_column][\/vc_row][vc_row][vc_column][vc_empty_space][\/vc_column][\/vc_row]<\/p>\n<\/div>","protected":false},"excerpt":{"rendered":"<p>[vc_row][vc_column][vc_custom_heading text=&#8221;Tous les circuits peuvent \u00eatre mis en place selon vos pr\u00e9f\u00e9rences. Nous pouvons \u00e9laborer un programme en accord avec ce que vous d\u00e9sirez et le temps dont vous disposez. Nous pouvons combiner certains circuits qui apparaissent sur notre site internet, modifier certains d\u00e9tails, supprimer des lieux et en rajouter d\u2019autres afin d\u2019obtenir \u00ab votre<\/p>\n<div class=\"padding-top text-center\"><a href=\"https:\/\/site.limamentor.com\/fr\/amazon-retreat\/\" class=\"atbtn atbtn--medium atbtn--rounded atbtn--transparent\">Read more<i class=\"atbtn__icon atbtn__icon--right fa fa-long-arrow-right\"><\/i><\/a><\/div>\n","protected":false},"author":9,"featured_media":0,"parent":0,"menu_order":0,"comment_status":"closed","ping_status":"closed","template":"","meta":{"footnotes":""},"class_list":["post-5478","page","type-page","status-publish","hentry"],"_links":{"self":[{"href":"https:\/\/site.limamentor.com\/fr\/wp-json\/wp\/v2\/pages\/5478","targetHints":{"allow":["GET"]}}],"collection":[{"href":"https:\/\/site.limamentor.com\/fr\/wp-json\/wp\/v2\/pages"}],"about":[{"href":"https:\/\/site.limamentor.com\/fr\/wp-json\/wp\/v2\/types\/page"}],"author":[{"embeddable":true,"href":"https:\/\/site.limamentor.com\/fr\/wp-json\/wp\/v2\/users\/9"}],"replies":[{"embeddable":true,"href":"https:\/\/site.limamentor.com\/fr\/wp-json\/wp\/v2\/comments?post=5478"}],"version-history":[{"count":3,"href":"https:\/\/site.limamentor.com\/fr\/wp-json\/wp\/v2\/pages\/5478\/revisions"}],"predecessor-version":[{"id":5481,"href":"https:\/\/site.limamentor.com\/fr\/wp-json\/wp\/v2\/pages\/5478\/revisions\/5481"}],"wp:attachment":[{"href":"https:\/\/site.limamentor.com\/fr\/wp-json\/wp\/v2\/media?parent=5478"}],"curies":[{"name":"wp","href":"https:\/\/api.w.org\/{rel}","templated":true}]}}