{"id":2855,"date":"2017-02-19T17:07:38","date_gmt":"2017-02-19T22:07:38","guid":{"rendered":"https:\/\/www.limamentor.com\/product\/pisco-la-fierte-du-perou\/"},"modified":"2017-03-27T16:01:01","modified_gmt":"2017-03-27T21:01:01","slug":"pisco-la-fierte-du-perou","status":"publish","type":"product","link":"https:\/\/site.limamentor.com\/fr\/tours\/pisco-la-fierte-du-perou\/","title":{"rendered":"Pisco, la Fiert\u00e9 du P\u00e9rou"},"content":{"rendered":"<ul>\n<li>Vous partirez avec votre guide sp\u00e9cialis\u00e9 pour visiter le quartier de Pueblo Libre qui maintient incios les maisons e haciendas de l&#8217;\u00e8re r\u00e9publicaine.<\/li>\n<li>Visitez un bar sp\u00e9cialis\u00e9 \u00e0 Pisco. \u00a0Apprenez-en davantage sur le Pisco, liqueur obtenue gr\u00e2ce \u00e0 la distillation de raisin d\u00e9licat.<\/li>\n<li>\u00e9couvrez comment faire notre fameux Pisco Sour et les Chilcanos de diff\u00e9rentes saveurs apr\u00e8s mac\u00e9ration.<\/li>\n<\/ul>\n<p>&nbsp;<\/p>\n<table class=\"table table-bordered tours-tabs__table\" style=\"height: 233px;\" width=\"862\">\n<tbody>\n<tr>\n<td><strong>DUR\u00c9E<\/strong><\/td>\n<td>2h:30<\/td>\n<\/tr>\n<tr>\n<td><strong>INCLUS<\/strong><\/td>\n<td>\n<table class=\"table table-bordered\" style=\"height: 62px;\" width=\"300\">\n<tbody>\n<tr>\n<td><i class=\"fa fa-check icon-tick icon-tick--on\"><\/i>Guide sp\u00e9cialis\u00e9<\/td>\n<td><i class=\"fa fa-check icon-tick icon-tick--on\"><\/i>Transport<\/td>\n<\/tr>\n<tr>\n<td><i class=\"fa fa-check icon-tick icon-tick--on\"><\/i>Pisco sour<\/td>\n<td><i class=\"fa fa-check icon-tick icon-tick--on\"><\/i>Chilcanos et snacks<\/td>\n<\/tr>\n<\/tbody>\n<\/table>\n<\/td>\n<\/tr>\n<\/tbody>\n<\/table>\n<p>Prix par personne: US$95 si 2 participants.<\/p>\n<p>Jours f\u00e9ri\u00e9s:Les 1er Janvier, Jeudi Saint, Vendredi Saint, 1er Mai, 28 Juillet, 29 Juillet, 24 D\u00e9cembre, 25 D\u00e9cembre et 31 D\u00e9cembre entra\u00eenent une charge suppl\u00e9mentaire de 50%.&#8221;<\/p>\n<p><em><strong>Nous pouvons <a href=\"https:\/\/www.limamentor.com\/fr\/tours-fait-sur-mesure\/\">adapter ce tour<\/a> et ajuster le prix en fonction du nombre de participants<\/strong><\/em><\/p>\n","protected":false},"excerpt":{"rendered":"<p>Apprenez-en davantage sur le Pisco, liqueur obtenue gr\u00e2ce \u00e0 la distillation de raisin d\u00e9licat. D\u00e9couvrez comment faire notre fameux Pisco Sour et les Chilcanos de diff\u00e9rentes saveurs apr\u00e8s mac\u00e9ration.<\/p>\n","protected":false},"featured_media":2007,"comment_status":"closed","ping_status":"closed","template":"","meta":[],"product_brand":[],"product_cat":[122],"product_tag":[],"class_list":{"0":"post-2855","1":"product","2":"type-product","3":"status-publish","4":"has-post-thumbnail","6":"product_cat-culinary-workshops-fr","7":"tour_category-visites-privees","9":"first","10":"instock","11":"virtual","12":"purchasable","13":"product-type-tour"},"_links":{"self":[{"href":"https:\/\/site.limamentor.com\/fr\/wp-json\/wp\/v2\/product\/2855","targetHints":{"allow":["GET"]}}],"collection":[{"href":"https:\/\/site.limamentor.com\/fr\/wp-json\/wp\/v2\/product"}],"about":[{"href":"https:\/\/site.limamentor.com\/fr\/wp-json\/wp\/v2\/types\/product"}],"replies":[{"embeddable":true,"href":"https:\/\/site.limamentor.com\/fr\/wp-json\/wp\/v2\/comments?post=2855"}],"wp:featuredmedia":[{"embeddable":true,"href":"https:\/\/site.limamentor.com\/fr\/wp-json\/wp\/v2\/media\/2007"}],"wp:attachment":[{"href":"https:\/\/site.limamentor.com\/fr\/wp-json\/wp\/v2\/media?parent=2855"}],"wp:term":[{"taxonomy":"product_brand","embeddable":true,"href":"https:\/\/site.limamentor.com\/fr\/wp-json\/wp\/v2\/product_brand?post=2855"},{"taxonomy":"product_cat","embeddable":true,"href":"https:\/\/site.limamentor.com\/fr\/wp-json\/wp\/v2\/product_cat?post=2855"},{"taxonomy":"product_tag","embeddable":true,"href":"https:\/\/site.limamentor.com\/fr\/wp-json\/wp\/v2\/product_tag?post=2855"}],"curies":[{"name":"wp","href":"https:\/\/api.w.org\/{rel}","templated":true}]}}