{"id":2858,"date":"2017-02-20T17:45:33","date_gmt":"2017-02-20T22:45:33","guid":{"rendered":"https:\/\/www.limamentor.com\/product\/lart-la-science-du-cafe\/"},"modified":"2017-03-27T16:00:48","modified_gmt":"2017-03-27T21:00:48","slug":"lart-la-science-du-cafe","status":"publish","type":"product","link":"https:\/\/site.limamentor.com\/fr\/tours\/lart-la-science-du-cafe\/","title":{"rendered":"L\u2019Art &#038; La Science du Caf\u00e9"},"content":{"rendered":"<ul>\n<li>Cet atelier est centr\u00e9 sur la curiosit\u00e9 et l\u2019enthousiasme d\u2019en savoir davantage sur le monde du caf\u00e9 et d\u2019apprendre les principales sortes de caf\u00e9 ainsi que les techniques pour pr\u00e9parer un expresso et un capuccino.<\/li>\n<li>Une exp\u00e9rience pour les sens dont aura la charge David Torres Bisetti, propri\u00e9taire de Tostadur\u00eda Bisetti.<\/li>\n<\/ul>\n<p>&nbsp;<\/p>\n<table class=\"table table-bordered tours-tabs__table\" style=\"height: 233px;\" width=\"862\">\n<tbody>\n<tr>\n<td><strong>DEPART\/RETOUR LOCATION<\/strong><\/td>\n<td>Tout h\u00f4tel situ\u00e9 \u00e0 Miraflores, San Isidro ou Barranco.<\/td>\n<\/tr>\n<tr>\n<td><strong>DUR\u00c9E<\/strong><\/td>\n<td>3\u00a0h<\/td>\n<\/tr>\n<tr>\n<td><strong>INCLUS<\/strong><\/td>\n<td>\n<table class=\"table table-bordered\" style=\"height: 62px;\" width=\"300\">\n<tbody>\n<tr>\n<td><i class=\"fa fa-check icon-tick icon-tick--on\"><\/i>Guide sp\u00e9cialis\u00e9.<\/td>\n<td><i class=\"fa fa-check icon-tick icon-tick--on\"><\/i>Transport<\/td>\n<\/tr>\n<tr>\n<td><i class=\"fa fa-check icon-tick icon-tick--on\"><\/i>\u00a0Caf\u00e9 et biscuits<\/td>\n<td><\/td>\n<\/tr>\n<\/tbody>\n<\/table>\n<\/td>\n<\/tr>\n<\/tbody>\n<\/table>\n<p>Jours f\u00e9ri\u00e9s: Les 1er Janvier, Jeudi Saint, Vendredi Saint, 1er Mai, 28 Juillet, 29 Juillet, 24 D\u00e9cembre, 25 D\u00e9cembre et 31 D\u00e9cembre entra\u00eenent une charge suppl\u00e9mentaire de 50%.<\/p>\n<p>Prix par personne: US$115 si 2 participants.<\/p>\n<p><em><strong>Nous pouvons <a href=\"https:\/\/www.limamentor.com\/fr\/tours-fait-sur-mesure\/\">adapter ce tour<\/a> et ajuster le prix en fonction du nombre de participants<\/strong><\/em><\/p>\n","protected":false},"excerpt":{"rendered":"<p>Une exp\u00e9rience pour les sens en charge des experts de le caf\u00e9 le plus prestigieux \u00e0 Lima: \u00a0Tostadur\u00eda Bisetti.<\/p>\n","protected":false},"featured_media":2273,"comment_status":"closed","ping_status":"closed","template":"","meta":[],"product_brand":[],"product_cat":[122],"product_tag":[],"class_list":{"0":"post-2858","1":"product","2":"type-product","3":"status-publish","4":"has-post-thumbnail","6":"product_cat-culinary-workshops-fr","7":"tour_category-visites-privees","9":"first","10":"instock","11":"virtual","12":"purchasable","13":"product-type-tour"},"_links":{"self":[{"href":"https:\/\/site.limamentor.com\/fr\/wp-json\/wp\/v2\/product\/2858","targetHints":{"allow":["GET"]}}],"collection":[{"href":"https:\/\/site.limamentor.com\/fr\/wp-json\/wp\/v2\/product"}],"about":[{"href":"https:\/\/site.limamentor.com\/fr\/wp-json\/wp\/v2\/types\/product"}],"replies":[{"embeddable":true,"href":"https:\/\/site.limamentor.com\/fr\/wp-json\/wp\/v2\/comments?post=2858"}],"wp:featuredmedia":[{"embeddable":true,"href":"https:\/\/site.limamentor.com\/fr\/wp-json\/wp\/v2\/media\/2273"}],"wp:attachment":[{"href":"https:\/\/site.limamentor.com\/fr\/wp-json\/wp\/v2\/media?parent=2858"}],"wp:term":[{"taxonomy":"product_brand","embeddable":true,"href":"https:\/\/site.limamentor.com\/fr\/wp-json\/wp\/v2\/product_brand?post=2858"},{"taxonomy":"product_cat","embeddable":true,"href":"https:\/\/site.limamentor.com\/fr\/wp-json\/wp\/v2\/product_cat?post=2858"},{"taxonomy":"product_tag","embeddable":true,"href":"https:\/\/site.limamentor.com\/fr\/wp-json\/wp\/v2\/product_tag?post=2858"}],"curies":[{"name":"wp","href":"https:\/\/api.w.org\/{rel}","templated":true}]}}