{"id":2864,"date":"2017-02-22T21:28:45","date_gmt":"2017-02-23T02:28:45","guid":{"rendered":"https:\/\/www.limamentor.com\/product\/marche-atelier-culinaire\/"},"modified":"2018-08-28T11:21:34","modified_gmt":"2018-08-28T16:21:34","slug":"marche-atelier-culinaire","status":"publish","type":"product","link":"https:\/\/site.limamentor.com\/fr\/tours\/marche-atelier-culinaire\/","title":{"rendered":"March\u00e9 &#038; Atelier Culinaire"},"content":{"rendered":"<ul>\n<li>Consid\u00e9r\u00e9e comme la capitale gastronomique d\u2019Am\u00e9rique, Lima a beaucoup \u00e0 offrir lorsqu\u2019il s\u2019agit de cuisine.<\/li>\n<li>Cet atelier vous propose de p\u00e9n\u00e9trer dans un restaurant local ou le chef cuisinier vous montrera comment pr\u00e9parer un ceviche, plat embl\u00e9matique de la c\u00f4te p\u00e9ruvienne \u00e0 base de poisson cru marin\u00e9 dans un jus de citron acide p\u00e9ruvien. Vous pourrez vous-m\u00eame vous y essayer avec l\u2019aide du chef.<\/li>\n<li>Va prouver la &#8220;Pisco Sour&#8221; et &#8220;Cause&#8221; faite avec des pommes de terre en pur\u00e9e avec le thon et aussi avec le crabe. prouver \u00e9galement le &#8220;Lomo saut\u00e9&#8221; plat \u00e0 base de b\u0153uf, l&#8217;oignon et les tomates saut\u00e9es.<\/li>\n<li>Et pour boire Chicha Morada et soude Inca Kola.<\/li>\n<\/ul>\n<p>&nbsp;<\/p>\n<table class=\"table table-bordered tours-tabs__table\" style=\"height: 233px;\" width=\"862\">\n<tbody>\n<tr>\n<td><strong>DUR\u00c9E<\/strong><\/td>\n<td>4\u00a0h<\/td>\n<\/tr>\n<tr>\n<td><strong>INCLUS<\/strong><\/td>\n<td>\n<table class=\"table table-bordered\" style=\"height: 62px;\" width=\"300\">\n<tbody>\n<tr>\n<td><i class=\"fa fa-check icon-tick icon-tick--on\"><\/i>Guide<\/td>\n<td><i class=\"fa fa-check icon-tick icon-tick--on\"><\/i>Transport<\/td>\n<\/tr>\n<tr>\n<td><i class=\"fa fa-check icon-tick icon-tick--on\"><\/i>D\u00e9jeuner de fruits de mer<\/td>\n<td><i class=\"fa fa-check icon-tick icon-tick--on\"><\/i>Cours de cuisine<\/td>\n<\/tr>\n<tr>\n<td><\/td>\n<td><\/td>\n<\/tr>\n<\/tbody>\n<\/table>\n<\/td>\n<\/tr>\n<\/tbody>\n<\/table>\n<p>Prix par personne: US$150 si 2 participants.<\/p>\n<p>Jours f\u00e9ri\u00e9s:\u00a0Les 1er Janvier, Jeudi Saint, Vendredi Saint, 1er Mai, 28 Juillet, 29 Juillet, 24 D\u00e9cembre, 25 D\u00e9cembre et 31 D\u00e9cembre entra\u00eenent une charge suppl\u00e9mentaire de 50%.<\/p>\n<p><em><strong>Nous pouvons <a href=\"https:\/\/www.limamentor.com\/fr\/tours-fait-sur-mesure\/\">adapter ce tour<\/a> et ajuster le prix en fonction du nombre de participants<\/strong><\/em><\/p>\n","protected":false},"excerpt":{"rendered":"<p>Premi\u00e8re visite du march\u00e9 pour r\u00e9pondre aux produits p\u00e9ruviens indig\u00e8nes les plus utilis\u00e9s dans notre cuisine. Ensuite, nous rencontrerons alors notre chef qui nous apprendra \u00e0 pr\u00e9parer les repas les plus importants de l&#8217;alimentation p\u00e9ruvienne.<\/p>\n","protected":false},"featured_media":2052,"comment_status":"closed","ping_status":"closed","template":"","meta":[],"product_brand":[],"product_cat":[122],"product_tag":[],"class_list":{"0":"post-2864","1":"product","2":"type-product","3":"status-publish","4":"has-post-thumbnail","6":"product_cat-culinary-workshops-fr","7":"tour_category-visites-privees","9":"first","10":"instock","11":"virtual","12":"purchasable","13":"product-type-tour"},"_links":{"self":[{"href":"https:\/\/site.limamentor.com\/fr\/wp-json\/wp\/v2\/product\/2864","targetHints":{"allow":["GET"]}}],"collection":[{"href":"https:\/\/site.limamentor.com\/fr\/wp-json\/wp\/v2\/product"}],"about":[{"href":"https:\/\/site.limamentor.com\/fr\/wp-json\/wp\/v2\/types\/product"}],"replies":[{"embeddable":true,"href":"https:\/\/site.limamentor.com\/fr\/wp-json\/wp\/v2\/comments?post=2864"}],"wp:featuredmedia":[{"embeddable":true,"href":"https:\/\/site.limamentor.com\/fr\/wp-json\/wp\/v2\/media\/2052"}],"wp:attachment":[{"href":"https:\/\/site.limamentor.com\/fr\/wp-json\/wp\/v2\/media?parent=2864"}],"wp:term":[{"taxonomy":"product_brand","embeddable":true,"href":"https:\/\/site.limamentor.com\/fr\/wp-json\/wp\/v2\/product_brand?post=2864"},{"taxonomy":"product_cat","embeddable":true,"href":"https:\/\/site.limamentor.com\/fr\/wp-json\/wp\/v2\/product_cat?post=2864"},{"taxonomy":"product_tag","embeddable":true,"href":"https:\/\/site.limamentor.com\/fr\/wp-json\/wp\/v2\/product_tag?post=2864"}],"curies":[{"name":"wp","href":"https:\/\/api.w.org\/{rel}","templated":true}]}}