{"id":2884,"date":"2017-02-25T18:58:56","date_gmt":"2017-02-25T23:58:56","guid":{"rendered":"https:\/\/www.limamentor.com\/product\/machu-picchu-communautes-de-cusco\/"},"modified":"2017-03-27T16:52:54","modified_gmt":"2017-03-27T21:52:54","slug":"machu-picchu-communautes-de-cusco","status":"publish","type":"product","link":"https:\/\/site.limamentor.com\/fr\/tours\/machu-picchu-communautes-de-cusco\/","title":{"rendered":"Machu Picchu &#038; Communaut\u00e9s de Cusco"},"content":{"rendered":"<p>Visitez l\u2019une des sept merveilles du monde, une citadelle inca du XV\u00e8me si\u00e8cle situ\u00e9e sur une cha\u00eene de montagnes. Le Machu Picchu est consid\u00e9r\u00e9 comme un lieu mystique qui d\u00e9gage de l\u2019\u00e9nergie. Apprenez-en davantage sur ce lieu \u00e9nigmatique, ses l\u00e9gendes et ses histoires, gr\u00e2ce \u00e0 un guide local pr\u00e9cautionneusement choisi par Lima Mentor pour que vous puissiez profiter au maximum de ce site en d\u00e9couvrant, entre autres, l\u2019entr\u00e9e principale du chemin inca mais aussi en \u00e9tant davantage inform\u00e9 sur la flore et la faune locale. Profitez d\u2019un parcours \u00e0 travers les villages andins cach\u00e9s qui gardent encore leurs anciennes coutumes et partagez un moment avec les habitants. Visitez d\u2019autres petits villages autour de Cusco et apprenez-en davantage sur l\u2019art cr\u00e9\u00e9 par les Incas. Vous pourrez \u00e9galement visiter l\u2019impressionnante ville historique de Cusco, remplie de lieux qui regorgent d\u2019\u00e9glises, de mus\u00e9es, de sites arch\u00e9ologiques, d\u2019ateliers d\u2019artisanat, de restaurants, de boutiques d\u2019artisanat et de bien plus encore!<\/p>\n<p>Prix:<\/p>\n<ul>\n<li>US$1064 par personne dans un h\u00f4tel *** (Sauce Hostal\/El Mapi Hotel\/Casa Boutique San Blas), prix de base pour groupe de 4 personnes r\u00e9parties en chambres doubles.<\/li>\n<li>US$1391 par personne dans un h\u00f4tel *** (Sauce Hostal\/El Mapi Hotel\/Casa Boutique San Blas), prix de base pour groupe de 2 personnes en chambre double.<\/li>\n<li>US$1194 par personne dans un h\u00f4tel **** (Sonesta Yucay\/Machu Picchu Pueblo Hotel\/Novotel Cusco), prix de base pour groupe de 4 personnes r\u00e9parties en chambres doubles.<\/li>\n<li>US$1521 par personne dans un h\u00f4tel **** (Sonesta Yucay\/Machu Picchu Pueblo Hotel\/Novotel Cusco), prix de base pour groupe de 2 personnes en chambre double.<\/li>\n<li>US$1844 par personne dans un h\u00f4tel ***** (Casa Andina Private Collection Urubamba\/Machu Picchu Pueblo Hotel\/Monasterio del Cusco-Orient Express), prix de base pour groupe de 4 personnes r\u00e9parties en chambres doubles.<\/li>\n<li>US$2329 par personne dans un h\u00f4tel ***** (Casa Andina Private Collection Urubamba\/Machu Picchu Pueblo Hotel\/Monasterio del Cusco-Orient Express), prix de base pour groupe de 2 personnes en chambre double.<\/li>\n<\/ul>\n<p><em><strong>Nous pouvons <a href=\"https:\/\/www.limamentor.com\/fr\/tours-fait-sur-mesure\/\">adapter ce tour<\/a> et ajuster le prix en fonction du nombre de participants<\/strong><\/em><\/p>\n","protected":false},"excerpt":{"rendered":"<p>Visitez l\u2019une des sept merveilles du monde, une citadelle inca du XV\u00e8me si\u00e8cle situ\u00e9e sur une cha\u00eene de montagnes. Le Machu Picchu est consid\u00e9r\u00e9 comme un lieu mystique qui d\u00e9gage de l\u2019\u00e9nergie.<\/p>\n","protected":false},"featured_media":2486,"comment_status":"closed","ping_status":"closed","template":"","meta":[],"product_brand":[],"product_cat":[127],"product_tag":[],"class_list":{"0":"post-2884","1":"product","2":"type-product","3":"status-publish","4":"has-post-thumbnail","6":"product_cat-peru-sudamerica-fr","7":"tour_category-peru-southamerica-fr","9":"first","10":"instock","11":"shipping-taxable","12":"product-type-tour"},"_links":{"self":[{"href":"https:\/\/site.limamentor.com\/fr\/wp-json\/wp\/v2\/product\/2884","targetHints":{"allow":["GET"]}}],"collection":[{"href":"https:\/\/site.limamentor.com\/fr\/wp-json\/wp\/v2\/product"}],"about":[{"href":"https:\/\/site.limamentor.com\/fr\/wp-json\/wp\/v2\/types\/product"}],"replies":[{"embeddable":true,"href":"https:\/\/site.limamentor.com\/fr\/wp-json\/wp\/v2\/comments?post=2884"}],"wp:featuredmedia":[{"embeddable":true,"href":"https:\/\/site.limamentor.com\/fr\/wp-json\/wp\/v2\/media\/2486"}],"wp:attachment":[{"href":"https:\/\/site.limamentor.com\/fr\/wp-json\/wp\/v2\/media?parent=2884"}],"wp:term":[{"taxonomy":"product_brand","embeddable":true,"href":"https:\/\/site.limamentor.com\/fr\/wp-json\/wp\/v2\/product_brand?post=2884"},{"taxonomy":"product_cat","embeddable":true,"href":"https:\/\/site.limamentor.com\/fr\/wp-json\/wp\/v2\/product_cat?post=2884"},{"taxonomy":"product_tag","embeddable":true,"href":"https:\/\/site.limamentor.com\/fr\/wp-json\/wp\/v2\/product_tag?post=2884"}],"curies":[{"name":"wp","href":"https:\/\/api.w.org\/{rel}","templated":true}]}}