{"id":2886,"date":"2017-02-26T18:26:36","date_gmt":"2017-02-26T23:26:36","guid":{"rendered":"https:\/\/www.limamentor.com\/product\/aventures-paysages-andins\/"},"modified":"2017-03-27T16:52:44","modified_gmt":"2017-03-27T21:52:44","slug":"aventures-paysages-andins","status":"publish","type":"product","link":"https:\/\/site.limamentor.com\/fr\/tours\/aventures-paysages-andins\/","title":{"rendered":"Aventures &#038;\u00a0Paysages Andins"},"content":{"rendered":"<p>Amusez-vous et profitez au maximum de votre s\u00e9jour dans les Andes. Visitez Arequipa, connue comme la ville blanche, go\u00fbtez sa d\u00e9licieuse gastronomie, d\u00e9couvrez son pass\u00e9 religieux et la grande finesse de son architecture. Ensuite, un trajet en v\u00e9hicule nous conduira dans la Vall\u00e9e du Colca o\u00f9 se trouve le canyon le plus profond du monde (discutable), une vall\u00e9e toute en nuances de couleurs et des villages fond\u00e9s lors de l\u2019\u00e9poque coloniale. De nombreuses activit\u00e9s vous attendent dans ce magnifique lieu comme, entre autres, monter \u00e0 cheval, faire de la randonn\u00e9e, participer \u00e0 des ateliers de broderie ou faire du v\u00e9lo\u2026 Un autre trajet en v\u00e9hicule \u00e0 travers champs et p\u00e2turages nous conduira jusqu\u2019\u00e0 Puno, la ville qui fait face au Lac Titicaca, le lac navigable le plus haut du monde sur lequel vous pourrez naviguer et dont vous pourrez visiter les \u00eeles. Vous irez ensuite visiter des sites arch\u00e9ologiques et d\u2019importants villages andins pour finalement arriver dans le c\u0153ur des Andes P\u00e9ruviennes. Une fois \u00e0 Cusco, vous pourrez faire du v\u00e9lo dans les impressionnantes vall\u00e9es et traverser les villages, et biens\u00fbr, visiter le Machu Picchu, l\u2019une des sept merveilles du monde !<\/p>\n<p><strong>Prix:<\/strong><\/p>\n<ul>\n<li>US$1830 par personne dans un h\u00f4tel *** (Casa Melgar\/Casa Andina Classic Colca\/Colon Inn\/Casa Boutique San Blas), prix de base pour groupe de 4 personnes r\u00e9parties en chambres doubles.<\/li>\n<li>US$2329 par personne dans un h\u00f4tel *** (Casa Melgar\/Casa Andina Classic Colca\/Colon Inn\/Casa Boutique San Blas), prix de base pour groupe de 2 personnes en chambre double.<\/li>\n<li>US$2035 par personne dans un h\u00f4tel **** (Sonesta Arequipa\/Casa Andina Classic Colca\/Sonesta Puno\/Novotel Cusco), prix de base pour groupe de 4 personnes r\u00e9parties en chambres doubles.<\/li>\n<li>US$2534 par personne dans un h\u00f4tel **** (Sonesta Arequipa\/Casa Andina Classic Colca\/Sonesta Puno\/Novotel Cusco), prix de base pour groupe de 2 personnes en chambre double.<\/li>\n<li>US$2992 par personne dans un h\u00f4tel ***** (Casa Andina Private Collection Arequipa\/Colca Lodge\/Casa Andina Private Collection Lake Titicaca\/Monasterio del Cusco-Orient Express), prix de base pour groupe de 4 personnes r\u00e9parties en chambres doubles.<\/li>\n<li>US$3490 par personne dans un h\u00f4tel ***** (Casa Andina Private Collection Arequipa\/Colca Lodge\/Casa Andina Private Collection Lake Titicaca\/Monasterio del Cusco-Orient Express), prix de base pour groupe de 2 personnes en chambre double.<\/li>\n<\/ul>\n<p><em><strong>Nous pouvons <a href=\"https:\/\/www.limamentor.com\/fr\/tours-fait-sur-mesure\/\">adapter ce tour<\/a> et ajuster le prix en fonction du nombre de participants<\/strong><\/em><\/p>\n","protected":false},"excerpt":{"rendered":"<p>Amusez-vous et profitez au maximum de votre s\u00e9jour dans les Andes. Visitez Arequipa, connue comme la ville blanche, go\u00fbtez sa d\u00e9licieuse gastronomie, d\u00e9couvrez son pass\u00e9 religieux et la grande finesse de son architecture.<\/p>\n","protected":false},"featured_media":2513,"comment_status":"closed","ping_status":"closed","template":"","meta":[],"product_brand":[],"product_cat":[127],"product_tag":[],"class_list":{"0":"post-2886","1":"product","2":"type-product","3":"status-publish","4":"has-post-thumbnail","6":"product_cat-peru-sudamerica-fr","7":"tour_category-peru-southamerica-fr","9":"first","10":"instock","11":"shipping-taxable","12":"product-type-tour"},"_links":{"self":[{"href":"https:\/\/site.limamentor.com\/fr\/wp-json\/wp\/v2\/product\/2886","targetHints":{"allow":["GET"]}}],"collection":[{"href":"https:\/\/site.limamentor.com\/fr\/wp-json\/wp\/v2\/product"}],"about":[{"href":"https:\/\/site.limamentor.com\/fr\/wp-json\/wp\/v2\/types\/product"}],"replies":[{"embeddable":true,"href":"https:\/\/site.limamentor.com\/fr\/wp-json\/wp\/v2\/comments?post=2886"}],"wp:featuredmedia":[{"embeddable":true,"href":"https:\/\/site.limamentor.com\/fr\/wp-json\/wp\/v2\/media\/2513"}],"wp:attachment":[{"href":"https:\/\/site.limamentor.com\/fr\/wp-json\/wp\/v2\/media?parent=2886"}],"wp:term":[{"taxonomy":"product_brand","embeddable":true,"href":"https:\/\/site.limamentor.com\/fr\/wp-json\/wp\/v2\/product_brand?post=2886"},{"taxonomy":"product_cat","embeddable":true,"href":"https:\/\/site.limamentor.com\/fr\/wp-json\/wp\/v2\/product_cat?post=2886"},{"taxonomy":"product_tag","embeddable":true,"href":"https:\/\/site.limamentor.com\/fr\/wp-json\/wp\/v2\/product_tag?post=2886"}],"curies":[{"name":"wp","href":"https:\/\/api.w.org\/{rel}","templated":true}]}}