{"id":2888,"date":"2017-02-27T18:20:36","date_gmt":"2017-02-27T23:20:36","guid":{"rendered":"https:\/\/www.limamentor.com\/product\/a-la-decouverte-de-la-jungle-peruvienne\/"},"modified":"2023-11-07T10:47:49","modified_gmt":"2023-11-07T15:47:49","slug":"a-la-decouverte-de-la-jungle-peruvienne","status":"publish","type":"product","link":"https:\/\/site.limamentor.com\/fr\/tours\/a-la-decouverte-de-la-jungle-peruvienne\/","title":{"rendered":"A La D\u00e9couverte de La Jungle P\u00e9ruvienne"},"content":{"rendered":"<p>Vous voulez savoir \u00e0 quoi ressemble la vie dans la jungle ? Vivez une exp\u00e9rience intense de 5 jours en pleine for\u00eat vierge, loin de la civilisation.<\/p>\n<p>Vous vous envolerez d\u2019abord vers Puerto Maldonado o\u00f9 vous serez r\u00e9ceptionn\u00e9s et transf\u00e9r\u00e9s au port pour embarquer dans un canot qui vous conduira au premier lieu d\u2019h\u00e9bergement qui se situe \u00e0 3 heures de la ville. Le lendemain, vous embarquerez de nouveau dans un canot pour poursuivre votre chemin jusqu\u2019au prochain h\u00e9bergement, situ\u00e9 au c\u0153ur de la R\u00e9serve National de Tambopata. Vous visiterez la plus connue collpa de aras, marcherez sur des sentiers \u00e0 la recherche de flore, oiseaux, singes, ca\u00efmans et pratiquerez d\u2019autre activit\u00e9s qui vous permettront de ressentir profond\u00e9ment la jungle.<\/p>\n<p><strong>Prix:<\/strong><br \/>\nUS$ 1047 par personne (chambre double)<br \/>\nUS$ 1324 par personne (chambre simple)<\/p>\n<p><strong>Dur\u00e9e:<\/strong> 5 jours et 4 nuits.<\/p>\n<p><em><strong>Nous pouvons <a href=\"https:\/\/www.limamentor.com\/fr\/tours-fait-sur-mesure\/\">adapter ce tour<\/a> et ajuster le prix en fonction du nombre de participants<\/strong><\/em><\/p>\n","protected":false},"excerpt":{"rendered":"<p>Vous voulez savoir \u00e0 quoi ressemble la vie dans la jungle ? Vivez une exp\u00e9rience intense de 5 jours en pleine for\u00eat vierge, loin de \u00a0la civilisation.<\/p>\n","protected":false},"featured_media":2555,"comment_status":"closed","ping_status":"closed","template":"","meta":[],"product_brand":[],"product_cat":[127],"product_tag":[],"class_list":{"0":"post-2888","1":"product","2":"type-product","3":"status-publish","4":"has-post-thumbnail","6":"product_cat-peru-sudamerica-fr","7":"tour_category-peru-southamerica-fr","9":"first","10":"instock","11":"shipping-taxable","12":"product-type-tour"},"_links":{"self":[{"href":"https:\/\/site.limamentor.com\/fr\/wp-json\/wp\/v2\/product\/2888","targetHints":{"allow":["GET"]}}],"collection":[{"href":"https:\/\/site.limamentor.com\/fr\/wp-json\/wp\/v2\/product"}],"about":[{"href":"https:\/\/site.limamentor.com\/fr\/wp-json\/wp\/v2\/types\/product"}],"replies":[{"embeddable":true,"href":"https:\/\/site.limamentor.com\/fr\/wp-json\/wp\/v2\/comments?post=2888"}],"wp:featuredmedia":[{"embeddable":true,"href":"https:\/\/site.limamentor.com\/fr\/wp-json\/wp\/v2\/media\/2555"}],"wp:attachment":[{"href":"https:\/\/site.limamentor.com\/fr\/wp-json\/wp\/v2\/media?parent=2888"}],"wp:term":[{"taxonomy":"product_brand","embeddable":true,"href":"https:\/\/site.limamentor.com\/fr\/wp-json\/wp\/v2\/product_brand?post=2888"},{"taxonomy":"product_cat","embeddable":true,"href":"https:\/\/site.limamentor.com\/fr\/wp-json\/wp\/v2\/product_cat?post=2888"},{"taxonomy":"product_tag","embeddable":true,"href":"https:\/\/site.limamentor.com\/fr\/wp-json\/wp\/v2\/product_tag?post=2888"}],"curies":[{"name":"wp","href":"https:\/\/api.w.org\/{rel}","templated":true}]}}