{"id":2891,"date":"2017-02-28T18:10:00","date_gmt":"2017-02-28T23:10:00","guid":{"rendered":"https:\/\/www.limamentor.com\/product\/nature-archeologie-sur-la-route-moche\/"},"modified":"2017-03-27T16:52:03","modified_gmt":"2017-03-27T21:52:03","slug":"nature-archeologie-sur-la-route-moche","status":"publish","type":"product","link":"https:\/\/site.limamentor.com\/fr\/tours\/nature-archeologie-sur-la-route-moche\/","title":{"rendered":"Nature &#038; Arch\u00e9ologie sur La Route Moche"},"content":{"rendered":"<p>Visitez le nord du P\u00e9rou o\u00f9 vous trouverez plages, sites arch\u00e9ologiques, histoire, zones naturelles prot\u00e9g\u00e9es et une d\u00e9licieuse nourriture.<br \/>\nLa civilisation moche a pratiquement domin\u00e9 sur tout le nord du P\u00e9rou durant plusieurs si\u00e8cles et l\u2019on est surpris, encore aujourd\u2019hui, par d\u2019impressionnantes d\u00e9couvertes concernant la dite culture. Ce s\u00e9jour comprend un voyage \u00e0 El Brujo (lieu o\u00f9 repose la Se\u00f1ora de Cao qui a v\u00e9cu vers 450 av. J-C), Chan Chan (la plus grande citadelle de l\u2019\u00e9poque pr\u00e9hispanique faite d\u2019adobe et qui, de plus, est d\u00e9clar\u00e9 au patrimoine mondial de l\u2019Unesco), la Huaca del Sol y la Luna (impressionnantes pyramides construites pour des fonctions c\u00e9r\u00e9moniales).<\/p>\n<p>Visitez le Mus\u00e9e des Tombes Royales de Sip\u00e1n, qui offre un regard fascinant sur l\u2019histoire de la civilisation moche et qui fait partie des meilleures lieux d\u2019exposition au monde sur cette culture. Vous visiterez ensuite le Sanctuaire Historique de la For\u00eat de P\u00f3mac, for\u00eat s\u00e8che tropicale qui poss\u00e8de les caroubiers les plus vieux du monde.<\/p>\n<p>Vous s\u00e9journerez dans un \u00e9co-lodge o\u00f9 vous pourrez visiter le Centre de Sauvetage de l\u2019Ours Andin (aussi appel\u00e9 Ours \u00e0 Lunettes), le terrarium, et vous pourrez vous promener \u00e0 travers un r\u00e9seau de sentiers, ayant ainsi d\u2019excellentes opportunit\u00e9s pour observer les oiseaux.<\/p>\n<p>Visitez la ville de Trujillo, la plage de Huancacho, qui b\u00e9n\u00e9ficie d\u2019un climat chaud tout au long de l\u2019ann\u00e9e ; vous y trouverez les caballitos de totora (petits chevaux de roseaux), embarcations faites de roseaux que les Moche utilisaient pour p\u00eacher et qui sont \u00e9galement utilis\u00e9es aujourd\u2019hui pour surfer sur les vagues.<\/p>\n<p>Vous pourrez d\u00e9guster un excellent et savoureux ceviche, cuisin\u00e9 \u00e0 base de poisson frais, oignon, jus de citron et une pointe de piment, offrant ainsi la parfaite saveur du P\u00e9rou sur cette route Moche.<\/p>\n<p><em><strong>Nous pouvons <a href=\"https:\/\/www.limamentor.com\/fr\/tours-fait-sur-mesure\/\">adapter ce tour<\/a> et ajuster le prix en fonction du nombre de participants<\/strong><\/em><\/p>\n","protected":false},"excerpt":{"rendered":"<p>Visitez le nord du P\u00e9rou o\u00f9 vous trouverez plages, sites arch\u00e9ologiques, histoire, zones naturelles prot\u00e9g\u00e9es et une d\u00e9licieuse nourriture.<\/p>\n","protected":false},"featured_media":2473,"comment_status":"closed","ping_status":"closed","template":"","meta":[],"product_brand":[],"product_cat":[127],"product_tag":[],"class_list":{"0":"post-2891","1":"product","2":"type-product","3":"status-publish","4":"has-post-thumbnail","6":"product_cat-peru-sudamerica-fr","7":"tour_category-peru-southamerica-fr","9":"first","10":"outofstock","11":"shipping-taxable","12":"product-type-tour"},"_links":{"self":[{"href":"https:\/\/site.limamentor.com\/fr\/wp-json\/wp\/v2\/product\/2891","targetHints":{"allow":["GET"]}}],"collection":[{"href":"https:\/\/site.limamentor.com\/fr\/wp-json\/wp\/v2\/product"}],"about":[{"href":"https:\/\/site.limamentor.com\/fr\/wp-json\/wp\/v2\/types\/product"}],"replies":[{"embeddable":true,"href":"https:\/\/site.limamentor.com\/fr\/wp-json\/wp\/v2\/comments?post=2891"}],"wp:featuredmedia":[{"embeddable":true,"href":"https:\/\/site.limamentor.com\/fr\/wp-json\/wp\/v2\/media\/2473"}],"wp:attachment":[{"href":"https:\/\/site.limamentor.com\/fr\/wp-json\/wp\/v2\/media?parent=2891"}],"wp:term":[{"taxonomy":"product_brand","embeddable":true,"href":"https:\/\/site.limamentor.com\/fr\/wp-json\/wp\/v2\/product_brand?post=2891"},{"taxonomy":"product_cat","embeddable":true,"href":"https:\/\/site.limamentor.com\/fr\/wp-json\/wp\/v2\/product_cat?post=2891"},{"taxonomy":"product_tag","embeddable":true,"href":"https:\/\/site.limamentor.com\/fr\/wp-json\/wp\/v2\/product_tag?post=2891"}],"curies":[{"name":"wp","href":"https:\/\/api.w.org\/{rel}","templated":true}]}}