{"id":4386,"date":"2017-02-04T08:50:29","date_gmt":"2017-02-03T10:28:44","guid":{"rendered":"https:\/\/www.limamentor.com\/tours\/cocina-peruana-con-vista-al-mar\/"},"modified":"2022-11-25T11:29:16","modified_gmt":"2022-11-25T16:29:16","slug":"cuisine-peruvienne-avec-vue-sur-locean","status":"publish","type":"product","link":"https:\/\/site.limamentor.com\/fr\/tours\/cuisine-peruvienne-avec-vue-sur-locean\/","title":{"rendered":"Cuisine p\u00e9ruvienne avec vue sur l&#8217;oc\u00e9an"},"content":{"rendered":"<p>&nbsp;<\/p>\n<ul>\n<li>Visite du march\u00e9 local o\u00f9, avec votre guide, vous explorerez les fruits et esp\u00e8ces end\u00e9miques que nous utilisons dans la cuisine.<\/li>\n<li>Rendez visite \u00e0 un chef exp\u00e9riment\u00e9 avec qui ils pr\u00e9pareront la causa, un rago\u00fbt \u00e0 base de pommes de terre jaunes.<\/li>\n<li>Pr\u00e9parez vous-m\u00eame ceviche et pisco sour, notre chef peut vous aider.<\/li>\n<li>Admirez la vue sur l&#8217;oc\u00e9an Pacifique depuis Chorrillos, le dernier quartier de la baie de la ville de Lima.<\/li>\n<\/ul>\n<p>&nbsp;<\/p>\n<h3>m\u00e1ximo 6 participantes<\/h3>\n<table class=\"table table-bordered tours-tabs__table\" style=\"height: 233px;\" width=\"862\">\n<tbody>\n<tr>\n<td><strong>DEPART \/ RETOUR LOCATION<\/strong><\/td>\n<td>Transfert depuis et jusqu\u2019\u00e0 n\u2019importe quel h\u00f4tel situ\u00e9 \u00e0 Miraflores ou San Isidro.<\/td>\n<\/tr>\n<tr>\n<td><strong>DUR\u00c9E<\/strong><\/td>\n<td>4h (10h \u2013 14h). Disponible du lundi au dimanche.<\/td>\n<\/tr>\n<tr>\n<td><strong>INCLUS<\/strong><\/td>\n<td>\n<table class=\"table table-bordered\" style=\"height: 62px;\" width=\"300\">\n<tbody>\n<tr>\n<td><i class=\"fa fa-check icon-tick icon-tick--on\"><\/i>Guide touristique<\/td>\n<td><i class=\"fa fa-check icon-tick icon-tick--on\"><\/i>Transport<\/td>\n<\/tr>\n<tr>\n<td><\/td>\n<td><i class=\"fa fa-check icon-tick icon-tick--on\"><\/i> Tous les repas et d\u00e9gustations<\/td>\n<\/tr>\n<\/tbody>\n<\/table>\n<\/td>\n<\/tr>\n<\/tbody>\n<\/table>\n<p>* Prix: Par personne: US$85<\/p>\n<p style=\"font-weight: 400;\">* Visite collective en espagnol ou anglais.<\/p>\n<p style=\"font-weight: 400;\">* Jours f\u00e9ri\u00e9s: Les 1er Janvier, Jeudi Saint, Vendredi Saint, 1er Mai, 28 Juillet, 29 Juillet, 24 D\u00e9cembre, 25 D\u00e9cembre et 31 D\u00e9cembre entra\u00eenent une charge suppl\u00e9mentaire de 50%.<\/p>\n<p style=\"font-weight: 400;\">* <em><strong>Nous pouvons\u00a0<a href=\"https:\/\/www.limamentor.com\/fr\/tours-fait-sur-mesure\/\">adapter ce tour<\/a> et ajuster le prix en fonction du nombre de participants.<\/strong><\/em><\/p>\n","protected":false},"excerpt":{"rendered":"<p>Une demi-journ\u00e9e pour profiter et d\u00e9couvrir la gastronomie p\u00e9ruvienne. Vous visiterez le march\u00e9 local avec votre guide pour go\u00fbter et explorer les produits end\u00e9miques que nous utilisons. Ensuite, vous irez dans un endroit face \u00e0 la mer o\u00f9 vous rendrez visite \u00e0 un chef expert avec qui vous pr\u00e9parerez des rago\u00fbts p\u00e9ruviens.<\/p>\n","protected":false},"featured_media":4336,"comment_status":"closed","ping_status":"closed","template":"","meta":[],"product_brand":[],"product_cat":[105],"product_tag":[],"class_list":{"0":"post-4386","1":"product","2":"type-product","3":"status-publish","4":"has-post-thumbnail","6":"product_cat-private-tours-fr","7":"tour_category-visites-confirmees","9":"first","10":"instock","11":"virtual","12":"purchasable","13":"product-type-tour"},"_links":{"self":[{"href":"https:\/\/site.limamentor.com\/fr\/wp-json\/wp\/v2\/product\/4386","targetHints":{"allow":["GET"]}}],"collection":[{"href":"https:\/\/site.limamentor.com\/fr\/wp-json\/wp\/v2\/product"}],"about":[{"href":"https:\/\/site.limamentor.com\/fr\/wp-json\/wp\/v2\/types\/product"}],"replies":[{"embeddable":true,"href":"https:\/\/site.limamentor.com\/fr\/wp-json\/wp\/v2\/comments?post=4386"}],"wp:featuredmedia":[{"embeddable":true,"href":"https:\/\/site.limamentor.com\/fr\/wp-json\/wp\/v2\/media\/4336"}],"wp:attachment":[{"href":"https:\/\/site.limamentor.com\/fr\/wp-json\/wp\/v2\/media?parent=4386"}],"wp:term":[{"taxonomy":"product_brand","embeddable":true,"href":"https:\/\/site.limamentor.com\/fr\/wp-json\/wp\/v2\/product_brand?post=4386"},{"taxonomy":"product_cat","embeddable":true,"href":"https:\/\/site.limamentor.com\/fr\/wp-json\/wp\/v2\/product_cat?post=4386"},{"taxonomy":"product_tag","embeddable":true,"href":"https:\/\/site.limamentor.com\/fr\/wp-json\/wp\/v2\/product_tag?post=4386"}],"curies":[{"name":"wp","href":"https:\/\/api.w.org\/{rel}","templated":true}]}}