{"id":5688,"date":"2017-02-08T21:53:39","date_gmt":"2017-02-09T02:53:39","guid":{"rendered":"https:\/\/www.limamentor.com\/product\/huacas-larco-museum-by-night-with-dinner\/"},"modified":"2023-12-07T15:21:17","modified_gmt":"2023-12-07T20:21:17","slug":"huacas-larco-museum-by-night-with-dinner","status":"publish","type":"product","link":"https:\/\/site.limamentor.com\/fr\/tours\/huacas-larco-museum-by-night-with-dinner\/","title":{"rendered":"Huacas &#038; Mus\u00e9e Larco dans la Nuit, Diner inclus"},"content":{"rendered":"<ul>\n<li>Observez la Huaca Pucllana, un complexe arch\u00e9ologique pr\u00e9colombien a Miraflores.<\/li>\n<li>Observez la Huaca Huallamarca, un complexe arch\u00e9ologique pr\u00e9colombien a San Isidro.<\/li>\n<li>Observez le Huaca Mateo Salado, un complexe arch\u00e9ologique pr\u00e9colombien a Pueblo Libre.<\/li>\n<li>Visite du mus\u00e9e Larco, qui possede la meilleure collection d&#8217; art pr\u00e9colombien du P\u00e9rou.<\/li>\n<li>Diner de cuisine p\u00e9ruvienne au &#8220;Caf\u00e9 del Museo&#8221;.<\/li>\n<\/ul>\n<p>&nbsp;<\/p>\n<h3>maximum 6\u00a0participants<\/h3>\n<table class=\"table table-bordered tours-tabs__table\" style=\"height: 233px;\" width=\"862\">\n<tbody>\n<tr>\n<td><strong>DEPARTURE\/RETURN LOCATION<\/strong><\/td>\n<td>Transfert depuis et jusqu&#8217;a n&#8217;importe quel hotel situ\u00e9 a Miraflores ou San Isidro.<\/td>\n<\/tr>\n<tr>\n<td><strong>DURATION<\/strong><\/td>\n<td>4h (17h15 &#8211; 21h15). Disponible du lundi au samedi.<\/td>\n<\/tr>\n<tr>\n<td><strong>INCLUDED<\/strong><\/td>\n<td>\n<table class=\"table table-bordered\" style=\"height: 62px;\" width=\"300\">\n<tbody>\n<tr>\n<td><i class=\"fa fa-check icon-tick icon-tick--on\"><\/i>Guide touristique<\/td>\n<td><i class=\"fa fa-check icon-tick icon-tick--on\"><\/i>Transport<\/td>\n<\/tr>\n<tr>\n<td><i class=\"fa fa-check icon-tick icon-tick--on\"><\/i>Diner en trois plats<\/td>\n<td><i class=\"fa fa-check icon-tick icon-tick--on\"><\/i>Tickets d&#8217;entr\u00e9e<\/td>\n<\/tr>\n<tr>\n<td><\/td>\n<td><\/td>\n<\/tr>\n<\/tbody>\n<\/table>\n<\/td>\n<\/tr>\n<\/tbody>\n<\/table>\n<p>&nbsp;<\/p>\n<p>Prix: Par personne: US$95. Visite collective en espagnol o anglais. Maximum 6 participants.<\/p>\n<p>On Jours f\u00e9ri\u00e9s:<br \/>\nLes ler Janvier, Jeudi Saint, Vendredi Saint, ler Mai, 28 Juillet, 29 Juillet, 24 D\u00e9cembre, 25 D\u00e9cembre et 31 D\u00e9cembre entra1nent une charge suppl\u00e9mentaire de 50%.<\/p>\n<p><em><strong>Nous <a href=\"https:\/\/www.limamentor.com\/fr\/tours-fait-sur-mesure\/\">pouvons adapter ce tour<\/a> et ajuster le prix en fonction du nombre de participants <\/strong><\/em><\/p>\n<ul>\n<li style=\"list-style-type: none;\"><strong>* Vous pouvez annuler la visite jusqu&#8217;e a 12 heures avant sans frais d&#8217;annulation.<br \/>\n* Les enfants de moins de 12 ans ont 50% de r\u00e9duction.<\/strong><\/li>\n<\/ul>\n\n<div class=\"wpcf7 no-js\" id=\"wpcf7-f162-o1\" lang=\"en-US\" dir=\"ltr\" data-wpcf7-id=\"162\">\n<div class=\"screen-reader-response\"><p role=\"status\" aria-live=\"polite\" aria-atomic=\"true\"><\/p> <ul><\/ul><\/div>\n<form action=\"\/fr\/wp-json\/wp\/v2\/product\/5688#wpcf7-f162-o1\" method=\"post\" class=\"wpcf7-form init\" aria-label=\"Contact form\" novalidate=\"novalidate\" data-status=\"init\">\n<fieldset class=\"hidden-fields-container\"><input type=\"hidden\" name=\"_wpcf7\" value=\"162\" \/><input type=\"hidden\" name=\"_wpcf7_version\" value=\"6.1.5\" \/><input type=\"hidden\" name=\"_wpcf7_locale\" value=\"en_US\" \/><input type=\"hidden\" name=\"_wpcf7_unit_tag\" value=\"wpcf7-f162-o1\" \/><input type=\"hidden\" name=\"_wpcf7_container_post\" value=\"0\" \/><input type=\"hidden\" name=\"_wpcf7_posted_data_hash\" value=\"\" \/><input type=\"hidden\" name=\"_wpcf7_recaptcha_response\" value=\"\" \/>\n<\/fieldset>\n<div class=\"form-contact\">\n\t<div class=\"form-contact__fields-short\">\n\t\t<div class=\"form-contact__item-short\">\n\t\t\t<p><span class=\"wpcf7-form-control-wrap\" data-name=\"text-277\"><input size=\"40\" maxlength=\"400\" class=\"wpcf7-form-control wpcf7-text wpcf7-validates-as-required\" aria-required=\"true\" aria-invalid=\"false\" placeholder=\"Your name\" value=\"\" type=\"text\" name=\"text-277\" \/><\/span>\n\t\t\t<\/p>\n\t\t<\/div>\n\t\t<div class=\"form-contact__item-short\">\n\t\t\t<p><span class=\"wpcf7-form-control-wrap\" data-name=\"email-563\"><input size=\"40\" maxlength=\"400\" class=\"wpcf7-form-control wpcf7-email wpcf7-validates-as-required wpcf7-text wpcf7-validates-as-email\" aria-required=\"true\" aria-invalid=\"false\" placeholder=\"Email\" value=\"\" type=\"email\" name=\"email-563\" \/><\/span>\n\t\t\t<\/p>\n\t\t<\/div>\n\t<\/div>\n\t<div class=\"form-contact__fields-short\">\n\t\t<p><span class=\"wpcf7-form-control-wrap\" data-name=\"text-278\"><input size=\"40\" maxlength=\"400\" class=\"wpcf7-form-control wpcf7-text wpcf7-validates-as-required\" aria-required=\"true\" aria-invalid=\"false\" placeholder=\"Subject\" value=\"\" type=\"text\" name=\"text-278\" \/><\/span>\n\t\t<\/p>\n\t<\/div>\n\t<p><span class=\"wpcf7-form-control-wrap\" data-name=\"textarea-287\"><textarea cols=\"0\" rows=\"0\" maxlength=\"2000\" class=\"wpcf7-form-control wpcf7-textarea\" aria-invalid=\"false\" placeholder=\"Message\" name=\"textarea-287\"><\/textarea><\/span><br \/>\n<button type=\"submit\" class=\"button button--style1 button--with-icon\"><i class=\"fa fa-paper-plane\"><\/i>Send<\/button>\n\t<\/p>\n<\/div><div class=\"wpcf7-response-output\" aria-hidden=\"true\"><\/div>\n<\/form>\n<\/div>\n\n","protected":false},"excerpt":{"rendered":"<p>Profitez de votre soir\u00e9e pour observer les deux sites pr\u00e9-incas les plus importants qui sont \u00e9clair\u00e9s la nuit, visitez le mus\u00e9e Larco et profitez d&#8217;un d\u00eener agr\u00e9able avec un jardin relaxant \u00e0 c\u00f4t\u00e9 de vous.<\/p>\n","protected":false},"featured_media":1899,"comment_status":"closed","ping_status":"closed","template":"","meta":[],"product_brand":[],"product_cat":[214,105],"product_tag":[],"class_list":{"0":"post-5688","1":"product","2":"type-product","3":"status-publish","4":"has-post-thumbnail","6":"product_cat-confirmed-tours-fr","7":"product_cat-private-tours-fr","8":"tour_category-visites-confirmees","10":"first","11":"instock","12":"purchasable","13":"product-type-tour"},"_links":{"self":[{"href":"https:\/\/site.limamentor.com\/fr\/wp-json\/wp\/v2\/product\/5688","targetHints":{"allow":["GET"]}}],"collection":[{"href":"https:\/\/site.limamentor.com\/fr\/wp-json\/wp\/v2\/product"}],"about":[{"href":"https:\/\/site.limamentor.com\/fr\/wp-json\/wp\/v2\/types\/product"}],"replies":[{"embeddable":true,"href":"https:\/\/site.limamentor.com\/fr\/wp-json\/wp\/v2\/comments?post=5688"}],"wp:featuredmedia":[{"embeddable":true,"href":"https:\/\/site.limamentor.com\/fr\/wp-json\/wp\/v2\/media\/1899"}],"wp:attachment":[{"href":"https:\/\/site.limamentor.com\/fr\/wp-json\/wp\/v2\/media?parent=5688"}],"wp:term":[{"taxonomy":"product_brand","embeddable":true,"href":"https:\/\/site.limamentor.com\/fr\/wp-json\/wp\/v2\/product_brand?post=5688"},{"taxonomy":"product_cat","embeddable":true,"href":"https:\/\/site.limamentor.com\/fr\/wp-json\/wp\/v2\/product_cat?post=5688"},{"taxonomy":"product_tag","embeddable":true,"href":"https:\/\/site.limamentor.com\/fr\/wp-json\/wp\/v2\/product_tag?post=5688"}],"curies":[{"name":"wp","href":"https:\/\/api.w.org\/{rel}","templated":true}]}}