{"id":5711,"date":"2017-01-31T20:05:17","date_gmt":"2017-02-01T01:05:17","guid":{"rendered":"https:\/\/www.limamentor.com\/product\/cultural-city-tour-lima\/"},"modified":"2023-12-01T18:07:06","modified_gmt":"2023-12-01T23:07:06","slug":"cultural-city-tour-lima","status":"publish","type":"product","link":"https:\/\/site.limamentor.com\/fr\/tours\/cultural-city-tour-lima\/","title":{"rendered":"Visite Culturelle de la Ville de Lima"},"content":{"rendered":"<p>&nbsp;<\/p>\n<ul>\n<li>Sur le chemin vers le centre historique, vous verrez le complexe arch\u00e9ologique Huaca Pucllana (non entr\u00e9e).<\/li>\n<li>Promenade dans le centre historique depuis la Plaza San Mart\u00edn \u00e0 la Plaza Mayor, mettant en valeur l&#8217;architecture, les histoires, les \u00e9glises et les boutiques.<\/li>\n<li>Visite de la Casa del O\u00eddor o\u00f9 vous vivrez une d\u00e9gustation de diff\u00e9rentes intensit\u00e9s de cacao p\u00e9ruvien.<\/li>\n<li>Visite du couvent de Santo Domingo, preuve de l&#8217;importance du catholicisme pendant la vice-royaut\u00e9. Possibilit\u00e9 de monter dans la tour pour observation.<\/li>\n<li>Observation de la rel\u00e8ve de la garde. (sous r\u00e9serve de la programmation du Palais du Gouvernement).<\/li>\n<\/ul>\n<p>&nbsp;<\/p>\n<h3>10 personnes maximum<\/h3>\n<table class=\"table table-bordered tours-tabs__table\" style=\"height: 233px;\" width=\"862\">\n<tbody>\n<tr>\n<td><strong>DEPART\/RETOUR LOCATION<\/strong><\/td>\n<td>Transfert depuis et jusqu\u2019a n\u2019importe quel hotel situ\u00e9 a Miraflores ou San Isidro.<\/td>\n<\/tr>\n<tr>\n<td><strong>DUR\u00c9E<\/strong><\/td>\n<td>9 hrs &#8211; 13 hrs Disponible du lundi au dimanche.\n<p>14 hrs &#8211; 18 hrs Disponible du lundi au dimanche.<\/p><\/td>\n<\/tr>\n<tr>\n<td><strong>INCLUS<\/strong><\/td>\n<td>\n<table class=\"table table-bordered\" style=\"height: 62px;\" width=\"300\">\n<tbody>\n<tr>\n<td><i class=\"fa fa-check icon-tick icon-tick--on\"><\/i>Guide touristique<\/td>\n<td><i class=\"fa fa-check icon-tick icon-tick--on\"><\/i>Transports en minivan ou Sprinter *<\/td>\n<\/tr>\n<tr>\n<td><\/td>\n<td><i class=\"fa fa-check icon-tick icon-tick--on\"><\/i>tickets d\u2019entr\u00e9e<\/td>\n<\/tr>\n<\/tbody>\n<\/table>\n<\/td>\n<\/tr>\n<\/tbody>\n<\/table>\n<p>&nbsp;<\/p>\n<p>Prix: Par personne: US$42<\/p>\n<p>*Visite collective en espagnol ou anglais<\/p>\n<p>**Jours f\u00e9ri\u00e9s:<br \/>\nLes ler Janvier, Jeudi Saint, Vendredi Saint, ler Mai, 28 Juillet, 29 Juillet, 24 D\u00e9cembre, 25 D\u00e9cembre et 31 D\u00e9cembre entra1nent une charge suppl\u00e9mentaire de 50%.<\/p>\n<p><em><strong>Nous\u00a0<a href=\"https:\/\/www.limamentor.com\/fr\/tours-fait-sur-mesure\/\">pouvons adapter ce tour<\/a> et ajuster le prix en fonction du nombre de participants.<\/strong><\/em><\/p>\n<ul>\n<li style=\"list-style-type: none;\"><strong>*Vous pouvez annuler la visite jusqu&#8217;\u00e0 12 heures avant sans frais d&#8217;annulation..<\/strong><\/li>\n<li style=\"list-style-type: none;\"><strong>*Les enfants de moins de 12 ans b\u00e9n\u00e9ficient d&#8217;une r\u00e9duction de 50 %<\/strong><\/li>\n<li style=\"list-style-type: none;\"><\/li>\n<\/ul>\n\n<div class=\"wpcf7 no-js\" id=\"wpcf7-f162-o1\" lang=\"en-US\" dir=\"ltr\" data-wpcf7-id=\"162\">\n<div class=\"screen-reader-response\"><p role=\"status\" aria-live=\"polite\" aria-atomic=\"true\"><\/p> <ul><\/ul><\/div>\n<form action=\"\/fr\/wp-json\/wp\/v2\/product\/5711#wpcf7-f162-o1\" method=\"post\" class=\"wpcf7-form init\" aria-label=\"Contact form\" novalidate=\"novalidate\" data-status=\"init\">\n<fieldset class=\"hidden-fields-container\"><input type=\"hidden\" name=\"_wpcf7\" value=\"162\" \/><input type=\"hidden\" name=\"_wpcf7_version\" value=\"6.1.5\" \/><input type=\"hidden\" name=\"_wpcf7_locale\" value=\"en_US\" \/><input type=\"hidden\" name=\"_wpcf7_unit_tag\" value=\"wpcf7-f162-o1\" \/><input type=\"hidden\" name=\"_wpcf7_container_post\" value=\"0\" \/><input type=\"hidden\" name=\"_wpcf7_posted_data_hash\" value=\"\" \/><input type=\"hidden\" name=\"_wpcf7_recaptcha_response\" value=\"\" \/>\n<\/fieldset>\n<div class=\"form-contact\">\n\t<div class=\"form-contact__fields-short\">\n\t\t<div class=\"form-contact__item-short\">\n\t\t\t<p><span class=\"wpcf7-form-control-wrap\" data-name=\"text-277\"><input size=\"40\" maxlength=\"400\" class=\"wpcf7-form-control wpcf7-text wpcf7-validates-as-required\" aria-required=\"true\" aria-invalid=\"false\" placeholder=\"Your name\" value=\"\" type=\"text\" name=\"text-277\" \/><\/span>\n\t\t\t<\/p>\n\t\t<\/div>\n\t\t<div class=\"form-contact__item-short\">\n\t\t\t<p><span class=\"wpcf7-form-control-wrap\" data-name=\"email-563\"><input size=\"40\" maxlength=\"400\" class=\"wpcf7-form-control wpcf7-email wpcf7-validates-as-required wpcf7-text wpcf7-validates-as-email\" aria-required=\"true\" aria-invalid=\"false\" placeholder=\"Email\" value=\"\" type=\"email\" name=\"email-563\" \/><\/span>\n\t\t\t<\/p>\n\t\t<\/div>\n\t<\/div>\n\t<div class=\"form-contact__fields-short\">\n\t\t<p><span class=\"wpcf7-form-control-wrap\" data-name=\"text-278\"><input size=\"40\" maxlength=\"400\" class=\"wpcf7-form-control wpcf7-text wpcf7-validates-as-required\" aria-required=\"true\" aria-invalid=\"false\" placeholder=\"Subject\" value=\"\" type=\"text\" name=\"text-278\" \/><\/span>\n\t\t<\/p>\n\t<\/div>\n\t<p><span class=\"wpcf7-form-control-wrap\" data-name=\"textarea-287\"><textarea cols=\"0\" rows=\"0\" maxlength=\"2000\" class=\"wpcf7-form-control wpcf7-textarea\" aria-invalid=\"false\" placeholder=\"Message\" name=\"textarea-287\"><\/textarea><\/span><br \/>\n<button type=\"submit\" class=\"button button--style1 button--with-icon\"><i class=\"fa fa-paper-plane\"><\/i>Send<\/button>\n\t<\/p>\n<\/div><div class=\"wpcf7-response-output\" aria-hidden=\"true\"><\/div>\n<\/form>\n<\/div>\n\n","protected":false},"excerpt":{"rendered":"<p>Les attractions les plus importantes de la ville de Lima dans une visite de 4 heures: un site pr\u00e9-inca, la zone moderne et la zone historique qui comprend la visite d&#8217;un couvent tr\u00e8s important de l&#8217;\u00e9poque coloniale. Nous terminons la visite dans votre h\u00f4tel ou dans un restaurant.<\/p>\n","protected":false},"featured_media":1287,"comment_status":"closed","ping_status":"closed","template":"","meta":[],"product_brand":[],"product_cat":[214],"product_tag":[],"class_list":{"0":"post-5711","1":"product","2":"type-product","3":"status-publish","4":"has-post-thumbnail","6":"product_cat-confirmed-tours-fr","7":"tour_category-visites-confirmees","9":"first","10":"instock","11":"virtual","12":"purchasable","13":"product-type-tour"},"_links":{"self":[{"href":"https:\/\/site.limamentor.com\/fr\/wp-json\/wp\/v2\/product\/5711","targetHints":{"allow":["GET"]}}],"collection":[{"href":"https:\/\/site.limamentor.com\/fr\/wp-json\/wp\/v2\/product"}],"about":[{"href":"https:\/\/site.limamentor.com\/fr\/wp-json\/wp\/v2\/types\/product"}],"replies":[{"embeddable":true,"href":"https:\/\/site.limamentor.com\/fr\/wp-json\/wp\/v2\/comments?post=5711"}],"wp:featuredmedia":[{"embeddable":true,"href":"https:\/\/site.limamentor.com\/fr\/wp-json\/wp\/v2\/media\/1287"}],"wp:attachment":[{"href":"https:\/\/site.limamentor.com\/fr\/wp-json\/wp\/v2\/media?parent=5711"}],"wp:term":[{"taxonomy":"product_brand","embeddable":true,"href":"https:\/\/site.limamentor.com\/fr\/wp-json\/wp\/v2\/product_brand?post=5711"},{"taxonomy":"product_cat","embeddable":true,"href":"https:\/\/site.limamentor.com\/fr\/wp-json\/wp\/v2\/product_cat?post=5711"},{"taxonomy":"product_tag","embeddable":true,"href":"https:\/\/site.limamentor.com\/fr\/wp-json\/wp\/v2\/product_tag?post=5711"}],"curies":[{"name":"wp","href":"https:\/\/api.w.org\/{rel}","templated":true}]}}