{"id":5725,"date":"2017-02-06T16:53:39","date_gmt":"2017-02-06T21:53:39","guid":{"rendered":"https:\/\/www.limamentor.com\/product\/full-day-lima-experience\/"},"modified":"2023-12-07T15:18:42","modified_gmt":"2023-12-07T20:18:42","slug":"full-day-lima-experience","status":"publish","type":"product","link":"https:\/\/site.limamentor.com\/fr\/tours\/full-day-lima-experience\/","title":{"rendered":"Journ\u00e9e Compl\u00e8te \u00e0 la D\u00e9couverte de Lima"},"content":{"rendered":"<ul>\n<li>Pachacamac, un impressionnant centre c\u00e9r\u00e9moniel pr\u00e9-inca surplombant la mer.<\/li>\n<li>Une promenade a travers une zone naturelle prot\u00e9g\u00e9e, des marais au milieu de la ville.<\/li>\n<li>D\u00e9jeuner dans le quartier boh\u00e9mien de Barranco, dans un restaurant local proposant le meilleur de la cuisine p\u00e9ruvienne.<\/li>\n<li>Centre-ville historique de Lima (site Unesco), promenez-vous dans ses rues les plus importantes pour observer son architecture, ses monuments, ses bars traditionnels, etc.<\/li>\n<li>Visitez le couvent de San Francisco, sa bibliotheque solennelle et ses catacombes effrayantes.<\/li>\n<li>Magic Water Circuit, ou nous protiterons d&#8217;un spectacle unique de lumieres, d&#8217;eau, de musique et d&#8217;images.<\/li>\n<\/ul>\n<p>&nbsp;<\/p>\n<h3>maximum 6\u00a0participants<\/h3>\n<table class=\"table table-bordered tours-tabs__table\" style=\"height: 233px;\" width=\"862\">\n<tbody>\n<tr>\n<td><strong>DEPART \/ RETOUR LOCATION<br \/>\n<\/strong><\/td>\n<td>Transfert depuis et jusqu\u2019a n\u2019importe quel hotel situ\u00e9 a Miraflores ou San Isidro.<\/td>\n<\/tr>\n<tr>\n<td><strong>DUR\u00c9E<\/strong><\/td>\n<td>11hrs &#8211; 20hrs du mardi au dimanche.<\/td>\n<\/tr>\n<tr>\n<td><strong>INCLUS<\/strong><\/td>\n<td>\n<table class=\"table table-bordered\" style=\"height: 62px;\" width=\"300\">\n<tbody>\n<tr>\n<td><i class=\"fa fa-check icon-tick icon-tick--on\"><\/i>Guide touristique<\/td>\n<td><i class=\"fa fa-check icon-tick icon-tick--on\"><\/i>Transport<\/td>\n<\/tr>\n<tr>\n<td><i class=\"fa fa-check icon-tick icon-tick--on\"><\/i>D\u00e9jeneur<\/td>\n<td><i class=\"fa fa-check icon-tick icon-tick--on\"><\/i>tickets d&#8217;entr\u00e9e<\/td>\n<\/tr>\n<tr>\n<td><\/td>\n<td><\/td>\n<\/tr>\n<\/tbody>\n<\/table>\n<\/td>\n<\/tr>\n<\/tbody>\n<\/table>\n<p>&nbsp;<\/p>\n<p>Prix: Par personne: US$150<br \/>\nVisite collective en espagnol o anglais<\/p>\n<p><strong>Nous pouvons personnaliser cette visite et ajuster le prix en fonction du nombre de participants.<\/strong><\/p>\n<ul>\n<li style=\"list-style-type: none;\"><strong>*Vous pouvez annular la visite jusqu&#8217; a 12 heures avant sans frais d&#8217;annulation.<br \/>\n*Les enfants de moins de 12 ans ont 50% de r\u00e9duction.<br \/>\n<\/strong>Jours f\u00e9ri\u00e9s:<br \/>\nLes ler Janvier, Jeudi Saint, Vendredi Saint, ler Mai, 28 Juillet, 29 Juillet, 24 O\u00e9cembre, 25 O\u00e9cembre et 31 O\u00e9cembre entra1nent une charge suppl\u00e9mentaire de 50%.<\/li>\n<\/ul>\n<p><em><strong>Nous <a href=\"https:\/\/www.limamentor.com\/fr\/tours-fait-sur-mesure\/\">pouvons offrir un prix sp\u00e9cial pour<\/a> une visite a votre style1 Envoyez-nous un message, nous vous contacterons dans les plus brefs d\u00e9lais.<\/strong><\/em><\/p>\n<p>&nbsp;<\/p>\n\n<div class=\"wpcf7 no-js\" id=\"wpcf7-f162-o1\" lang=\"en-US\" dir=\"ltr\" data-wpcf7-id=\"162\">\n<div class=\"screen-reader-response\"><p role=\"status\" aria-live=\"polite\" aria-atomic=\"true\"><\/p> <ul><\/ul><\/div>\n<form action=\"\/fr\/wp-json\/wp\/v2\/product\/5725#wpcf7-f162-o1\" method=\"post\" class=\"wpcf7-form init\" aria-label=\"Contact form\" novalidate=\"novalidate\" data-status=\"init\">\n<fieldset class=\"hidden-fields-container\"><input type=\"hidden\" name=\"_wpcf7\" value=\"162\" \/><input type=\"hidden\" name=\"_wpcf7_version\" value=\"6.1.5\" \/><input type=\"hidden\" name=\"_wpcf7_locale\" value=\"en_US\" \/><input type=\"hidden\" name=\"_wpcf7_unit_tag\" value=\"wpcf7-f162-o1\" \/><input type=\"hidden\" name=\"_wpcf7_container_post\" value=\"0\" \/><input type=\"hidden\" name=\"_wpcf7_posted_data_hash\" value=\"\" \/><input type=\"hidden\" name=\"_wpcf7_recaptcha_response\" value=\"\" \/>\n<\/fieldset>\n<div class=\"form-contact\">\n\t<div class=\"form-contact__fields-short\">\n\t\t<div class=\"form-contact__item-short\">\n\t\t\t<p><span class=\"wpcf7-form-control-wrap\" data-name=\"text-277\"><input size=\"40\" maxlength=\"400\" class=\"wpcf7-form-control wpcf7-text wpcf7-validates-as-required\" aria-required=\"true\" aria-invalid=\"false\" placeholder=\"Your name\" value=\"\" type=\"text\" name=\"text-277\" \/><\/span>\n\t\t\t<\/p>\n\t\t<\/div>\n\t\t<div class=\"form-contact__item-short\">\n\t\t\t<p><span class=\"wpcf7-form-control-wrap\" data-name=\"email-563\"><input size=\"40\" maxlength=\"400\" class=\"wpcf7-form-control wpcf7-email wpcf7-validates-as-required wpcf7-text wpcf7-validates-as-email\" aria-required=\"true\" aria-invalid=\"false\" placeholder=\"Email\" value=\"\" type=\"email\" name=\"email-563\" \/><\/span>\n\t\t\t<\/p>\n\t\t<\/div>\n\t<\/div>\n\t<div class=\"form-contact__fields-short\">\n\t\t<p><span class=\"wpcf7-form-control-wrap\" data-name=\"text-278\"><input size=\"40\" maxlength=\"400\" class=\"wpcf7-form-control wpcf7-text wpcf7-validates-as-required\" aria-required=\"true\" aria-invalid=\"false\" placeholder=\"Subject\" value=\"\" type=\"text\" name=\"text-278\" \/><\/span>\n\t\t<\/p>\n\t<\/div>\n\t<p><span class=\"wpcf7-form-control-wrap\" data-name=\"textarea-287\"><textarea cols=\"0\" rows=\"0\" maxlength=\"2000\" class=\"wpcf7-form-control wpcf7-textarea\" aria-invalid=\"false\" placeholder=\"Message\" name=\"textarea-287\"><\/textarea><\/span><br \/>\n<button type=\"submit\" class=\"button button--style1 button--with-icon\"><i class=\"fa fa-paper-plane\"><\/i>Send<\/button>\n\t<\/p>\n<\/div><div class=\"wpcf7-response-output\" aria-hidden=\"true\"><\/div>\n<\/form>\n<\/div>\n\n","protected":false},"excerpt":{"rendered":"<p>Visitez les diff\u00e9rentes caract\u00e9ristiques de cette ville, de l&#8217;h\u00e9ritage pr\u00e9hispanique \u00e0 la zone coloniale, en passant par les lieux traditionnels et la Lima moderne.<\/p>\n","protected":false},"featured_media":1965,"comment_status":"closed","ping_status":"closed","template":"","meta":[],"product_brand":[],"product_cat":[105],"product_tag":[],"class_list":{"0":"post-5725","1":"product","2":"type-product","3":"status-publish","4":"has-post-thumbnail","6":"product_cat-private-tours-fr","7":"tour_category-visites-confirmees","9":"first","10":"instock","11":"purchasable","12":"product-type-tour"},"_links":{"self":[{"href":"https:\/\/site.limamentor.com\/fr\/wp-json\/wp\/v2\/product\/5725","targetHints":{"allow":["GET"]}}],"collection":[{"href":"https:\/\/site.limamentor.com\/fr\/wp-json\/wp\/v2\/product"}],"about":[{"href":"https:\/\/site.limamentor.com\/fr\/wp-json\/wp\/v2\/types\/product"}],"replies":[{"embeddable":true,"href":"https:\/\/site.limamentor.com\/fr\/wp-json\/wp\/v2\/comments?post=5725"}],"wp:featuredmedia":[{"embeddable":true,"href":"https:\/\/site.limamentor.com\/fr\/wp-json\/wp\/v2\/media\/1965"}],"wp:attachment":[{"href":"https:\/\/site.limamentor.com\/fr\/wp-json\/wp\/v2\/media?parent=5725"}],"wp:term":[{"taxonomy":"product_brand","embeddable":true,"href":"https:\/\/site.limamentor.com\/fr\/wp-json\/wp\/v2\/product_brand?post=5725"},{"taxonomy":"product_cat","embeddable":true,"href":"https:\/\/site.limamentor.com\/fr\/wp-json\/wp\/v2\/product_cat?post=5725"},{"taxonomy":"product_tag","embeddable":true,"href":"https:\/\/site.limamentor.com\/fr\/wp-json\/wp\/v2\/product_tag?post=5725"}],"curies":[{"name":"wp","href":"https:\/\/api.w.org\/{rel}","templated":true}]}}