{"id":5729,"date":"2017-02-07T21:53:39","date_gmt":"2017-02-07T21:53:39","guid":{"rendered":"https:\/\/www.limamentor.com\/product\/full-day-lima-a-culinary-historic-traditional-city\/"},"modified":"2023-12-05T19:48:31","modified_gmt":"2023-12-06T00:48:31","slug":"full-day-lima-a-culinary-historic-traditional-city","status":"publish","type":"product","link":"https:\/\/site.limamentor.com\/fr\/tours\/full-day-lima-a-culinary-historic-traditional-city\/","title":{"rendered":"Journ\u00e9e Compl\u00e8te: Lima Culinaire, Historique &#038; Traditionnelle"},"content":{"rendered":"<ul>\n<li>Visitez un march\u00e9 ou vous d\u00e9gusterez les fruits locaux.<\/li>\n<li>Visitez le centre historique de Lima pour observer ses monuments et son architecture tout en d\u00e9gustant du pisco (distillat \u00e0 base de raisin) et du cacao.<\/li>\n<li>Nous apprenons \u00e0 pr\u00e9parer un ceviche et d\u00e9gustons un d\u00e9jeuner l\u00e9ger.<\/li>\n<li>Explorez le quartier boh\u00e9mien de Barranco, o\u00f9 vous pourrez appr\u00e9cier son architecture et ses charmantes rues.<\/li>\n<li>Visitez un restaurant local pour essayer les picarones, un dessert p\u00e9ruvien traditionnel pr\u00e9par\u00e9 avec de la citrouille et de la patate douce.<\/li>\n<\/ul>\n<p>&nbsp;<\/p>\n<h3>maximum 6\u00a0participants<\/h3>\n<table class=\"table table-bordered tours-tabs__table\" style=\"height: 233px;\" width=\"862\">\n<tbody>\n<tr>\n<td><strong>DEPART \/ RETOUR LOCATION\u00a0<\/strong><\/td>\n<td>Transfert depuis et jusqu&#8217;a n&#8217;importe quel hotel situ\u00e9 a Miraflores ou San Isidro.<\/td>\n<\/tr>\n<tr>\n<td><strong>DUR\u00c9E<\/strong><\/td>\n<td>(8.30h-16.30h). Du lundi au dimanche.<\/td>\n<\/tr>\n<tr>\n<td><strong>INCLUS<\/strong><\/td>\n<td>\n<table class=\"table table-bordered\" style=\"height: 62px;\" width=\"300\">\n<tbody>\n<tr>\n<td><i class=\"fa fa-check icon-tick icon-tick--on\"><\/i>Guide touristique<\/td>\n<td><i class=\"fa fa-check icon-tick icon-tick--on\"><\/i>Transport<\/td>\n<\/tr>\n<tr>\n<td><i class=\"fa fa-check icon-tick icon-tick--on\"><\/i>Tous les repas et d\u00e9gustations mentionn\u00e9s dans la description du circuit<\/td>\n<td><i class=\"fa fa-check icon-tick icon-tick--on\"><\/i>Tickets d&#8217;entr\u00e9e<\/td>\n<\/tr>\n<tr>\n<td><\/td>\n<td><\/td>\n<\/tr>\n<\/tbody>\n<\/table>\n<\/td>\n<\/tr>\n<\/tbody>\n<\/table>\n<p>&nbsp;<\/p>\n<p>&nbsp;<\/p>\n<p>Prix: Par personne: US$170. Visite collective en espagnol ou angla is. (max. 6 participants).<\/p>\n<p>Jours f\u00e9ri\u00e9s:Les ler Janvier, Jeudi Saint, Vendredi Saint, ler Mai, 28 Juillet, 29 Juillet, 24 D\u00e9cembre, 25 D\u00e9cembre et 31 D\u00e9cembre entra1nent une charge suppl\u00e9mentaire de 50%.<\/p>\n<p><em><strong>Nous <a href=\"https:\/\/www.limamentor.com\/fr\/tours-fait-sur-mesure\/\">pouvons adapter ce tour<\/a> et ajuster le prix en fonction du nombre de participants<\/strong><\/em><\/p>\n\n<div class=\"wpcf7 no-js\" id=\"wpcf7-f162-o1\" lang=\"en-US\" dir=\"ltr\" data-wpcf7-id=\"162\">\n<div class=\"screen-reader-response\"><p role=\"status\" aria-live=\"polite\" aria-atomic=\"true\"><\/p> <ul><\/ul><\/div>\n<form action=\"\/fr\/wp-json\/wp\/v2\/product\/5729#wpcf7-f162-o1\" method=\"post\" class=\"wpcf7-form init\" aria-label=\"Contact form\" novalidate=\"novalidate\" data-status=\"init\">\n<fieldset class=\"hidden-fields-container\"><input type=\"hidden\" name=\"_wpcf7\" value=\"162\" \/><input type=\"hidden\" name=\"_wpcf7_version\" value=\"6.1.5\" \/><input type=\"hidden\" name=\"_wpcf7_locale\" value=\"en_US\" \/><input type=\"hidden\" name=\"_wpcf7_unit_tag\" value=\"wpcf7-f162-o1\" \/><input type=\"hidden\" name=\"_wpcf7_container_post\" value=\"0\" \/><input type=\"hidden\" name=\"_wpcf7_posted_data_hash\" value=\"\" \/><input type=\"hidden\" name=\"_wpcf7_recaptcha_response\" value=\"\" \/>\n<\/fieldset>\n<div class=\"form-contact\">\n\t<div class=\"form-contact__fields-short\">\n\t\t<div class=\"form-contact__item-short\">\n\t\t\t<p><span class=\"wpcf7-form-control-wrap\" data-name=\"text-277\"><input size=\"40\" maxlength=\"400\" class=\"wpcf7-form-control wpcf7-text wpcf7-validates-as-required\" aria-required=\"true\" aria-invalid=\"false\" placeholder=\"Your name\" value=\"\" type=\"text\" name=\"text-277\" \/><\/span>\n\t\t\t<\/p>\n\t\t<\/div>\n\t\t<div class=\"form-contact__item-short\">\n\t\t\t<p><span class=\"wpcf7-form-control-wrap\" data-name=\"email-563\"><input size=\"40\" maxlength=\"400\" class=\"wpcf7-form-control wpcf7-email wpcf7-validates-as-required wpcf7-text wpcf7-validates-as-email\" aria-required=\"true\" aria-invalid=\"false\" placeholder=\"Email\" value=\"\" type=\"email\" name=\"email-563\" \/><\/span>\n\t\t\t<\/p>\n\t\t<\/div>\n\t<\/div>\n\t<div class=\"form-contact__fields-short\">\n\t\t<p><span class=\"wpcf7-form-control-wrap\" data-name=\"text-278\"><input size=\"40\" maxlength=\"400\" class=\"wpcf7-form-control wpcf7-text wpcf7-validates-as-required\" aria-required=\"true\" aria-invalid=\"false\" placeholder=\"Subject\" value=\"\" type=\"text\" name=\"text-278\" \/><\/span>\n\t\t<\/p>\n\t<\/div>\n\t<p><span class=\"wpcf7-form-control-wrap\" data-name=\"textarea-287\"><textarea cols=\"0\" rows=\"0\" maxlength=\"2000\" class=\"wpcf7-form-control wpcf7-textarea\" aria-invalid=\"false\" placeholder=\"Message\" name=\"textarea-287\"><\/textarea><\/span><br \/>\n<button type=\"submit\" class=\"button button--style1 button--with-icon\"><i class=\"fa fa-paper-plane\"><\/i>Send<\/button>\n\t<\/p>\n<\/div><div class=\"wpcf7-response-output\" aria-hidden=\"true\"><\/div>\n<\/form>\n<\/div>\n\n","protected":false},"excerpt":{"rendered":"<p>Une visite id\u00e9ale pour d\u00e9couvrir la gastronomie p\u00e9ruvienne, l&#8217;art populaire et l&#8217;histoire de Lima.\u00a0 <span class=\"Y2IQFc\" lang=\"fr\">Une excellente combinaison de notre culture et de notre cuisine.\u00a0<\/span><\/p>\n","protected":false},"featured_media":2617,"comment_status":"closed","ping_status":"closed","template":"","meta":[],"product_brand":[],"product_cat":[105],"product_tag":[],"class_list":{"0":"post-5729","1":"product","2":"type-product","3":"status-publish","4":"has-post-thumbnail","6":"product_cat-private-tours-fr","7":"tour_category-visites-confirmees","9":"first","10":"instock","11":"purchasable","12":"product-type-tour"},"_links":{"self":[{"href":"https:\/\/site.limamentor.com\/fr\/wp-json\/wp\/v2\/product\/5729","targetHints":{"allow":["GET"]}}],"collection":[{"href":"https:\/\/site.limamentor.com\/fr\/wp-json\/wp\/v2\/product"}],"about":[{"href":"https:\/\/site.limamentor.com\/fr\/wp-json\/wp\/v2\/types\/product"}],"replies":[{"embeddable":true,"href":"https:\/\/site.limamentor.com\/fr\/wp-json\/wp\/v2\/comments?post=5729"}],"wp:featuredmedia":[{"embeddable":true,"href":"https:\/\/site.limamentor.com\/fr\/wp-json\/wp\/v2\/media\/2617"}],"wp:attachment":[{"href":"https:\/\/site.limamentor.com\/fr\/wp-json\/wp\/v2\/media?parent=5729"}],"wp:term":[{"taxonomy":"product_brand","embeddable":true,"href":"https:\/\/site.limamentor.com\/fr\/wp-json\/wp\/v2\/product_brand?post=5729"},{"taxonomy":"product_cat","embeddable":true,"href":"https:\/\/site.limamentor.com\/fr\/wp-json\/wp\/v2\/product_cat?post=5729"},{"taxonomy":"product_tag","embeddable":true,"href":"https:\/\/site.limamentor.com\/fr\/wp-json\/wp\/v2\/product_tag?post=5729"}],"curies":[{"name":"wp","href":"https:\/\/api.w.org\/{rel}","templated":true}]}}