{"id":5733,"date":"2017-02-11T10:27:04","date_gmt":"2017-02-11T15:27:04","guid":{"rendered":"https:\/\/www.limamentor.com\/product\/full-day-walking-in-the-historic-center-of-lima\/"},"modified":"2023-10-25T12:32:23","modified_gmt":"2023-10-25T17:32:23","slug":"full-day-walking-in-the-historic-center-of-lima","status":"publish","type":"product","link":"https:\/\/site.limamentor.com\/fr\/tours\/full-day-walking-in-the-historic-center-of-lima\/","title":{"rendered":"Journ\u00e9e Compl\u00e8te: Promenade \u00e0 travers le Centre Historique de Lima"},"content":{"rendered":"<ul>\n<li>Une journ\u00e9e consacr\u00e9e a notre ville, patrimoine de l&#8217;UNESCO. le matin, transfert depuis votre hotel pour rejoindre le quartier historique.<\/li>\n<li>On commence la visite avec le lieu de la premiere universit\u00e9 de l&#8217;Am\u00e9rique, Universidad Mayor de San Marcos.<\/li>\n<li>On continue vers la Place San Mart\u00edn et a pres, on fera une promenade par la rue De l&#8217;Union, rue pi\u00e9tonne ou l&#8217;on peut admirer l&#8217;architecture de plusieurs maisons class\u00e9es. On traverse par les th\u00e9atres embl\u00e9matiques du quartier : le Th\u00e9atre Municipal et le Th\u00e9atre Segura.<\/li>\n<li>A la fin, on visite notre c\u00e9lebre Plaza Mayor.<\/li>\n<li>Visitez la Casa Osambela, demeure d&#8217;une grande richesse architecturale datant du XVllleme siecle;<\/li>\n<li>Visite du Couvent de Santo Domingo, l&#8217;un des mieux conserv\u00e9s de l&#8217;\u00e9poque coloniale et acc\u00e9dez asa tour pour avoir une vue impressionnante sur la ville.<\/li>\n<li>Casa Aliaga, belle demeure appartenant a la meme famille depuis l&#8217;\u00e9poque de la vice-royaut\u00e9.<\/li>\n<li>D\u00e9jeuner dans un restaurant local et nous prenons une courte pause.<\/li>\n<li>Dans l&#8217;apres-midi, visite du Cuvent de Saint Fran\udbc0\udc6eois, le Pare de la Muraille avec vue de la Riviere Rima et la colline et belv\u00e9dere de Lima, le \u00abCerro San Cristobal\u00bb. On tinit avec la visite de l&#8217;Eglise San Pedro, pour y admirer les meilleurs retables dor\u00e9s de la vi lle. A cot\u00e9, se trouve le magnifique Pala is de Torre Tagle, ancien r\u00e9sidence qui appartenait a &#8216;une famille riche avec titre de Marquis a l&#8217;\u00e9poque colonial<\/li>\n<li>Vous promenerez dans Le Barrio Chino (quartier chinois) ou vous d\u00e9couvrirez le m\u00e9lange des cultures chinoise et p\u00e9ruvienne.<\/li>\n<\/ul>\n<p>&nbsp;<\/p>\n<table class=\"table table-bordered tours-tabs__table\" style=\"height: 233px;\" width=\"862\">\n<tbody>\n<tr>\n<td><strong>DEPART \/ RETOUR LOCATION\u00a0<\/strong><\/td>\n<td>Transfert depuis et jusqu&#8217;a n&#8217;importe quel hotel situ\u00e9 a Miraflores, San Isidro ou Barranco.<\/td>\n<\/tr>\n<tr>\n<td><strong>DUR\u00c9E<\/strong><\/td>\n<td>8\u00a0hours<\/td>\n<\/tr>\n<tr>\n<td><strong>INCLUS<\/strong><\/td>\n<td>\n<table class=\"table table-bordered\" style=\"height: 62px;\" width=\"300\">\n<tbody>\n<tr>\n<td><i class=\"fa fa-check icon-tick icon-tick--on\"><\/i>Guide touristique en tangue francaise<\/td>\n<td><i class=\"fa fa-check icon-tick icon-tick--on\"><\/i>Transporten van priv\u00e9<\/td>\n<\/tr>\n<tr>\n<td><i class=\"fa fa-check icon-tick icon-tick--on\"><\/i>Bouteille d&#8217;eau min\u00e9rale<\/td>\n<td><i class=\"fa fa-check icon-tick icon-tick--on\"><\/i>Tickets d&#8217;entr\u00e9e<\/td>\n<\/tr>\n<tr>\n<td><i class=\"fa fa-check icon-tick icon-tick--on\"><\/i>D\u00e9jeuner<\/td>\n<td><\/td>\n<\/tr>\n<\/tbody>\n<\/table>\n<\/td>\n<\/tr>\n<\/tbody>\n<\/table>\n<p>&nbsp;<\/p>\n<p>Prix Par personne:<br \/>\nUS$165 si 2 participants;<br \/>\nUS$140 si 4 participants;<br \/>\nUS$120 si 6 participants.<\/p>\n<p>Jours f\u00e9ri\u00e9s: Les ler Janvier, Jeudi Saint, Vendredi Saint, ler Mai, 28 Juillet, 29 Juillet, 24 D\u00e9cembre, 25 D\u00e9cembre et 31 D\u00e9cembre entra1nent une charge suppl\u00e9mentaire de 50%.<\/p>\n<p><em><strong>Nous <a href=\"https:\/\/www.limamentor.com\/fr\/tours-fait-sur-mesure\/\">pouvons adapter ce tour<\/a> et a}uster le prix en fonction du nombre de participants <\/strong><\/em><\/p>\n\n<div class=\"wpcf7 no-js\" id=\"wpcf7-f162-o1\" lang=\"en-US\" dir=\"ltr\" data-wpcf7-id=\"162\">\n<div class=\"screen-reader-response\"><p role=\"status\" aria-live=\"polite\" aria-atomic=\"true\"><\/p> <ul><\/ul><\/div>\n<form action=\"\/fr\/wp-json\/wp\/v2\/product\/5733#wpcf7-f162-o1\" method=\"post\" class=\"wpcf7-form init\" aria-label=\"Contact form\" novalidate=\"novalidate\" data-status=\"init\">\n<fieldset class=\"hidden-fields-container\"><input type=\"hidden\" name=\"_wpcf7\" value=\"162\" \/><input type=\"hidden\" name=\"_wpcf7_version\" value=\"6.1.5\" \/><input type=\"hidden\" name=\"_wpcf7_locale\" value=\"en_US\" \/><input type=\"hidden\" name=\"_wpcf7_unit_tag\" value=\"wpcf7-f162-o1\" \/><input type=\"hidden\" name=\"_wpcf7_container_post\" value=\"0\" \/><input type=\"hidden\" name=\"_wpcf7_posted_data_hash\" value=\"\" \/><input type=\"hidden\" name=\"_wpcf7_recaptcha_response\" value=\"\" \/>\n<\/fieldset>\n<div class=\"form-contact\">\n\t<div class=\"form-contact__fields-short\">\n\t\t<div class=\"form-contact__item-short\">\n\t\t\t<p><span class=\"wpcf7-form-control-wrap\" data-name=\"text-277\"><input size=\"40\" maxlength=\"400\" class=\"wpcf7-form-control wpcf7-text wpcf7-validates-as-required\" aria-required=\"true\" aria-invalid=\"false\" placeholder=\"Your name\" value=\"\" type=\"text\" name=\"text-277\" \/><\/span>\n\t\t\t<\/p>\n\t\t<\/div>\n\t\t<div class=\"form-contact__item-short\">\n\t\t\t<p><span class=\"wpcf7-form-control-wrap\" data-name=\"email-563\"><input size=\"40\" maxlength=\"400\" class=\"wpcf7-form-control wpcf7-email wpcf7-validates-as-required wpcf7-text wpcf7-validates-as-email\" aria-required=\"true\" aria-invalid=\"false\" placeholder=\"Email\" value=\"\" type=\"email\" name=\"email-563\" \/><\/span>\n\t\t\t<\/p>\n\t\t<\/div>\n\t<\/div>\n\t<div class=\"form-contact__fields-short\">\n\t\t<p><span class=\"wpcf7-form-control-wrap\" data-name=\"text-278\"><input size=\"40\" maxlength=\"400\" class=\"wpcf7-form-control wpcf7-text wpcf7-validates-as-required\" aria-required=\"true\" aria-invalid=\"false\" placeholder=\"Subject\" value=\"\" type=\"text\" name=\"text-278\" \/><\/span>\n\t\t<\/p>\n\t<\/div>\n\t<p><span class=\"wpcf7-form-control-wrap\" data-name=\"textarea-287\"><textarea cols=\"0\" rows=\"0\" maxlength=\"2000\" class=\"wpcf7-form-control wpcf7-textarea\" aria-invalid=\"false\" placeholder=\"Message\" name=\"textarea-287\"><\/textarea><\/span><br \/>\n<button type=\"submit\" class=\"button button--style1 button--with-icon\"><i class=\"fa fa-paper-plane\"><\/i>Send<\/button>\n\t<\/p>\n<\/div><div class=\"wpcf7-response-output\" aria-hidden=\"true\"><\/div>\n<\/form>\n<\/div>\n\n","protected":false},"excerpt":{"rendered":"<p>Profitez d&#8217;une journ\u00e9e compl\u00e8te pour explorer tous les recoins du centre historique de Lima, class\u00e9 au patrimoine mondial de l&#8217;UNESCO. Entrez dans des maisons historiques, visitez des couvents coloniaux, des march\u00e9s, des parcs et des mus\u00e9es.<\/p>\n","protected":false},"featured_media":1971,"comment_status":"closed","ping_status":"closed","template":"","meta":[],"product_brand":[],"product_cat":[126],"product_tag":[],"class_list":{"0":"post-5733","1":"product","2":"type-product","3":"status-publish","4":"has-post-thumbnail","6":"product_cat-lima-is-more-fr","7":"tour_category-visites-privees","9":"first","10":"instock","11":"shipping-taxable","12":"purchasable","13":"product-type-tour"},"_links":{"self":[{"href":"https:\/\/site.limamentor.com\/fr\/wp-json\/wp\/v2\/product\/5733","targetHints":{"allow":["GET"]}}],"collection":[{"href":"https:\/\/site.limamentor.com\/fr\/wp-json\/wp\/v2\/product"}],"about":[{"href":"https:\/\/site.limamentor.com\/fr\/wp-json\/wp\/v2\/types\/product"}],"replies":[{"embeddable":true,"href":"https:\/\/site.limamentor.com\/fr\/wp-json\/wp\/v2\/comments?post=5733"}],"wp:featuredmedia":[{"embeddable":true,"href":"https:\/\/site.limamentor.com\/fr\/wp-json\/wp\/v2\/media\/1971"}],"wp:attachment":[{"href":"https:\/\/site.limamentor.com\/fr\/wp-json\/wp\/v2\/media?parent=5733"}],"wp:term":[{"taxonomy":"product_brand","embeddable":true,"href":"https:\/\/site.limamentor.com\/fr\/wp-json\/wp\/v2\/product_brand?post=5733"},{"taxonomy":"product_cat","embeddable":true,"href":"https:\/\/site.limamentor.com\/fr\/wp-json\/wp\/v2\/product_cat?post=5733"},{"taxonomy":"product_tag","embeddable":true,"href":"https:\/\/site.limamentor.com\/fr\/wp-json\/wp\/v2\/product_tag?post=5733"}],"curies":[{"name":"wp","href":"https:\/\/api.w.org\/{rel}","templated":true}]}}