{"id":5769,"date":"2017-02-12T09:26:36","date_gmt":"2017-02-12T14:26:36","guid":{"rendered":"https:\/\/www.limamentor.com\/product\/sustainable-tour\/"},"modified":"2023-10-20T10:18:08","modified_gmt":"2023-10-20T15:18:08","slug":"sustainable-tour","status":"publish","type":"product","link":"https:\/\/site.limamentor.com\/fr\/tours\/sustainable-tour\/","title":{"rendered":"Sustainable Tour"},"content":{"rendered":"<ul>\n<li>Aujourd&#8217;hui, nous apprendrons comment les immigrants des provinces progressent dans le nouveau quartier de Villa El Salvador, l&#8217;un des plus grands quartiers de la banlieue de la capitale Lima.<\/li>\n<li>Nous visiterons le restaurant communautaire o\u00f9 notre amie, Julia, pr\u00e9pare le d\u00e9jeuner pour la plupart des travailleurs \u00e0 des prix tr\u00e8s bas. Il s&#8217;agit d&#8217;un projet soutenu par le gouvernement.<\/li>\n<li>Visitez le grand nouveau centre sp\u00e9cialis\u00e9 pour les produits du bois et l&#8217; ameublement de la maison fournissant des produits a toutes les familles de classe moyenne de Lima. Un arret sp\u00e9cial dans un magasin d&#8217;artisanat offrant style colonial art-d\u00e9co g\u00e9n\u00e9ralement fait pour l&#8217;exportation ou vous aurez la possibilit\u00e9 d&#8217;acheter leurs produits af\u00edn d&#8217;aider leur projet et les ceuvres.<\/li>\n<li>Oans notre itin\u00e9raire nous profiterons \u00e9galement des belles vues de la vall\u00e9e de Lurin et de l&#8217;oc\u00e9an Pacifique tandis que notre guide va partager avec vous tous ces processus sociaux.<\/li>\n<\/ul>\n<p>&nbsp;<\/p>\n<table class=\"table table-bordered tours-tabs__table\" style=\"height: 233px;\" width=\"862\">\n<tbody>\n<tr>\n<td><strong>DUR\u00c9E<\/strong><\/td>\n<td>3h 30.<\/td>\n<\/tr>\n<tr>\n<td><strong>INCLUS<\/strong><\/td>\n<td>\n<table class=\"table table-bordered\" style=\"height: 62px;\" width=\"300\">\n<tbody>\n<tr>\n<td><i class=\"fa fa-check icon-tick icon-tick--on\"><\/i>Guide touristique en tangue francaise<\/td>\n<td><i class=\"fa fa-check icon-tick icon-tick--on\"><\/i>Van priv\u00e9<\/td>\n<\/tr>\n<tr>\n<td><i class=\"fa fa-check icon-tick icon-tick--on\"><\/i>Bouteille d&#8217;eau min\u00e9rale<\/td>\n<td><\/td>\n<\/tr>\n<\/tbody>\n<\/table>\n<\/td>\n<\/tr>\n<\/tbody>\n<\/table>\n<p>&nbsp;<\/p>\n<p>Prix par personne:<br \/>\nUS$70 si 2 participants;<br \/>\nUS$50 si 4 participants;<br \/>\nUS$40 si 6 participants .<\/p>\n<p>Jours f\u00e9ri\u00e9s: Les ler Janvier, Jeudi Saint, Vendredi Saint, ler Mai, 28 Juillet, 29 Juillet, 24 D\u00e9cembre, 25 D\u00e9cembre et 31 D\u00e9cembre entra1nent une charge suppl\u00e9mentaire de 50%.<\/p>\n<p><em><strong>Nous <a href=\"https:\/\/www.limamentor.com\/fr\/tours-fait-sur-mesure\/\">pouvons adapter ce tour<\/a> et ajuster le prix en fonction du nombre de participants <\/strong><\/em><\/p>\n\n<div class=\"wpcf7 no-js\" id=\"wpcf7-f162-o1\" lang=\"en-US\" dir=\"ltr\" data-wpcf7-id=\"162\">\n<div class=\"screen-reader-response\"><p role=\"status\" aria-live=\"polite\" aria-atomic=\"true\"><\/p> <ul><\/ul><\/div>\n<form action=\"\/fr\/wp-json\/wp\/v2\/product\/5769#wpcf7-f162-o1\" method=\"post\" class=\"wpcf7-form init\" aria-label=\"Contact form\" novalidate=\"novalidate\" data-status=\"init\">\n<fieldset class=\"hidden-fields-container\"><input type=\"hidden\" name=\"_wpcf7\" value=\"162\" \/><input type=\"hidden\" name=\"_wpcf7_version\" value=\"6.1.5\" \/><input type=\"hidden\" name=\"_wpcf7_locale\" value=\"en_US\" \/><input type=\"hidden\" name=\"_wpcf7_unit_tag\" value=\"wpcf7-f162-o1\" \/><input type=\"hidden\" name=\"_wpcf7_container_post\" value=\"0\" \/><input type=\"hidden\" name=\"_wpcf7_posted_data_hash\" value=\"\" \/><input type=\"hidden\" name=\"_wpcf7_recaptcha_response\" value=\"\" \/>\n<\/fieldset>\n<div class=\"form-contact\">\n\t<div class=\"form-contact__fields-short\">\n\t\t<div class=\"form-contact__item-short\">\n\t\t\t<p><span class=\"wpcf7-form-control-wrap\" data-name=\"text-277\"><input size=\"40\" maxlength=\"400\" class=\"wpcf7-form-control wpcf7-text wpcf7-validates-as-required\" aria-required=\"true\" aria-invalid=\"false\" placeholder=\"Your name\" value=\"\" type=\"text\" name=\"text-277\" \/><\/span>\n\t\t\t<\/p>\n\t\t<\/div>\n\t\t<div class=\"form-contact__item-short\">\n\t\t\t<p><span class=\"wpcf7-form-control-wrap\" data-name=\"email-563\"><input size=\"40\" maxlength=\"400\" class=\"wpcf7-form-control wpcf7-email wpcf7-validates-as-required wpcf7-text wpcf7-validates-as-email\" aria-required=\"true\" aria-invalid=\"false\" placeholder=\"Email\" value=\"\" type=\"email\" name=\"email-563\" \/><\/span>\n\t\t\t<\/p>\n\t\t<\/div>\n\t<\/div>\n\t<div class=\"form-contact__fields-short\">\n\t\t<p><span class=\"wpcf7-form-control-wrap\" data-name=\"text-278\"><input size=\"40\" maxlength=\"400\" class=\"wpcf7-form-control wpcf7-text wpcf7-validates-as-required\" aria-required=\"true\" aria-invalid=\"false\" placeholder=\"Subject\" value=\"\" type=\"text\" name=\"text-278\" \/><\/span>\n\t\t<\/p>\n\t<\/div>\n\t<p><span class=\"wpcf7-form-control-wrap\" data-name=\"textarea-287\"><textarea cols=\"0\" rows=\"0\" maxlength=\"2000\" class=\"wpcf7-form-control wpcf7-textarea\" aria-invalid=\"false\" placeholder=\"Message\" name=\"textarea-287\"><\/textarea><\/span><br \/>\n<button type=\"submit\" class=\"button button--style1 button--with-icon\"><i class=\"fa fa-paper-plane\"><\/i>Send<\/button>\n\t<\/p>\n<\/div><div class=\"wpcf7-response-output\" aria-hidden=\"true\"><\/div>\n<\/form>\n<\/div>\n\n","protected":false},"excerpt":{"rendered":"<p>Une visite pour apprendre comment les immigr\u00e9s font leur croissance \u00e9conomique dans la grande capitale de Lima. Partageons avec eux une matin\u00e9e productive.<\/p>\n","protected":false},"featured_media":2083,"comment_status":"closed","ping_status":"closed","template":"","meta":[],"product_brand":[],"product_cat":[126],"product_tag":[],"class_list":{"0":"post-5769","1":"product","2":"type-product","3":"status-publish","4":"has-post-thumbnail","6":"product_cat-lima-is-more-fr","7":"tour_category-visites-privees","9":"first","10":"instock","11":"shipping-taxable","12":"purchasable","13":"product-type-tour"},"_links":{"self":[{"href":"https:\/\/site.limamentor.com\/fr\/wp-json\/wp\/v2\/product\/5769","targetHints":{"allow":["GET"]}}],"collection":[{"href":"https:\/\/site.limamentor.com\/fr\/wp-json\/wp\/v2\/product"}],"about":[{"href":"https:\/\/site.limamentor.com\/fr\/wp-json\/wp\/v2\/types\/product"}],"replies":[{"embeddable":true,"href":"https:\/\/site.limamentor.com\/fr\/wp-json\/wp\/v2\/comments?post=5769"}],"wp:featuredmedia":[{"embeddable":true,"href":"https:\/\/site.limamentor.com\/fr\/wp-json\/wp\/v2\/media\/2083"}],"wp:attachment":[{"href":"https:\/\/site.limamentor.com\/fr\/wp-json\/wp\/v2\/media?parent=5769"}],"wp:term":[{"taxonomy":"product_brand","embeddable":true,"href":"https:\/\/site.limamentor.com\/fr\/wp-json\/wp\/v2\/product_brand?post=5769"},{"taxonomy":"product_cat","embeddable":true,"href":"https:\/\/site.limamentor.com\/fr\/wp-json\/wp\/v2\/product_cat?post=5769"},{"taxonomy":"product_tag","embeddable":true,"href":"https:\/\/site.limamentor.com\/fr\/wp-json\/wp\/v2\/product_tag?post=5769"}],"curies":[{"name":"wp","href":"https:\/\/api.w.org\/{rel}","templated":true}]}}