{"id":5785,"date":"2017-02-12T11:50:46","date_gmt":"2017-02-12T16:50:46","guid":{"rendered":"https:\/\/www.limamentor.com\/product\/sea-lions-peruvian-paso-horse-riding\/"},"modified":"2023-10-25T12:45:46","modified_gmt":"2023-10-25T17:45:46","slug":"sea-lions-peruvian-paso-horse-riding","status":"publish","type":"product","link":"https:\/\/site.limamentor.com\/fr\/tours\/sea-lions-peruvian-paso-horse-riding\/","title":{"rendered":"Randonn\u00e9e Equestre &#038; Pachacamac"},"content":{"rendered":"<div class=\"wpb-content-wrapper\"><p>[vc_row][vc_column][vc_column_text]<\/p>\n<ul>\n<li>Parcours dans la vall\u00e9e du fleuve Lur\u00edn aux alentours de l&#8217;ext\u00e9nuante Lima m\u00e9tropolitaine, ou vous aurez l&#8217;opportunit\u00e9 de monter le cheval de paso p\u00e9ruvien, une race reconnue dans le monde comme l&#8217;une des meilleures pour faire de la randonn\u00e9e, puisque sa d\u00e9marche douce et son pas \u00e9l\u00e9gant font de celle-ci une exp\u00e9rience relaxante.<\/li>\n<li>Ce parcours vous conduira a travers les grands espaces de la vall\u00e9e, en passant par les terres sabl\u00e9es de la cote.<\/li>\n<li>Visitez le site arch\u00e9ologique de Pachacamac, un ancien centre c\u00e9r\u00e9monial tourn\u00e9 vers l&#8217;oc\u00e9an, construits avant que les Incas ne dominent le P\u00e9rou. Durant votre visite du temple, vous visiterez les parties les plus importantes de l&#8217;enceinte ainsi que le mus\u00e9e du site.<\/li>\n<li>Pour terminer, nous nous rendrons au restaurant champetre Gloria del Campo, ou ses tours de terre cuisent les pains les plus d\u00e9licieux et ou il y a un champ de l\u00e9gumes et de fruits qui sont utilis\u00e9s pour pr\u00e9parer les repas, tandis que les oiseaux chantent dans le lointain.<\/li>\n<\/ul>\n<p>&nbsp;<\/p>\n<table class=\"table table-bordered tours-tabs__table\" style=\"height: 233px; width: 854px;\" width=\"862\">\n<tbody>\n<tr>\n<td style=\"width: 293px;\"><strong>DEPART \/ RETOUR LOCATION\u00a0<\/strong><\/td>\n<td style=\"width: 561px;\">Transfert depuis et jusqu&#8217;a n&#8217;importe quel hotel situ\u00e9 a Miraflores, San Isidro ou Barranco.<\/td>\n<\/tr>\n<tr>\n<td style=\"width: 293px;\"><strong>DUR\u00c9E<\/strong><\/td>\n<td style=\"width: 561px;\">6 heures<\/td>\n<\/tr>\n<tr>\n<td style=\"width: 293px;\"><strong>INCLUS<\/strong><\/td>\n<td style=\"width: 561px;\">\n<table class=\"table table-bordered\" style=\"height: 62px;\" width=\"300\">\n<tbody>\n<tr>\n<td><i class=\"fa fa-check icon-tick icon-tick--on\"><\/i>Guide<\/td>\n<td><i class=\"fa fa-check icon-tick icon-tick--on\"><\/i>Transporten van priv\u00e9<\/td>\n<\/tr>\n<tr>\n<td><i class=\"fa fa-check icon-tick icon-tick--on\"><\/i>Bouteille d&#8217;eau min\u00e9rale<\/td>\n<td><i class=\"fa fa-check icon-tick icon-tick--on\"><\/i>Tickets d&#8217;entr\u00e9e<\/td>\n<\/tr>\n<tr>\n<td><i class=\"fa fa-check icon-tick icon-tick--on\"><\/i>2 heures de monter le cheval<\/td>\n<td><i class=\"fa fa-check icon-tick icon-tick--on\"><\/i>D\u00e9jeuner<\/td>\n<\/tr>\n<\/tbody>\n<\/table>\n<\/td>\n<\/tr>\n<\/tbody>\n<\/table>\n<p>&nbsp;<\/p>\n<p>Prix Par personne:<br \/>\nUS$235 si 2 participants;<br \/>\nUS$185 si 4 participants;<br \/>\nUS$165 si 6 participants.<\/p>\n<p>Jours f\u00e9ri\u00e9s: Les ler Janvier, Jeudi Saint, Vendredi Saint, ler Mai, 28 Juillet, 29 Juillet, 24 D\u00e9cembre, 25 D\u00e9cembre et 31 D\u00e9cembre entra1nent une charge suppl\u00e9mentaire de 50%.<\/p>\n<p><em><strong>Nous <a href=\"https:\/\/www.limamentor.com\/fr\/tours-fait-sur-mesure\/\">pouvons adapter ce tour<\/a> et ajuster le prix en fonction du nombre de participants <\/strong><\/em><\/p>\n<p>[\/vc_column_text][\/vc_column][\/vc_row]\n<div class=\"wpcf7 no-js\" id=\"wpcf7-f162-o1\" lang=\"en-US\" dir=\"ltr\" data-wpcf7-id=\"162\">\n<div class=\"screen-reader-response\"><p role=\"status\" aria-live=\"polite\" aria-atomic=\"true\"><\/p> <ul><\/ul><\/div>\n<form action=\"\/fr\/wp-json\/wp\/v2\/product\/5785#wpcf7-f162-o1\" method=\"post\" class=\"wpcf7-form init\" aria-label=\"Contact form\" novalidate=\"novalidate\" data-status=\"init\">\n<fieldset class=\"hidden-fields-container\"><input type=\"hidden\" name=\"_wpcf7\" value=\"162\" \/><input type=\"hidden\" name=\"_wpcf7_version\" value=\"6.1.5\" \/><input type=\"hidden\" name=\"_wpcf7_locale\" value=\"en_US\" \/><input type=\"hidden\" name=\"_wpcf7_unit_tag\" value=\"wpcf7-f162-o1\" \/><input type=\"hidden\" name=\"_wpcf7_container_post\" value=\"0\" \/><input type=\"hidden\" name=\"_wpcf7_posted_data_hash\" value=\"\" \/><input type=\"hidden\" name=\"_wpcf7_recaptcha_response\" value=\"\" \/>\n<\/fieldset>\n<div class=\"form-contact\">\n\t<div class=\"form-contact__fields-short\">\n\t\t<div class=\"form-contact__item-short\">\n\t\t\t<p><span class=\"wpcf7-form-control-wrap\" data-name=\"text-277\"><input size=\"40\" maxlength=\"400\" class=\"wpcf7-form-control wpcf7-text wpcf7-validates-as-required\" aria-required=\"true\" aria-invalid=\"false\" placeholder=\"Your name\" value=\"\" type=\"text\" name=\"text-277\" \/><\/span>\n\t\t\t<\/p>\n\t\t<\/div>\n\t\t<div class=\"form-contact__item-short\">\n\t\t\t<p><span class=\"wpcf7-form-control-wrap\" data-name=\"email-563\"><input size=\"40\" maxlength=\"400\" class=\"wpcf7-form-control wpcf7-email wpcf7-validates-as-required wpcf7-text wpcf7-validates-as-email\" aria-required=\"true\" aria-invalid=\"false\" placeholder=\"Email\" value=\"\" type=\"email\" name=\"email-563\" \/><\/span>\n\t\t\t<\/p>\n\t\t<\/div>\n\t<\/div>\n\t<div class=\"form-contact__fields-short\">\n\t\t<p><span class=\"wpcf7-form-control-wrap\" data-name=\"text-278\"><input size=\"40\" maxlength=\"400\" class=\"wpcf7-form-control wpcf7-text wpcf7-validates-as-required\" aria-required=\"true\" aria-invalid=\"false\" placeholder=\"Subject\" value=\"\" type=\"text\" name=\"text-278\" \/><\/span>\n\t\t<\/p>\n\t<\/div>\n\t<p><span class=\"wpcf7-form-control-wrap\" data-name=\"textarea-287\"><textarea cols=\"0\" rows=\"0\" maxlength=\"2000\" class=\"wpcf7-form-control wpcf7-textarea\" aria-invalid=\"false\" placeholder=\"Message\" name=\"textarea-287\"><\/textarea><\/span><br \/>\n<button type=\"submit\" class=\"button button--style1 button--with-icon\"><i class=\"fa fa-paper-plane\"><\/i>Send<\/button>\n\t<\/p>\n<\/div><div class=\"wpcf7-response-output\" aria-hidden=\"true\"><\/div>\n<\/form>\n<\/div><p>&nbsp;<\/p>\n<\/div>","protected":false},"excerpt":{"rendered":"<p>Profitez d&#8217;une exploration de la nature en vous promenant en bateau sur une c\u00f4te riche en faune et flore marines, o\u00f9 vous pourrez observer des lions de mer, des oiseaux de mer et des p\u00eacheurs artisanaux. Vous aurez \u00e9galement l&#8217;occasion de monter un cheval paso p\u00e9ruvien, une race largement connue comme le meilleur cheval de selle, en raison de sa conduite souple et de son allure \u00e9l\u00e9gante sur la mer et dans la vall\u00e9e voisine. Le d\u00e9jeuner sera pris dans un restaurant de campagne. Retour \u00e0 Lima.<\/p>\n","protected":false},"featured_media":1601,"comment_status":"closed","ping_status":"closed","template":"","meta":[],"product_brand":[],"product_cat":[126],"product_tag":[],"class_list":{"0":"post-5785","1":"product","2":"type-product","3":"status-publish","4":"has-post-thumbnail","6":"product_cat-lima-is-more-fr","7":"tour_category-visites-privees","9":"first","10":"instock","11":"shipping-taxable","12":"purchasable","13":"product-type-tour"},"_links":{"self":[{"href":"https:\/\/site.limamentor.com\/fr\/wp-json\/wp\/v2\/product\/5785","targetHints":{"allow":["GET"]}}],"collection":[{"href":"https:\/\/site.limamentor.com\/fr\/wp-json\/wp\/v2\/product"}],"about":[{"href":"https:\/\/site.limamentor.com\/fr\/wp-json\/wp\/v2\/types\/product"}],"replies":[{"embeddable":true,"href":"https:\/\/site.limamentor.com\/fr\/wp-json\/wp\/v2\/comments?post=5785"}],"wp:featuredmedia":[{"embeddable":true,"href":"https:\/\/site.limamentor.com\/fr\/wp-json\/wp\/v2\/media\/1601"}],"wp:attachment":[{"href":"https:\/\/site.limamentor.com\/fr\/wp-json\/wp\/v2\/media?parent=5785"}],"wp:term":[{"taxonomy":"product_brand","embeddable":true,"href":"https:\/\/site.limamentor.com\/fr\/wp-json\/wp\/v2\/product_brand?post=5785"},{"taxonomy":"product_cat","embeddable":true,"href":"https:\/\/site.limamentor.com\/fr\/wp-json\/wp\/v2\/product_cat?post=5785"},{"taxonomy":"product_tag","embeddable":true,"href":"https:\/\/site.limamentor.com\/fr\/wp-json\/wp\/v2\/product_tag?post=5785"}],"curies":[{"name":"wp","href":"https:\/\/api.w.org\/{rel}","templated":true}]}}