{"id":5857,"date":"2017-02-17T19:44:32","date_gmt":"2017-02-18T00:44:32","guid":{"rendered":"https:\/\/www.limamentor.com\/product\/full-day-nazca-lines-huacachina-vineyards\/"},"modified":"2023-11-06T17:45:09","modified_gmt":"2023-11-06T22:45:09","slug":"full-day-nazca-lines-huacachina-vineyards","status":"publish","type":"product","link":"https:\/\/site.limamentor.com\/fr\/tours\/full-day-nazca-lines-huacachina-vineyards\/","title":{"rendered":"Journ\u00e9e Compl\u00e8te Ica, Huacachina et Vignobles"},"content":{"rendered":"<ul>\n<li>O\u00e9part de lima pour rejoindre lea en 4 heures de route.<\/li>\n<li>Visit la lagune Huacachina, une oasis en plein d\u00e9sert.<\/li>\n<li>Possibilit\u00e9 de sandboarding et une promenade dans un tubulaire.<\/li>\n<li>Profitez de la gastronomie traditionnelle de la vi lle en visitant un restaurant local. A proximit\u00e9, vous pourrez \u00e9galement vous renseigner sur les vignobles et la production de vin et de pisco dans la r\u00e9gion.<\/li>\n<li>Retour a lima, apres une journ\u00e9e complete. Possibilit\u00e9 de partir plus t\u00f4t pour avoir le temps de visiter Les \u00celes Ballestas.<\/li>\n<\/ul>\n<p>&nbsp;<\/p>\n<table class=\"table table-bordered tours-tabs__table\" style=\"height: 233px;\" width=\"862\">\n<tbody>\n<tr>\n<td><strong>DEPART \/ RETOUR LOCATION\u00a0<\/strong><\/td>\n<td>Transfert depuis et jusqu&#8217;a n&#8217;importe quel hotel situ\u00e9 a Miraflores, San Isidro ou Barranco.<\/td>\n<\/tr>\n<tr>\n<td><strong>DUR\u00c9E<\/strong><\/td>\n<td>12\u00a0hours<\/td>\n<\/tr>\n<tr>\n<td><strong>INCLUS<\/strong><\/td>\n<td>\n<table class=\"table table-bordered\" style=\"height: 62px;\" width=\"300\">\n<tbody>\n<tr>\n<td><i class=\"fa fa-check icon-tick icon-tick--on\"><\/i>Chauffeur expert qui conna\u00eet la r\u00e9gion.<\/td>\n<td><i class=\"fa fa-check icon-tick icon-tick--on\"><\/i>Transport en voiture ou van priv\u00e9<\/td>\n<\/tr>\n<tr>\n<td><i class=\"fa fa-check icon-tick icon-tick--on\"><\/i>Bouteille d&#8217;eau min\u00e9rale<\/td>\n<td><i class=\"fa fa-times icon-tick icon-tick--off\"><\/i>N&#8217; inclure pas guider-d\u00e9jeuner<\/td>\n<\/tr>\n<\/tbody>\n<\/table>\n<\/td>\n<\/tr>\n<\/tbody>\n<\/table>\n<p>&nbsp;<\/p>\n<p>&nbsp;<\/p>\n<p>Prix par personne:<br \/>\nUS$190 si 2 participants;<br \/>\nUS$111 si 4 participants;<br \/>\nUS$90 si 6 participants<\/p>\n<p>Jours f\u00e9ri\u00e9s: Les ler Janvier, Jeudi Saint, Vendredi Saint, ler Mai, 28 Juillet, 29 Juillet, 24 D\u00e9cembre, 25 D\u00e9cembre et 31 D\u00e9cembre entra1nent une charge suppl\u00e9mentaire de 50%.<\/p>\n<p><em><strong>Nous <a href=\"https:\/\/www.limamentor.com\/fr\/tours-fait-sur-mesure\/\">pouvons adapter ce tour<\/a> et ajuster le prix en fonction du nombre de participants <\/strong><\/em><\/p>\n\n<div class=\"wpcf7 no-js\" id=\"wpcf7-f162-o1\" lang=\"en-US\" dir=\"ltr\" data-wpcf7-id=\"162\">\n<div class=\"screen-reader-response\"><p role=\"status\" aria-live=\"polite\" aria-atomic=\"true\"><\/p> <ul><\/ul><\/div>\n<form action=\"\/fr\/wp-json\/wp\/v2\/product\/5857#wpcf7-f162-o1\" method=\"post\" class=\"wpcf7-form init\" aria-label=\"Contact form\" novalidate=\"novalidate\" data-status=\"init\">\n<fieldset class=\"hidden-fields-container\"><input type=\"hidden\" name=\"_wpcf7\" value=\"162\" \/><input type=\"hidden\" name=\"_wpcf7_version\" value=\"6.1.5\" \/><input type=\"hidden\" name=\"_wpcf7_locale\" value=\"en_US\" \/><input type=\"hidden\" name=\"_wpcf7_unit_tag\" value=\"wpcf7-f162-o1\" \/><input type=\"hidden\" name=\"_wpcf7_container_post\" value=\"0\" \/><input type=\"hidden\" name=\"_wpcf7_posted_data_hash\" value=\"\" \/><input type=\"hidden\" name=\"_wpcf7_recaptcha_response\" value=\"\" \/>\n<\/fieldset>\n<div class=\"form-contact\">\n\t<div class=\"form-contact__fields-short\">\n\t\t<div class=\"form-contact__item-short\">\n\t\t\t<p><span class=\"wpcf7-form-control-wrap\" data-name=\"text-277\"><input size=\"40\" maxlength=\"400\" class=\"wpcf7-form-control wpcf7-text wpcf7-validates-as-required\" aria-required=\"true\" aria-invalid=\"false\" placeholder=\"Your name\" value=\"\" type=\"text\" name=\"text-277\" \/><\/span>\n\t\t\t<\/p>\n\t\t<\/div>\n\t\t<div class=\"form-contact__item-short\">\n\t\t\t<p><span class=\"wpcf7-form-control-wrap\" data-name=\"email-563\"><input size=\"40\" maxlength=\"400\" class=\"wpcf7-form-control wpcf7-email wpcf7-validates-as-required wpcf7-text wpcf7-validates-as-email\" aria-required=\"true\" aria-invalid=\"false\" placeholder=\"Email\" value=\"\" type=\"email\" name=\"email-563\" \/><\/span>\n\t\t\t<\/p>\n\t\t<\/div>\n\t<\/div>\n\t<div class=\"form-contact__fields-short\">\n\t\t<p><span class=\"wpcf7-form-control-wrap\" data-name=\"text-278\"><input size=\"40\" maxlength=\"400\" class=\"wpcf7-form-control wpcf7-text wpcf7-validates-as-required\" aria-required=\"true\" aria-invalid=\"false\" placeholder=\"Subject\" value=\"\" type=\"text\" name=\"text-278\" \/><\/span>\n\t\t<\/p>\n\t<\/div>\n\t<p><span class=\"wpcf7-form-control-wrap\" data-name=\"textarea-287\"><textarea cols=\"0\" rows=\"0\" maxlength=\"2000\" class=\"wpcf7-form-control wpcf7-textarea\" aria-invalid=\"false\" placeholder=\"Message\" name=\"textarea-287\"><\/textarea><\/span><br \/>\n<button type=\"submit\" class=\"button button--style1 button--with-icon\"><i class=\"fa fa-paper-plane\"><\/i>Send<\/button>\n\t<\/p>\n<\/div><div class=\"wpcf7-response-output\" aria-hidden=\"true\"><\/div>\n<\/form>\n<\/div>\n\n","protected":false},"excerpt":{"rendered":"<p>Un programme de 12 heures pour survoler les \u00e9nigmatiques lignes de Nazca, visiter l&#8217;oasis de Huacachina, les vignobles et le mus\u00e9e r\u00e9gional d&#8217;Ica.<\/p>\n","protected":false},"featured_media":6068,"comment_status":"closed","ping_status":"closed","template":"","meta":[],"product_brand":[],"product_cat":[118],"product_tag":[],"class_list":{"0":"post-5857","1":"product","2":"type-product","3":"status-publish","4":"has-post-thumbnail","6":"product_cat-around-lima-fr","7":"tour_category-visites-privees","9":"first","10":"instock","11":"shipping-taxable","12":"purchasable","13":"product-type-tour"},"_links":{"self":[{"href":"https:\/\/site.limamentor.com\/fr\/wp-json\/wp\/v2\/product\/5857","targetHints":{"allow":["GET"]}}],"collection":[{"href":"https:\/\/site.limamentor.com\/fr\/wp-json\/wp\/v2\/product"}],"about":[{"href":"https:\/\/site.limamentor.com\/fr\/wp-json\/wp\/v2\/types\/product"}],"replies":[{"embeddable":true,"href":"https:\/\/site.limamentor.com\/fr\/wp-json\/wp\/v2\/comments?post=5857"}],"wp:featuredmedia":[{"embeddable":true,"href":"https:\/\/site.limamentor.com\/fr\/wp-json\/wp\/v2\/media\/6068"}],"wp:attachment":[{"href":"https:\/\/site.limamentor.com\/fr\/wp-json\/wp\/v2\/media?parent=5857"}],"wp:term":[{"taxonomy":"product_brand","embeddable":true,"href":"https:\/\/site.limamentor.com\/fr\/wp-json\/wp\/v2\/product_brand?post=5857"},{"taxonomy":"product_cat","embeddable":true,"href":"https:\/\/site.limamentor.com\/fr\/wp-json\/wp\/v2\/product_cat?post=5857"},{"taxonomy":"product_tag","embeddable":true,"href":"https:\/\/site.limamentor.com\/fr\/wp-json\/wp\/v2\/product_tag?post=5857"}],"curies":[{"name":"wp","href":"https:\/\/api.w.org\/{rel}","templated":true}]}}