{"id":2716,"date":"2017-03-11T14:59:36","date_gmt":"2017-03-11T19:59:36","guid":{"rendered":"https:\/\/www.limamentor.com\/sobmedida-tours-em-lima\/"},"modified":"2017-03-11T15:23:55","modified_gmt":"2017-03-11T20:23:55","slug":"sobmedida-tours-em-lima","status":"publish","type":"page","link":"https:\/\/site.limamentor.com\/pt-br\/sobmedida-tours-em-lima\/","title":{"rendered":"Sobmedida Tours em Lima"},"content":{"rendered":"<div class=\"wpb-content-wrapper\"><p>[vc_row][vc_column][vc_custom_heading text=&#8221;Todos os tours podem ser desenhados sob medida de suas prefer\u00eancias. Podemos trabalhar um programa de acordo ao que voc\u00eas queiram incluir e tamb\u00e9m de acordo a seus tempos. Podemos juntar qualquer dos tours em nossa p\u00e1gina site, ajustar detalhes, eliminar lugares, agregar outros lugares para finalmente terminar com \u201cseu tour\u201d.&#8221; font_container=&#8221;tag:h3|text_align:justify&#8221; use_theme_fonts=&#8221;yes&#8221;][\/vc_column][\/vc_row][vc_row][vc_column width=&#8221;1\/2&#8243;][vc_column_text]<\/p>\n<h3>Tours em Lima<\/h3>\n<ul>\n<li>Tours sob medida para fam\u00edlias (com cadeira de auto para bebe, atividades divertidas e exploradoras).<\/li>\n<li>Tours educacionais (com alguns desafios).<\/li>\n<li>Tours com guias que falam Chin\u00eas, Russo, etc.<\/li>\n<li>Viagens Corporativas (tours na tarde\/noite, motorista a disposi\u00e7\u00e3o, \u00f4nibuses grandes.<\/li>\n<li>Tours come\u00e7ando e terminando no aeroporto de Lima.<\/li>\n<li>Tours com guias especializados como antrop\u00f3logos, arquitetos, soci\u00f3logos, arque\u00f3logos, etc.<\/li>\n<li>Programas para especialistas em p\u00e1ssaros.<\/li>\n<li>Tours de fotograf\u00eda liderados por fot\u00f3grafos profissionais.<\/li>\n<\/ul>\n<p>[\/vc_column_text][\/vc_column][vc_column width=&#8221;1\/2&#8243;][vc_single_image image=&#8221;2688&#8243; img_size=&#8221;large&#8221; css_animation=&#8221;fadeIn&#8221;][\/vc_column][\/vc_row][vc_row][vc_column][vc_empty_space][\/vc_column][\/vc_row][vc_row][vc_column width=&#8221;1\/2&#8243; css=&#8221;.vc_custom_1489258245868{margin: 15px !important;}&#8221;][vc_single_image image=&#8221;2683&#8243; img_size=&#8221;large&#8221; alignment=&#8221;right&#8221; css_animation=&#8221;fadeIn&#8221;][\/vc_column][vc_column width=&#8221;1\/2&#8243;][vc_column_text]<\/p>\n<h3>Tours que n\u00e3o est\u00e3o em nosso menu como:<\/h3>\n<ul>\n<li>Visita ao Cemit\u00e9rio Presb\u00edtero Maestro.<\/li>\n<li>Montar bicicleta em lomas e vales.<\/li>\n<li>Fazer parapente na Costa Verde.<\/li>\n<li>Tours em bicicleta pela cidade.<\/li>\n<li>Fazer kayak na Costa Verde.<\/li>\n<li>Observa\u00e7\u00e3o de golfinhos na praia de Pucusana.<\/li>\n<li>Visitas de galerias de arte.<\/li>\n<li>Temos organizado tours a casas privadas para uma conversa\u00e7\u00e3o hol\u00edstica.<\/li>\n<li>Comprar e sugerir alguma obra de teatro ou algum musical.<\/li>\n<li>Organizamos traslados do aeroporto a seu hotel e de regresso<\/li>\n<\/ul>\n<p>[\/vc_column_text][\/vc_column][\/vc_row][vc_row][vc_column][vc_empty_space][\/vc_column][\/vc_row]<\/p>\n<\/div>","protected":false},"excerpt":{"rendered":"<p>[vc_row][vc_column][vc_custom_heading text=&#8221;Todos os tours podem ser desenhados sob medida de suas prefer\u00eancias. Podemos trabalhar um programa de acordo ao que voc\u00eas queiram incluir e tamb\u00e9m de acordo a seus tempos. Podemos juntar qualquer dos tours em nossa p\u00e1gina site, ajustar detalhes, eliminar lugares, agregar outros lugares para finalmente terminar com \u201cseu tour\u201d.&#8221; font_container=&#8221;tag:h3|text_align:justify&#8221; use_theme_fonts=&#8221;yes&#8221;][\/vc_column][\/vc_row][vc_row][vc_column width=&#8221;1\/2&#8243;][vc_column_text]<\/p>\n<div class=\"padding-top text-center\"><a href=\"https:\/\/site.limamentor.com\/pt-br\/sobmedida-tours-em-lima\/\" class=\"atbtn atbtn--medium atbtn--rounded atbtn--transparent\">Read more<i class=\"atbtn__icon atbtn__icon--right fa fa-long-arrow-right\"><\/i><\/a><\/div>\n","protected":false},"author":9,"featured_media":0,"parent":0,"menu_order":0,"comment_status":"closed","ping_status":"closed","template":"","meta":{"footnotes":""},"class_list":["post-2716","page","type-page","status-publish","hentry"],"_links":{"self":[{"href":"https:\/\/site.limamentor.com\/pt-br\/wp-json\/wp\/v2\/pages\/2716","targetHints":{"allow":["GET"]}}],"collection":[{"href":"https:\/\/site.limamentor.com\/pt-br\/wp-json\/wp\/v2\/pages"}],"about":[{"href":"https:\/\/site.limamentor.com\/pt-br\/wp-json\/wp\/v2\/types\/page"}],"author":[{"embeddable":true,"href":"https:\/\/site.limamentor.com\/pt-br\/wp-json\/wp\/v2\/users\/9"}],"replies":[{"embeddable":true,"href":"https:\/\/site.limamentor.com\/pt-br\/wp-json\/wp\/v2\/comments?post=2716"}],"version-history":[{"count":0,"href":"https:\/\/site.limamentor.com\/pt-br\/wp-json\/wp\/v2\/pages\/2716\/revisions"}],"wp:attachment":[{"href":"https:\/\/site.limamentor.com\/pt-br\/wp-json\/wp\/v2\/media?parent=2716"}],"curies":[{"name":"wp","href":"https:\/\/api.w.org\/{rel}","templated":true}]}}