{"id":5111,"date":"2022-05-23T18:34:05","date_gmt":"2022-05-23T23:34:05","guid":{"rendered":"https:\/\/www.limamentor.com\/?page_id=5111"},"modified":"2023-12-07T10:43:07","modified_gmt":"2023-12-07T15:43:07","slug":"warum-lima-mentor","status":"publish","type":"page","link":"https:\/\/site.limamentor.com\/pt-br\/warum-lima-mentor\/","title":{"rendered":"POR QU\u00ca LIMA MENTOR?"},"content":{"rendered":"<div class=\"wpb-content-wrapper\"><p>[vc_row full_height=&#8221;yes&#8221; equal_height=&#8221;yes&#8221; content_placement=&#8221;middle&#8221;][vc_column width=&#8221;1\/2&#8243;][vc_custom_heading text=&#8221;A Lima Mentor \u00e9 pioneira em se especializar em oferecer passeios especializados na cidade de Lima, suas atra\u00e7\u00f5es, sua hist\u00f3ria, sua cultura e sabores. Criamos roteiros \u00fanicos que permitem ao visitante vivenciar o melhor desta fascinante cidade. E se voc\u00ea n\u00e3o encontrar exatamente o que procurava no menu, teremos o prazer de projetar um passeio ideal para voc\u00ea. Tamb\u00e9m organizamos viagens no Peru e na Am\u00e9rica do Sul.&#8221; font_container=&#8221;tag:h3|text_align:left&#8221; use_theme_fonts=&#8221;yes&#8221;][vc_column_text]Nossos guias foram cuidadosamente selecionados para tornar <strong>sua experi\u00eancia em Lima \u00fanica.<\/strong> S\u00e3o profissionais que conhecem a <strong>nossa hist\u00f3ria, arquitetura, arte, gastronomia, literatura e que t\u00eam um interesse espec\u00edfico<\/strong> pelo nosso patrim\u00f3nio, pelo que acrescentam valor \u00e0 visita. Al\u00e9m de ser atribu\u00eddo de acordo com o perfil de cada viajante.[\/vc_column_text][\/vc_column][vc_column width=&#8221;1\/2&#8243;][vc_video link=&#8221;https:\/\/youtu.be\/Xdd08xslTSc&#8221; align=&#8221;center&#8221;][\/vc_column][\/vc_row][vc_row full_height=&#8221;yes&#8221; equal_height=&#8221;yes&#8221;][vc_column width=&#8221;1\/2&#8243;][vc_images_carousel images=&#8221;6106&#8243; img_size=&#8221;full&#8221; autoplay=&#8221;yes&#8221; hide_pagination_control=&#8221;yes&#8221; hide_prev_next_buttons=&#8221;yes&#8221; wrap=&#8221;yes&#8221;][\/vc_column][vc_column width=&#8221;1\/2&#8243;][vc_column_text]<\/p>\n<h3><\/h3>\n<ul style=\"list-style-type: circle;\">\n<li>Damos valor ao seu pagamento. Todos os custos s\u00e3o cuidadosamente or\u00e7ados, sempre pensando em oferecer <strong>um bom produto a um bom pre\u00e7o competitivo<\/strong> no mercado.<\/li>\n<li>Estamos <strong>constantemente renovando<\/strong> para melhorar nossos passeios.<\/li>\n<li>Estamos sempre oferecendo <strong>novas rotas e alternativas.<\/strong><\/li>\n<li>Se houver algum inconveniente ou erro por parte da Lima Mentor, <strong>aceitamos a falha e a corrigimos<\/strong> adequadamente.<\/li>\n<li>Nos somos <strong>conscientes da quest\u00e3o clim\u00e1tica e da contribui\u00e7\u00e3o que o turismo pode dar<\/strong> para o crescimento sustent\u00e1vel, raz\u00e3o pela qual temos pol\u00edticas espec\u00edficas nesse sentido: (1) cria\u00e7\u00e3o de passeios compartilhados em um \u00fanico transporte para diferentes viajantes de todo o mundo; (2) reciclar todas as garrafas pl\u00e1sticas que usamos em nossos passeios.<\/li>\n<li>Mais de <strong>20 anos de experi\u00eancia na ind\u00fastria do turismo<\/strong>, lidando com a clientela mais exigente.<\/li>\n<\/ul>\n<p>[\/vc_column_text][\/vc_column][\/vc_row][vc_row css=&#8221;.vc_custom_1487870636204{margin-top: 30px !important;margin-bottom: 30px !important;}&#8221;][vc_column][vc_text_separator title=&#8221;Nosso Time&#8221; el_class=&#8221;titulo&#8221;][vc_single_image image=&#8221;6091&#8243; img_size=&#8221;full&#8221; alignment=&#8221;center&#8221; style=&#8221;vc_box_outline&#8221;][\/vc_column][\/vc_row][vc_row css=&#8221;.vc_custom_1487870622199{margin-top: 30px !important;margin-bottom: 30px !important;}&#8221;][vc_column][vc_text_separator title=&#8221;Nosso Guia em Portugu\u00eas&#8221; el_class=&#8221;titulo&#8221;][vc_row_inner][vc_column_inner width=&#8221;1\/3&#8243;][\/vc_column_inner][vc_column_inner width=&#8221;1\/3&#8243;][vc_single_image image=&#8221;5210&#8243; img_size=&#8221;335&#215;335&#8243; alignment=&#8221;center&#8221; style=&#8221;vc_box_outline&#8221;][vc_custom_heading text=&#8221;Rodrigo&#8221; font_container=&#8221;tag:h2|text_align:center&#8221; use_theme_fonts=&#8221;yes&#8221;][vc_column_text]Nascido e criado em Lima. Eu sou ja mais de 10 anos gu\u00eda oficial de turismo tril\u00edngue espa\u00f1ol, ingl\u00e9s e portugu\u00e9s; e tenho mais de 20 anos de experi\u00eancia trabalhando em atendimento ao cliente, principalmente em restaurantes. Sou especializado na interpreta\u00e7\u00e3o da hist\u00f3ria do Peru e sou apaixonado pela arte colonial e o desenvolvimento das sociedades antigas de meu pais. Uma das minhas primeiras experi\u00eancias em turismo foi trabalhar numa das primeiras exposi\u00e7\u00f5es do projeto arqueol\u00f3gico CARAL \u201ca civiliza\u00e7\u00e3o mais antiga das Am\u00e9ricas\u201d. Depois que terminei os estudos eu fiz meus primeiros passeios por alguns meses em Lima. Depois disso, eu tive a oportunidade de me matricular na Royal Caribbean Cruise Line, trabalhando como assistente de gar\u00e7om na salade jantar, viajando pela Europa escandinava. Ela foi uma \u00f3tima experi\u00eancia para aprender o qu\u00e3o rica \u00e9 a cultura e a gastronomia do Per\u00fa. Hoje eu moro em Lima e compartilho o melhor da minha cidade para todos os visitantes. A experi\u00eancia de cada novo passeio \u00e9 como se fosse o primeiro. Uma das coisas que eu gosto muito durante o passeio \u00e9 mostrar aos turistas os contrastes das regi\u00f5es de lima descrevendo o qu\u00e3o multicultural \u00e9 a cidade. Meus t\u00f3picos favoritos s\u00e3o: hist\u00f3ria, arte, arqueologia, arquitetura, natureza e gastronomia. Minha frase favorita: trabalhe onde voc\u00ea ama, ame onde voc\u00ea trabalha![\/vc_column_text][\/vc_column_inner][vc_column_inner width=&#8221;1\/3&#8243;][\/vc_column_inner][\/vc_row_inner][\/vc_column][\/vc_row]<\/p>\n<\/div>","protected":false},"excerpt":{"rendered":"<p>[vc_row full_height=&#8221;yes&#8221; equal_height=&#8221;yes&#8221; content_placement=&#8221;middle&#8221;][vc_column width=&#8221;1\/2&#8243;][vc_custom_heading text=&#8221;A Lima Mentor \u00e9 pioneira em se especializar em oferecer passeios especializados na cidade de Lima, suas atra\u00e7\u00f5es, sua hist\u00f3ria, sua cultura e sabores. Criamos roteiros \u00fanicos que permitem ao visitante vivenciar o melhor desta fascinante cidade. E se voc\u00ea n\u00e3o encontrar exatamente o que procurava no menu, teremos o<\/p>\n<div class=\"padding-top text-center\"><a href=\"https:\/\/site.limamentor.com\/pt-br\/warum-lima-mentor\/\" class=\"atbtn atbtn--medium atbtn--rounded atbtn--transparent\">Read more<i class=\"atbtn__icon atbtn__icon--right fa fa-long-arrow-right\"><\/i><\/a><\/div>\n","protected":false},"author":9,"featured_media":0,"parent":0,"menu_order":0,"comment_status":"closed","ping_status":"closed","template":"","meta":{"footnotes":""},"class_list":["post-5111","page","type-page","status-publish","hentry"],"_links":{"self":[{"href":"https:\/\/site.limamentor.com\/pt-br\/wp-json\/wp\/v2\/pages\/5111","targetHints":{"allow":["GET"]}}],"collection":[{"href":"https:\/\/site.limamentor.com\/pt-br\/wp-json\/wp\/v2\/pages"}],"about":[{"href":"https:\/\/site.limamentor.com\/pt-br\/wp-json\/wp\/v2\/types\/page"}],"author":[{"embeddable":true,"href":"https:\/\/site.limamentor.com\/pt-br\/wp-json\/wp\/v2\/users\/9"}],"replies":[{"embeddable":true,"href":"https:\/\/site.limamentor.com\/pt-br\/wp-json\/wp\/v2\/comments?post=5111"}],"version-history":[{"count":5,"href":"https:\/\/site.limamentor.com\/pt-br\/wp-json\/wp\/v2\/pages\/5111\/revisions"}],"predecessor-version":[{"id":6118,"href":"https:\/\/site.limamentor.com\/pt-br\/wp-json\/wp\/v2\/pages\/5111\/revisions\/6118"}],"wp:attachment":[{"href":"https:\/\/site.limamentor.com\/pt-br\/wp-json\/wp\/v2\/media?parent=5111"}],"curies":[{"name":"wp","href":"https:\/\/api.w.org\/{rel}","templated":true}]}}